{"id":7741,"date":"2024-11-01T14:12:33","date_gmt":"2024-11-01T14:12:33","guid":{"rendered":"https:\/\/ruumistruumi.ee\/pood\/helehall-poordtool-leith-let72g-100-poluesterist-kattega-alus-popliinipuit-akatsiapuit\/"},"modified":"2025-04-10T11:58:14","modified_gmt":"2025-04-10T11:58:14","slug":"helehall-poordtool-tugitool-leith-let72g-100-poluester","status":"publish","type":"product","link":"https:\/\/blankpage.ee\/_ruumist-ruumi\/pood\/helehall-poordtool-tugitool-leith-let72g-100-poluester\/","title":{"rendered":"Helehall p\u00f6\u00f6rdtool tugitool Leith LET72G, 100% pol\u00fcester"},"content":{"rendered":"<p>Leith LET72G polsterdatud p\u00f6\u00f6rdtool elutuppa. See elegantne helehallis toonis p\u00f6\u00f6rdtool on valmistatud k\u00f5rgeima kvaliteediga kangast, mille klassikaline vorm ja moekalt \u00fcmarad jooned rikastavad iga elutuba. <\/p>\n<p>Leith kollektsiooni kuuluv tool pakub t\u00e4iuslikku kombinatsiooni stiilist ja mugavusest. 100% pol\u00fcesterpolster tagab vastupidavuse ja pehmuse, samas kui poplari vineerist ja akaatsia t\u00e4ispuidust alus lisab toolile tugevust ja stabiilsust. T\u00e4nu oma 360\u00b0 p\u00f6\u00f6rlemisv\u00f5imalusele on see ideaalne valik neile, kes hindavad paindlikkust ja funktsionaalsust oma elutoas. K\u00f5rge tihedusega vahtpolster tagab istumismugavuse, samal ajal kui kokkupandud konstruktsioon s\u00e4\u00e4stab aega ja vaeva.<\/p>\n<p>Omadused:<br \/>\n<strong>Materjal:<\/strong> 100% pol\u00fcesterpolster; alus: poplari vineer ja akaatsia t\u00e4ispuit.<br \/>\n<strong>V\u00e4rv:<\/strong> Helehall.<br \/>\n<strong>M\u00f5\u00f5tmed:<\/strong> Laius 82,5 cm, s\u00fcgavus 77 cm, k\u00f5rgus 90 cm.<br \/>\n<strong>T\u00e4iendavad detailid:<\/strong> Istme m\u00f5\u00f5tmed 53,5 x 54,5 cm; padja paksus 15 cm; istme k\u00f5rgus 48,5 cm.<br \/>\n<strong>Kokkupanek:<\/strong> Kokkupandud, ei vaja paigaldust. S\u00e4\u00e4stab aega ja vaeva.<\/p>\n<p>&nbsp;<\/p>\n","protected":false},"excerpt":{"rendered":"<p>Leith LET72G polsterdatud p\u00f6\u00f6rdtool elutuppa. See elegantne helehallis toonis p\u00f6\u00f6rdtool on valmistatud k\u00f5rgeima kvaliteediga kangast, mille klassikaline vorm ja moekalt \u00fcmarad jooned rikastavad iga elutuba. Leith kollektsiooni kuuluv tool pakub t\u00e4iuslikku kombinatsiooni stiilist ja mugavusest. 100% pol\u00fcesterpolster tagab vastupidavuse ja pehmuse, samas kui poplari vineerist ja akaatsia t\u00e4ispuidust alus lisab toolile tugevust ja stabiilsust. T\u00e4nu [&hellip;]<\/p>\n","protected":false},"featured_media":7742,"comment_status":"open","ping_status":"closed","template":"","meta":[],"product_brand":[],"product_cat":[424],"product_tag":[],"class_list":{"0":"post-7741","1":"product","2":"type-product","3":"status-publish","4":"has-post-thumbnail","6":"product_cat-tugitoolid-ja-lounge-toolid","7":"product_shipping_class-livin-hill","8":"pa_kollektsioon-leith","9":"pa_materjal-poluester","10":"pa_varv-helehall","12":"first","13":"instock","14":"sale","15":"taxable","16":"shipping-taxable","17":"purchasable","18":"product-type-simple"},"_links":{"self":[{"href":"https:\/\/blankpage.ee\/_ruumist-ruumi\/wp-json\/wp\/v2\/product\/7741","targetHints":{"allow":["GET"]}}],"collection":[{"href":"https:\/\/blankpage.ee\/_ruumist-ruumi\/wp-json\/wp\/v2\/product"}],"about":[{"href":"https:\/\/blankpage.ee\/_ruumist-ruumi\/wp-json\/wp\/v2\/types\/product"}],"replies":[{"embeddable":true,"href":"https:\/\/blankpage.ee\/_ruumist-ruumi\/wp-json\/wp\/v2\/comments?post=7741"}],"wp:featuredmedia":[{"embeddable":true,"href":"https:\/\/blankpage.ee\/_ruumist-ruumi\/wp-json\/wp\/v2\/media\/7742"}],"wp:attachment":[{"href":"https:\/\/blankpage.ee\/_ruumist-ruumi\/wp-json\/wp\/v2\/media?parent=7741"}],"wp:term":[{"taxonomy":"product_brand","embeddable":true,"href":"https:\/\/blankpage.ee\/_ruumist-ruumi\/wp-json\/wp\/v2\/product_brand?post=7741"},{"taxonomy":"product_cat","embeddable":true,"href":"https:\/\/blankpage.ee\/_ruumist-ruumi\/wp-json\/wp\/v2\/product_cat?post=7741"},{"taxonomy":"product_tag","embeddable":true,"href":"https:\/\/blankpage.ee\/_ruumist-ruumi\/wp-json\/wp\/v2\/product_tag?post=7741"}],"curies":[{"name":"wp","href":"https:\/\/api.w.org\/{rel}","templated":true}]}}