{"id":7754,"date":"2024-11-01T14:13:11","date_gmt":"2024-11-01T14:13:11","guid":{"rendered":"https:\/\/ruumistruumi.ee\/pood\/kuldne-pooratav-tugitool-leith-let72y-100-poluester-kate-alus-popliipuit-akatsiapuit\/"},"modified":"2025-04-10T11:58:14","modified_gmt":"2025-04-10T11:58:14","slug":"kuldne-pooratav-tugitool-leith-let72y-100-poluester-kate-alus-popliipuit-akatsiapuit","status":"publish","type":"product","link":"https:\/\/blankpage.ee\/_ruumist-ruumi\/pood\/kuldne-pooratav-tugitool-leith-let72y-100-poluester-kate-alus-popliipuit-akatsiapuit\/","title":{"rendered":"P\u00e4ikesekollane p\u00f6\u00f6rdtool Leith LET72Y, 100% pol\u00fcester"},"content":{"rendered":"<p>Leith LET72Y polsterdatud p\u00f6\u00f6rdtool elutuppa. See elegantne p\u00f6\u00f6rdtool, mis on kaetud p\u00e4ikesekollase kangaga, lisab igale elutoale stiili ja mugavust. M\u00f6\u00f6bli klassikaline vorm, mis p\u00f5hineb moekatel \u00fcmaratel kujunditel, rikastab teie elutoa atmosf\u00e4\u00e4ri, pakkudes samal ajal suurep\u00e4rast istumismugavust.<\/p>\n<p>Leith kollektsiooni kuuluv tool on valmistatud k\u00f5rgeima kvaliteediga materjalidest. 100% pol\u00fcestrist polster tagab vastupidavuse ja pehmuse, samas kui alus on valmistatud Paulownia vineerist ja akaatsia t\u00e4ispuidust, pakkudes tugevat ja vastupidavat konstruktsiooni. Tooli p\u00e4ikesekollane v\u00e4rv toob ruumi soojust ja r\u00f5\u00f5mu, olles samas ka pilkup\u00fc\u00fcdev sisustuselement.<\/p>\n<p>Tooli m\u00f5\u00f5tmed on 82,5 cm lai, 77 cm s\u00fcgav ja 90 cm k\u00f5rge. Istme m\u00f5\u00f5tmed on 53,5 x 54,5 cm, istme k\u00f5rgus 48,5 cm ja padja paksus 15 cm, mis tagab mugava istumisasendi. T\u00e4iendava mugavuse tagab 360\u00b0 p\u00f6\u00f6rlemisv\u00f5ime, v\u00f5imaldades h\u00f5lpsat liikumist ja paindlikkust. K\u00f5rge tihedusega vahtpolster pakub suurep\u00e4rast tuge ja mugavust.<\/p>\n<p>Omadused:<br \/>\n<strong>Materjal:<\/strong> 100% pol\u00fcesterpolster, alus: Paulownia vineer ja akaatsia t\u00e4ispuit.<br \/>\n<strong>V\u00e4rv:<\/strong> P\u00e4ikesekollane.<br \/>\n<strong>M\u00f5\u00f5tmed:<\/strong> Laius 82,5 cm, s\u00fcgavus 77 cm, k\u00f5rgus 90 cm.<br \/>\n<strong>T\u00e4iendavad detailid:<\/strong> T\u00e4ielik 360\u00b0 p\u00f6\u00f6rlemine, k\u00f5rge tihedusega vaht.<br \/>\n<strong>Kokkupanek:<\/strong> Kokkupandud, ei vaja paigaldust. S\u00e4\u00e4stab aega ja vaeva.<\/p>\n<p>&nbsp;<\/p>\n","protected":false},"excerpt":{"rendered":"<p>Leith LET72Y polsterdatud p\u00f6\u00f6rdtool elutuppa. See elegantne p\u00f6\u00f6rdtool, mis on kaetud p\u00e4ikesekollase kangaga, lisab igale elutoale stiili ja mugavust. M\u00f6\u00f6bli klassikaline vorm, mis p\u00f5hineb moekatel \u00fcmaratel kujunditel, rikastab teie elutoa atmosf\u00e4\u00e4ri, pakkudes samal ajal suurep\u00e4rast istumismugavust. Leith kollektsiooni kuuluv tool on valmistatud k\u00f5rgeima kvaliteediga materjalidest. 100% pol\u00fcestrist polster tagab vastupidavuse ja pehmuse, samas kui alus [&hellip;]<\/p>\n","protected":false},"featured_media":7755,"comment_status":"open","ping_status":"closed","template":"","meta":[],"product_brand":[],"product_cat":[424],"product_tag":[],"class_list":{"0":"post-7754","1":"product","2":"type-product","3":"status-publish","4":"has-post-thumbnail","6":"product_cat-tugitoolid-ja-lounge-toolid","7":"product_shipping_class-livin-hill","8":"pa_kollektsioon-leith","9":"pa_materjal-kangas","10":"pa_varv-kuldne","12":"first","13":"instock","14":"sale","15":"taxable","16":"shipping-taxable","17":"purchasable","18":"product-type-simple"},"_links":{"self":[{"href":"https:\/\/blankpage.ee\/_ruumist-ruumi\/wp-json\/wp\/v2\/product\/7754","targetHints":{"allow":["GET"]}}],"collection":[{"href":"https:\/\/blankpage.ee\/_ruumist-ruumi\/wp-json\/wp\/v2\/product"}],"about":[{"href":"https:\/\/blankpage.ee\/_ruumist-ruumi\/wp-json\/wp\/v2\/types\/product"}],"replies":[{"embeddable":true,"href":"https:\/\/blankpage.ee\/_ruumist-ruumi\/wp-json\/wp\/v2\/comments?post=7754"}],"wp:featuredmedia":[{"embeddable":true,"href":"https:\/\/blankpage.ee\/_ruumist-ruumi\/wp-json\/wp\/v2\/media\/7755"}],"wp:attachment":[{"href":"https:\/\/blankpage.ee\/_ruumist-ruumi\/wp-json\/wp\/v2\/media?parent=7754"}],"wp:term":[{"taxonomy":"product_brand","embeddable":true,"href":"https:\/\/blankpage.ee\/_ruumist-ruumi\/wp-json\/wp\/v2\/product_brand?post=7754"},{"taxonomy":"product_cat","embeddable":true,"href":"https:\/\/blankpage.ee\/_ruumist-ruumi\/wp-json\/wp\/v2\/product_cat?post=7754"},{"taxonomy":"product_tag","embeddable":true,"href":"https:\/\/blankpage.ee\/_ruumist-ruumi\/wp-json\/wp\/v2\/product_tag?post=7754"}],"curies":[{"name":"wp","href":"https:\/\/api.w.org\/{rel}","templated":true}]}}