{"id":7807,"date":"2024-11-01T14:15:56","date_gmt":"2024-11-01T14:15:56","guid":{"rendered":"https:\/\/ruumistruumi.ee\/pood\/hele-sinine-kummut-avola-av1997-58-akatsiapuust\/"},"modified":"2025-07-22T17:47:10","modified_gmt":"2025-07-22T17:47:10","slug":"helesinine-kummut-avola-av1997-58-akaatsiapuidust","status":"publish","type":"product","link":"https:\/\/blankpage.ee\/_ruumist-ruumi\/pood\/helesinine-kummut-avola-av1997-58-akaatsiapuidust\/","title":{"rendered":"Helesinine kummut Avola AV1997-58, akaatsiapuidust"},"content":{"rendered":"<p>Avola AV1997-58 kummut elutuppa. See elegantne hele sinine kummut koos hele pruuni pealispinnaga lisab teie elutuppa stiili ja praktilisust. Neli klaasitud ust koos dekoratiivsete liistudega ning kaks praktilist sahtlit pakuvad piisavalt ruumi erinevate esemete hoiustamiseks.<\/p>\n<p>Kummuti uksed on valmistatud karastatud klaasist, mis lisab vastupidavust ja turvalisust. Reguleeritav sisemine riiul v\u00f5imaldab teil kohandada hoiuruumi vastavalt vajadusele. Metallist k\u00e4epidemed lisavad kummutile modernset ja elegantset v\u00e4limust. Kummuti osaline kokkupanek s\u00e4\u00e4stab teie aega ja vaeva, muutes selle paigaldamise lihtsaks.<\/p>\n<p>Omadused:<br \/>\n<strong>Materjal:<\/strong> Akaatsiapuit ja vineer.<br \/>\n<strong>V\u00e4rv:<\/strong> Hele sinine kummut hele pruuni pealispinnaga.<br \/>\n<strong>M\u00f5\u00f5tmed:<\/strong> Laius 147,5 cm, s\u00fcgavus 43 cm, k\u00f5rgus 89 cm.<br \/>\n<strong>T\u00e4iendavad detailid:<\/strong> Reguleeritav sisemine riiul, 4mm karastatud klaas, dekoratiivsed liistud.<br \/>\n<strong>Kokkupanek:<\/strong> Osaliselt kokku pandud, ei vaja paigaldust. S\u00e4\u00e4stab aega ja vaeva.<\/p>\n<p>&nbsp;<\/p>\n","protected":false},"excerpt":{"rendered":"<p>Avola AV1997-58 kummut elutuppa. See elegantne hele sinine kummut koos hele pruuni pealispinnaga lisab teie elutuppa stiili ja praktilisust. Neli klaasitud ust koos dekoratiivsete liistudega ning kaks praktilist sahtlit pakuvad piisavalt ruumi erinevate esemete hoiustamiseks. Kummuti uksed on valmistatud karastatud klaasist, mis lisab vastupidavust ja turvalisust. Reguleeritav sisemine riiul v\u00f5imaldab teil kohandada hoiuruumi vastavalt vajadusele. [&hellip;]<\/p>\n","protected":false},"featured_media":7808,"comment_status":"open","ping_status":"closed","template":"","meta":[],"product_brand":[],"product_cat":[81],"product_tag":[],"class_list":{"0":"post-7807","1":"product","2":"type-product","3":"status-publish","4":"has-post-thumbnail","6":"product_cat-kapid-riiulid-ja-kummutid","7":"product_shipping_class-livin-hill","8":"pa_kaepidemed-metall","9":"pa_kollektsioon-avola","10":"pa_materjal-akaatsiapuit","11":"pa_riiulite-arv-76","12":"pa_sahtlite-arv-74","13":"pa_uste-arv-75","14":"pa_varv-sinine","16":"first","17":"outofstock","18":"sale","19":"taxable","20":"shipping-taxable","21":"purchasable","22":"product-type-simple"},"_links":{"self":[{"href":"https:\/\/blankpage.ee\/_ruumist-ruumi\/wp-json\/wp\/v2\/product\/7807","targetHints":{"allow":["GET"]}}],"collection":[{"href":"https:\/\/blankpage.ee\/_ruumist-ruumi\/wp-json\/wp\/v2\/product"}],"about":[{"href":"https:\/\/blankpage.ee\/_ruumist-ruumi\/wp-json\/wp\/v2\/types\/product"}],"replies":[{"embeddable":true,"href":"https:\/\/blankpage.ee\/_ruumist-ruumi\/wp-json\/wp\/v2\/comments?post=7807"}],"wp:featuredmedia":[{"embeddable":true,"href":"https:\/\/blankpage.ee\/_ruumist-ruumi\/wp-json\/wp\/v2\/media\/7808"}],"wp:attachment":[{"href":"https:\/\/blankpage.ee\/_ruumist-ruumi\/wp-json\/wp\/v2\/media?parent=7807"}],"wp:term":[{"taxonomy":"product_brand","embeddable":true,"href":"https:\/\/blankpage.ee\/_ruumist-ruumi\/wp-json\/wp\/v2\/product_brand?post=7807"},{"taxonomy":"product_cat","embeddable":true,"href":"https:\/\/blankpage.ee\/_ruumist-ruumi\/wp-json\/wp\/v2\/product_cat?post=7807"},{"taxonomy":"product_tag","embeddable":true,"href":"https:\/\/blankpage.ee\/_ruumist-ruumi\/wp-json\/wp\/v2\/product_tag?post=7807"}],"curies":[{"name":"wp","href":"https:\/\/api.w.org\/{rel}","templated":true}]}}