{"id":78127,"date":"2025-01-07T00:30:58","date_gmt":"2025-01-07T00:30:58","guid":{"rendered":"https:\/\/ruumistruumi.ee\/pood\/pimendav-ruloo-helehall-125x230-cm-kanga-laius-1216-cm\/"},"modified":"2025-08-21T02:16:05","modified_gmt":"2025-08-21T02:16:05","slug":"pimendav-ruloo-helehall-125x230-cm-kanga-laius-1216-cm","status":"publish","type":"product","link":"https:\/\/blankpage.ee\/_ruumist-ruumi\/pood\/pimendav-ruloo-helehall-125x230-cm-kanga-laius-1216-cm\/","title":{"rendered":"Pimendav ruloo helehall 125&#215;230 cm kanga laius 121,6 cm"},"content":{"rendered":"<p>Suurendage oma toa stiili ja funktsionaalsust selle rulooga, pakkudes privaatsust, valguse reguleerimist ja soojuse reguleerimist. Vastupidav ja v\u00e4he hooldust: 100% pol\u00fcestrist valmistatud ruloo on ehitatud kestma ja kulumiskindlalt. Neid on ka lihtne puhastada, tavaliselt on vaja kerget tolmu p\u00fchkida v\u00f5i niiske lapiga p\u00fchkida.Privaatsus ja valguse juhtimine: T\u00e4nu pimendavale disainile pakub see ruloo privaatsust ja blokeerib osaliselt otsese p\u00e4ikesevalguse, et saaksite sisetemperatuuri vastavalt oma vajadustele reguleerida.Mitu kinnitusviisi: Ruloo saate kinnitada seinale v\u00f5i aknale kruvidega v\u00f5i ilma puurimiseta, kasutades kinnitusklambreid, olenevalt teie vajadustest. Kinnitusklambrid aknaraami raami paksusele vahemikus 1,6-2,2 cm.Laste turvalisus ja reguleeritavus: Ruloo sisaldab keti\u00fchendust, mille abil on lihtne k\u00f5rgust vastavalt oma vajadustele reguleerida, lisaks on sellel lapse turvalisuse lisamiseks juhtmeklamber.Lai kasutusala: see mitmek\u00fclgne ruloo sobib kodudesse, kontoritesse, kohvikutesse, b\u00fcroohoonetesse jne. Hoiatus.Hoidke juhtmeid v\u00e4ikelastele k\u00e4ttesaamatus kohas. N\u00f6\u00f6rid v\u00f5ivad lapse kaela \u00fcmber keerduda. Hea teada:Enne ruloode ostmist alustage aknaklaasi m\u00f5\u00f5tmisega. Lihtsalt s\u00f5bralik n\u00e4pun\u00e4ide: kangas on kogulaiusest veidi kitsam, kaasa arvatud klambrid.Veendumaks, et teie uued rulood pakuvad t\u00e4ielikku katvust, lisage tellitava materjali arvutamisel aknaklaasi laiusele 3,4 cm.<\/p>\n<ul>\n<li>V\u00e4rvus: helehall<\/li>\n<li>Materjal: 100% pol\u00fcester<\/li>\n<li>\u00dclemise siini materjal: alumiinium<\/li>\n<li>\u00dcldk\u00f5rgus: 230 cm<\/li>\n<li>\u00dcldlaius: 125 cm<\/li>\n<li>Kanga laius: 121,6 cm (tolerants on \u00b14 mm)<\/li>\n<li>Laiuse vahe: 3,4 cm<\/li>\n<li>Pimenemine<\/li>\n<li>Keti\u00fchendusega<\/li>\n<li>Kaks monteerimisviisi (kruvidega v\u00f5i ilma puurimiseta, kasutades kinnitusklambreid)<\/li>\n<li>Puurimata kinnitusklambrid aknaraamidele, mille paksus on 1,6 kuni 2,2 cm.<\/li>\n<li>Kaasas paigaldustarvikud<\/li>\n<li>Vajalik kokkupanek: jah<\/li>\n<\/ul>\n","protected":false},"excerpt":{"rendered":"<p>Suurendage oma toa stiili ja funktsionaalsust selle rulooga, pakkudes privaatsust, valguse reguleerimist ja soojuse reguleerimist. Vastupidav ja v\u00e4he hooldust: 100% pol\u00fcestrist valmistatud ruloo on ehitatud kestma ja kulumiskindlalt. Neid on ka lihtne puhastada, tavaliselt on vaja kerget tolmu p\u00fchkida v\u00f5i niiske lapiga p\u00fchkida.Privaatsus ja valguse juhtimine: T\u00e4nu pimendavale disainile pakub see ruloo privaatsust ja blokeerib [&hellip;]<\/p>\n","protected":false},"featured_media":78128,"comment_status":"open","ping_status":"open","template":"","meta":[],"product_brand":[],"product_cat":[851],"product_tag":[],"class_list":{"0":"post-78127","1":"product","2":"type-product","3":"status-publish","4":"has-post-thumbnail","6":"product_cat-rulood","7":"product_shipping_class-vidaxl","8":"pa_varv-hall","10":"first","11":"outofstock","12":"taxable","13":"shipping-taxable","14":"purchasable","15":"product-type-simple"},"_links":{"self":[{"href":"https:\/\/blankpage.ee\/_ruumist-ruumi\/wp-json\/wp\/v2\/product\/78127","targetHints":{"allow":["GET"]}}],"collection":[{"href":"https:\/\/blankpage.ee\/_ruumist-ruumi\/wp-json\/wp\/v2\/product"}],"about":[{"href":"https:\/\/blankpage.ee\/_ruumist-ruumi\/wp-json\/wp\/v2\/types\/product"}],"replies":[{"embeddable":true,"href":"https:\/\/blankpage.ee\/_ruumist-ruumi\/wp-json\/wp\/v2\/comments?post=78127"}],"wp:featuredmedia":[{"embeddable":true,"href":"https:\/\/blankpage.ee\/_ruumist-ruumi\/wp-json\/wp\/v2\/media\/78128"}],"wp:attachment":[{"href":"https:\/\/blankpage.ee\/_ruumist-ruumi\/wp-json\/wp\/v2\/media?parent=78127"}],"wp:term":[{"taxonomy":"product_brand","embeddable":true,"href":"https:\/\/blankpage.ee\/_ruumist-ruumi\/wp-json\/wp\/v2\/product_brand?post=78127"},{"taxonomy":"product_cat","embeddable":true,"href":"https:\/\/blankpage.ee\/_ruumist-ruumi\/wp-json\/wp\/v2\/product_cat?post=78127"},{"taxonomy":"product_tag","embeddable":true,"href":"https:\/\/blankpage.ee\/_ruumist-ruumi\/wp-json\/wp\/v2\/product_tag?post=78127"}],"curies":[{"name":"wp","href":"https:\/\/api.w.org\/{rel}","templated":true}]}}