{"id":7883,"date":"2024-11-01T14:20:17","date_gmt":"2024-11-01T14:20:17","guid":{"rendered":"https:\/\/ruumistruumi.ee\/pood\/must-avola-av275-370-tool-mannipuidust\/"},"modified":"2025-04-10T11:58:19","modified_gmt":"2025-04-10T11:58:19","slug":"must-avola-av275-370-tool-mannipuidust","status":"publish","type":"product","link":"https:\/\/blankpage.ee\/_ruumist-ruumi\/pood\/must-avola-av275-370-tool-mannipuidust\/","title":{"rendered":"Must Avola AV275-370 Tool, m\u00e4nnipuidust"},"content":{"rendered":"<p>Avola AV275-370 tool s\u00f6\u00f6gituppa. See elegantne tool \u00fchendab endas lihtsuse ja mugavuse, pakkudes t\u00e4iuslikku istumiskogemust igale s\u00f6\u00f6gilauale. Musta v\u00e4rvi raam ja kreemjas polsterduskangas loovad harmoonilise kontrasti, samas kui vertikaalsed liistud seljatoel lisavad visuaalset huvitavust.<\/p>\n<p>Tooli tugev m\u00e4nnipuidust konstruktsioon koos kvaliteetse pol\u00fcesterkangaga tagab vastupidavuse ja pikaealisuse. Istme k\u00f5rge tihedusega vahtmaterjal pakub mugavust isegi pikematel \u00f5htus\u00f6\u00f6kidel. Iseloomulikud punased kulumisj\u00e4ljed annavad toolile unikaalse ja stiilse ilme.<\/p>\n<p>Omadused:<br \/>\n<strong>Materjal:<\/strong> M\u00e4nnipuit ja pol\u00fcesterkangas.<br \/>\n<strong>V\u00e4rv:<\/strong> Must raam ja kreemjas polster.<br \/>\n<strong>M\u00f5\u00f5tmed:<\/strong> Laius 46 cm, s\u00fcgavus 53,5 cm, k\u00f5rgus 94 cm.<br \/>\n<strong>T\u00e4iendavad detailid:<\/strong> Istme m\u00f5\u00f5tmed 44,5 x 40,5 x 48,5 cm; k\u00f5rge tihedusega vahtmaterjal.<br \/>\n<strong>Kokkupanek:<\/strong> Osaliselt kokku pandud, ei vaja paigaldust. S\u00e4\u00e4stab aega ja vaeva.<\/p>\n<p>&nbsp;<\/p>\n","protected":false},"excerpt":{"rendered":"<p>Avola AV275-370 tool s\u00f6\u00f6gituppa. See elegantne tool \u00fchendab endas lihtsuse ja mugavuse, pakkudes t\u00e4iuslikku istumiskogemust igale s\u00f6\u00f6gilauale. Musta v\u00e4rvi raam ja kreemjas polsterduskangas loovad harmoonilise kontrasti, samas kui vertikaalsed liistud seljatoel lisavad visuaalset huvitavust. Tooli tugev m\u00e4nnipuidust konstruktsioon koos kvaliteetse pol\u00fcesterkangaga tagab vastupidavuse ja pikaealisuse. Istme k\u00f5rge tihedusega vahtmaterjal pakub mugavust isegi pikematel \u00f5htus\u00f6\u00f6kidel. Iseloomulikud [&hellip;]<\/p>\n","protected":false},"featured_media":7884,"comment_status":"open","ping_status":"closed","template":"","meta":[],"product_brand":[],"product_cat":[108],"product_tag":[],"class_list":{"0":"post-7883","1":"product","2":"type-product","3":"status-publish","4":"has-post-thumbnail","6":"product_cat-soogitoolid","7":"product_shipping_class-livin-hill","8":"pa_kollektsioon-avola","9":"pa_materjal-mandpuit","10":"pa_varv-must","12":"first","13":"instock","14":"sale","15":"taxable","16":"shipping-taxable","17":"purchasable","18":"product-type-simple"},"_links":{"self":[{"href":"https:\/\/blankpage.ee\/_ruumist-ruumi\/wp-json\/wp\/v2\/product\/7883","targetHints":{"allow":["GET"]}}],"collection":[{"href":"https:\/\/blankpage.ee\/_ruumist-ruumi\/wp-json\/wp\/v2\/product"}],"about":[{"href":"https:\/\/blankpage.ee\/_ruumist-ruumi\/wp-json\/wp\/v2\/types\/product"}],"replies":[{"embeddable":true,"href":"https:\/\/blankpage.ee\/_ruumist-ruumi\/wp-json\/wp\/v2\/comments?post=7883"}],"wp:featuredmedia":[{"embeddable":true,"href":"https:\/\/blankpage.ee\/_ruumist-ruumi\/wp-json\/wp\/v2\/media\/7884"}],"wp:attachment":[{"href":"https:\/\/blankpage.ee\/_ruumist-ruumi\/wp-json\/wp\/v2\/media?parent=7883"}],"wp:term":[{"taxonomy":"product_brand","embeddable":true,"href":"https:\/\/blankpage.ee\/_ruumist-ruumi\/wp-json\/wp\/v2\/product_brand?post=7883"},{"taxonomy":"product_cat","embeddable":true,"href":"https:\/\/blankpage.ee\/_ruumist-ruumi\/wp-json\/wp\/v2\/product_cat?post=7883"},{"taxonomy":"product_tag","embeddable":true,"href":"https:\/\/blankpage.ee\/_ruumist-ruumi\/wp-json\/wp\/v2\/product_tag?post=7883"}],"curies":[{"name":"wp","href":"https:\/\/api.w.org\/{rel}","templated":true}]}}