{"id":7912,"date":"2024-11-01T14:21:57","date_gmt":"2024-11-01T14:21:57","guid":{"rendered":"https:\/\/ruumistruumi.ee\/pood\/hall-muugiautomaadi-laud-avola-av375-4820-akatsiapuidust\/"},"modified":"2025-01-29T10:02:18","modified_gmt":"2025-01-29T10:02:18","slug":"rohekashall-kirjutuslaud-avola-av375-4820-akaatsiapuidust","status":"publish","type":"product","link":"https:\/\/blankpage.ee\/_ruumist-ruumi\/pood\/rohekashall-kirjutuslaud-avola-av375-4820-akaatsiapuidust\/","title":{"rendered":"Rohekashall kirjutuslaud Avola AV375-4820, akaatsiapuidust"},"content":{"rendered":"<p>Avola AV375-4820 kirjutuslaud kodukontorisse. See klassikalises stiilis kirjutuslaud hallikas-m\u00fcndirohelises toonis lisab teie t\u00f6\u00f6ruumile elegantsi ja praktilisust. Kirjutuslaual on funktsionaalsed sahtlid ning sisseehitatud pistikupesa ja USB-pordid, mis muudavad igap\u00e4evase t\u00f6\u00f6 mugavamaks ja t\u00f5husamaks.<\/p>\n<p>Laua valmistamisel on kasutatud kvaliteetset akaatsiapuitu ja MDF-materjali, mis tagavad vastupidavuse ja pikaealisuse. Metallist k\u00e4epidemed lisavad stiilset aktsenti ning muudavad sahtlite kasutamise mugavaks. Laua m\u00f5\u00f5tmed on ideaalsetes proportsioonides: laius 122 cm, s\u00fcgavus 51 cm ja k\u00f5rgus 79 cm, pakkudes piisavalt ruumi t\u00f6\u00f6ks ja hoiustamiseks. Lisam\u00f5\u00f5tmed: jalgade vahe 103,5 cm; sahtli m\u00f5\u00f5dud 42 x 28,5 x 4,5 cm; p\u00f5randast lauap\u00f5hjani 61 cm.<\/p>\n<p>Avola kollektsiooni kuuluv kirjutuslaud on osaliselt kokku pandud, s\u00e4\u00e4stes teie aega ja vaeva paigaldamisel. See on suurep\u00e4rane valik neile, kes hindavad nii funktsionaalsust kui ka stiili.<\/p>\n<p>Omadused:<br \/>\n<strong>Materjal:<\/strong> Akaatsiapuit ja MDF.<br \/>\n<strong>V\u00e4rv:<\/strong> Hall-m\u00fcndiroheline.<br \/>\n<strong>M\u00f5\u00f5tmed:<\/strong> Laius 122 cm, s\u00fcgavus 51 cm, k\u00f5rgus 79 cm.<br \/>\n<strong>T\u00e4iendavad detailid:<\/strong> Sisseehitatud toiteplokk kahe pistikupesa ja kahe USB-pordiga.<br \/>\n<strong>Kokkupanek:<\/strong> Osaliselt kokku pandud, s\u00e4\u00e4stab aega ja vaeva.<\/p>\n<p>&nbsp;<\/p>\n","protected":false},"excerpt":{"rendered":"<p>Avola AV375-4820 kirjutuslaud kodukontorisse. See klassikalises stiilis kirjutuslaud hallikas-m\u00fcndirohelises toonis lisab teie t\u00f6\u00f6ruumile elegantsi ja praktilisust. Kirjutuslaual on funktsionaalsed sahtlid ning sisseehitatud pistikupesa ja USB-pordid, mis muudavad igap\u00e4evase t\u00f6\u00f6 mugavamaks ja t\u00f5husamaks. Laua valmistamisel on kasutatud kvaliteetset akaatsiapuitu ja MDF-materjali, mis tagavad vastupidavuse ja pikaealisuse. Metallist k\u00e4epidemed lisavad stiilset aktsenti ning muudavad sahtlite kasutamise mugavaks. [&hellip;]<\/p>\n","protected":false},"featured_media":7913,"comment_status":"open","ping_status":"closed","template":"","meta":[],"product_brand":[],"product_cat":[116],"product_tag":[],"class_list":{"0":"post-7912","1":"product","2":"type-product","3":"status-publish","4":"has-post-thumbnail","6":"product_cat-kontorilauad","7":"product_shipping_class-livin-hill","8":"pa_kaepidemed-metall","9":"pa_kollektsioon-avola","10":"pa_materjal-akaatsiapuit","11":"pa_sahtlite-arv-74","12":"pa_varv-roheline","14":"first","15":"outofstock","16":"sale","17":"taxable","18":"shipping-taxable","19":"purchasable","20":"product-type-simple"},"_links":{"self":[{"href":"https:\/\/blankpage.ee\/_ruumist-ruumi\/wp-json\/wp\/v2\/product\/7912","targetHints":{"allow":["GET"]}}],"collection":[{"href":"https:\/\/blankpage.ee\/_ruumist-ruumi\/wp-json\/wp\/v2\/product"}],"about":[{"href":"https:\/\/blankpage.ee\/_ruumist-ruumi\/wp-json\/wp\/v2\/types\/product"}],"replies":[{"embeddable":true,"href":"https:\/\/blankpage.ee\/_ruumist-ruumi\/wp-json\/wp\/v2\/comments?post=7912"}],"wp:featuredmedia":[{"embeddable":true,"href":"https:\/\/blankpage.ee\/_ruumist-ruumi\/wp-json\/wp\/v2\/media\/7913"}],"wp:attachment":[{"href":"https:\/\/blankpage.ee\/_ruumist-ruumi\/wp-json\/wp\/v2\/media?parent=7912"}],"wp:term":[{"taxonomy":"product_brand","embeddable":true,"href":"https:\/\/blankpage.ee\/_ruumist-ruumi\/wp-json\/wp\/v2\/product_brand?post=7912"},{"taxonomy":"product_cat","embeddable":true,"href":"https:\/\/blankpage.ee\/_ruumist-ruumi\/wp-json\/wp\/v2\/product_cat?post=7912"},{"taxonomy":"product_tag","embeddable":true,"href":"https:\/\/blankpage.ee\/_ruumist-ruumi\/wp-json\/wp\/v2\/product_tag?post=7912"}],"curies":[{"name":"wp","href":"https:\/\/api.w.org\/{rel}","templated":true}]}}