{"id":79325,"date":"2025-01-07T10:52:08","date_gmt":"2025-01-07T10:52:08","guid":{"rendered":"https:\/\/ruumistruumi.ee\/?post_type=product&#038;p=79325"},"modified":"2025-08-21T08:21:45","modified_gmt":"2025-08-21T08:21:45","slug":"ohuniisutaja-deerma-f325-5l","status":"publish","type":"product","link":"https:\/\/blankpage.ee\/_ruumist-ruumi\/pood\/ohuniisutaja-deerma-f325-5l\/","title":{"rendered":"\u00d5huniisutaja Deerma F325, 5L"},"content":{"rendered":"<h3>\u00d5huniisutaja Deerma F325, 5L<\/h3>\n<p>Kaasaegne Deerma F325 niisuti on ideaalne koduseks kasutamiseks. Selle v\u00e4ike suurus koos 25W suure v\u00f5imsusega v\u00f5imaldab h\u00f5lpsasti niisutada iga ruumi.<\/p>\n<p><img decoding=\"async\" src=\"https:\/\/blankpage.ee\/_ruumist-ruumi\/wp-content\/uploads\/2025\/01\/2-2.jpg\" \/><\/p>\n<h3>Kaasaegne disain<\/h3>\n<p>Seade on valmistatud k\u00f5rgeima kvaliteediga materjalidest, et tagada vastupidavus aastateks, s\u00e4ilitades samas kaasaegse v\u00e4limuse. L\u00e4bipaistev veepaak v\u00f5imaldab j\u00e4lgida veetaset. Samuti saate lisada oma lemmikkaunistusi konteinerisse, et niisuti vastaks teie maitsele.<\/p>\n<p><img decoding=\"async\" src=\"https:\/\/blankpage.ee\/_ruumist-ruumi\/wp-content\/uploads\/2025\/01\/5-1.jpg\" \/><\/p>\n<h3>Niisutamine kogu p\u00e4eva v\u00e4ltel<\/h3>\n<p>5L anumat tuleb t\u00e4ita vaid kord p\u00e4evas, et pidevalt niisutada kogu ruumi kogu p\u00e4eva v\u00f5i \u00f6\u00f6 jooksul. Niisuti annab m\u00e4rku, kui veetase on madal, ja kui see otsa saab, l\u00fclitub see ise v\u00e4lja.<\/p>\n<p><img decoding=\"async\" src=\"https:\/\/blankpage.ee\/_ruumist-ruumi\/wp-content\/uploads\/2025\/01\/6-1.jpg\" \/><\/p>\n<h3>Vaikne t\u00f6\u00f6<\/h3>\n<p>Niisuti disain v\u00f5imaldab v\u00e4hendada t\u00f6\u00f6mahtu nii palju kui v\u00f5imalik, seega t\u00f6\u00f6tab see vaid 36 dB juures. Selle t\u00f6\u00f6 on peaaegu kuuldamatu isegi \u00f6\u00f6sel.<\/p>\n<p><img decoding=\"async\" src=\"https:\/\/blankpage.ee\/_ruumist-ruumi\/wp-content\/uploads\/2025\/01\/8-2.jpg\" \/><\/p>\n<h3>\u00d5rn udu<\/h3>\n<p>Vihmavarjukujuline v\u00e4ljalaskeava ja keraamiline pihusti v\u00f5imaldavad auru \u00fchtlast v\u00e4ljutamist. See blokeerib t\u00f5husalt suuri veetilku ning 8 ava jaotavad peene udu \u00fchtlaselt v\u00e4ljapoole, ilma veelaike tekitamata.<\/p>\n<p><img decoding=\"async\" src=\"https:\/\/blankpage.ee\/_ruumist-ruumi\/wp-content\/uploads\/2025\/01\/10.jpg\" \/><\/p>\n<h3>Lihtne kasutamine<\/h3>\n<p>Seadet juhitakse \u00fche nupuga. On kaks t\u00f6\u00f6re\u017eiimi: esimene k\u00e4ik, mis jaotab auru \u00f5rnalt, ja teine k\u00e4ik kiireks niisutamiseks suure udupihustusega.<\/p>\n<p><img decoding=\"async\" src=\"https:\/\/blankpage.ee\/_ruumist-ruumi\/wp-content\/uploads\/2025\/01\/3-1.jpg\" \/><\/p>\n<div class=\"table-wrapper\">\n<table>\n<tbody>\n<tr>\n<th>Br\u00e4nd<\/th>\n<td>Deerma<\/td>\n<\/tr>\n<tr>\n<th>Mudel<\/th>\n<td>F325<\/td>\n<\/tr>\n<tr>\n<th>Nimipinge<\/th>\n<td>220-240V~50\/60Hz<\/td>\n<\/tr>\n<tr>\n<th>Nimiv\u00f5imsus<\/th>\n<td>25W<\/td>\n<\/tr>\n<tr>\n<th>M\u00f5\u00f5tmed<\/th>\n<td>220 x 220 x 285 mm<\/td>\n<\/tr>\n<tr>\n<th>Veepaagi maht<\/th>\n<td>5L<\/td>\n<\/tr>\n<\/tbody>\n<\/table>\n<\/div>\n","protected":false},"excerpt":{"rendered":"<p>\u00d5huniisutaja Deerma F325, 5L Kaasaegne Deerma F325 niisuti on ideaalne koduseks kasutamiseks. Selle v\u00e4ike suurus koos 25W suure v\u00f5imsusega v\u00f5imaldab h\u00f5lpsasti niisutada iga ruumi. Kaasaegne disain Seade on valmistatud k\u00f5rgeima kvaliteediga materjalidest, et tagada vastupidavus aastateks, s\u00e4ilitades samas kaasaegse v\u00e4limuse. L\u00e4bipaistev veepaak v\u00f5imaldab j\u00e4lgida veetaset. Samuti saate lisada oma lemmikkaunistusi konteinerisse, et niisuti vastaks teie [&hellip;]<\/p>\n","protected":false},"featured_media":79332,"comment_status":"open","ping_status":"closed","template":"","meta":[],"product_brand":[],"product_cat":[1210],"product_tag":[],"class_list":{"0":"post-79325","1":"product","2":"type-product","3":"status-publish","4":"has-post-thumbnail","6":"product_cat-ohuniisutajad","7":"product_shipping_class-innpro","9":"first","10":"instock","11":"sale","12":"taxable","13":"shipping-taxable","14":"purchasable","15":"product-type-simple"},"_links":{"self":[{"href":"https:\/\/blankpage.ee\/_ruumist-ruumi\/wp-json\/wp\/v2\/product\/79325","targetHints":{"allow":["GET"]}}],"collection":[{"href":"https:\/\/blankpage.ee\/_ruumist-ruumi\/wp-json\/wp\/v2\/product"}],"about":[{"href":"https:\/\/blankpage.ee\/_ruumist-ruumi\/wp-json\/wp\/v2\/types\/product"}],"replies":[{"embeddable":true,"href":"https:\/\/blankpage.ee\/_ruumist-ruumi\/wp-json\/wp\/v2\/comments?post=79325"}],"wp:featuredmedia":[{"embeddable":true,"href":"https:\/\/blankpage.ee\/_ruumist-ruumi\/wp-json\/wp\/v2\/media\/79332"}],"wp:attachment":[{"href":"https:\/\/blankpage.ee\/_ruumist-ruumi\/wp-json\/wp\/v2\/media?parent=79325"}],"wp:term":[{"taxonomy":"product_brand","embeddable":true,"href":"https:\/\/blankpage.ee\/_ruumist-ruumi\/wp-json\/wp\/v2\/product_brand?post=79325"},{"taxonomy":"product_cat","embeddable":true,"href":"https:\/\/blankpage.ee\/_ruumist-ruumi\/wp-json\/wp\/v2\/product_cat?post=79325"},{"taxonomy":"product_tag","embeddable":true,"href":"https:\/\/blankpage.ee\/_ruumist-ruumi\/wp-json\/wp\/v2\/product_tag?post=79325"}],"curies":[{"name":"wp","href":"https:\/\/api.w.org\/{rel}","templated":true}]}}