{"id":7934,"date":"2024-11-01T14:23:12","date_gmt":"2024-11-01T14:23:12","guid":{"rendered":"https:\/\/ruumistruumi.ee\/pood\/beez-avola-av675-370-tool-manni-puidust\/"},"modified":"2025-04-10T11:58:19","modified_gmt":"2025-04-10T11:58:19","slug":"beez-avola-av675-370-tool-mannipuidust","status":"publish","type":"product","link":"https:\/\/blankpage.ee\/_ruumist-ruumi\/pood\/beez-avola-av675-370-tool-mannipuidust\/","title":{"rendered":"Bee\u017e Avola AV675-370 tool, m\u00e4nnipuidust"},"content":{"rendered":"<p>Avola AV675-370 tool s\u00f6\u00f6gituppa. See elegantne ja mugav tool on ideaalne t\u00e4iendus igasse s\u00f6\u00f6gituppa, lisades ruumile peent stiili ja mugavust. Tooli lihtne vorm on rikastatud vertikaalsete liistudega seljatoel ning kreemjas polsterdatud iste pakub lisamugavust.<\/p>\n<p>Avola kollektsiooni kuuluv tool on valmistatud vastupidavast m\u00e4nnipuidust, mis tagab pikaajalise vastupidavuse ja stabiilsuse. Kreemjas pol\u00fcesterkangas loob pehme ja kutsuva atmosf\u00e4\u00e4ri, sobitudes h\u00e4sti erinevate sisekujundusstiilidega. Tooli istmeosa on t\u00e4idetud k\u00f5rge tihedusega vahuga, pakkudes optimaalset tuge ja mugavust.<\/p>\n<p>Omadused:<br \/>\n<strong>Materjal:<\/strong> M\u00e4nnipuit ja pol\u00fcesterkangas.<br \/>\n<strong>V\u00e4rv:<\/strong> Kreemjas.<br \/>\n<strong>M\u00f5\u00f5tmed:<\/strong> Laius 46 cm, s\u00fcgavus 53,5 cm, k\u00f5rgus 94 cm.<br \/>\n<strong>T\u00e4iendavad m\u00f5\u00f5tmed:<\/strong> Istme laius 44,5 cm, s\u00fcgavus 40,5 cm, k\u00f5rgus 48,5 cm.<br \/>\n<strong>Kokkupanek:<\/strong> Osaliselt kokku pandud, s\u00e4\u00e4stab aega ja vaeva.<\/p>\n<p>&nbsp;<\/p>\n","protected":false},"excerpt":{"rendered":"<p>Avola AV675-370 tool s\u00f6\u00f6gituppa. See elegantne ja mugav tool on ideaalne t\u00e4iendus igasse s\u00f6\u00f6gituppa, lisades ruumile peent stiili ja mugavust. Tooli lihtne vorm on rikastatud vertikaalsete liistudega seljatoel ning kreemjas polsterdatud iste pakub lisamugavust. Avola kollektsiooni kuuluv tool on valmistatud vastupidavast m\u00e4nnipuidust, mis tagab pikaajalise vastupidavuse ja stabiilsuse. Kreemjas pol\u00fcesterkangas loob pehme ja kutsuva atmosf\u00e4\u00e4ri, [&hellip;]<\/p>\n","protected":false},"featured_media":7935,"comment_status":"open","ping_status":"closed","template":"","meta":[],"product_brand":[],"product_cat":[108],"product_tag":[],"class_list":{"0":"post-7934","1":"product","2":"type-product","3":"status-publish","4":"has-post-thumbnail","6":"product_cat-soogitoolid","7":"product_shipping_class-livin-hill","8":"pa_kollektsioon-avola","9":"pa_materjal-mand","10":"pa_varv-beez","12":"first","13":"instock","14":"sale","15":"taxable","16":"shipping-taxable","17":"purchasable","18":"product-type-simple"},"_links":{"self":[{"href":"https:\/\/blankpage.ee\/_ruumist-ruumi\/wp-json\/wp\/v2\/product\/7934","targetHints":{"allow":["GET"]}}],"collection":[{"href":"https:\/\/blankpage.ee\/_ruumist-ruumi\/wp-json\/wp\/v2\/product"}],"about":[{"href":"https:\/\/blankpage.ee\/_ruumist-ruumi\/wp-json\/wp\/v2\/types\/product"}],"replies":[{"embeddable":true,"href":"https:\/\/blankpage.ee\/_ruumist-ruumi\/wp-json\/wp\/v2\/comments?post=7934"}],"wp:featuredmedia":[{"embeddable":true,"href":"https:\/\/blankpage.ee\/_ruumist-ruumi\/wp-json\/wp\/v2\/media\/7935"}],"wp:attachment":[{"href":"https:\/\/blankpage.ee\/_ruumist-ruumi\/wp-json\/wp\/v2\/media?parent=7934"}],"wp:term":[{"taxonomy":"product_brand","embeddable":true,"href":"https:\/\/blankpage.ee\/_ruumist-ruumi\/wp-json\/wp\/v2\/product_brand?post=7934"},{"taxonomy":"product_cat","embeddable":true,"href":"https:\/\/blankpage.ee\/_ruumist-ruumi\/wp-json\/wp\/v2\/product_cat?post=7934"},{"taxonomy":"product_tag","embeddable":true,"href":"https:\/\/blankpage.ee\/_ruumist-ruumi\/wp-json\/wp\/v2\/product_tag?post=7934"}],"curies":[{"name":"wp","href":"https:\/\/api.w.org\/{rel}","templated":true}]}}