{"id":79356,"date":"2025-01-07T10:52:08","date_gmt":"2025-01-07T10:52:08","guid":{"rendered":"https:\/\/ruumistruumi.ee\/?post_type=product&#038;p=79356"},"modified":"2025-08-21T08:21:45","modified_gmt":"2025-08-21T08:21:45","slug":"uv-valgusega-ohuniisutaja-deerma-f628s-5l","status":"publish","type":"product","link":"https:\/\/blankpage.ee\/_ruumist-ruumi\/pood\/uv-valgusega-ohuniisutaja-deerma-f628s-5l\/","title":{"rendered":"UV-valgusega \u00f5huniisutaja Deerma F628s, 5L"},"content":{"rendered":"<h3>UV-valgusega \u00f5huniisutaja Deerma F628s<\/h3>\n<p>Deerma F628S on funktsionaalne uue p\u00f5lvkonna niisutaja. Elegantne, lihtne kasutada ja s\u00fcgavpuhastatud veega niisutamine aitab teil hoolitseda enda ja oma pere tervise eest.<\/p>\n<p><img decoding=\"async\" src=\"https:\/\/blankpage.ee\/_ruumist-ruumi\/wp-content\/uploads\/2025\/01\/3-2.jpg\" \/><\/p>\n<h3>Optimaalseks j\u00f5udluseks loodud<\/h3>\n<p>Niisutaja usaldusv\u00e4\u00e4rse ja tervisele ohutu t\u00f6\u00f6 tagab selle nutikas disain. Vesi, mis siseneb paaki, suunatakse l\u00e4bi integreeritud, \u00fchesuunalise kanali otse seadme UV-valgusega kokkupuutuvasse ossa, mis tagab 360\u00b0 puhastamise. Seej\u00e4rel suunatakse vesi atomisaatorisse &#8211; vabastades puhta, v\u00e4rske udu, mis tagab, et teie kodu \u00f5hk on korralikult niisutatud ja tervislik. Veenduge ise, kui palju head v\u00f5ib selline lihtne seade teha!<\/p>\n<p><img decoding=\"async\" src=\"https:\/\/blankpage.ee\/_ruumist-ruumi\/wp-content\/uploads\/2025\/01\/10-2.jpg\" \/><\/p>\n<h3>UV maagia<\/h3>\n<p>Et pakkuda teile ja teie perele tervislikku, korralikult steriilset keskkonda, kasutab niisutaja UV-valguse puhastust, mis annab h\u00e4mmastavaid tulemusi. See v\u00e4ldib keemilisi saasteaineid ja kahjulikke k\u00f5rvaltoimeid. Deerma F628S hoolitseb teie ohutuse eest &#8211; tunnete korralikult niisutatud \u00f5hu positiivseid m\u00f5jusid kiiremini, kui arvate!<\/p>\n<p><img decoding=\"async\" src=\"https:\/\/blankpage.ee\/_ruumist-ruumi\/wp-content\/uploads\/2025\/01\/9-3.jpg\" \/><\/p>\n<h3>Teile kohandatud niiskustase<\/h3>\n<p>Deerma F628S hoolitseb suurep\u00e4raselt teie tervise eest. Inimese enesehinnang on tihedalt seotud temperatuuri ja \u00f5huniiskuse tasemega &#8211; seega tasub tagada optimaalsed tingimused. Deerma F628S niisutaja suudab tagada pideva \u00f5huniiskuse, mis j\u00e4\u00e4b vahemikku 45% kuni 90%, mis on inimesele mugav. Seadke niisutustase, mis paneb teid end k\u00f5ige paremini tundma &#8211; Deerma peatab automaatse udustamise, kui valitud v\u00e4\u00e4rtus on saavutatud. See v\u00f5imaldab v\u00e4ltida \u00fcle-niisutamist.<\/p>\n<p><img decoding=\"async\" src=\"https:\/\/blankpage.ee\/_ruumist-ruumi\/wp-content\/uploads\/2025\/01\/4-2.jpg\" \/><\/p>\n<h3>Lihtne kasutada<\/h3>\n<p>Kasutajas\u00f5bralik liides muudab Deerma F628S niisutaja kasutamise lihtsaks ja meeldivaks. Seadmel on sisseehitatud niiskusm\u00f5\u00f5tur, t\u00e4nu millele n\u00e4itab digitaalne ekraan \u00f5huniiskuse taset. Lisaks saate vaid pilguga kontrollida ruumi temperatuuri. M\u00f5ne intuitiivse nupu abil saate seada seadme optimaalse re\u017eiimi vastavalt oma elustiilile. Deerma F628S v\u00f5imaldab teil h\u00f5lpsasti ja mugavalt tagada kodus mugavad ja tervislikud ruumi niiskustasemed.<\/p>\n<p><img decoding=\"async\" src=\"https:\/\/blankpage.ee\/_ruumist-ruumi\/wp-content\/uploads\/2025\/01\/5-3.jpg\" \/><\/p>\n<h3>Nautige niisutatud \u00f5hku \u00f6\u00f6p\u00e4evaringselt<\/h3>\n<p>Deerma F628S teenib teid sujuvalt nii p\u00e4eval kui \u00f6\u00f6sel. Enne magamaminekut l\u00fclitage ekraan v\u00e4lja ja saate nautida tervislikku, rahulikku und, mida ei h\u00e4iri tarbetu valgus. Ka ei h\u00e4iri teid \u00fckski heli. Niisutaja t\u00f6\u00f6tab \u00e4\u00e4rmiselt vaikselt &#8211; m\u00fcra tase on ainult 30 dB. Nii saate rahulikult magada, \u00f5ppida, t\u00f6\u00f6tada ja puhata &#8211; k\u00f5ik korralikult niisutatud keskkonnas.<\/p>\n<p><img decoding=\"async\" src=\"https:\/\/blankpage.ee\/_ruumist-ruumi\/wp-content\/uploads\/2025\/01\/2-4.jpg\" \/><\/p>\n<h3>Seadke optimaalne ajakava<\/h3>\n<p>Deerma F628S niisutaja annab teile veelgi rohkem v\u00f5imalusi! Saate seada sellele kohandatud niisutusajagraafiku, mis on kohandatud teie vajadustele ja ajakavale, kuni 12 tundi ette. Te ei pea seda iga kord uuesti seadistama &#8211; see lahendus s\u00e4\u00e4stab teie v\u00e4\u00e4rtuslikku aega. Veelgi enam, p\u00e4rast m\u00e4\u00e4ratud aja m\u00f6\u00f6dumist peatab niisutaja automaatselt veeuuduse pihustamise &#8211; seega \u00e4rge muretsege, kui unustate selle v\u00e4lja l\u00fclitada!<\/p>\n<p><img decoding=\"async\" src=\"https:\/\/blankpage.ee\/_ruumist-ruumi\/wp-content\/uploads\/2025\/01\/7-2.jpg\" \/><\/p>\n<h3>Otsustage, kui palju vett pihustada<\/h3>\n<p>Deerma F628S abil on teil ka v\u00f5imalus kohandada pihustatud vee kogust vastavalt oma vajadustele ja eelistustele. Saate valida kolme taseme vahel &#8211; madal, keskmine ja k\u00f5rge. Valiku saate teha vaid \u00fche nupuga! Leidke udutaseme kogus, mis k\u00f5ige paremini teie vajadustele vastab, ja kohandage seda vastavalt olukorrale. \u00c4rge kartke katsetada &#8211; avastage oma eelistused ja nautige t\u00e4iuslikult niisutatud \u00f5hku.<\/p>\n<p><img decoding=\"async\" src=\"https:\/\/blankpage.ee\/_ruumist-ruumi\/wp-content\/uploads\/2025\/01\/8-3.jpg\" \/><\/p>\n<h3>Stiilne ja praktiline disain<\/h3>\n<p>Deerma F628S niisutaja disain on nii esteetiliselt meeldiv kui ka praktiline. Vaatamata suhteliselt v\u00e4ikesele suurusele eristub seade oma muljetavaldava mahutavusega &#8211; see on koguni 5 liitrit ja piisab terveks p\u00e4evaks t\u00f6\u00f6tamiseks. Nii peate vett vahetama vaid kord p\u00e4evas! Selle taset saab j\u00e4lgida reaalajas &#8211; seda v\u00f5imaldab lihtne, l\u00e4bipaistev indikaator. Deerma F628S on lihtne, v\u00e4hest hooldust vajav seade, mis r\u00f5\u00f5mustab teid oma t\u00f5husa j\u00f5udlusega.<\/p>\n<p><img decoding=\"async\" src=\"https:\/\/blankpage.ee\/_ruumist-ruumi\/wp-content\/uploads\/2025\/01\/11-1.jpg\" \/><\/p>\n<h3>Hoolitsege oma naha eest<\/h3>\n<p>Kas teadsite, et Deerma F628S aitab teil hoolitseda ka oma naha eest? Seade toodab vesimikroosakesi, mis niisutavad s\u00fcgavalt teie nahapoore. Niisutaja toob kasu mitte ainult teie tervisele, vaid ka v\u00e4limusele!<\/p>\n<p><img decoding=\"async\" src=\"https:\/\/blankpage.ee\/_ruumist-ruumi\/wp-content\/uploads\/2025\/01\/12-1.jpg\" \/><\/p>\n<h3>Niisutaja ja aroomiteraapia \u00fches? Deerma F628S-iga on see v\u00f5imalik!<\/h3>\n<p>Ei ole palju vaja, et muuta Deerma F628S niisutaja aroomiteraapiaseadmeks. Lihtsalt valage oma lemmik eeterlik \u00f5li spetsiaalsesse anumasse. Seej\u00e4rel l\u00fclitage seade sisse ja nautige ilusat, l\u00f5\u00f5gastavat l\u00f5hna! See on t\u00e4iuslik viis l\u00f5\u00f5gastumiseks p\u00e4rast pikka, v\u00e4sitavat p\u00e4eva.<\/p>\n<p><img decoding=\"async\" src=\"https:\/\/blankpage.ee\/_ruumist-ruumi\/wp-content\/uploads\/2025\/01\/6-3.jpg\" \/><\/p>\n<div class=\"table-wrapper\">\n<table>\n<tbody>\n<tr>\n<th>Tootja<\/th>\n<td>Deerma<\/td>\n<\/tr>\n<tr>\n<th>Mudel<\/th>\n<td>F628S<\/td>\n<\/tr>\n<tr>\n<th>Nimipinge<\/th>\n<td>220-240V~50\/60Hz<\/td>\n<\/tr>\n<tr>\n<th>Nimiv\u00f5imsus<\/th>\n<td>25W<\/td>\n<\/tr>\n<tr>\n<th>Suurus<\/th>\n<td>190 x 190 x 350 mm<\/td>\n<\/tr>\n<tr>\n<th>Mahutavus<\/th>\n<td>5L<\/td>\n<\/tr>\n<tr>\n<th>Aroomiteraapia<\/th>\n<td>Jah<\/td>\n<\/tr>\n<\/tbody>\n<\/table>\n<\/div>\n","protected":false},"excerpt":{"rendered":"<p>UV-valgusega \u00f5huniisutaja Deerma F628s Deerma F628S on funktsionaalne uue p\u00f5lvkonna niisutaja. Elegantne, lihtne kasutada ja s\u00fcgavpuhastatud veega niisutamine aitab teil hoolitseda enda ja oma pere tervise eest. Optimaalseks j\u00f5udluseks loodud Niisutaja usaldusv\u00e4\u00e4rse ja tervisele ohutu t\u00f6\u00f6 tagab selle nutikas disain. Vesi, mis siseneb paaki, suunatakse l\u00e4bi integreeritud, \u00fchesuunalise kanali otse seadme UV-valgusega kokkupuutuvasse ossa, mis [&hellip;]<\/p>\n","protected":false},"featured_media":79368,"comment_status":"open","ping_status":"closed","template":"","meta":[],"product_brand":[],"product_cat":[1210],"product_tag":[],"class_list":{"0":"post-79356","1":"product","2":"type-product","3":"status-publish","4":"has-post-thumbnail","6":"product_cat-ohuniisutajad","7":"product_shipping_class-innpro","9":"first","10":"instock","11":"sale","12":"taxable","13":"shipping-taxable","14":"purchasable","15":"product-type-simple"},"_links":{"self":[{"href":"https:\/\/blankpage.ee\/_ruumist-ruumi\/wp-json\/wp\/v2\/product\/79356","targetHints":{"allow":["GET"]}}],"collection":[{"href":"https:\/\/blankpage.ee\/_ruumist-ruumi\/wp-json\/wp\/v2\/product"}],"about":[{"href":"https:\/\/blankpage.ee\/_ruumist-ruumi\/wp-json\/wp\/v2\/types\/product"}],"replies":[{"embeddable":true,"href":"https:\/\/blankpage.ee\/_ruumist-ruumi\/wp-json\/wp\/v2\/comments?post=79356"}],"wp:featuredmedia":[{"embeddable":true,"href":"https:\/\/blankpage.ee\/_ruumist-ruumi\/wp-json\/wp\/v2\/media\/79368"}],"wp:attachment":[{"href":"https:\/\/blankpage.ee\/_ruumist-ruumi\/wp-json\/wp\/v2\/media?parent=79356"}],"wp:term":[{"taxonomy":"product_brand","embeddable":true,"href":"https:\/\/blankpage.ee\/_ruumist-ruumi\/wp-json\/wp\/v2\/product_brand?post=79356"},{"taxonomy":"product_cat","embeddable":true,"href":"https:\/\/blankpage.ee\/_ruumist-ruumi\/wp-json\/wp\/v2\/product_cat?post=79356"},{"taxonomy":"product_tag","embeddable":true,"href":"https:\/\/blankpage.ee\/_ruumist-ruumi\/wp-json\/wp\/v2\/product_tag?post=79356"}],"curies":[{"name":"wp","href":"https:\/\/api.w.org\/{rel}","templated":true}]}}