{"id":79375,"date":"2025-01-07T10:52:08","date_gmt":"2025-01-07T10:52:08","guid":{"rendered":"https:\/\/ruumistruumi.ee\/?post_type=product&#038;p=79375"},"modified":"2025-08-21T08:21:45","modified_gmt":"2025-08-21T08:21:45","slug":"uv-valgusega-ohuniisutaja-deerma-f500-5l","status":"publish","type":"product","link":"https:\/\/blankpage.ee\/_ruumist-ruumi\/pood\/uv-valgusega-ohuniisutaja-deerma-f500-5l\/","title":{"rendered":"UV-valgusega \u00f5huniisutaja Deerma F500, 5L"},"content":{"rendered":"<h3>Deerma F500 &#8211; Niisutamise j\u00f5ud<\/h3>\n<p>\u00d5ige \u00f5huniiskuse tase on teie heaolu jaoks \u00e4\u00e4rmiselt oluline. Kuidas tagada optimaalsed tingimused? See on lihtne! Kasutage Deerma F500 \u00f5huniisutit &#8211; see praktiline ja lihtsasti kasutatav seade aitab teil hoolitseda enda ja oma l\u00e4hedaste tervise eest.<\/p>\n<p><img decoding=\"async\" src=\"https:\/\/blankpage.ee\/_ruumist-ruumi\/wp-content\/uploads\/2025\/01\/1-2.jpg\" alt=\"2Szymon\/Deerma\/f500\/1\" \/><\/p>\n<h3>Lihtne kasutada &#8211; t\u00f5hus t\u00f6\u00f6<\/h3>\n<p>Kuidas kasutada Deerma F500? See on v\u00e4ga lihtne &#8211; lihtsalt valage vesi paaki ja keerake nuppu \u00f5iges suunas. P\u00e4rast kiiret puhastust pihustatakse vesi j\u00e4rk-j\u00e4rgult \u00f5rna, v\u00e4rskendava uduse kujul. Niisuti majakasarnane disain v\u00f5imaldab veeudu t\u00f5husat jaotust 360\u00b0 ulatuses, v\u00e4ljundiga kuni 300 ml\/h. See v\u00f5imaldab teil nautida optimaalset \u00f5huniiskuse taset k\u00f5ikjal, kus Deerma F500 asub.<\/p>\n<p><img decoding=\"async\" src=\"https:\/\/blankpage.ee\/_ruumist-ruumi\/wp-content\/uploads\/2025\/01\/11-2.jpg\" alt=\"PiotrP\/Deerma\/f500\/11\" \/><\/p>\n<h3>Lihtne veetaseme kontroll<\/h3>\n<p>Te ei pea muretsema sagedase vee lisamise p\u00e4rast. Paagi mahutavus on kuni 5 liitrit, mis t\u00e4hendab mitu tundi t\u00f6\u00f6tamist. Nii et peate vett t\u00e4itma vaid kord p\u00e4evas! L\u00e4bipaistev n\u00e4idik ja nupu v\u00e4rv aitavad teil selle taset kontrollida. Sinine t\u00e4hendab, et seade on niisutusre\u017eiimis. Punane annab teile m\u00e4rku, et vesi hakkab otsa saama ja peate seda t\u00e4itma.<\/p>\n<p><img decoding=\"async\" src=\"https:\/\/blankpage.ee\/_ruumist-ruumi\/wp-content\/uploads\/2025\/01\/12-2.jpg\" alt=\"PiotrP\/Deerma\/f500\/12\" \/><\/p>\n<h3>Vaikne kui unen\u00e4gu<\/h3>\n<p>Deerma F500 niisuti \u00fcllatab teid oma vaikse t\u00f6\u00f6ga. Selle m\u00fcratase j\u00e4\u00e4b vahemikku 20 kuni 40 dB &#8211; isegi inimese sosin on valjem! See v\u00f5imaldab teil seadet kasutada nii p\u00e4eval, kui soovite t\u00f6\u00f6tada, \u00f5ppida v\u00f5i puhata rahus, kui ka \u00f6\u00f6sel, kui hoolite h\u00e4irimatust unest. Deerma F500 on vaikne kaaslane teie igap\u00e4evastes tegevustes ja hoolitseb teie \u00fcmbruse optimaalse niiskustaseme eest \u00f6\u00f6p\u00e4evaringselt.<\/p>\n<p><img decoding=\"async\" src=\"https:\/\/blankpage.ee\/_ruumist-ruumi\/wp-content\/uploads\/2025\/01\/9-4.jpg\" alt=\"PiotrP\/Deerma\/f500\/9\" \/><\/p>\n<h3>Niisuti ja aroomiteraapia \u00fches &#8211; Deerma F500 abil on see v\u00f5imalik!<\/h3>\n<p>Deerma F500 saab kasutada ka aroomiteraapia vahendina. Valage oma lemmik eeterlik \u00f5li seadme sees olevasse sobivasse anumasse ja nautige kaunist l\u00f5hna, mis v\u00f5imaldab teil l\u00f5\u00f5gastuda.<\/p>\n<p><img decoding=\"async\" src=\"https:\/\/blankpage.ee\/_ruumist-ruumi\/wp-content\/uploads\/2025\/01\/8-4.jpg\" alt=\"PiotrP\/Deerma\/f500\/8\" \/><\/p>\n<h3>Universaalne disain<\/h3>\n<p>Deerma F500 niisuti r\u00f5\u00f5mustab silma ja on \u00e4\u00e4rmiselt k\u00e4ep\u00e4rane. Veepaaki on lihtne liigutada mugava k\u00e4epidemega ja vastupidava ABS-plastikust korpuse sileda pinda on v\u00e4ga lihtne puhastada. Minimalistlik disain ja vaoshoitud v\u00e4rvid teevad Deerma F500-st ideaalse sobivuse igasse interj\u00f6\u00f6ri. See funktsionaalne ja elegantne seade v\u00f5ib saada stiilseks lisandiks ka teie kodus!<\/p>\n<p><img decoding=\"async\" src=\"https:\/\/blankpage.ee\/_ruumist-ruumi\/wp-content\/uploads\/2025\/01\/7-3.jpg\" alt=\"2Szymon\/Deerma\/f500\/7\" \/><\/p>\n<div class=\"table-wrapper\">\n<table>\n<tbody>\n<tr>\n<th>Br\u00e4nd<\/th>\n<td>Deerma<\/td>\n<\/tr>\n<tr>\n<th>Tootekood<\/th>\n<td>F500<\/td>\n<\/tr>\n<tr>\n<th>Seadme v\u00f5imsus<\/th>\n<td>25W<\/td>\n<\/tr>\n<tr>\n<th>Veepaagi mahutavus<\/th>\n<td>5L<\/td>\n<\/tr>\n<tr>\n<th>Toiteallikas<\/th>\n<td>V\u00f5rgutoide<\/td>\n<\/tr>\n<\/tbody>\n<\/table>\n<\/div>\n","protected":false},"excerpt":{"rendered":"<p>Deerma F500 &#8211; Niisutamise j\u00f5ud \u00d5ige \u00f5huniiskuse tase on teie heaolu jaoks \u00e4\u00e4rmiselt oluline. Kuidas tagada optimaalsed tingimused? See on lihtne! Kasutage Deerma F500 \u00f5huniisutit &#8211; see praktiline ja lihtsasti kasutatav seade aitab teil hoolitseda enda ja oma l\u00e4hedaste tervise eest. Lihtne kasutada &#8211; t\u00f5hus t\u00f6\u00f6 Kuidas kasutada Deerma F500? See on v\u00e4ga lihtne &#8211; [&hellip;]<\/p>\n","protected":false},"featured_media":79382,"comment_status":"open","ping_status":"closed","template":"","meta":[],"product_brand":[],"product_cat":[1210],"product_tag":[],"class_list":{"0":"post-79375","1":"product","2":"type-product","3":"status-publish","4":"has-post-thumbnail","6":"product_cat-ohuniisutajad","7":"product_shipping_class-innpro","9":"first","10":"instock","11":"sale","12":"taxable","13":"shipping-taxable","14":"purchasable","15":"product-type-simple"},"_links":{"self":[{"href":"https:\/\/blankpage.ee\/_ruumist-ruumi\/wp-json\/wp\/v2\/product\/79375","targetHints":{"allow":["GET"]}}],"collection":[{"href":"https:\/\/blankpage.ee\/_ruumist-ruumi\/wp-json\/wp\/v2\/product"}],"about":[{"href":"https:\/\/blankpage.ee\/_ruumist-ruumi\/wp-json\/wp\/v2\/types\/product"}],"replies":[{"embeddable":true,"href":"https:\/\/blankpage.ee\/_ruumist-ruumi\/wp-json\/wp\/v2\/comments?post=79375"}],"wp:featuredmedia":[{"embeddable":true,"href":"https:\/\/blankpage.ee\/_ruumist-ruumi\/wp-json\/wp\/v2\/media\/79382"}],"wp:attachment":[{"href":"https:\/\/blankpage.ee\/_ruumist-ruumi\/wp-json\/wp\/v2\/media?parent=79375"}],"wp:term":[{"taxonomy":"product_brand","embeddable":true,"href":"https:\/\/blankpage.ee\/_ruumist-ruumi\/wp-json\/wp\/v2\/product_brand?post=79375"},{"taxonomy":"product_cat","embeddable":true,"href":"https:\/\/blankpage.ee\/_ruumist-ruumi\/wp-json\/wp\/v2\/product_cat?post=79375"},{"taxonomy":"product_tag","embeddable":true,"href":"https:\/\/blankpage.ee\/_ruumist-ruumi\/wp-json\/wp\/v2\/product_tag?post=79375"}],"curies":[{"name":"wp","href":"https:\/\/api.w.org\/{rel}","templated":true}]}}