{"id":79387,"date":"2025-01-07T10:52:08","date_gmt":"2025-01-07T10:52:08","guid":{"rendered":"https:\/\/ruumistruumi.ee\/?post_type=product&#038;p=79387"},"modified":"2025-08-21T08:21:45","modified_gmt":"2025-08-21T08:21:45","slug":"uv-valgusega-ohuniisutaja-deerma-ld220-4l","status":"publish","type":"product","link":"https:\/\/blankpage.ee\/_ruumist-ruumi\/pood\/uv-valgusega-ohuniisutaja-deerma-ld220-4l\/","title":{"rendered":"UV-valgusega \u00f5huniisutaja Deerma LD220, 4L"},"content":{"rendered":"<h3>UV-valgusega \u00f5huniisutaja Deerma LD220, 4L<\/h3>\n<p>Deerma LD220 on uusim p\u00f5lvkond p\u00f5randale paigaldatavat \u00f5huniisutit, mis parandab \u00f5hukvaliteeti, s\u00e4ilitades ruumis piisava niiskustaseme. Kaasasolev kaugjuhtimispult v\u00f5imaldab seadme mugavat kasutamist ning saate nautida korralikult niisutatud \u00f5hku mitmeid tunde.<\/p>\n<p><img decoding=\"async\" src=\"https:\/\/blankpage.ee\/_ruumist-ruumi\/wp-content\/uploads\/2025\/01\/9-5.jpg\" alt=\"width=1000\" height=\"637\" border=\"0\" \/><\/p>\n<h3>Kaugjuhtimispult<\/h3>\n<p>Niisuti on varustatud spetsiaalse kaugjuhtimispuldiga, millega saab seadet juhtida. Neli nuppu v\u00f5imaldavad kasutada k\u00f5iki funktsioone: sisse\/v\u00e4lja l\u00fclitamine, aja seadistamine v\u00f5i aurufunktsioon. Lisaks on seadmel magnetplaat, millele saate kaugjuhtimispuldi kinnitada, et see oleks alati kergesti k\u00e4ttesaadav.<\/p>\n<p><img decoding=\"async\" src=\"https:\/\/blankpage.ee\/_ruumist-ruumi\/wp-content\/uploads\/2025\/01\/2-5.jpg\" alt=\"width=1000\" height=\"637\" border=\"0\" \/><\/p>\n<h3>Pikad ja t\u00f5husad t\u00f6\u00f6ajad<\/h3>\n<p>T\u00e4nu veemahuti suurele mahutavusele kuni 4 liitrit saab seade t\u00f6\u00f6tada mitmeid tunde, et ruumi korralikult niisutada, ning vee lisamine on imelihtne.<\/p>\n<p><img decoding=\"async\" src=\"https:\/\/blankpage.ee\/_ruumist-ruumi\/wp-content\/uploads\/2025\/01\/3-3.jpg\" alt=\"width=1000\" height=\"637\" border=\"0\" \/><\/p>\n<h3>Mitte ainult niisutatud \u00f5hk<\/h3>\n<p>Lai 52 mm laiune v\u00e4ljalaskeava v\u00f5imaldab visata auru kuni 540 mm k\u00f5rgusele, mis kiirendab seadme t\u00f6\u00f6d, ning vee molekulide purustamise s\u00fcsteem v\u00f5imaldab niisutada mitte ainult \u00f5hku, vaid ka nahka.<\/p>\n<p><img decoding=\"async\" src=\"https:\/\/blankpage.ee\/_ruumist-ruumi\/wp-content\/uploads\/2025\/01\/7-4.jpg\" alt=\"width=1000\" height=\"637\" border=\"0\" \/><\/p>\n<h3>Kaks funktsionaalset re\u017eiimi<\/h3>\n<p>Kaks niisutuss\u00fcsteemi v\u00f5imaldavad niiskustaset k\u00e4sitsi v\u00f5i automaatselt seadistada, mis kohandab re\u017eiimi vastavalt ruumi \u00f5hu hetkeseisundile.<\/p>\n<p><img decoding=\"async\" src=\"https:\/\/blankpage.ee\/_ruumist-ruumi\/wp-content\/uploads\/2025\/01\/5-4.jpg\" alt=\"width=1000\" height=\"637\" border=\"0\" \/><\/p>\n<h3>Pidev niisutuss\u00fcsteem<\/h3>\n<p>S\u00f5ltuvalt vajadusest seadistab pidev niisutuss\u00fcsteem auruv\u00e4ljundi 45%-st kuni 90%-ni, et v\u00e4ltida liiga k\u00f5rget v\u00f5i madalat niiskustaset. Seade v\u00f5ib t\u00f6\u00f6tada kuni 12 tundi automaatre\u017eiimis ja l\u00fclitub seej\u00e4rel ise v\u00e4lja.<\/p>\n<p><img decoding=\"async\" src=\"https:\/\/blankpage.ee\/_ruumist-ruumi\/wp-content\/uploads\/2025\/01\/6-4.jpg\" alt=\"width=1000\" height=\"637\" border=\"0\" \/><\/p>\n<h3>\u00d5huke disain<\/h3>\n<p>Niisuti kaasaegne koonusjas v\u00e4limus sobib igasse ruumi. Seda saab paigutada p\u00f5randale, aga ka lauale v\u00f5i kummutile.<\/p>\n<p><img decoding=\"async\" src=\"https:\/\/blankpage.ee\/_ruumist-ruumi\/wp-content\/uploads\/2025\/01\/8-5.jpg\" alt=\"width=1000\" height=\"637\" border=\"0\" \/><\/p>\n<h3>Vaikne t\u00f6\u00f6<\/h3>\n<p>LD220 niisuti on \u00e4\u00e4rmiselt vaikne. Helitase 35 dB muudab selle peaaegu kuulmatuks isegi \u00f6\u00f6sel.<\/p>\n<p><img decoding=\"async\" src=\"https:\/\/blankpage.ee\/_ruumist-ruumi\/wp-content\/uploads\/2025\/01\/1-3.jpg\" alt=\"width=1000\" height=\"637\" border=\"0\" \/><\/p>\n<div class=\"table-wrapper\">\n<table>\n<tbody>\n<tr>\n<th>Tootja<\/th>\n<td>Deerma<\/td>\n<\/tr>\n<tr>\n<th>Mudel<\/th>\n<td>LD220<\/td>\n<\/tr>\n<tr>\n<th>Nimipinge<\/th>\n<td>220-240V~50\/60Hz<\/td>\n<\/tr>\n<tr>\n<th>Nimiv\u00f5imsus<\/th>\n<td>25W<\/td>\n<\/tr>\n<tr>\n<th>M\u00f5\u00f5tmed<\/th>\n<td>170 x 170 x 540 mm<\/td>\n<\/tr>\n<tr>\n<th>Veepaagi mahutavus<\/th>\n<td>4L<\/td>\n<\/tr>\n<\/tbody>\n<\/table>\n<\/div>\n","protected":false},"excerpt":{"rendered":"<p>UV-valgusega \u00f5huniisutaja Deerma LD220, 4L Deerma LD220 on uusim p\u00f5lvkond p\u00f5randale paigaldatavat \u00f5huniisutit, mis parandab \u00f5hukvaliteeti, s\u00e4ilitades ruumis piisava niiskustaseme. Kaasasolev kaugjuhtimispult v\u00f5imaldab seadme mugavat kasutamist ning saate nautida korralikult niisutatud \u00f5hku mitmeid tunde. Kaugjuhtimispult Niisuti on varustatud spetsiaalse kaugjuhtimispuldiga, millega saab seadet juhtida. Neli nuppu v\u00f5imaldavad kasutada k\u00f5iki funktsioone: sisse\/v\u00e4lja l\u00fclitamine, aja seadistamine v\u00f5i [&hellip;]<\/p>\n","protected":false},"featured_media":79396,"comment_status":"open","ping_status":"closed","template":"","meta":[],"product_brand":[],"product_cat":[1210],"product_tag":[],"class_list":{"0":"post-79387","1":"product","2":"type-product","3":"status-publish","4":"has-post-thumbnail","6":"product_cat-ohuniisutajad","7":"product_shipping_class-innpro","9":"first","10":"instock","11":"sale","12":"taxable","13":"shipping-taxable","14":"purchasable","15":"product-type-simple"},"_links":{"self":[{"href":"https:\/\/blankpage.ee\/_ruumist-ruumi\/wp-json\/wp\/v2\/product\/79387","targetHints":{"allow":["GET"]}}],"collection":[{"href":"https:\/\/blankpage.ee\/_ruumist-ruumi\/wp-json\/wp\/v2\/product"}],"about":[{"href":"https:\/\/blankpage.ee\/_ruumist-ruumi\/wp-json\/wp\/v2\/types\/product"}],"replies":[{"embeddable":true,"href":"https:\/\/blankpage.ee\/_ruumist-ruumi\/wp-json\/wp\/v2\/comments?post=79387"}],"wp:featuredmedia":[{"embeddable":true,"href":"https:\/\/blankpage.ee\/_ruumist-ruumi\/wp-json\/wp\/v2\/media\/79396"}],"wp:attachment":[{"href":"https:\/\/blankpage.ee\/_ruumist-ruumi\/wp-json\/wp\/v2\/media?parent=79387"}],"wp:term":[{"taxonomy":"product_brand","embeddable":true,"href":"https:\/\/blankpage.ee\/_ruumist-ruumi\/wp-json\/wp\/v2\/product_brand?post=79387"},{"taxonomy":"product_cat","embeddable":true,"href":"https:\/\/blankpage.ee\/_ruumist-ruumi\/wp-json\/wp\/v2\/product_cat?post=79387"},{"taxonomy":"product_tag","embeddable":true,"href":"https:\/\/blankpage.ee\/_ruumist-ruumi\/wp-json\/wp\/v2\/product_tag?post=79387"}],"curies":[{"name":"wp","href":"https:\/\/api.w.org\/{rel}","templated":true}]}}