{"id":79414,"date":"2025-01-07T10:52:08","date_gmt":"2025-01-07T10:52:08","guid":{"rendered":"https:\/\/ruumistruumi.ee\/?post_type=product&#038;p=79414"},"modified":"2025-08-21T08:21:45","modified_gmt":"2025-08-21T08:21:45","slug":"ohuniisutaja-deerma-st635w-45l-uv-valgusega","status":"publish","type":"product","link":"https:\/\/blankpage.ee\/_ruumist-ruumi\/pood\/ohuniisutaja-deerma-st635w-45l-uv-valgusega\/","title":{"rendered":"\u00d5huniisutaja Deerma ST635W, 4,5L UV-valgusega"},"content":{"rendered":"<h3>\u00d5huniisutaja Deerma ST635W, 4,5L UV-valgusega<\/h3>\n<p>Kas teadsite, et \u00f5ige ultraheli \u00f5huniisuti tase m\u00f5jutab teie tervist oluliselt? Ultraheli \u00f5huniisuti Deerma ST635W v\u00f5imaldab teil hoolitseda optimaalsete tingimuste eest igas toas. Selle 4,5l mahutavus on piisav mitmeks tunniks t\u00f6\u00f6ks ning vee lisamine on imeliselt lihtne ja mugav. P\u00f6\u00f6rlev otsik tagab \u00fchtlase niisutamise. Samuti saate seadmele lisada oma lemmik eeterlikke \u00f5lisid ja nautida meeldivat l\u00f5hna.<\/p>\n<p><img decoding=\"async\" src=\"https:\/\/blankpage.ee\/_ruumist-ruumi\/wp-content\/uploads\/2025\/01\/4-4.jpg\" \/><\/p>\n<h3>Suur veepaak<\/h3>\n<p>Ultraheli \u00f5huniisuti paagi t\u00e4itmine on uskumatult lihtne ja kiire. Unustage keeruline lahtiv\u00f5tmine ja uuesti kokkupanek. N\u00fc\u00fcd peate lihtsalt kaane eemaldama ja valama sisse \u00f5ige koguse vett. Te ei pea isegi ultraheli \u00f5huniisutit v\u00e4lja l\u00fclitama! 4,5l mahutavusega niisuti v\u00f5ib \u00fche t\u00e4itmisega t\u00f6\u00f6tada kuni 16 tundi.<\/p>\n<p><img decoding=\"async\" src=\"https:\/\/blankpage.ee\/_ruumist-ruumi\/wp-content\/uploads\/2025\/01\/2-7.jpg\" \/><\/p>\n<h3>Kohandage niisuti t\u00f6\u00f6d vastavalt oma vajadustele<\/h3>\n<p>Laske end \u00fcllatada Deerma ST635W ultraheli \u00f5huniisuti j\u00f5udlusest. Seade genereerib udu sagedusega kuni 280ml\/h ja suudab pidevalt t\u00e4ita teie kodu ruume 1-5 mikroni suuruste veetilkadega. Nii tagab see teie nahale s\u00fcgava niisutuse. ST635W otsik p\u00f6\u00f6rleb 360\u00b0 &#8211; otsustate ise, millises suunas see on suunatud. Tekitatud udu mahtu saab h\u00f5lpsasti reguleerida sisseehitatud nupu abil.<\/p>\n<p><img decoding=\"async\" src=\"https:\/\/blankpage.ee\/_ruumist-ruumi\/wp-content\/uploads\/2025\/01\/13-1.jpg\" \/><\/p>\n<h3>T\u00e4ida tuba kauni l\u00f5hnaga<\/h3>\n<p>Kas soovite mitte ainult korralikult ultraheli \u00f5huniisutit, vaid ka meeldivat l\u00f5hna toas? Pole probleemi! Seade on varustatud spetsiaalse eeterlike \u00f5lide konteineriga. Pange paar tilka oma lemmikpreparaati ja t\u00e4itke kogu tuba imetlusv\u00e4\u00e4rse l\u00f5hnaga! Iga\u00fcks v\u00e4\u00e4rib hetke l\u00f5\u00f5gastust &#8211; Deerma ST635W abil saate luua oma kodus SPA salongi. Niisuti t\u00f6\u00f6tab \u00e4\u00e4rmiselt vaikselt, helitasemega alla 38dB. Miski ei h\u00e4iri teie meelerahu!<\/p>\n<p><img decoding=\"async\" src=\"https:\/\/blankpage.ee\/_ruumist-ruumi\/wp-content\/uploads\/2025\/01\/6-5.jpg\" \/><\/p>\n<h3>Stiilne ja praktiline<\/h3>\n<p>Niisuti avaldab muljet oma elegantse, minimalistliku disainiga. \u0160ampanjav\u00e4rvi detailid annavad sellele klassikalise, stiilse iseloomu ja sobivad suurep\u00e4raselt kokku korpuse valge v\u00e4rviga. Seadet on ka \u00e4\u00e4rmiselt lihtne hooldada. Lihtsalt eemaldage niisuti \u00fclemine kaas, et eemaldada mustus, mis koguneb m\u00f5ne aja p\u00e4rast kasutamist. Veepaak on piisavalt suur, et saaksite h\u00f5lpsasti puhastada katlakivi v\u00f5i muu mustuse.<\/p>\n<p><img decoding=\"async\" src=\"https:\/\/blankpage.ee\/_ruumist-ruumi\/wp-content\/uploads\/2025\/01\/8-7.jpg\" \/><\/p>\n<div class=\"table-wrapper\">\n<table>\n<tbody>\n<tr>\n<th>Br\u00e4nd<\/th>\n<td>Deerma<\/td>\n<\/tr>\n<tr>\n<th>Nimi<\/th>\n<td>Deerma ultraheli niisuti<\/td>\n<\/tr>\n<tr>\n<th>Mudel<\/th>\n<td>DEM-ST635W<\/td>\n<\/tr>\n<tr>\n<th>T\u00f6\u00f6ping<\/th>\n<td>220-240V~ 50-60Hz<\/td>\n<\/tr>\n<tr>\n<th>V\u00f5imsus<\/th>\n<td>25W<\/td>\n<\/tr>\n<tr>\n<th>Mahutavus<\/th>\n<td>4.5l<\/td>\n<\/tr>\n<tr>\n<th>M\u00f5\u00f5tmed<\/th>\n<td>277x156x270mm<\/td>\n<\/tr>\n<tr>\n<th>Materjal<\/th>\n<td>ABS<\/td>\n<\/tr>\n<\/tbody>\n<\/table>\n<\/div>\n","protected":false},"excerpt":{"rendered":"<p>\u00d5huniisutaja Deerma ST635W, 4,5L UV-valgusega Kas teadsite, et \u00f5ige ultraheli \u00f5huniisuti tase m\u00f5jutab teie tervist oluliselt? Ultraheli \u00f5huniisuti Deerma ST635W v\u00f5imaldab teil hoolitseda optimaalsete tingimuste eest igas toas. Selle 4,5l mahutavus on piisav mitmeks tunniks t\u00f6\u00f6ks ning vee lisamine on imeliselt lihtne ja mugav. P\u00f6\u00f6rlev otsik tagab \u00fchtlase niisutamise. Samuti saate seadmele lisada oma lemmik [&hellip;]<\/p>\n","protected":false},"featured_media":79420,"comment_status":"open","ping_status":"closed","template":"","meta":[],"product_brand":[],"product_cat":[1210],"product_tag":[],"class_list":{"0":"post-79414","1":"product","2":"type-product","3":"status-publish","4":"has-post-thumbnail","6":"product_cat-ohuniisutajad","7":"product_shipping_class-innpro","9":"first","10":"instock","11":"sale","12":"taxable","13":"shipping-taxable","14":"purchasable","15":"product-type-simple"},"_links":{"self":[{"href":"https:\/\/blankpage.ee\/_ruumist-ruumi\/wp-json\/wp\/v2\/product\/79414","targetHints":{"allow":["GET"]}}],"collection":[{"href":"https:\/\/blankpage.ee\/_ruumist-ruumi\/wp-json\/wp\/v2\/product"}],"about":[{"href":"https:\/\/blankpage.ee\/_ruumist-ruumi\/wp-json\/wp\/v2\/types\/product"}],"replies":[{"embeddable":true,"href":"https:\/\/blankpage.ee\/_ruumist-ruumi\/wp-json\/wp\/v2\/comments?post=79414"}],"wp:featuredmedia":[{"embeddable":true,"href":"https:\/\/blankpage.ee\/_ruumist-ruumi\/wp-json\/wp\/v2\/media\/79420"}],"wp:attachment":[{"href":"https:\/\/blankpage.ee\/_ruumist-ruumi\/wp-json\/wp\/v2\/media?parent=79414"}],"wp:term":[{"taxonomy":"product_brand","embeddable":true,"href":"https:\/\/blankpage.ee\/_ruumist-ruumi\/wp-json\/wp\/v2\/product_brand?post=79414"},{"taxonomy":"product_cat","embeddable":true,"href":"https:\/\/blankpage.ee\/_ruumist-ruumi\/wp-json\/wp\/v2\/product_cat?post=79414"},{"taxonomy":"product_tag","embeddable":true,"href":"https:\/\/blankpage.ee\/_ruumist-ruumi\/wp-json\/wp\/v2\/product_tag?post=79414"}],"curies":[{"name":"wp","href":"https:\/\/api.w.org\/{rel}","templated":true}]}}