{"id":79428,"date":"2025-01-07T10:52:08","date_gmt":"2025-01-07T10:52:08","guid":{"rendered":"https:\/\/ruumistruumi.ee\/?post_type=product&#038;p=79428"},"modified":"2025-08-21T08:21:45","modified_gmt":"2025-08-21T08:21:45","slug":"ohuniisutaja-deerma-st636w-45l-uv-valgusega-steriliseerimine","status":"publish","type":"product","link":"https:\/\/blankpage.ee\/_ruumist-ruumi\/pood\/ohuniisutaja-deerma-st636w-45l-uv-valgusega-steriliseerimine\/","title":{"rendered":"\u00d5huniisutaja Deerma ST636W, 4,5L UV-valgusega steriliseerimine"},"content":{"rendered":"<h3>\u00d5huniisutaja Deerma ST636W, 4,5L UV-valgusega steriliseerimine<\/h3>\n<p>Hoia ennast ja oma l\u00e4hedasi tervena. Lihtsasti kasutatav Deerma ST636W niisuti pakub UV-valguse steriliseerimise funktsiooni, mis k\u00f5rvaldab kuni 99,9% bakteritest. Eriline beebi une re\u017eiim teeb seadme ideaalseks ka v\u00e4ikeste lastega kodudes. Digitaalne ekraan muudab niisuti kasutamise lihtsaks ja selle 4,5-liitrine maht v\u00f5imaldab t\u00f6\u00f6tada pidevalt mitu tundi.<\/p>\n<p><img decoding=\"async\" src=\"https:\/\/blankpage.ee\/_ruumist-ruumi\/wp-content\/uploads\/2025\/01\/15.jpg\" \/><\/p>\n<h3>T\u00e4iuslikult puhastatud vesi<\/h3>\n<p>Kraanivesi sisaldab palju palja silmaga n\u00e4htamatuid baktereid, mis v\u00f5ivad olla tervisele ohtlikud. Seet\u00f5ttu on ST636W niisuti varustatud sisemise UV-C steriliseerimisalaga. L\u00e4bi selle voolav vedelik puhastatakse koheselt p\u00f5hjalikult ja pihustatakse peeneks uduks. See v\u00f5imaldab teil ja teie perel nautida optimaalselt niisutatud, tervisele ohutut \u00f5hku.<\/p>\n<p><img decoding=\"async\" src=\"https:\/\/blankpage.ee\/_ruumist-ruumi\/wp-content\/uploads\/2025\/01\/13-2.jpg\" \/><\/p>\n<h3>Saab bakteritega kiiresti hakkama<\/h3>\n<p>UV-C valgus 253,7 nm juures tagab usaldusv\u00e4\u00e4rse steriliseerimise. See v\u00f5imaldab k\u00f5rvaldada kuni 99,9% tavaliselt esinevatest bakteritest. See saab suurep\u00e4raselt hakkama selliste bakteritega nagu staf\u00fclokokid v\u00f5i e. coli. T\u00e4nu sellele v\u00f5ite olla kindel, et toote kasutamine on ohutu.<\/p>\n<p><img decoding=\"async\" src=\"https:\/\/blankpage.ee\/_ruumist-ruumi\/wp-content\/uploads\/2025\/01\/9-6.jpg\" \/><\/p>\n<h3>Hoiab intelligentselt soovitud \u00f5huniiskuse taset<\/h3>\n<p>Deerma kaubam\u00e4rgi niisuti suudab intelligentselt hoida ruumi niiskust \u00f5igel tasemel. Seadistage v\u00e4\u00e4rtus vahemikus 45% kuni 90% ja looge endale ideaalne keskkond t\u00f6\u00f6tamiseks v\u00f5i l\u00f5\u00f5gastumiseks. Seade kohandab pidevalt pihustatud udu mahtu vastavalt teie keskkonna tingimustele.<\/p>\n<p><img decoding=\"async\" src=\"https:\/\/blankpage.ee\/_ruumist-ruumi\/wp-content\/uploads\/2025\/01\/10-3.jpg\" \/><\/p>\n<h3>Loodud v\u00e4ikeste ja nende vanemate jaoks<\/h3>\n<p>Beebi une re\u017eiim on loodud Deerma toodete k\u00f5ige n\u00f5udlikumatele kasutajatele. Nupuvajutusega aktiveerib see UV-valguse steriliseerimise ja seadistab p\u00fcsiva niiskustaseme 65%, luues seega optimaalsed tingimused nii beebidele kui ka nende vanematele.<\/p>\n<p><img decoding=\"async\" src=\"https:\/\/blankpage.ee\/_ruumist-ruumi\/wp-content\/uploads\/2025\/01\/5-6.jpg\" \/><\/p>\n<h3>H\u00fcvasti t\u00fc\u00fctud m\u00fcrad<\/h3>\n<p>Mida veel teeb niisuti nii sobivaks kodudesse, kus on v\u00e4ikesed lapsed? Selle \u00e4\u00e4rmiselt vaikne t\u00f6\u00f6! Seadme helitase ei \u00fcleta 36,5 dB. Nii saate rahulikult raamatut lugeda v\u00f5i t\u00f6\u00f6tada, kui teie laps magab rahulikult. \u00dckski t\u00fc\u00fctu m\u00fcra ei h\u00e4iri teie meelerahu.<\/p>\n<p><img decoding=\"async\" src=\"https:\/\/blankpage.ee\/_ruumist-ruumi\/wp-content\/uploads\/2025\/01\/1-5.jpg\" \/><\/p>\n<h3>Veenduge, et teie kodu oleks optimaalselt niisutatud<\/h3>\n<p>Seade tekitab udu sagedusega kuni 280 ml\/h ja selle spetsiaalselt disainitud otsik p\u00f6\u00f6rleb 360\u00b0, nii et see saab \u00fchtlaselt niisutada ruumi \u00f5hku. Deerma ST636W hakkab ruumi t\u00e4itma 1-5 mikroni suuruste tilkadega m\u00f5ne hetkega.<\/p>\n<p><img decoding=\"async\" src=\"https:\/\/blankpage.ee\/_ruumist-ruumi\/wp-content\/uploads\/2025\/01\/11-3.jpg\" \/><\/p>\n<h3>Kohanda niisuti oma vajadustele<\/h3>\n<p>Te otsustate, kuidas soovite, et teie niisuti t\u00f6\u00f6taks. ST636W toetab 3 udu mahtu taset, nii et saate selle t\u00f6\u00f6 kohandada oma vajadustele ja ruumi tingimustele. Samuti on olemas eriline taimer, mis v\u00f5imaldab seadistada seadme automaatselt v\u00e4lja l\u00fclituma p\u00e4rast m\u00e4\u00e4ratud aja m\u00f6\u00f6dumist, maksimaalselt kuni 12 tundi.<\/p>\n<p><img decoding=\"async\" src=\"https:\/\/blankpage.ee\/_ruumist-ruumi\/wp-content\/uploads\/2025\/01\/4-5.jpg\" \/><\/p>\n<h3>Ruumikas paak &#8211; mugav vee t\u00e4itmine<\/h3>\n<p>Enam pole vaja niisutit lahti v\u00f5tta v\u00f5i liigutada, et selle paaki t\u00e4ita. Lihtsalt avage kaas ja valage sisse \u00f5ige kogus vett. Te ei pea isegi seadet v\u00e4lja l\u00fclitama! Samuti v\u00f5ite h\u00fcvasti j\u00e4tta t\u00fc\u00fctule vajadusele paaki liiga tihti t\u00e4ita. 4,5-liitrise mahutavusega niisuti v\u00f5ib \u00fche t\u00e4itmisega t\u00f6\u00f6tada kuni 16 tundi.<\/p>\n<p><img decoding=\"async\" src=\"https:\/\/blankpage.ee\/_ruumist-ruumi\/wp-content\/uploads\/2025\/01\/14.jpg\" \/><\/p>\n<h3>Lihtne kasutamine l\u00e4bi digitaalse ekraani<\/h3>\n<p>Selge digitaalne ekraan koos 4 nupuga pakub mugavat juurdep\u00e4\u00e4su niisuti k\u00f5ige olulisemale teabele ja k\u00f5igile funktsioonidele. Kontrollige kiiresti ja mugavalt ruumi praegust niiskustaset, valige \u00fcks kolmest udu mahtu tasemest, lubage v\u00f5i keelake beebi une re\u017eiim, seadistage taimer v\u00f5i aktiveerige pidev niisutamine. Vajadusel saate ekraani v\u00e4lja l\u00fclitada, vajutades ja hoides all toitenuppu.<\/p>\n<p><img decoding=\"async\" src=\"https:\/\/blankpage.ee\/_ruumist-ruumi\/wp-content\/uploads\/2025\/01\/7-5.jpg\" \/><\/p>\n<h3>Lisamugavused just teile<\/h3>\n<p>Niisuti suurep\u00e4rased v\u00f5imed k\u00e4ivad k\u00e4sik\u00e4es selle kompaktse suurusega. Seade ei v\u00f5ta teie laual, riiulil ega k\u00f6\u00f6gikapil liiga palju ruumi. Toode on ka \u00e4\u00e4rmiselt lihtne hooldada. Veepaagi puhastamiseks eemaldage lihtsalt \u00fclemine kaas, mida on lihtne teha sisseehitatud k\u00e4epideme abil. T\u00e4iendav eeterlike \u00f5lide konteiner v\u00f5imaldab t\u00e4ita kogu ruumi meeldiva l\u00f5hnaga.<\/p>\n<p><img decoding=\"async\" src=\"https:\/\/blankpage.ee\/_ruumist-ruumi\/wp-content\/uploads\/2025\/01\/16.jpg\" \/><\/p>\n<div class=\"table-wrapper\">\n<table>\n<tbody>\n<tr>\n<th>Br\u00e4nd<\/th>\n<td>Deerma<\/td>\n<\/tr>\n<tr>\n<th>Nimi<\/th>\n<td>Deerma niisuti<\/td>\n<\/tr>\n<tr>\n<th>Mudel<\/th>\n<td>DEM-ST636W<\/td>\n<\/tr>\n<tr>\n<th>T\u00f6\u00f6pinge<\/th>\n<td>220-240V~ 50-60Hz<\/td>\n<\/tr>\n<tr>\n<th>V\u00f5imsus<\/th>\n<td>28W<\/td>\n<\/tr>\n<tr>\n<th>M\u00fcratase<\/th>\n<td>\u226436.5dB<\/td>\n<\/tr>\n<tr>\n<th>Mahutavus<\/th>\n<td>4.5l<\/td>\n<\/tr>\n<tr>\n<th>M\u00f5\u00f5tmed<\/th>\n<td>277x156x270mm<\/td>\n<\/tr>\n<tr>\n<th>Aroomiteraapia<\/th>\n<td>Jah<\/td>\n<\/tr>\n<\/tbody>\n<\/table>\n<\/div>\n","protected":false},"excerpt":{"rendered":"<p>\u00d5huniisutaja Deerma ST636W, 4,5L UV-valgusega steriliseerimine Hoia ennast ja oma l\u00e4hedasi tervena. Lihtsasti kasutatav Deerma ST636W niisuti pakub UV-valguse steriliseerimise funktsiooni, mis k\u00f5rvaldab kuni 99,9% bakteritest. Eriline beebi une re\u017eiim teeb seadme ideaalseks ka v\u00e4ikeste lastega kodudes. Digitaalne ekraan muudab niisuti kasutamise lihtsaks ja selle 4,5-liitrine maht v\u00f5imaldab t\u00f6\u00f6tada pidevalt mitu tundi. T\u00e4iuslikult puhastatud vesi [&hellip;]<\/p>\n","protected":false},"featured_media":79440,"comment_status":"open","ping_status":"closed","template":"","meta":[],"product_brand":[],"product_cat":[1210],"product_tag":[],"class_list":{"0":"post-79428","1":"product","2":"type-product","3":"status-publish","4":"has-post-thumbnail","6":"product_cat-ohuniisutajad","7":"product_shipping_class-innpro","9":"first","10":"instock","11":"sale","12":"taxable","13":"shipping-taxable","14":"purchasable","15":"product-type-simple"},"_links":{"self":[{"href":"https:\/\/blankpage.ee\/_ruumist-ruumi\/wp-json\/wp\/v2\/product\/79428","targetHints":{"allow":["GET"]}}],"collection":[{"href":"https:\/\/blankpage.ee\/_ruumist-ruumi\/wp-json\/wp\/v2\/product"}],"about":[{"href":"https:\/\/blankpage.ee\/_ruumist-ruumi\/wp-json\/wp\/v2\/types\/product"}],"replies":[{"embeddable":true,"href":"https:\/\/blankpage.ee\/_ruumist-ruumi\/wp-json\/wp\/v2\/comments?post=79428"}],"wp:featuredmedia":[{"embeddable":true,"href":"https:\/\/blankpage.ee\/_ruumist-ruumi\/wp-json\/wp\/v2\/media\/79440"}],"wp:attachment":[{"href":"https:\/\/blankpage.ee\/_ruumist-ruumi\/wp-json\/wp\/v2\/media?parent=79428"}],"wp:term":[{"taxonomy":"product_brand","embeddable":true,"href":"https:\/\/blankpage.ee\/_ruumist-ruumi\/wp-json\/wp\/v2\/product_brand?post=79428"},{"taxonomy":"product_cat","embeddable":true,"href":"https:\/\/blankpage.ee\/_ruumist-ruumi\/wp-json\/wp\/v2\/product_cat?post=79428"},{"taxonomy":"product_tag","embeddable":true,"href":"https:\/\/blankpage.ee\/_ruumist-ruumi\/wp-json\/wp\/v2\/product_tag?post=79428"}],"curies":[{"name":"wp","href":"https:\/\/api.w.org\/{rel}","templated":true}]}}