{"id":7943,"date":"2024-11-01T14:23:44","date_gmt":"2024-11-01T14:23:44","guid":{"rendered":"https:\/\/ruumistruumi.ee\/pood\/beez-kirjutuslaud-avola-av675-4820-akatsiapuust-mdf-st\/"},"modified":"2025-04-10T11:58:20","modified_gmt":"2025-04-10T11:58:20","slug":"beez-kirjutuslaud-avola-av675-4820-akaatsiapuidust","status":"publish","type":"product","link":"https:\/\/blankpage.ee\/_ruumist-ruumi\/pood\/beez-kirjutuslaud-avola-av675-4820-akaatsiapuidust\/","title":{"rendered":"Bee\u017e kirjutuslaud Avola AV675-4820, akaatsiapuidust"},"content":{"rendered":"<p>Avola AV675-4820 kirjutuslaud kodukontorisse. See klassikalise stiiliga kirjutuslaud kreemikas toonis on ideaalne valik, et luua t\u00f6\u00f6ruumis rahulik ja organiseeritud keskkond. Laual on praktilised sahtlid ja sisseehitatud pistikupesad ning USB-pordid, mis muudavad selle igap\u00e4evaseks kasutamiseks mugavaks ja funktsionaalseks.<\/p>\n<p>Avola kollektsiooni kuuluv kirjutuslaud on valmistatud vastupidavast akaatsiapuidust ja MDF-st, pakkudes nii vastupidavust kui ka elegantset v\u00e4limust. Kreemikas toon koos peene viimistlusega lisab ruumile soojust ja stiili. Laua m\u00f5\u00f5tmed on 122 cm lai, 51 cm s\u00fcgav ja 79 cm k\u00f5rge, pakkudes piisavalt ruumi nii t\u00f6\u00f6ks kui ka hoiustamiseks. Sahtlite m\u00f5\u00f5tmed on 42 x 28,5 x 4,5 cm, pakkudes piisavalt ruumi vajalike tarvikute hoidmiseks. Laua jalgade vahe on 103,5 cm, mis tagab mugava istumisasendi.<\/p>\n<p>Lisaks on kirjutuslaud varustatud kahe pistikupesa ja kahe USB-pordiga, mis v\u00f5imaldavad seadmete mugavat laadimist ja kasutamist. Metallist k\u00e4epidemed lisavad lauale kaasaegset puudutust. Kirjutuslaud on osaliselt kokku pandud, s\u00e4\u00e4stes aega ja vaeva paigaldamisel.<\/p>\n<p>Omadused:<br \/>\n<strong>Materjal:<\/strong> Akaatsiapuit ja MDF.<br \/>\n<strong>V\u00e4rv:<\/strong> Kreemikas.<br \/>\n<strong>M\u00f5\u00f5tmed:<\/strong> Laua laius 122 cm, s\u00fcgavus 51 cm, k\u00f5rgus 79 cm.<br \/>\n<strong>T\u00e4iendavad detailid:<\/strong> Sisseehitatud pistikupesad ja USB-pordid.<br \/>\n<strong>Kokkupanek:<\/strong> Osaliselt kokku pandud, ei vaja paigaldust. S\u00e4\u00e4stab aega ja vaeva.<\/p>\n<p>&nbsp;<\/p>\n","protected":false},"excerpt":{"rendered":"<p>Avola AV675-4820 kirjutuslaud kodukontorisse. See klassikalise stiiliga kirjutuslaud kreemikas toonis on ideaalne valik, et luua t\u00f6\u00f6ruumis rahulik ja organiseeritud keskkond. Laual on praktilised sahtlid ja sisseehitatud pistikupesad ning USB-pordid, mis muudavad selle igap\u00e4evaseks kasutamiseks mugavaks ja funktsionaalseks. Avola kollektsiooni kuuluv kirjutuslaud on valmistatud vastupidavast akaatsiapuidust ja MDF-st, pakkudes nii vastupidavust kui ka elegantset v\u00e4limust. Kreemikas [&hellip;]<\/p>\n","protected":false},"featured_media":7944,"comment_status":"open","ping_status":"closed","template":"","meta":[],"product_brand":[],"product_cat":[116],"product_tag":[],"class_list":{"0":"post-7943","1":"product","2":"type-product","3":"status-publish","4":"has-post-thumbnail","6":"product_cat-kontorilauad","7":"product_shipping_class-livin-hill","8":"pa_kaepidemed-metall","9":"pa_kollektsioon-avola","10":"pa_materjal-akaatsiapuit","11":"pa_sahtlite-arv-74","12":"pa_varv-beez","14":"first","15":"instock","16":"sale","17":"taxable","18":"shipping-taxable","19":"purchasable","20":"product-type-simple"},"_links":{"self":[{"href":"https:\/\/blankpage.ee\/_ruumist-ruumi\/wp-json\/wp\/v2\/product\/7943","targetHints":{"allow":["GET"]}}],"collection":[{"href":"https:\/\/blankpage.ee\/_ruumist-ruumi\/wp-json\/wp\/v2\/product"}],"about":[{"href":"https:\/\/blankpage.ee\/_ruumist-ruumi\/wp-json\/wp\/v2\/types\/product"}],"replies":[{"embeddable":true,"href":"https:\/\/blankpage.ee\/_ruumist-ruumi\/wp-json\/wp\/v2\/comments?post=7943"}],"wp:featuredmedia":[{"embeddable":true,"href":"https:\/\/blankpage.ee\/_ruumist-ruumi\/wp-json\/wp\/v2\/media\/7944"}],"wp:attachment":[{"href":"https:\/\/blankpage.ee\/_ruumist-ruumi\/wp-json\/wp\/v2\/media?parent=7943"}],"wp:term":[{"taxonomy":"product_brand","embeddable":true,"href":"https:\/\/blankpage.ee\/_ruumist-ruumi\/wp-json\/wp\/v2\/product_brand?post=7943"},{"taxonomy":"product_cat","embeddable":true,"href":"https:\/\/blankpage.ee\/_ruumist-ruumi\/wp-json\/wp\/v2\/product_cat?post=7943"},{"taxonomy":"product_tag","embeddable":true,"href":"https:\/\/blankpage.ee\/_ruumist-ruumi\/wp-json\/wp\/v2\/product_tag?post=7943"}],"curies":[{"name":"wp","href":"https:\/\/api.w.org\/{rel}","templated":true}]}}