{"id":79455,"date":"2025-01-07T10:55:58","date_gmt":"2025-01-07T10:55:58","guid":{"rendered":"https:\/\/ruumistruumi.ee\/?post_type=product&#038;p=79455"},"modified":"2025-08-21T08:21:44","modified_gmt":"2025-08-21T08:21:44","slug":"ohuniisutaja-deerma-f600-must","status":"publish","type":"product","link":"https:\/\/blankpage.ee\/_ruumist-ruumi\/pood\/ohuniisutaja-deerma-f600-must\/","title":{"rendered":"\u00d5huniisutaja Deerma F600 must"},"content":{"rendered":"<h3>Deerma F600 ultraheli \u00f5huniisuti<\/h3>\n<p>F600 abil saavutate oma kodus optimaalse \u00f5huniiskuse taseme ja hoolitsete enda ja oma l\u00e4hedaste tervise eest. Seadmel on mahukas veepaak (5 l) ja see v\u00f5imaldab kohandada \u00f5huniiskuse taset vastavalt teie vajadustele. Puutetundlik paneel ekraaniga annab teile teavet seadme t\u00f6\u00f6 kohta ning ajastamisfunktsioon v\u00f5imaldab teil F600 t\u00f6\u00f6d isikup\u00e4rastada. Lisaks sobib seadme stiilne ja kaasaegne disain peaaegu igasse interj\u00f6\u00f6ri ja on ainulaadne kaunistus ruumis.<\/p>\n<p><img decoding=\"async\" src=\"https:\/\/blankpage.ee\/_ruumist-ruumi\/wp-content\/uploads\/2025\/01\/6-7.jpg\" \/><\/p>\n<h3>Usaldusv\u00e4\u00e4rne abi heaolu eest hoolitsemisel<\/h3>\n<p>Teie tervist m\u00f5jutavad v\u00e4ga paljud tegurid &#8211; nende hulka kuuluvad temperatuur ja \u00f5huniiskus. Tasub olla sellest teadlik ja hoolitseda optimaalsete tingimuste eest kohtades, kus viibite k\u00f5ige sagedamini. Deerma niisuti v\u00f5imaldab teil seda teha &#8211; selle abil tagate tervisliku, \u00f5igesti niisutatud keskkonna, kus veedate oma aega meeldivalt ja turvaliselt.<\/p>\n<p><img decoding=\"async\" src=\"https:\/\/blankpage.ee\/_ruumist-ruumi\/wp-content\/uploads\/2025\/01\/5-8.jpg\" \/><\/p>\n<h3>Disainitud just teie jaoks<\/h3>\n<p>L\u00e4bim\u00f5eldud niisuti disain muudab selle \u00e4\u00e4rmiselt t\u00f5husaks ja samal ajal ohutuks. Eriline kate hoiab t\u00f5husalt \u00e4ra saastumise ja bakterite kasvu. Nii v\u00f5ite olla kindel, et vabanev veeuud on ideaalselt puhastatud ja tervisele ohutu.<\/p>\n<p><img decoding=\"async\" src=\"https:\/\/blankpage.ee\/_ruumist-ruumi\/wp-content\/uploads\/2025\/01\/1-6.jpg\" \/><\/p>\n<h3>\u00dcllatavalt lihtne kasutamine<\/h3>\n<p>Niisuti kasutamine on erakordselt lihtne. K\u00f5ik, mida peate tegema, on valama vett spetsiaalsesse paaki, keerama kork peale ja vajutama sisse l\u00fclitamise nuppu. See on k\u00f5ik, mida on vaja niisutatud \u00f5hu nautimiseks! Samuti ei pea te muretsema sagedase veevahetuse p\u00e4rast &#8211; paagi maht on tervelt 5 l, mis v\u00f5imaldab mitme tunni intensiivset t\u00f6\u00f6d. Vett tuleb t\u00e4ita vaid kord p\u00e4evas!<\/p>\n<p><img decoding=\"async\" src=\"https:\/\/blankpage.ee\/_ruumist-ruumi\/wp-content\/uploads\/2025\/01\/7-7.jpg\" \/><\/p>\n<h3>Kergesti kontrollige teid huvitavat teavet<\/h3>\n<p>Seadme kasutamist lihtsustab nutikas puutetundlik paneel digitaalse, silmas\u00f5braliku ekraaniga. Selle abil saate reaalajas kontrollida ruumi temperatuuri. Samuti saate valida niisuti re\u017eiimi, mis teid huvitab. Puutetundlik paneel r\u00f5\u00f5mustab teid nuppude tundlikkusega &#8211; nende reaktsiooniaeg on t\u00f5esti v\u00e4lkkiire.<\/p>\n<p><img decoding=\"async\" src=\"https:\/\/blankpage.ee\/_ruumist-ruumi\/wp-content\/uploads\/2025\/01\/8-9.jpg\" \/><\/p>\n<h3>Teie vajadustele kohandatud niisuti<\/h3>\n<p>Saate Deerma F600 niisutit h\u00f5lpsasti oma vajadustele kohandada. Kui l\u00e4hete magama, saate sisse l\u00fclitada \u00f6\u00f6re\u017eiimi, mis l\u00fclitab ekraani v\u00e4lja &#8211; tarbetu valgus ei h\u00e4iri teie und. Teil on ka v\u00f5imalus m\u00e4\u00e4rata seadme t\u00f6\u00f6aeg kuni 12 tundi &#8211; niisuti l\u00fclitub p\u00e4rast m\u00e4\u00e4ratud aja m\u00f6\u00f6dumist automaatselt v\u00e4lja. Samuti saate otsustada pihustatava udu v\u00f5imsuse \u00fcle. L\u00fclitage vabalt kolme saadaoleva taseme vahel ja kohandage pihustatud vee kogust vastavalt oma eelistustele. Deerma F600 annab teile palju v\u00f5imalusi &#8211; proovige neid k\u00f5iki!<\/p>\n<p><img decoding=\"async\" src=\"https:\/\/blankpage.ee\/_ruumist-ruumi\/wp-content\/uploads\/2025\/01\/4-6.jpg\" \/><\/p>\n<h3>L\u00f5\u00f5gastuge<\/h3>\n<p>See ei ole Deerma niisuti eeliste l\u00f5pp. Seade on varustatud spetsiaalse sahtliga, kuhu saate lisada paar tilka oma lemmik l\u00f5hna\u00f5li. T\u00e4nu sellele t\u00e4idate ruumi meeldiva aroomiga ja hoolitsete oma heaolu eest.<\/p>\n<p><img decoding=\"async\" src=\"https:\/\/blankpage.ee\/_ruumist-ruumi\/wp-content\/uploads\/2025\/01\/3-5.jpg\" \/><\/p>\n<h3>Universaalne disain<\/h3>\n<p>Mida veel Deerma F600 niisutit iseloomustab, on selle minimalistlik ja stiilne disain. Seade on valmistatud vastupidavast ABS-plastikust ja selle sile pind muudab puhastamise lihtsaks. Niisuti kaane alla peidetud mugav k\u00e4epide v\u00f5imaldab veepaaki vabalt kanda &#8211; n\u00e4iteks selle pesemiseks. L\u00e4bipaistev veetaseme indikaator v\u00f5imaldab kiiresti n\u00e4ha, kui palju vett on alles ja kas peate seda peagi t\u00e4itma. Oma musta ja kuldse viimistlusega v\u00f5ib Deerma F600 saada elegantseks ja praktiliseks lisandiks igasse interj\u00f6\u00f6ri. See leiab kindlasti ideaalselt tee ka teie koju!<\/p>\n<p><img decoding=\"async\" src=\"https:\/\/blankpage.ee\/_ruumist-ruumi\/wp-content\/uploads\/2025\/01\/13-3.jpg\" \/><\/p>\n<div class=\"table-wrapper\">\n<table>\n<tbody>\n<tr>\n<th>Tootja<\/th>\n<td>Deerma<\/td>\n<\/tr>\n<tr>\n<th>Mudel<\/th>\n<td>F600<\/td>\n<\/tr>\n<tr>\n<th>Nimipinge<\/th>\n<td>220-240V~50\/60Hz<\/td>\n<\/tr>\n<tr>\n<th>Nimiv\u00f5imsus<\/th>\n<td>25 W<\/td>\n<\/tr>\n<tr>\n<th>M\u00f5\u00f5tmed<\/th>\n<td>210 \u00d7 210 \u00d7 330 mm<\/td>\n<\/tr>\n<tr>\n<th>Paagi maht<\/th>\n<td>5 l<\/td>\n<\/tr>\n<tr>\n<th>V\u00e4rv<\/th>\n<td>must<\/td>\n<\/tr>\n<tr>\n<th>Aroomiteraapia<\/th>\n<td>Jah<\/td>\n<\/tr>\n<\/tbody>\n<\/table>\n<\/div>\n","protected":false},"excerpt":{"rendered":"<p>Deerma F600 ultraheli \u00f5huniisuti F600 abil saavutate oma kodus optimaalse \u00f5huniiskuse taseme ja hoolitsete enda ja oma l\u00e4hedaste tervise eest. Seadmel on mahukas veepaak (5 l) ja see v\u00f5imaldab kohandada \u00f5huniiskuse taset vastavalt teie vajadustele. Puutetundlik paneel ekraaniga annab teile teavet seadme t\u00f6\u00f6 kohta ning ajastamisfunktsioon v\u00f5imaldab teil F600 t\u00f6\u00f6d isikup\u00e4rastada. Lisaks sobib seadme stiilne [&hellip;]<\/p>\n","protected":false},"featured_media":79464,"comment_status":"open","ping_status":"closed","template":"","meta":[],"product_brand":[],"product_cat":[1210],"product_tag":[],"class_list":{"0":"post-79455","1":"product","2":"type-product","3":"status-publish","4":"has-post-thumbnail","6":"product_cat-ohuniisutajad","7":"product_shipping_class-innpro","9":"first","10":"outofstock","11":"sale","12":"taxable","13":"shipping-taxable","14":"purchasable","15":"product-type-simple"},"_links":{"self":[{"href":"https:\/\/blankpage.ee\/_ruumist-ruumi\/wp-json\/wp\/v2\/product\/79455","targetHints":{"allow":["GET"]}}],"collection":[{"href":"https:\/\/blankpage.ee\/_ruumist-ruumi\/wp-json\/wp\/v2\/product"}],"about":[{"href":"https:\/\/blankpage.ee\/_ruumist-ruumi\/wp-json\/wp\/v2\/types\/product"}],"replies":[{"embeddable":true,"href":"https:\/\/blankpage.ee\/_ruumist-ruumi\/wp-json\/wp\/v2\/comments?post=79455"}],"wp:featuredmedia":[{"embeddable":true,"href":"https:\/\/blankpage.ee\/_ruumist-ruumi\/wp-json\/wp\/v2\/media\/79464"}],"wp:attachment":[{"href":"https:\/\/blankpage.ee\/_ruumist-ruumi\/wp-json\/wp\/v2\/media?parent=79455"}],"wp:term":[{"taxonomy":"product_brand","embeddable":true,"href":"https:\/\/blankpage.ee\/_ruumist-ruumi\/wp-json\/wp\/v2\/product_brand?post=79455"},{"taxonomy":"product_cat","embeddable":true,"href":"https:\/\/blankpage.ee\/_ruumist-ruumi\/wp-json\/wp\/v2\/product_cat?post=79455"},{"taxonomy":"product_tag","embeddable":true,"href":"https:\/\/blankpage.ee\/_ruumist-ruumi\/wp-json\/wp\/v2\/product_tag?post=79455"}],"curies":[{"name":"wp","href":"https:\/\/api.w.org\/{rel}","templated":true}]}}