{"id":79472,"date":"2025-01-07T10:55:58","date_gmt":"2025-01-07T10:55:58","guid":{"rendered":"https:\/\/ruumistruumi.ee\/?post_type=product&#038;p=79472"},"modified":"2025-08-21T08:21:44","modified_gmt":"2025-08-21T08:21:44","slug":"ohuniisutaja-smartmi-rainforest","status":"publish","type":"product","link":"https:\/\/blankpage.ee\/_ruumist-ruumi\/pood\/ohuniisutaja-smartmi-rainforest\/","title":{"rendered":"\u00d5huniisutaja Smartmi Rainforest, 3L"},"content":{"rendered":"<h3>\u00d5huniisutaja Smartmi Rainforest, 3L<\/h3>\n<p>Loo oma kodus tervislik ja turvaline keskkond. Halb tuju, kuivad silmad ja nahk &#8211; need ja teised probleemid on minevik. Smartmi niisutaja on varustatud 3-liitrise paagiga ja selle v\u00f5imsus on 200 ml\/h, olles v\u00f5imeline t\u00f6\u00f6tama t\u00f5husalt kuni 35 m2 alal. Lisaks on seadmel l\u00e4bipaistvad seinad, mis v\u00f5imaldavad j\u00e4lgida vihma imiteerivaid veepiisku. Veelgi enam, LED-ekraan annab teile k\u00f5ige olulisema teabe seadme t\u00f6\u00f6 kohta. Lisaks on niisutaja kasutamine lihtsustatud Smartmi Link rakenduse ja Apple HomeKitiga. Seade t\u00f6\u00f6tab ka koos Hey Google&#8217;i ja Amazon Alexaga &#8211; lihtsa h\u00e4\u00e4lk\u00e4sklusega saate kohandada selle t\u00f6\u00f6d.<\/p>\n<p><img decoding=\"async\" src=\"https:\/\/blankpage.ee\/_ruumist-ruumi\/wp-content\/uploads\/2025\/01\/7-8.jpg\" \/><\/p>\n<h3>Tark niisutamine<\/h3>\n<p>Smartmi vihmametsa niisutaja kasutab aurustavat niisutustehnoloogiat. See t\u00e4hendab, et see on varustatud ventilaatoriga, mis t\u00f5mbab kuiv \u00f5hku seadmesse ja sunnib seda l\u00e4bi filtri. Keskkonda tagastatud \u00f5hk on seej\u00e4rel niisutatud ja puhastatud suurematest saasteainetest. Lisaks ei tekita see udu &#8211; nii v\u00f5ite olla kindel, et see ei kahjusta puidust m\u00f6\u00f6blit. Teisalt parandavad niisutaja poolt genereeritud anioonid teie tuju ja keskendumisv\u00f5imet.<\/p>\n<p><img decoding=\"async\" src=\"https:\/\/blankpage.ee\/_ruumist-ruumi\/wp-content\/uploads\/2025\/01\/10-4.jpg\" \/><\/p>\n<h3>Kasutajas\u00f5bralik<\/h3>\n<p>Smartmi vihmametsa niisutaja eristub oma hoolikalt l\u00e4bim\u00f5eldud disainiga. Seadmel on LED-ekraan, mis teavitab valitud t\u00f6\u00f6re\u017eiimist, Wi-Fi olekust, niiskustasemest ja veekogusest paagis. Veelgi enam, seadme p\u00f5hikomponente saab h\u00f5lpsasti lahti v\u00f5tta ja puhastada ning paagi t\u00e4itmine ei ole probleem ja v\u00f5tab vaid hetke.<\/p>\n<p><img decoding=\"async\" src=\"https:\/\/blankpage.ee\/_ruumist-ruumi\/wp-content\/uploads\/2025\/01\/6-8.jpg\" \/><\/p>\n<h3>Saasteainete filtreerimine<\/h3>\n<p>Seade on varustatud pol\u00fcmeerfiltriga, mis filtreerib t\u00f5husalt v\u00e4lja saasteained, takistab bakterite, hallituse ja ebameeldiva l\u00f5hna levikut. Veelgi enam, saate seda puhastada voolava vee all.<\/p>\n<p><img decoding=\"async\" src=\"https:\/\/blankpage.ee\/_ruumist-ruumi\/wp-content\/uploads\/2025\/01\/13-4.jpg\" \/><\/p>\n<h3>Kuni 15 tundi niisutamist<\/h3>\n<p>Niisutajal on 3-liitrine veepaak, mis v\u00e4hendab t\u00e4itmise sagedust. Selle tulemusena t\u00f6\u00f6tab see \u00fche t\u00e4itmisega kuni 15 tundi. Veelgi enam, te ei pea selleks paaki eemaldama, et vett lisada. T\u00e4idate selle taset l\u00e4bi \u00fclemise kupliekraani. Teisalt annab LED-ekraan teile teavet veekoguse kohta ja peatab automaatselt t\u00f6\u00f6, kui paak on t\u00fchi.<\/p>\n<p><img decoding=\"async\" src=\"https:\/\/blankpage.ee\/_ruumist-ruumi\/wp-content\/uploads\/2025\/01\/1-7.jpg\" \/><\/p>\n<h3>Vaikne t\u00f6\u00f6<\/h3>\n<p>Smartmi vihmametsa niisutaja t\u00f6\u00f6tab \u00e4\u00e4rmiselt vaikselt &#8211; selle m\u00fcratase on \u226450 dB(A), nii et te ei pea muretsema t\u00fc\u00fctava m\u00fcra p\u00e4rast. Veelgi enam, l\u00f5\u00f5gastav heli v\u00f5imaldab teil rahuneda, muutes selle ideaalseks magamistoas.<\/p>\n<p><img decoding=\"async\" src=\"https:\/\/blankpage.ee\/_ruumist-ruumi\/wp-content\/uploads\/2025\/01\/11-4.jpg\" \/><\/p>\n<h3>Kohandage selle t\u00f6\u00f6d vastavalt oma vajadustele<\/h3>\n<p>Niisutaja pakub 3 t\u00f6\u00f6re\u017eiimi, nii et see vastab erinevatele kasutajate ootustele. Automaatre\u017eiimis kohandab seade niisutamise intensiivsust automaatselt vastavalt \u00fcmbritsevatele tingimustele, samas kui maksimaalre\u017eiim niisutab \u00f5hku kiiresti ja t\u00f5husalt. Magamisre\u017eiim v\u00f5imaldab teil l\u00f5\u00f5gastuda enne magamaminekut.<\/p>\n<p><img decoding=\"async\" src=\"https:\/\/blankpage.ee\/_ruumist-ruumi\/wp-content\/uploads\/2025\/01\/17.jpg\" \/><\/p>\n<h3>Isepuhastusre\u017eiim<\/h3>\n<p>Veelgi suurema mugavuse huvides on seadmel isepuhastusre\u017eiim, mille saate aktiveerida Smartmi Link rakenduse kaudu. See puhastab seadme paagi seintel olevast settest ja prahist. Enam ei pea k\u00e4si m\u00e4\u00e4rima, vaid m\u00f5ned kl\u00f5psud rakenduses.<\/p>\n<p><img decoding=\"async\" src=\"https:\/\/blankpage.ee\/_ruumist-ruumi\/wp-content\/uploads\/2025\/01\/8-10.jpg\" \/><\/p>\n<h3>Kaugjuhtimine<\/h3>\n<p>Seade t\u00f6\u00f6tab Smartmi Link ja Apple HomeKit rakendustega, nii et saate seda kaugjuhtida. Lisaks on niisutaja \u00fchilduv Amazon Alexa ja Google Assistantiga &#8211; nii et lihtne h\u00e4\u00e4lk\u00e4sklus on k\u00f5ik, mida vajate seadme sissel\u00fclitamiseks v\u00f5i re\u017eiimi valimiseks.<\/p>\n<p><img decoding=\"async\" src=\"https:\/\/blankpage.ee\/_ruumist-ruumi\/wp-content\/uploads\/2025\/01\/12-3.jpg\" \/><\/p>\n<h3>Komplektis<\/h3>\n<ul>\n<li>Tark aurustav niisutaja<\/li>\n<li>Adapter<\/li>\n<li>Kasutusjuhend<\/li>\n<\/ul>\n<div class=\"table-wrapper\">\n<table>\n<tbody>\n<tr>\n<th>Tootja<\/th>\n<td>Smartmi<\/td>\n<\/tr>\n<tr>\n<th>Mudel<\/th>\n<td>Vihmametsa niisutaja<\/td>\n<\/tr>\n<tr>\n<th>Niisutusmeetod<\/th>\n<td>Aurustav<\/td>\n<\/tr>\n<tr>\n<th>Niisutusv\u00f5imsus<\/th>\n<td>200 ml\/h<\/td>\n<\/tr>\n<tr>\n<th>Soovitatav t\u00f6\u00f6ala<\/th>\n<td>kuni 35 m<sup>2<\/sup><\/td>\n<\/tr>\n<tr>\n<th>Veepaagi maht<\/th>\n<td>3 L<\/td>\n<\/tr>\n<tr>\n<th>V\u00e4rv<\/th>\n<td>Valge<\/td>\n<\/tr>\n<tr>\n<th>M\u00fcra<\/th>\n<td>\u226450 dB(A)<\/td>\n<\/tr>\n<tr>\n<th>Nimiv\u00f5imsus<\/th>\n<td>7 W<\/td>\n<\/tr>\n<tr>\n<th>Nimipinge<\/th>\n<td>12 V<\/td>\n<\/tr>\n<tr>\n<th>Toiteallika nimisisend<\/th>\n<td>100-240 V~, 50\/60 Hz, 0.3 A<\/td>\n<\/tr>\n<tr>\n<th>Juhtmevaba \u00fchendus<\/th>\n<td>Wi-Fi IEEE802.11b\/g\/n 2.4GHz<\/td>\n<\/tr>\n<tr>\n<th>\u00dchilduvus<\/th>\n<td>Amazon Alexa, Google Assistant, Apple HomeKit<\/td>\n<\/tr>\n<tr>\n<th>Rakendus<\/th>\n<td>Smartmi Link<\/td>\n<\/tr>\n<tr>\n<th>T\u00f6\u00f6temperatuur<\/th>\n<td>10 &#8211; 40 \u00b0C<\/td>\n<\/tr>\n<tr>\n<th>Suhteline niiskus<\/th>\n<td>Mitte rohkem kui 80% (25 \u00b0C juures)<\/td>\n<\/tr>\n<tr>\n<th>T\u00f6\u00f6re\u017eiimid<\/th>\n<td>Maksimaalne \/ Automaatne \/ Magamisre\u017eiim<\/td>\n<\/tr>\n<tr>\n<th>Kaal<\/th>\n<td>Ligikaudu 3.3 kg<\/td>\n<\/tr>\n<tr>\n<th>M\u00f5\u00f5tmed<\/th>\n<td>\u2300220 x 422 mm<\/td>\n<\/tr>\n<\/tbody>\n<\/table>\n<\/div>\n","protected":false},"excerpt":{"rendered":"<p>\u00d5huniisutaja Smartmi Rainforest, 3L Loo oma kodus tervislik ja turvaline keskkond. Halb tuju, kuivad silmad ja nahk &#8211; need ja teised probleemid on minevik. Smartmi niisutaja on varustatud 3-liitrise paagiga ja selle v\u00f5imsus on 200 ml\/h, olles v\u00f5imeline t\u00f6\u00f6tama t\u00f5husalt kuni 35 m2 alal. Lisaks on seadmel l\u00e4bipaistvad seinad, mis v\u00f5imaldavad j\u00e4lgida vihma imiteerivaid veepiisku. [&hellip;]<\/p>\n","protected":false},"featured_media":79482,"comment_status":"open","ping_status":"closed","template":"","meta":[],"product_brand":[],"product_cat":[1210],"product_tag":[],"class_list":{"0":"post-79472","1":"product","2":"type-product","3":"status-publish","4":"has-post-thumbnail","6":"product_cat-ohuniisutajad","7":"product_shipping_class-innpro","9":"first","10":"instock","11":"sale","12":"taxable","13":"shipping-taxable","14":"purchasable","15":"product-type-simple"},"_links":{"self":[{"href":"https:\/\/blankpage.ee\/_ruumist-ruumi\/wp-json\/wp\/v2\/product\/79472","targetHints":{"allow":["GET"]}}],"collection":[{"href":"https:\/\/blankpage.ee\/_ruumist-ruumi\/wp-json\/wp\/v2\/product"}],"about":[{"href":"https:\/\/blankpage.ee\/_ruumist-ruumi\/wp-json\/wp\/v2\/types\/product"}],"replies":[{"embeddable":true,"href":"https:\/\/blankpage.ee\/_ruumist-ruumi\/wp-json\/wp\/v2\/comments?post=79472"}],"wp:featuredmedia":[{"embeddable":true,"href":"https:\/\/blankpage.ee\/_ruumist-ruumi\/wp-json\/wp\/v2\/media\/79482"}],"wp:attachment":[{"href":"https:\/\/blankpage.ee\/_ruumist-ruumi\/wp-json\/wp\/v2\/media?parent=79472"}],"wp:term":[{"taxonomy":"product_brand","embeddable":true,"href":"https:\/\/blankpage.ee\/_ruumist-ruumi\/wp-json\/wp\/v2\/product_brand?post=79472"},{"taxonomy":"product_cat","embeddable":true,"href":"https:\/\/blankpage.ee\/_ruumist-ruumi\/wp-json\/wp\/v2\/product_cat?post=79472"},{"taxonomy":"product_tag","embeddable":true,"href":"https:\/\/blankpage.ee\/_ruumist-ruumi\/wp-json\/wp\/v2\/product_tag?post=79472"}],"curies":[{"name":"wp","href":"https:\/\/api.w.org\/{rel}","templated":true}]}}