{"id":79490,"date":"2025-01-07T10:55:58","date_gmt":"2025-01-07T10:55:58","guid":{"rendered":"https:\/\/ruumistruumi.ee\/?post_type=product&#038;p=79490"},"modified":"2025-08-21T08:21:44","modified_gmt":"2025-08-21T08:21:44","slug":"ohuniisutaja-smartmi-evaporative-humidifier-3-5l-aurustava-tehnoloogiaga","status":"publish","type":"product","link":"https:\/\/blankpage.ee\/_ruumist-ruumi\/pood\/ohuniisutaja-smartmi-evaporative-humidifier-3-5l-aurustava-tehnoloogiaga\/","title":{"rendered":"\u00d5huniisutaja Smartmi Evaporative Humidifier 3, 5L aurustava tehnoloogiaga"},"content":{"rendered":"<h3>\u00d5huniisutaja Smartmi Evaporative Humidifier 3, 5L aurustava tehnoloogiaga<\/h3>\n<p>Loo oma kodus tervislik keskkond. Smartmi aurustav niisutaja 3 on nutikas niisutaja, mis kasutab aurustamistehnoloogiat. See ei tooda kahjulikku udu, seega v\u00f5id seda ohutult kasutada. Lisaks on sellel 5-liitrine veepaak, mis v\u00e4hendab t\u00e4itmise sagedust. Veelgi enam, saad seda juhtida h\u00e4\u00e4lk\u00e4skluste v\u00f5i rakenduse abil ning LED-ekraan annab teavet seadme t\u00f6\u00f6oleku kohta.<\/p>\n<p><img decoding=\"async\" src=\"https:\/\/blankpage.ee\/_ruumist-ruumi\/wp-content\/uploads\/2025\/01\/6-9.jpg\" alt=\"12Smartmi\/Evaporative-Humidifier-3\/6\" border=\"0\" \/><\/p>\n<h3>Puhas, niisutatud \u00f5hk<\/h3>\n<p>Seade imeb sisse kuiva \u00f5hku ja suunab selle l\u00e4bi vees kastetud ventilaatori. Seej\u00e4rel naaseb \u00f5hk keskkonda saasteainetest vaba ja t\u00e4ielikult niisutatud. Smartmi aurustav niisutaja 3 ei tooda kahjulikku udu ega j\u00e4ta m\u00e4rgi plekke m\u00f6\u00f6blile v\u00f5i seadmetele. Seet\u00f5ttu sobib see h\u00e4sti \u00fclemiste hingamisteede haigustega kasutajatele, imikutele ja eakatele. Lisaks ei tekita see ultrahelilisi helisid, mis v\u00f5ivad lemmikloomadele h\u00e4irivad olla. Saad ka Mi Home rakenduses niisutaja \u00fchendada teiste nutiseadmetega, nagu ventilaator, \u00f5hupuhasti v\u00f5i konvektsioonik\u00fctteseade, maksimaalse mugavuse saavutamiseks.<\/p>\n<p><img decoding=\"async\" src=\"https:\/\/blankpage.ee\/_ruumist-ruumi\/wp-content\/uploads\/2025\/01\/8-11.jpg\" alt=\"12Smartmi\/Evaporative-Humidifier-3\/8\" border=\"0\" \/><\/p>\n<h3>\u00d5ige niisutustase<\/h3>\n<p>\u00c4ra muretse vee liiga sagedase t\u00e4itmise p\u00e4rast. Nutikas aurustav niisutaja on varustatud 5-liitrise paagiga, mis kestab umbes 14 tundi. Lisaks on selle v\u00f5imsus 350 ml\/h, seega saad nautida pidevalt niisutatud \u00f5hku. Veelgi enam, t\u00e4pne sensor j\u00e4lgib niisutustaset reaalajas ja kohandab automaatselt seadme t\u00f6\u00f6d vastavalt sellele.<\/p>\n<p><img decoding=\"async\" src=\"https:\/\/blankpage.ee\/_ruumist-ruumi\/wp-content\/uploads\/2025\/01\/4-7.jpg\" alt=\"12Smartmi\/Evaporative-Humidifier-3\/4\" border=\"0\" \/><\/p>\n<h3>Lihtne ja mugav kasutamine<\/h3>\n<p>Juhi seadet Mi Home rakendusest. Rakendus v\u00f5imaldab seadet kaugjuhtida, nii et sa ei pea isegi diivanilt t\u00f5usma. Saad h\u00f5lpsasti sisse\/v\u00e4lja l\u00fclitada seadet, reguleerida niisutustaset, m\u00e4\u00e4rata taimeri, aktiveerida lapse luku jne. Lisaks on toode \u00fchilduv Google Assistanti, Amazon Alexa ja Yandex Alice h\u00e4\u00e4lassistentidega. Seega piisab lihtsast k\u00e4sklusest, et kohandada seadme t\u00f6\u00f6d.<\/p>\n<p><img decoding=\"async\" src=\"https:\/\/blankpage.ee\/_ruumist-ruumi\/wp-content\/uploads\/2025\/01\/1-8.jpg\" alt=\"12Smartmi\/Evaporative-Humidifier-3\/1\" border=\"0\" \/><\/p>\n<h3>T\u00e4iuslik igas detailis<\/h3>\n<p>Smartmi aurustav niisutaja 3 on disainitud detailidele t\u00e4helepanu p\u00f6\u00f6rates. Seadmel on nutikas LED-ekraan, mis v\u00f5imaldab j\u00e4lgida niisutaja t\u00f6\u00f6d reaalajas. Ekraanilt saad lugeda praegust niisutatud \u00f5hu protsenti, veepaagi veetaset v\u00f5i t\u00f6\u00f6re\u017eiimi. Saad h\u00f5lpsasti veepaaki t\u00e4ita ilma kaant eemaldamata. Seadme puhtana hoidmine ei ole probleem ning l\u00e4bipaistev indikaator annab teada, kui palju vett paagis on. Nii saad alati \u00f5igel ajal t\u00e4ita. Lisaks peatub spetsiaalne turvafunktsioon automaatselt niisutaja, kui paak eemaldatakse v\u00f5i kui vesi otsa saab.<\/p>\n<p><img decoding=\"async\" src=\"https:\/\/blankpage.ee\/_ruumist-ruumi\/wp-content\/uploads\/2025\/01\/9-7.jpg\" alt=\"12Smartmi\/Evaporative-Humidifier-3\/9\" border=\"0\" \/><\/p>\n<h3>Kasutajas\u00f5bralik<\/h3>\n<p>Smartmi aurustav niisutaja on s\u00e4\u00e4stlik ja probleemivaba niisutus. Seade niisutab t\u00f5husalt siseruumide \u00f5hku ilma tarvikuid asendamata. K\u00f5ik, mida pead tegema, on t\u00e4ita see veega ja regulaarselt veepaaki puhastada. Lisaks pakub Evaporative Humidifier 3 isepuhastusre\u017eiimi, et see teeniks sind v\u00f5imalikult kaua. Kuivatusre\u017eiim aitab v\u00e4ltida bakterite kasvu.<\/p>\n<p><img decoding=\"async\" src=\"https:\/\/blankpage.ee\/_ruumist-ruumi\/wp-content\/uploads\/2025\/01\/3-6.jpg\" alt=\"12Smartmi\/Evaporative-Humidifier-3\/3\" border=\"0\" \/><\/p>\n<h3>Komplektis<\/h3>\n<ul>\n<li>aurustav niisutaja<\/li>\n<li>toiteadapter<\/li>\n<li>kasutusjuhend<\/li>\n<\/ul>\n<div class=\"table-wrapper\">\n<table>\n<tbody>\n<tr>\n<th>Tootja<\/th>\n<td>Smartmi<\/td>\n<\/tr>\n<tr>\n<th>Nimi<\/th>\n<td>Evaporative Humidifier 3<\/td>\n<\/tr>\n<tr>\n<th>V\u00e4rv<\/th>\n<td>Valge<\/td>\n<\/tr>\n<tr>\n<th>Niisutusv\u00f5imsus<\/th>\n<td>350 ml\/h<\/td>\n<\/tr>\n<tr>\n<th>Veepaagi maht<\/th>\n<td>5 l<\/td>\n<\/tr>\n<tr>\n<th>Maksimaalne niisutusaeg<\/th>\n<td>14,2 h<\/td>\n<\/tr>\n<tr>\n<th>T\u00f6\u00f6re\u017eiimid<\/th>\n<td>Maks \/ Automaatne \/ Uni<\/td>\n<\/tr>\n<tr>\n<th>Rakendus<\/th>\n<td>Mi Home<\/td>\n<\/tr>\n<tr>\n<th>H\u00e4\u00e4lassistent<\/th>\n<td>Google Assistant, Amazon Alexa, Yandex Alice<\/td>\n<\/tr>\n<tr>\n<th>Helitase<\/th>\n<td>\u226450dB<\/td>\n<\/tr>\n<tr>\n<th>M\u00f5\u00f5tmed<\/th>\n<td>260 x 260 x 405 mm<\/td>\n<\/tr>\n<tr>\n<th>Kaal<\/th>\n<td>umbes 5,3 kg<\/td>\n<\/tr>\n<tr>\n<th>Nimipinge<\/th>\n<td>100-240V<\/td>\n<\/tr>\n<tr>\n<th>Nimiv\u00f5imsus<\/th>\n<td>10 W<\/td>\n<\/tr>\n<\/tbody>\n<\/table>\n<\/div>\n","protected":false},"excerpt":{"rendered":"<p>\u00d5huniisutaja Smartmi Evaporative Humidifier 3, 5L aurustava tehnoloogiaga Loo oma kodus tervislik keskkond. Smartmi aurustav niisutaja 3 on nutikas niisutaja, mis kasutab aurustamistehnoloogiat. See ei tooda kahjulikku udu, seega v\u00f5id seda ohutult kasutada. Lisaks on sellel 5-liitrine veepaak, mis v\u00e4hendab t\u00e4itmise sagedust. Veelgi enam, saad seda juhtida h\u00e4\u00e4lk\u00e4skluste v\u00f5i rakenduse abil ning LED-ekraan annab teavet [&hellip;]<\/p>\n","protected":false},"featured_media":79497,"comment_status":"open","ping_status":"closed","template":"","meta":[],"product_brand":[],"product_cat":[1210],"product_tag":[],"class_list":{"0":"post-79490","1":"product","2":"type-product","3":"status-publish","4":"has-post-thumbnail","6":"product_cat-ohuniisutajad","7":"product_shipping_class-innpro","9":"first","10":"instock","11":"sale","12":"taxable","13":"shipping-taxable","14":"purchasable","15":"product-type-simple"},"_links":{"self":[{"href":"https:\/\/blankpage.ee\/_ruumist-ruumi\/wp-json\/wp\/v2\/product\/79490","targetHints":{"allow":["GET"]}}],"collection":[{"href":"https:\/\/blankpage.ee\/_ruumist-ruumi\/wp-json\/wp\/v2\/product"}],"about":[{"href":"https:\/\/blankpage.ee\/_ruumist-ruumi\/wp-json\/wp\/v2\/types\/product"}],"replies":[{"embeddable":true,"href":"https:\/\/blankpage.ee\/_ruumist-ruumi\/wp-json\/wp\/v2\/comments?post=79490"}],"wp:featuredmedia":[{"embeddable":true,"href":"https:\/\/blankpage.ee\/_ruumist-ruumi\/wp-json\/wp\/v2\/media\/79497"}],"wp:attachment":[{"href":"https:\/\/blankpage.ee\/_ruumist-ruumi\/wp-json\/wp\/v2\/media?parent=79490"}],"wp:term":[{"taxonomy":"product_brand","embeddable":true,"href":"https:\/\/blankpage.ee\/_ruumist-ruumi\/wp-json\/wp\/v2\/product_brand?post=79490"},{"taxonomy":"product_cat","embeddable":true,"href":"https:\/\/blankpage.ee\/_ruumist-ruumi\/wp-json\/wp\/v2\/product_cat?post=79490"},{"taxonomy":"product_tag","embeddable":true,"href":"https:\/\/blankpage.ee\/_ruumist-ruumi\/wp-json\/wp\/v2\/product_tag?post=79490"}],"curies":[{"name":"wp","href":"https:\/\/api.w.org\/{rel}","templated":true}]}}