{"id":79508,"date":"2025-01-07T10:55:58","date_gmt":"2025-01-07T10:55:58","guid":{"rendered":"https:\/\/ruumistruumi.ee\/?post_type=product&#038;p=79508"},"modified":"2025-08-21T08:21:44","modified_gmt":"2025-08-21T08:21:44","slug":"ohuniisutaja-sothing-dshj-h-009-valge-valgustusega","status":"publish","type":"product","link":"https:\/\/blankpage.ee\/_ruumist-ruumi\/pood\/ohuniisutaja-sothing-dshj-h-009-valge-valgustusega\/","title":{"rendered":"\u00d5huniisutaja Sothing DSHJ-H-009 (valge) valgustusega 0,26L"},"content":{"rendered":"<h3>\u00d5huniisutaja Sothing DSHJ-H-009 (valge) valgustusega 0,26L<\/h3>\n<p>P\u00f5hjap\u00f5dra kujuline niisutaja valgusega sobib ideaalselt igasse interj\u00f6\u00f6ri, pakkudes mitte ainult t\u00f5husat niisutamist, vaid ka meeldivat LED-valgustust. Oma 260 ml mahutavuse ja 50 ml\/h v\u00e4ljundiga hoolitseb see t\u00f5husalt ruumi \u00f5ige niiskustaseme eest, t\u00f6\u00f6tades samal ajal vaikselt ja t\u00f5husalt. Niisutaja t\u00f6\u00f6tab mikro-USB kaabliga (kaasas).<\/p>\n<p><img loading=\"lazy\" decoding=\"async\" class=\"alignnone size-medium_large wp-image-79527\" src=\"https:\/\/blankpage.ee\/_ruumist-ruumi\/wp-content\/uploads\/2025\/01\/Ohuniisutaja-Sothing-DSHJ-H-009-valge-valgustusega-3-768x489.jpg\" alt=\"\u00d5huniisutaja Sothing DSHJ-H-009 (valge) valgustusega 0,26L\" width=\"768\" height=\"489\" srcset=\"https:\/\/blankpage.ee\/_ruumist-ruumi\/wp-content\/uploads\/2025\/01\/Ohuniisutaja-Sothing-DSHJ-H-009-valge-valgustusega-3-768x489.jpg 768w, https:\/\/blankpage.ee\/_ruumist-ruumi\/wp-content\/uploads\/2025\/01\/Ohuniisutaja-Sothing-DSHJ-H-009-valge-valgustusega-3-300x191.jpg 300w, https:\/\/blankpage.ee\/_ruumist-ruumi\/wp-content\/uploads\/2025\/01\/Ohuniisutaja-Sothing-DSHJ-H-009-valge-valgustusega-3-400x255.jpg 400w, https:\/\/blankpage.ee\/_ruumist-ruumi\/wp-content\/uploads\/2025\/01\/Ohuniisutaja-Sothing-DSHJ-H-009-valge-valgustusega-3-922x587.jpg 922w, https:\/\/blankpage.ee\/_ruumist-ruumi\/wp-content\/uploads\/2025\/01\/Ohuniisutaja-Sothing-DSHJ-H-009-valge-valgustusega-3.jpg 1000w\" sizes=\"auto, (max-width: 768px) 100vw, 768px\" \/><\/p>\n<h3>Armas p\u00f5hjap\u00f5dra kelgu disain<\/h3>\n<p>Sothing DSHJ-H-009 eristub oma ainulaadse p\u00f5hjap\u00f5dra kelgu disainiga. Selle \u00fcmar keha, armsad sarved ja nina detailid annavad seadmele ainulaadse v\u00e4limuse. Selle tulemusel parandab niisutaja mitte ainult \u00f5hukvaliteeti, vaid on ka huvitav kaunistus. Kelgu kujuline alus aitab veeuudu \u00fchtlaselt jaotada, mis suurendab niisutamise t\u00f5husust ja lisab seadmele v\u00f5lu.<\/p>\n<p><img loading=\"lazy\" decoding=\"async\" class=\"alignnone size-medium_large wp-image-79528\" src=\"https:\/\/blankpage.ee\/_ruumist-ruumi\/wp-content\/uploads\/2025\/01\/Ohuniisutaja-Sothing-DSHJ-H-009-valge-valgustusega-4-768x489.webp\" alt=\"\u00d5huniisutaja Sothing DSHJ-H-009 (valge) valgustusega 0,26L\" width=\"768\" height=\"489\" srcset=\"https:\/\/blankpage.ee\/_ruumist-ruumi\/wp-content\/uploads\/2025\/01\/Ohuniisutaja-Sothing-DSHJ-H-009-valge-valgustusega-4-768x489.webp 768w, https:\/\/blankpage.ee\/_ruumist-ruumi\/wp-content\/uploads\/2025\/01\/Ohuniisutaja-Sothing-DSHJ-H-009-valge-valgustusega-4-300x191.webp 300w, https:\/\/blankpage.ee\/_ruumist-ruumi\/wp-content\/uploads\/2025\/01\/Ohuniisutaja-Sothing-DSHJ-H-009-valge-valgustusega-4-400x255.webp 400w, https:\/\/blankpage.ee\/_ruumist-ruumi\/wp-content\/uploads\/2025\/01\/Ohuniisutaja-Sothing-DSHJ-H-009-valge-valgustusega-4-922x587.webp 922w, https:\/\/blankpage.ee\/_ruumist-ruumi\/wp-content\/uploads\/2025\/01\/Ohuniisutaja-Sothing-DSHJ-H-009-valge-valgustusega-4.webp 1000w\" sizes=\"auto, (max-width: 768px) 100vw, 768px\" \/><\/p>\n<h3>Kaasaegne nanoatomisatsiooni tehnoloogia<\/h3>\n<p>T\u00e4nu nanoatomisatsiooni tehnoloogiale jaotab niisutaja \u00fchtlaselt peene veeuudu, mis aitab s\u00e4ilitada \u00f5iget niiskustaset. Ultraheli atomisaator loob veepartikleid suurusega 2,5 mikronit, mis ei moodusta suuri tilku, vaid niisutavad \u00f5hku delikaatselt, ilma et keskkonda tekiks niiskeid laike.<\/p>\n<p><img loading=\"lazy\" decoding=\"async\" class=\"alignnone size-medium_large wp-image-79529\" src=\"https:\/\/blankpage.ee\/_ruumist-ruumi\/wp-content\/uploads\/2025\/01\/Ohuniisutaja-Sothing-DSHJ-H-009-valge-valgustusega-5-768x489.webp\" alt=\"\u00d5huniisutaja Sothing DSHJ-H-009 (valge) valgustusega 0,26L\" width=\"768\" height=\"489\" srcset=\"https:\/\/blankpage.ee\/_ruumist-ruumi\/wp-content\/uploads\/2025\/01\/Ohuniisutaja-Sothing-DSHJ-H-009-valge-valgustusega-5-768x489.webp 768w, https:\/\/blankpage.ee\/_ruumist-ruumi\/wp-content\/uploads\/2025\/01\/Ohuniisutaja-Sothing-DSHJ-H-009-valge-valgustusega-5-300x191.webp 300w, https:\/\/blankpage.ee\/_ruumist-ruumi\/wp-content\/uploads\/2025\/01\/Ohuniisutaja-Sothing-DSHJ-H-009-valge-valgustusega-5-400x255.webp 400w, https:\/\/blankpage.ee\/_ruumist-ruumi\/wp-content\/uploads\/2025\/01\/Ohuniisutaja-Sothing-DSHJ-H-009-valge-valgustusega-5-922x587.webp 922w, https:\/\/blankpage.ee\/_ruumist-ruumi\/wp-content\/uploads\/2025\/01\/Ohuniisutaja-Sothing-DSHJ-H-009-valge-valgustusega-5.webp 1000w\" sizes=\"auto, (max-width: 768px) 100vw, 768px\" \/><\/p>\n<h3>Funktsionaalsus ja mugavus<\/h3>\n<p>Sothing DSHJ-H-009 niisutaja on varustatud automaatse v\u00e4ljal\u00fclitusfunktsiooniga 4 v\u00f5i 6 tunni j\u00e4rel, et tagada suurem turvalisus ja mugavus. Sisseehitatud LED-valgus kiirgab sooja, meeldivat valget valgust, mis sobib h\u00e4sti \u00f6\u00f6lambiks. Seade on lihtne kasutada ja selle vaikne t\u00f6\u00f6 muudab selle ideaalseks magamistubadesse v\u00f5i lastetubadesse.<\/p>\n<p><img loading=\"lazy\" decoding=\"async\" class=\"alignnone size-medium_large wp-image-79530\" src=\"https:\/\/blankpage.ee\/_ruumist-ruumi\/wp-content\/uploads\/2025\/01\/Ohuniisutaja-Sothing-DSHJ-H-009-valge-valgustusega-7-768x489.webp\" alt=\"\u00d5huniisutaja Sothing DSHJ-H-009 (valge) valgustusega 0,26L\" width=\"768\" height=\"489\" srcset=\"https:\/\/blankpage.ee\/_ruumist-ruumi\/wp-content\/uploads\/2025\/01\/Ohuniisutaja-Sothing-DSHJ-H-009-valge-valgustusega-7-768x489.webp 768w, https:\/\/blankpage.ee\/_ruumist-ruumi\/wp-content\/uploads\/2025\/01\/Ohuniisutaja-Sothing-DSHJ-H-009-valge-valgustusega-7-300x191.webp 300w, https:\/\/blankpage.ee\/_ruumist-ruumi\/wp-content\/uploads\/2025\/01\/Ohuniisutaja-Sothing-DSHJ-H-009-valge-valgustusega-7-400x255.webp 400w, https:\/\/blankpage.ee\/_ruumist-ruumi\/wp-content\/uploads\/2025\/01\/Ohuniisutaja-Sothing-DSHJ-H-009-valge-valgustusega-7-922x587.webp 922w, https:\/\/blankpage.ee\/_ruumist-ruumi\/wp-content\/uploads\/2025\/01\/Ohuniisutaja-Sothing-DSHJ-H-009-valge-valgustusega-7.webp 1000w\" sizes=\"auto, (max-width: 768px) 100vw, 768px\" \/><\/p>\n<h3>Komplektis<\/h3>\n<ul class=\"list-disc\">\n<li>Niisutaja<\/li>\n<li>Mikro-USB kaabel<\/li>\n<li>Kasutusjuhend<\/li>\n<\/ul>\n<div class=\"table-wrapper\">\n<h3><\/h3>\n<table>\n<tbody>\n<tr>\n<th>Tootja<\/th>\n<td>Sothing<\/td>\n<\/tr>\n<tr>\n<th>Tootja kood<\/th>\n<td>DSHJ-H-009<\/td>\n<\/tr>\n<tr>\n<th>V\u00e4rv<\/th>\n<td>Valge<\/td>\n<\/tr>\n<tr>\n<th>V\u00f5imsus<\/th>\n<td>4 W<\/td>\n<\/tr>\n<tr>\n<th>Laius<\/th>\n<td>124 mm<\/td>\n<\/tr>\n<tr>\n<th>Mahutavus<\/th>\n<td>260 ml<\/td>\n<\/tr>\n<tr>\n<th>Tootet\u00fc\u00fcp<\/th>\n<td>\u00d5huniisutaja<\/td>\n<\/tr>\n<tr>\n<th>Kaal<\/th>\n<td>150 g<\/td>\n<\/tr>\n<tr>\n<th>K\u00f5rgus<\/th>\n<td>109 mm<\/td>\n<\/tr>\n<tr>\n<th>Omadused<\/th>\n<td>Automaatne v\u00e4ljal\u00fclitus 4\/6 tunni j\u00e4rel; LED-valgustus<\/td>\n<\/tr>\n<tr>\n<th>Paksus<\/th>\n<td>91 mm<\/td>\n<\/tr>\n<tr>\n<th>Lisainfo<\/th>\n<td>Vaikne t\u00f6\u00f6<\/td>\n<\/tr>\n<tr>\n<th>Maksimaalne v\u00e4ljund<\/th>\n<td>50 ml\/h<\/td>\n<\/tr>\n<\/tbody>\n<\/table>\n<\/div>\n","protected":false},"excerpt":{"rendered":"<p>\u00d5huniisutaja Sothing DSHJ-H-009 (valge) valgustusega 0,26L P\u00f5hjap\u00f5dra kujuline niisutaja valgusega sobib ideaalselt igasse interj\u00f6\u00f6ri, pakkudes mitte ainult t\u00f5husat niisutamist, vaid ka meeldivat LED-valgustust. Oma 260 ml mahutavuse ja 50 ml\/h v\u00e4ljundiga hoolitseb see t\u00f5husalt ruumi \u00f5ige niiskustaseme eest, t\u00f6\u00f6tades samal ajal vaikselt ja t\u00f5husalt. Niisutaja t\u00f6\u00f6tab mikro-USB kaabliga (kaasas). Armas p\u00f5hjap\u00f5dra kelgu disain Sothing DSHJ-H-009 [&hellip;]<\/p>\n","protected":false},"featured_media":79509,"comment_status":"open","ping_status":"closed","template":"","meta":[],"product_brand":[],"product_cat":[1210],"product_tag":[],"class_list":{"0":"post-79508","1":"product","2":"type-product","3":"status-publish","4":"has-post-thumbnail","6":"product_cat-ohuniisutajad","7":"product_shipping_class-innpro","9":"first","10":"instock","11":"sale","12":"taxable","13":"shipping-taxable","14":"purchasable","15":"product-type-simple"},"_links":{"self":[{"href":"https:\/\/blankpage.ee\/_ruumist-ruumi\/wp-json\/wp\/v2\/product\/79508","targetHints":{"allow":["GET"]}}],"collection":[{"href":"https:\/\/blankpage.ee\/_ruumist-ruumi\/wp-json\/wp\/v2\/product"}],"about":[{"href":"https:\/\/blankpage.ee\/_ruumist-ruumi\/wp-json\/wp\/v2\/types\/product"}],"replies":[{"embeddable":true,"href":"https:\/\/blankpage.ee\/_ruumist-ruumi\/wp-json\/wp\/v2\/comments?post=79508"}],"wp:featuredmedia":[{"embeddable":true,"href":"https:\/\/blankpage.ee\/_ruumist-ruumi\/wp-json\/wp\/v2\/media\/79509"}],"wp:attachment":[{"href":"https:\/\/blankpage.ee\/_ruumist-ruumi\/wp-json\/wp\/v2\/media?parent=79508"}],"wp:term":[{"taxonomy":"product_brand","embeddable":true,"href":"https:\/\/blankpage.ee\/_ruumist-ruumi\/wp-json\/wp\/v2\/product_brand?post=79508"},{"taxonomy":"product_cat","embeddable":true,"href":"https:\/\/blankpage.ee\/_ruumist-ruumi\/wp-json\/wp\/v2\/product_cat?post=79508"},{"taxonomy":"product_tag","embeddable":true,"href":"https:\/\/blankpage.ee\/_ruumist-ruumi\/wp-json\/wp\/v2\/product_tag?post=79508"}],"curies":[{"name":"wp","href":"https:\/\/api.w.org\/{rel}","templated":true}]}}