{"id":79510,"date":"2025-01-07T10:55:58","date_gmt":"2025-01-07T10:55:58","guid":{"rendered":"https:\/\/ruumistruumi.ee\/?post_type=product&#038;p=79510"},"modified":"2025-08-21T08:21:44","modified_gmt":"2025-08-21T08:21:44","slug":"lohnadifuusor-ohuniisuti-ja-meeleoluvalgusti-deerma-dem-px310w","status":"publish","type":"product","link":"https:\/\/blankpage.ee\/_ruumist-ruumi\/pood\/lohnadifuusor-ohuniisuti-ja-meeleoluvalgusti-deerma-dem-px310w\/","title":{"rendered":"L\u00f5hnadifuusor, \u00f5huniisuti ja meeleoluvalgusti Deerma DEM-PX310W"},"content":{"rendered":"<h3>L\u00f5hnadifuusor, \u00f5huniisuti ja meeleoluvalgusti Deerma DEM-PX310W<\/h3>\n<p>Deerma DEM-PX310W toimib l\u00f5hnadifuusori, \u00f5huniisuti ja leegiprojektsiooniga valgustina, luues igas toas ainulaadse atmosf\u00e4\u00e4ri. Nii saate nautida \u00f5hu korralikku niisutamist ja oma lemmik aroomide l\u00f5hna, tuues samal ajal oma koju hubase \u00f5hkkonna. USB-C port v\u00f5imaldab mugavalt toiteallikaga \u00fchendada.<\/p>\n<p><img loading=\"lazy\" decoding=\"async\" class=\"alignnone size-medium_large wp-image-79537\" src=\"https:\/\/blankpage.ee\/_ruumist-ruumi\/wp-content\/uploads\/2025\/01\/Deerma-lohnadifuusor-DEM-PX310W-2-768x489.webp\" alt=\"Deerma l\u00f5hnadifuusor DEM-PX310W\" width=\"768\" height=\"489\" srcset=\"https:\/\/blankpage.ee\/_ruumist-ruumi\/wp-content\/uploads\/2025\/01\/Deerma-lohnadifuusor-DEM-PX310W-2-768x489.webp 768w, https:\/\/blankpage.ee\/_ruumist-ruumi\/wp-content\/uploads\/2025\/01\/Deerma-lohnadifuusor-DEM-PX310W-2-300x191.webp 300w, https:\/\/blankpage.ee\/_ruumist-ruumi\/wp-content\/uploads\/2025\/01\/Deerma-lohnadifuusor-DEM-PX310W-2-400x255.webp 400w, https:\/\/blankpage.ee\/_ruumist-ruumi\/wp-content\/uploads\/2025\/01\/Deerma-lohnadifuusor-DEM-PX310W-2-922x587.webp 922w, https:\/\/blankpage.ee\/_ruumist-ruumi\/wp-content\/uploads\/2025\/01\/Deerma-lohnadifuusor-DEM-PX310W-2.webp 1000w\" sizes=\"auto, (max-width: 768px) 100vw, 768px\" \/><\/p>\n<h3>T\u00f5hus niisutamine ja vaikne t\u00f6\u00f6<\/h3>\n<p>Sisseehitatud atomisaator kasutab k\u00f5rgsageduslikku ultraheli tehnoloogiat, et t\u00f5husalt hajutada peen veeuudu kiirusega 11 ml\/h, niisutades \u00f5hku ja k\u00f5rvaldades kuivuse. 300 ml veepaak v\u00f5imaldab seadmel t\u00f6\u00f6tada pikka aega ilma sagedase t\u00e4itmiseta. Difuusori tekitatud m\u00fcra on vaid 30 dB &#8211; nii saate seda kasutada ka \u00f6\u00f6sel, kartmata oma und h\u00e4irida.<\/p>\n<p><img loading=\"lazy\" decoding=\"async\" class=\"alignnone size-medium_large wp-image-79532\" src=\"https:\/\/blankpage.ee\/_ruumist-ruumi\/wp-content\/uploads\/2025\/01\/Deerma-lohnadifuusor-DEM-PX310W-3-768x489.webp\" alt=\"Deerma l\u00f5hnadifuusor DEM-PX310W\" width=\"768\" height=\"489\" srcset=\"https:\/\/blankpage.ee\/_ruumist-ruumi\/wp-content\/uploads\/2025\/01\/Deerma-lohnadifuusor-DEM-PX310W-3-768x489.webp 768w, https:\/\/blankpage.ee\/_ruumist-ruumi\/wp-content\/uploads\/2025\/01\/Deerma-lohnadifuusor-DEM-PX310W-3-300x191.webp 300w, https:\/\/blankpage.ee\/_ruumist-ruumi\/wp-content\/uploads\/2025\/01\/Deerma-lohnadifuusor-DEM-PX310W-3-400x255.webp 400w, https:\/\/blankpage.ee\/_ruumist-ruumi\/wp-content\/uploads\/2025\/01\/Deerma-lohnadifuusor-DEM-PX310W-3-922x587.webp 922w, https:\/\/blankpage.ee\/_ruumist-ruumi\/wp-content\/uploads\/2025\/01\/Deerma-lohnadifuusor-DEM-PX310W-3.webp 1000w\" sizes=\"auto, (max-width: 768px) 100vw, 768px\" \/><\/p>\n<h3>Aroomiteraapia eelised<\/h3>\n<p>V\u00f5imalus lisada difuusorisse eeterlikke \u00f5lisid on Deerma DEM-PX310W veel \u00fcks eelis. Kasutatud lahendus v\u00f5imaldab teil nautida oma lemmikl\u00f5hnu, mis levivad koos \u00f5rna veeuuduga kogu ruumis. Aroomiteraapia pakub palju tervise- ja heaoluh\u00fcvesid, sealhulgas stressi v\u00e4hendamine, une kvaliteedi parandamine ja \u00fcldine meeleolu t\u00f5stmine.<\/p>\n<p><img loading=\"lazy\" decoding=\"async\" class=\"alignnone size-medium_large wp-image-79533\" src=\"https:\/\/blankpage.ee\/_ruumist-ruumi\/wp-content\/uploads\/2025\/01\/Deerma-lohnadifuusor-DEM-PX310W-4-768x489.webp\" alt=\"Deerma l\u00f5hnadifuusor DEM-PX310W\" width=\"768\" height=\"489\" srcset=\"https:\/\/blankpage.ee\/_ruumist-ruumi\/wp-content\/uploads\/2025\/01\/Deerma-lohnadifuusor-DEM-PX310W-4-768x489.webp 768w, https:\/\/blankpage.ee\/_ruumist-ruumi\/wp-content\/uploads\/2025\/01\/Deerma-lohnadifuusor-DEM-PX310W-4-300x191.webp 300w, https:\/\/blankpage.ee\/_ruumist-ruumi\/wp-content\/uploads\/2025\/01\/Deerma-lohnadifuusor-DEM-PX310W-4-400x255.webp 400w, https:\/\/blankpage.ee\/_ruumist-ruumi\/wp-content\/uploads\/2025\/01\/Deerma-lohnadifuusor-DEM-PX310W-4-922x587.webp 922w, https:\/\/blankpage.ee\/_ruumist-ruumi\/wp-content\/uploads\/2025\/01\/Deerma-lohnadifuusor-DEM-PX310W-4.webp 1000w\" sizes=\"auto, (max-width: 768px) 100vw, 768px\" \/><\/p>\n<h3>Silmas\u00f5bralik valgustus<\/h3>\n<p>L\u00f5\u00f5gastuge leegisimulatsiooni funktsiooniga, mis on saadaval kahes v\u00e4rvitoonis &#8211; sinine ja kollane. Iga v\u00e4rv pakub kolme heleduse re\u017eiimi (100%, 50% ja vilkumine), mis v\u00f5imaldavad kohandada valgustusefekti vastavalt igale s\u00fcndmusele. Sinine valgus loob rahuliku ja elegantse atmosf\u00e4\u00e4ri, ideaalne l\u00f5\u00f5gastumiseks, samas kui kollane valgus loob sooja ja s\u00f5braliku keskkonna. Kuue erineva valgustusseadega loote \u00f5ige meeleolu igaks s\u00fcndmuseks.<\/p>\n<p><img loading=\"lazy\" decoding=\"async\" class=\"alignnone size-medium_large wp-image-79534\" src=\"https:\/\/blankpage.ee\/_ruumist-ruumi\/wp-content\/uploads\/2025\/01\/Deerma-lohnadifuusor-DEM-PX310W-5-768x489.webp\" alt=\"Deerma l\u00f5hnadifuusor DEM-PX310W\" width=\"768\" height=\"489\" srcset=\"https:\/\/blankpage.ee\/_ruumist-ruumi\/wp-content\/uploads\/2025\/01\/Deerma-lohnadifuusor-DEM-PX310W-5-768x489.webp 768w, https:\/\/blankpage.ee\/_ruumist-ruumi\/wp-content\/uploads\/2025\/01\/Deerma-lohnadifuusor-DEM-PX310W-5-300x191.webp 300w, https:\/\/blankpage.ee\/_ruumist-ruumi\/wp-content\/uploads\/2025\/01\/Deerma-lohnadifuusor-DEM-PX310W-5-400x255.webp 400w, https:\/\/blankpage.ee\/_ruumist-ruumi\/wp-content\/uploads\/2025\/01\/Deerma-lohnadifuusor-DEM-PX310W-5-922x587.webp 922w, https:\/\/blankpage.ee\/_ruumist-ruumi\/wp-content\/uploads\/2025\/01\/Deerma-lohnadifuusor-DEM-PX310W-5.webp 1000w\" sizes=\"auto, (max-width: 768px) 100vw, 768px\" \/><\/p>\n<h3>Intuitiivne kasutamine ja usaldusv\u00e4\u00e4rne j\u00f5udlus<\/h3>\n<p>Selge re\u017eiimi indikaator lisab kasutusmugavust ja USB-C port v\u00f5imaldab seadme \u00fchendamist toiteallikaga, et nautida usaldusv\u00e4\u00e4rset j\u00f5udlust. Stiilne disain pikendatud udu v\u00e4ljalaskeavaga tagab t\u00f5husa t\u00f6\u00f6. Kompaktsed m\u00f5\u00f5tmed 230 x 100 x 115 mm teevad difuusori ideaalseks ka v\u00e4ikestesse ruumidesse.<\/p>\n<p><img loading=\"lazy\" decoding=\"async\" class=\"alignnone size-medium_large wp-image-79536\" src=\"https:\/\/blankpage.ee\/_ruumist-ruumi\/wp-content\/uploads\/2025\/01\/Deerma-lohnadifuusor-DEM-PX310W-1-768x489.webp\" alt=\"Deerma l\u00f5hnadifuusor DEM-PX310W\" width=\"768\" height=\"489\" srcset=\"https:\/\/blankpage.ee\/_ruumist-ruumi\/wp-content\/uploads\/2025\/01\/Deerma-lohnadifuusor-DEM-PX310W-1-768x489.webp 768w, https:\/\/blankpage.ee\/_ruumist-ruumi\/wp-content\/uploads\/2025\/01\/Deerma-lohnadifuusor-DEM-PX310W-1-300x191.webp 300w, https:\/\/blankpage.ee\/_ruumist-ruumi\/wp-content\/uploads\/2025\/01\/Deerma-lohnadifuusor-DEM-PX310W-1-400x255.webp 400w, https:\/\/blankpage.ee\/_ruumist-ruumi\/wp-content\/uploads\/2025\/01\/Deerma-lohnadifuusor-DEM-PX310W-1-922x587.webp 922w, https:\/\/blankpage.ee\/_ruumist-ruumi\/wp-content\/uploads\/2025\/01\/Deerma-lohnadifuusor-DEM-PX310W-1.webp 1000w\" sizes=\"auto, (max-width: 768px) 100vw, 768px\" \/><\/p>\n<h3>Praktilised lahendused<\/h3>\n<p>Deerma DEM-PX310W l\u00f5hnadifuusor on varustatud kolmetasandilise taimeriga, mis v\u00f5imaldab seadistada automaatse v\u00e4ljal\u00fclituse p\u00e4rast 2, 4 v\u00f5i 6 tunni t\u00f6\u00f6tamist. Kasutatud funktsioon v\u00f5imaldab seadet ohutult kasutada ka \u00f6\u00f6sel, tagades rahuliku une ilma muretsemata selle v\u00e4ljal\u00fclitamise p\u00e4rast. Lisaks suurendab veepaagi t\u00fchjenemisel automaatne v\u00e4ljal\u00fclitus kasutusohutust.<\/p>\n<p><img loading=\"lazy\" decoding=\"async\" class=\"alignnone size-medium_large wp-image-79535\" src=\"https:\/\/blankpage.ee\/_ruumist-ruumi\/wp-content\/uploads\/2025\/01\/Deerma-lohnadifuusor-DEM-PX310W-6-768x489.webp\" alt=\"Deerma l\u00f5hnadifuusor DEM-PX310W\" width=\"768\" height=\"489\" srcset=\"https:\/\/blankpage.ee\/_ruumist-ruumi\/wp-content\/uploads\/2025\/01\/Deerma-lohnadifuusor-DEM-PX310W-6-768x489.webp 768w, https:\/\/blankpage.ee\/_ruumist-ruumi\/wp-content\/uploads\/2025\/01\/Deerma-lohnadifuusor-DEM-PX310W-6-300x191.webp 300w, https:\/\/blankpage.ee\/_ruumist-ruumi\/wp-content\/uploads\/2025\/01\/Deerma-lohnadifuusor-DEM-PX310W-6-400x255.webp 400w, https:\/\/blankpage.ee\/_ruumist-ruumi\/wp-content\/uploads\/2025\/01\/Deerma-lohnadifuusor-DEM-PX310W-6-922x587.webp 922w, https:\/\/blankpage.ee\/_ruumist-ruumi\/wp-content\/uploads\/2025\/01\/Deerma-lohnadifuusor-DEM-PX310W-6.webp 1000w\" sizes=\"auto, (max-width: 768px) 100vw, 768px\" \/><\/p>\n<h3>Komplektis:<\/h3>\n<ul class=\"list-disc\">\n<li>Deerma DEM-PX310W l\u00f5hnadifuusor.<\/li>\n<li>USB-kaabel<\/li>\n<li>Kasutusjuhend<\/li>\n<\/ul>\n<div class=\"table-wrapper\">\n<h3><\/h3>\n<table>\n<tbody>\n<tr>\n<th>Tootja<\/th>\n<td>Deerma<\/td>\n<\/tr>\n<tr>\n<th>Mudel<\/th>\n<td>DEM-PX310W<\/td>\n<\/tr>\n<tr>\n<th>Nimiv\u00f5imsus<\/th>\n<td>7 W<\/td>\n<\/tr>\n<tr>\n<th>Nimipinge<\/th>\n<td>DC 5V<\/td>\n<\/tr>\n<tr>\n<th>Nimiv\u00f5imsus<\/th>\n<td>2 A<\/td>\n<\/tr>\n<tr>\n<th>Niisutusmaht<\/th>\n<td>11 ml\/h<\/td>\n<\/tr>\n<tr>\n<th>Veepaagi maht<\/th>\n<td>300 ml<\/td>\n<\/tr>\n<tr>\n<th>Kaal<\/th>\n<td>0,48 kg<\/td>\n<\/tr>\n<tr>\n<th>M\u00f5\u00f5tmed<\/th>\n<td>230 \u00d7 100 \u00d7 115 mm<\/td>\n<\/tr>\n<\/tbody>\n<\/table>\n<\/div>\n","protected":false},"excerpt":{"rendered":"<p>L\u00f5hnadifuusor, \u00f5huniisuti ja meeleoluvalgusti Deerma DEM-PX310W Deerma DEM-PX310W toimib l\u00f5hnadifuusori, \u00f5huniisuti ja leegiprojektsiooniga valgustina, luues igas toas ainulaadse atmosf\u00e4\u00e4ri. Nii saate nautida \u00f5hu korralikku niisutamist ja oma lemmik aroomide l\u00f5hna, tuues samal ajal oma koju hubase \u00f5hkkonna. USB-C port v\u00f5imaldab mugavalt toiteallikaga \u00fchendada. T\u00f5hus niisutamine ja vaikne t\u00f6\u00f6 Sisseehitatud atomisaator kasutab k\u00f5rgsageduslikku ultraheli tehnoloogiat, et [&hellip;]<\/p>\n","protected":false},"featured_media":79592,"comment_status":"open","ping_status":"closed","template":"","meta":[],"product_brand":[],"product_cat":[1210],"product_tag":[],"class_list":{"0":"post-79510","1":"product","2":"type-product","3":"status-publish","4":"has-post-thumbnail","6":"product_cat-ohuniisutajad","7":"product_shipping_class-innpro","9":"first","10":"instock","11":"sale","12":"taxable","13":"shipping-taxable","14":"purchasable","15":"product-type-simple"},"_links":{"self":[{"href":"https:\/\/blankpage.ee\/_ruumist-ruumi\/wp-json\/wp\/v2\/product\/79510","targetHints":{"allow":["GET"]}}],"collection":[{"href":"https:\/\/blankpage.ee\/_ruumist-ruumi\/wp-json\/wp\/v2\/product"}],"about":[{"href":"https:\/\/blankpage.ee\/_ruumist-ruumi\/wp-json\/wp\/v2\/types\/product"}],"replies":[{"embeddable":true,"href":"https:\/\/blankpage.ee\/_ruumist-ruumi\/wp-json\/wp\/v2\/comments?post=79510"}],"wp:featuredmedia":[{"embeddable":true,"href":"https:\/\/blankpage.ee\/_ruumist-ruumi\/wp-json\/wp\/v2\/media\/79592"}],"wp:attachment":[{"href":"https:\/\/blankpage.ee\/_ruumist-ruumi\/wp-json\/wp\/v2\/media?parent=79510"}],"wp:term":[{"taxonomy":"product_brand","embeddable":true,"href":"https:\/\/blankpage.ee\/_ruumist-ruumi\/wp-json\/wp\/v2\/product_brand?post=79510"},{"taxonomy":"product_cat","embeddable":true,"href":"https:\/\/blankpage.ee\/_ruumist-ruumi\/wp-json\/wp\/v2\/product_cat?post=79510"},{"taxonomy":"product_tag","embeddable":true,"href":"https:\/\/blankpage.ee\/_ruumist-ruumi\/wp-json\/wp\/v2\/product_tag?post=79510"}],"curies":[{"name":"wp","href":"https:\/\/api.w.org\/{rel}","templated":true}]}}