{"id":79585,"date":"2025-01-08T09:28:38","date_gmt":"2025-01-08T09:28:38","guid":{"rendered":"https:\/\/ruumistruumi.ee\/?post_type=product&#038;p=79585"},"modified":"2025-04-17T09:53:37","modified_gmt":"2025-04-17T09:53:37","slug":"filter-smartmi-rainforest-ohuniisutaja-jaoks","status":"publish","type":"product","link":"https:\/\/blankpage.ee\/_ruumist-ruumi\/pood\/filter-smartmi-rainforest-ohuniisutaja-jaoks\/","title":{"rendered":"Filter Smartmi Rainforest \u00f5huniisutaja jaoks"},"content":{"rendered":"<h3>Smartmi Rainforest Humidifier aurustuv niisutaja filter.<\/h3>\n<p>Smartmi Rainforest Humidifier filter on garantii puhtale ja tervislikule \u00f5hule teie kodus! Selle l\u00e4bim\u00f5eldud disain hoiab \u00e4ra hallituse, ebameeldivad l\u00f5hnad ja t\u00f5husalt takistab bakterite kasvu. Filtri heas seisukorras hoidmine on \u00e4\u00e4rmiselt lihtne &#8211; saate selle h\u00f5lpsasti eemaldada ja voolava vee all pesta, mis pikendab veelgi selle eluiga.<\/p>\n<p><img decoding=\"async\" src=\"https:\/\/blankpage.ee\/_ruumist-ruumi\/wp-content\/uploads\/2025\/01\/5-10.jpg\" alt=\"12Smartmi\/Rainforest-Humidifier-filter\/5\" \/><\/p>\n<h3>Topelt niisutusv\u00f5imsus<\/h3>\n<p>Smartmi filter t\u00f6\u00f6tab \u00e4\u00e4rmiselt t\u00f5husalt t\u00e4nu uuenduslikule lahendusele. See on paigutatud veepaagi kohale, kus see imab langevaid veepiisku, luues esimese niisutuskihi. Kui \u00f5hk siseneb seadmesse, l\u00e4bib see selle kihi, v\u00f5imaldades topelt niisutust\u00f5husust.<\/p>\n<p><img decoding=\"async\" src=\"https:\/\/blankpage.ee\/_ruumist-ruumi\/wp-content\/uploads\/2025\/01\/4-10.jpg\" alt=\"12Smartmi\/Rainforest-Humidifier-filter\/4\" \/><\/p>\n<div class=\"table-wrapper\">\n<table>\n<tbody>\n<tr>\n<th>Tootja<\/th>\n<td>Smartmi<\/td>\n<\/tr>\n<tr>\n<th>V\u00e4rv<\/th>\n<td>Must<\/td>\n<\/tr>\n<tr>\n<th>K\u00f5rgus<\/th>\n<td>76 mm<\/td>\n<\/tr>\n<tr>\n<th>Diameeter<\/th>\n<td>165 mm<\/td>\n<\/tr>\n<tr>\n<th>\u00dchilduvus<\/th>\n<td>Smartmi Rainforest aurustuv niisutaja<\/td>\n<\/tr>\n<\/tbody>\n<\/table>\n<\/div>\n","protected":false},"excerpt":{"rendered":"<p>Smartmi Rainforest Humidifier aurustuv niisutaja filter. Smartmi Rainforest Humidifier filter on garantii puhtale ja tervislikule \u00f5hule teie kodus! Selle l\u00e4bim\u00f5eldud disain hoiab \u00e4ra hallituse, ebameeldivad l\u00f5hnad ja t\u00f5husalt takistab bakterite kasvu. Filtri heas seisukorras hoidmine on \u00e4\u00e4rmiselt lihtne &#8211; saate selle h\u00f5lpsasti eemaldada ja voolava vee all pesta, mis pikendab veelgi selle eluiga. Topelt niisutusv\u00f5imsus [&hellip;]<\/p>\n","protected":false},"featured_media":79588,"comment_status":"open","ping_status":"closed","template":"","meta":[],"product_brand":[],"product_cat":[1210],"product_tag":[],"class_list":{"0":"post-79585","1":"product","2":"type-product","3":"status-publish","4":"has-post-thumbnail","6":"product_cat-ohuniisutajad","7":"product_shipping_class-innpro","9":"first","10":"outofstock","11":"taxable","12":"shipping-taxable","13":"purchasable","14":"product-type-simple"},"_links":{"self":[{"href":"https:\/\/blankpage.ee\/_ruumist-ruumi\/wp-json\/wp\/v2\/product\/79585","targetHints":{"allow":["GET"]}}],"collection":[{"href":"https:\/\/blankpage.ee\/_ruumist-ruumi\/wp-json\/wp\/v2\/product"}],"about":[{"href":"https:\/\/blankpage.ee\/_ruumist-ruumi\/wp-json\/wp\/v2\/types\/product"}],"replies":[{"embeddable":true,"href":"https:\/\/blankpage.ee\/_ruumist-ruumi\/wp-json\/wp\/v2\/comments?post=79585"}],"wp:featuredmedia":[{"embeddable":true,"href":"https:\/\/blankpage.ee\/_ruumist-ruumi\/wp-json\/wp\/v2\/media\/79588"}],"wp:attachment":[{"href":"https:\/\/blankpage.ee\/_ruumist-ruumi\/wp-json\/wp\/v2\/media?parent=79585"}],"wp:term":[{"taxonomy":"product_brand","embeddable":true,"href":"https:\/\/blankpage.ee\/_ruumist-ruumi\/wp-json\/wp\/v2\/product_brand?post=79585"},{"taxonomy":"product_cat","embeddable":true,"href":"https:\/\/blankpage.ee\/_ruumist-ruumi\/wp-json\/wp\/v2\/product_cat?post=79585"},{"taxonomy":"product_tag","embeddable":true,"href":"https:\/\/blankpage.ee\/_ruumist-ruumi\/wp-json\/wp\/v2\/product_tag?post=79585"}],"curies":[{"name":"wp","href":"https:\/\/api.w.org\/{rel}","templated":true}]}}