{"id":79594,"date":"2025-01-08T10:19:58","date_gmt":"2025-01-08T10:19:58","guid":{"rendered":"https:\/\/ruumistruumi.ee\/?post_type=product&#038;p=79594"},"modified":"2025-08-21T08:21:44","modified_gmt":"2025-08-21T08:21:44","slug":"topieemaldaja-deerma-mq813w","status":"publish","type":"product","link":"https:\/\/blankpage.ee\/_ruumist-ruumi\/pood\/topieemaldaja-deerma-mq813w\/","title":{"rendered":"Topieemaldaja Deerma MQ813W"},"content":{"rendered":"<h3>Topieemaldaja Deerma MQ813W<\/h3>\n<p>Deerma multifunktsionaalse riidepardliga saad h\u00f5lpsasti korda oma kortsunud mantli, kampsuni v\u00f5i pluusi. Selle lihtne laadimine ja kompaktne suurus muudavad selle mugavaks kasutada k\u00f5ikjal, kus sa oled. 7000 p\/min mootor ja usaldusv\u00e4\u00e4rne kolmiktera tagavad, et sinu riided n\u00e4evad peagi v\u00e4lja nagu uued.<\/p>\n<p><img decoding=\"async\" src=\"https:\/\/blankpage.ee\/_ruumist-ruumi\/wp-content\/uploads\/2025\/01\/5bb9b3792c6518d0dc654eedcb0a89ea_FnQ6vnaLQYJIMPviA0wBqo0nBVcO.jpg\" \/><\/p>\n<h3>Unusta t\u00fclikad karvad<\/h3>\n<p>Pardel on erakordselt kompaktne ja praktiline disain. Selle funktsionaalsuse suurendamiseks ja samal ajal m\u00e4rkimisv\u00e4\u00e4rse ruumi s\u00e4\u00e4stmiseks on selle k\u00e4epidemesse paigutatud liimirull. Kui sul on kodus koer v\u00f5i kass, ei pea sa muretsema, et tema raskesti eemaldatav karv m\u00e4\u00e4rib sinu riideid &#8211; saad selle h\u00f5lpsasti eemaldada ja n\u00e4ha taas suurep\u00e4rane v\u00e4lja.<\/p>\n<p><img decoding=\"async\" src=\"https:\/\/blankpage.ee\/_ruumist-ruumi\/wp-content\/uploads\/2025\/01\/3-9.jpg\" \/><\/p>\n<h3>Vapustav j\u00f5udlus<\/h3>\n<p>Suur raseerimispea vastutab seadme uskumatult t\u00f5husa t\u00f6\u00f6 eest. Veelgi enam, kui terad p\u00f6\u00f6rlevad, tekib imemisvaakum, mis t\u00f5mbab l\u00f5igatud j\u00e4\u00e4tmed sisse. See v\u00f5imaldab pardlil t\u00f5husalt eemaldada j\u00e4\u00e4tmed materjali pinnalt v\u00e4lkkiirelt.<\/p>\n<p><img decoding=\"async\" src=\"https:\/\/blankpage.ee\/_ruumist-ruumi\/wp-content\/uploads\/2025\/01\/36fc60d0a4d7801f152f47608f4f7b70_FtVb9ksiqXSxfDDO35mP3e-tUL2e.jpg\" \/><\/p>\n<h3>Kiire ja mugav laadimine<\/h3>\n<p>Saad oma pardlit mugavalt laadida USB-kaabli abil tavalise laadija v\u00f5i akupanga kaudu. Vaid 2 tundi laadimist on piisav, et saaksid seda kasutada kuni 45 minutit. T\u00e4nu sellele saad korraga hoolitseda t\u00f5eliselt suure hulga riiete eest.<\/p>\n<p><img decoding=\"async\" src=\"https:\/\/blankpage.ee\/_ruumist-ruumi\/wp-content\/uploads\/2025\/01\/6d1c1bf75f150a6a921c7664e923939c_FgfZBojqjjfU1uPaAFZmosf1vEVm.jpg\" \/><\/p>\n<h3>Vajuta lihtsalt nuppu<\/h3>\n<p>Pardli kasutamine on \u00e4\u00e4rmiselt lihtne. Selle teeb v\u00f5imalikuks suur ja mugav nupp, mis tagab kiire reageerimise ja usaldusv\u00e4\u00e4rse t\u00f6\u00f6. Toode on varustatud ka v\u00e4ikese LED-tulega, mis n\u00e4itab, millal see laeb. T\u00e4nu sellele tead alati, mis sinu seadmega toimub.<\/p>\n<p><img decoding=\"async\" src=\"https:\/\/blankpage.ee\/_ruumist-ruumi\/wp-content\/uploads\/2025\/01\/f857467de15f84ccf858d64019831b46_Fswa-dcPZp_ihCB29adazTRicDbq.jpg\" \/><\/p>\n<h3>Vastupidavus ja ohutus<\/h3>\n<p>Seade on valmistatud vastupidavatest materjalidest. K\u00f5rgeima kvaliteediga terad l\u00f5ikavad t\u00f5husalt sambliku maha. Samal ajal tagab pardel t\u00e4ieliku ohutuse. K\u00e4rgstruktuuriga kaitsev\u00f5rk kaitseb sind vigastuste eest ja sinu riideid juhuslike kahjustuste eest.<\/p>\n<p><img decoding=\"async\" src=\"https:\/\/blankpage.ee\/_ruumist-ruumi\/wp-content\/uploads\/2025\/01\/ce9ca042f4bee4a1dec17c5c97f5dd0e_Flz6olKIaILcqahnnrEXRVAxwuKO.jpg\" \/><\/p>\n<h3>Kasutusmugavus kodus ja reisil<\/h3>\n<p>Pardel on kerge ja k\u00e4ep\u00e4rane, mis muudab selle kasutamise \u00e4\u00e4rmiselt mugavaks. See ei v\u00f5ta kodus palju ruumi, seega ei ole selle kasutamine t\u00fclikas. Samuti saad selle h\u00f5lpsasti oma kohvrisse v\u00f5i seljakotti mahutada ja reisile kaasa v\u00f5tta &#8211; esteetiliselt kortsunud riided ei riku kunagi sinu \u00e4rireisi v\u00f5i puhkust.<\/p>\n<p><img decoding=\"async\" src=\"https:\/\/blankpage.ee\/_ruumist-ruumi\/wp-content\/uploads\/2025\/01\/9cfd22d7217828979fcec5042492db87_Fv1i-bneGKScuKMZAWv41Nf5Fj0k.jpg\" \/><\/p>\n<div class=\"table-wrapper\">\n<table>\n<tbody>\n<tr>\n<th>Br\u00e4nd<\/th>\n<td>Deerma<\/td>\n<\/tr>\n<tr>\n<th>Mudel<\/th>\n<td>MQ813W<\/td>\n<\/tr>\n<tr>\n<th>Nimipinge<\/th>\n<td>3,7V<\/td>\n<\/tr>\n<tr>\n<th>Kaal<\/th>\n<td>190g<\/td>\n<\/tr>\n<tr>\n<th>Suurus<\/th>\n<td>192*70*7mm<\/td>\n<\/tr>\n<tr>\n<th>Laadimispinge<\/th>\n<td>5V<\/td>\n<\/tr>\n<tr>\n<th>Laadimisaeg<\/th>\n<td>Umbes 2h<\/td>\n<\/tr>\n<tr>\n<th>Akukestvus<\/th>\n<td>Kuni 45 minutit<\/td>\n<\/tr>\n<tr>\n<th>M\u00fcratase<\/th>\n<td>&lt;75dB<\/td>\n<\/tr>\n<\/tbody>\n<\/table>\n<\/div>\n","protected":false},"excerpt":{"rendered":"<p>Topieemaldaja Deerma MQ813W Deerma multifunktsionaalse riidepardliga saad h\u00f5lpsasti korda oma kortsunud mantli, kampsuni v\u00f5i pluusi. Selle lihtne laadimine ja kompaktne suurus muudavad selle mugavaks kasutada k\u00f5ikjal, kus sa oled. 7000 p\/min mootor ja usaldusv\u00e4\u00e4rne kolmiktera tagavad, et sinu riided n\u00e4evad peagi v\u00e4lja nagu uued. Unusta t\u00fclikad karvad Pardel on erakordselt kompaktne ja praktiline disain. Selle [&hellip;]<\/p>\n","protected":false},"featured_media":79602,"comment_status":"open","ping_status":"closed","template":"","meta":[],"product_brand":[],"product_cat":[1212],"product_tag":[],"class_list":{"0":"post-79594","1":"product","2":"type-product","3":"status-publish","4":"has-post-thumbnail","6":"product_cat-muu-koduelektroonika","7":"product_shipping_class-innpro","9":"first","10":"instock","11":"sale","12":"taxable","13":"shipping-taxable","14":"purchasable","15":"product-type-simple"},"_links":{"self":[{"href":"https:\/\/blankpage.ee\/_ruumist-ruumi\/wp-json\/wp\/v2\/product\/79594","targetHints":{"allow":["GET"]}}],"collection":[{"href":"https:\/\/blankpage.ee\/_ruumist-ruumi\/wp-json\/wp\/v2\/product"}],"about":[{"href":"https:\/\/blankpage.ee\/_ruumist-ruumi\/wp-json\/wp\/v2\/types\/product"}],"replies":[{"embeddable":true,"href":"https:\/\/blankpage.ee\/_ruumist-ruumi\/wp-json\/wp\/v2\/comments?post=79594"}],"wp:featuredmedia":[{"embeddable":true,"href":"https:\/\/blankpage.ee\/_ruumist-ruumi\/wp-json\/wp\/v2\/media\/79602"}],"wp:attachment":[{"href":"https:\/\/blankpage.ee\/_ruumist-ruumi\/wp-json\/wp\/v2\/media?parent=79594"}],"wp:term":[{"taxonomy":"product_brand","embeddable":true,"href":"https:\/\/blankpage.ee\/_ruumist-ruumi\/wp-json\/wp\/v2\/product_brand?post=79594"},{"taxonomy":"product_cat","embeddable":true,"href":"https:\/\/blankpage.ee\/_ruumist-ruumi\/wp-json\/wp\/v2\/product_cat?post=79594"},{"taxonomy":"product_tag","embeddable":true,"href":"https:\/\/blankpage.ee\/_ruumist-ruumi\/wp-json\/wp\/v2\/product_tag?post=79594"}],"curies":[{"name":"wp","href":"https:\/\/api.w.org\/{rel}","templated":true}]}}