{"id":79622,"date":"2025-01-08T10:19:58","date_gmt":"2025-01-08T10:19:58","guid":{"rendered":"https:\/\/ruumistruumi.ee\/?post_type=product&#038;p=79622"},"modified":"2025-08-21T08:21:44","modified_gmt":"2025-08-21T08:21:44","slug":"jalanoude-kuivati-deerma-dem-hx10w","status":"publish","type":"product","link":"https:\/\/blankpage.ee\/_ruumist-ruumi\/pood\/jalanoude-kuivati-deerma-dem-hx10w\/","title":{"rendered":"Jalan\u00f5ude kuivati Deerma DEM-HX10W"},"content":{"rendered":"<h3>U kujuline disain parema j\u00f5udluse saavutamiseks<\/h3>\n<p>Kingade pikaajaliseks kestmiseks on vaja nende eest korralikult hoolitseda. Vihmase ilmaga saavad kingad m\u00e4rjaks ja selle tulemusena materjal halveneb. Selleks on Deerma v\u00e4lja t\u00f6\u00f6tanud spetsiaalse kingakuivati. Kui eelmine mudel v\u00f5imaldas kuivatada ainult \u00fchte paari kingi, siis HX10W mudel on disainitud nii, et saate kuivatada korraga kahte paari kingi, s\u00e4\u00e4stes teie v\u00e4\u00e4rtuslikku aega.<\/p>\n<p><img decoding=\"async\" src=\"https:\/\/blankpage.ee\/_ruumist-ruumi\/wp-content\/uploads\/2025\/01\/1-11.jpg\" \/><\/p>\n<h3>Rohkem kui lihtsalt kingakuivati<\/h3>\n<p>See mitte ainult ei kuivata l\u00e4bim\u00e4rgi kingi, vaid hoolitseb ka teie jalgade tervise eest, ennetades bakterite levikut. Kingadesse j\u00e4\u00e4v niiskus v\u00f5ib p\u00f5hjustada bakterite kasvu, seega HX10W kuivati k\u00f5rvaldab need. Seadme sees olev keraamiline osoonigeneraator toodab suures koguses osooni, mis imbub iga kinga kiudu, oks\u00fcdeerides ja lagundades l\u00f5hna p\u00f5hjustavaid tegureid ning pidurdades seente kasvu. Temperatuur vahemikus 30-55\u00b0C h\u00e4vitab 99,9% bakteritest, kahjustamata jalatseid. Lisaks soojendab seade kingi, lisades mugavust k\u00fclmadel p\u00e4evadel.<\/p>\n<p><img decoding=\"async\" src=\"https:\/\/blankpage.ee\/_ruumist-ruumi\/wp-content\/uploads\/2025\/01\/12-4.jpg\" \/><\/p>\n<h3>Igat t\u00fc\u00fcpi kingade jaoks<\/h3>\n<p>Seadmel on 4 kuivatamisre\u017eiimi, et saaksite kuivatada igat t\u00fc\u00fcpi jalatseid. Standardre\u017eiim kuivatab saapaid v\u00f5i talvekingi. Spetsiaalne re\u017eiim nahkjalatsite jaoks kuivatab neid p\u00f5hjalikult, kahjustamata materjali. Kolmas re\u017eiim kuivatab \u00f5rnalt tossusid ja viimane, osoonkuivatamine, kuivatab n\u00e4iteks sokke.<\/p>\n<p><img decoding=\"async\" src=\"https:\/\/blankpage.ee\/_ruumist-ruumi\/wp-content\/uploads\/2025\/01\/8-12.jpg\" \/><\/p>\n<h3>Kuivatab ka k\u00f5rgeid kingi p\u00f5hjalikult<\/h3>\n<p>K\u00f5rgete kingade, nagu saapad, kuivatamine v\u00f5ib olla pisut keeruline. Teie mugavuse huvides on DEM-HX10 varustatud spetsiaalsete hoidikutega, mis tagavad parema tasakaalu ja stabiilsuse. Need tagavad ka, et seade kuivatab kingad t\u00f5husalt kogu nende k\u00f5rguselt. Nii v\u00f5ite olla kindel, et teie kingad on ideaalselt kuivad.<\/p>\n<p><img decoding=\"async\" src=\"https:\/\/blankpage.ee\/_ruumist-ruumi\/wp-content\/uploads\/2025\/01\/2-10.jpg\" \/><\/p>\n<h3>T\u00f5hus ja multifunktsionaalne<\/h3>\n<p>Teised kingakuivatid ei ulatu nii s\u00fcgavale kinga sisse ja kuivatavad ainult v\u00e4ikest ala kingast. Deerma HX10W-l on 27 cm voolik, mis ulatub iga kinga sisse, kuivatades selle p\u00f5hjalikult. Selle seadmega saate ka kuivatada riideid v\u00f5i eemaldada niiskust suurematest ruumidest, nagu k\u00f6\u00f6k v\u00f5i elutuba.<\/p>\n<p><img decoding=\"async\" src=\"https:\/\/blankpage.ee\/_ruumist-ruumi\/wp-content\/uploads\/2025\/01\/7-10.jpg\" \/><\/p>\n<h3>Kolmekordne kaitses\u00fcsteem<\/h3>\n<p>Kuivati temperatuur on seadme sees oleva regulaatori abil rangelt kontrollitud. Lisaks kaitseb kaitse \u00fclekuumenemise eest, muutes selle kasutamise ohutuks. Kui kuivatamine on l\u00f5petatud, jahutatakse kesta alumine osa, et v\u00e4hendada p\u00f5letuste ohtu ja s\u00e4ilitada ohutus.<\/p>\n<p><img decoding=\"async\" src=\"https:\/\/blankpage.ee\/_ruumist-ruumi\/wp-content\/uploads\/2025\/01\/3-10.jpg\" \/><\/p>\n<div class=\"table-wrapper\">\n<table>\n<tbody>\n<tr>\n<th>Br\u00e4nd<\/th>\n<td>Deerma<\/td>\n<\/tr>\n<tr>\n<th>Nimi<\/th>\n<td>Kingakuivati<\/td>\n<\/tr>\n<tr>\n<th>Mudel<\/th>\n<td>DEM-HX10W<\/td>\n<\/tr>\n<tr>\n<th>Nimipinge<\/th>\n<td>220-240V~50\/60Hz<\/td>\n<\/tr>\n<tr>\n<th>Nimiv\u00f5imsus<\/th>\n<td>235W<\/td>\n<\/tr>\n<tr>\n<th>Toote suurus<\/th>\n<td>211 x 117 x 280 mm<\/td>\n<\/tr>\n<tr>\n<th>Kaal<\/th>\n<td>1.2 kg<\/td>\n<\/tr>\n<tr>\n<th>Materjal<\/th>\n<td>ABS<\/td>\n<\/tr>\n<tr>\n<th>V\u00e4rv<\/th>\n<td>Valge<\/td>\n<\/tr>\n<tr>\n<th>Temperatuur<\/th>\n<td>30-55\u00b0C<\/td>\n<\/tr>\n<tr>\n<th>Omadused<\/th>\n<td>Kuivati, taimer, deodoratsioon, steriliseerimine<\/td>\n<\/tr>\n<\/tbody>\n<\/table>\n<\/div>\n","protected":false},"excerpt":{"rendered":"<p>U kujuline disain parema j\u00f5udluse saavutamiseks Kingade pikaajaliseks kestmiseks on vaja nende eest korralikult hoolitseda. Vihmase ilmaga saavad kingad m\u00e4rjaks ja selle tulemusena materjal halveneb. Selleks on Deerma v\u00e4lja t\u00f6\u00f6tanud spetsiaalse kingakuivati. Kui eelmine mudel v\u00f5imaldas kuivatada ainult \u00fchte paari kingi, siis HX10W mudel on disainitud nii, et saate kuivatada korraga kahte paari kingi, s\u00e4\u00e4stes [&hellip;]<\/p>\n","protected":false},"featured_media":79629,"comment_status":"open","ping_status":"closed","template":"","meta":[],"product_brand":[],"product_cat":[1212],"product_tag":[],"class_list":{"0":"post-79622","1":"product","2":"type-product","3":"status-publish","4":"has-post-thumbnail","6":"product_cat-muu-koduelektroonika","7":"product_shipping_class-innpro","9":"first","10":"instock","11":"sale","12":"taxable","13":"shipping-taxable","14":"purchasable","15":"product-type-simple"},"_links":{"self":[{"href":"https:\/\/blankpage.ee\/_ruumist-ruumi\/wp-json\/wp\/v2\/product\/79622","targetHints":{"allow":["GET"]}}],"collection":[{"href":"https:\/\/blankpage.ee\/_ruumist-ruumi\/wp-json\/wp\/v2\/product"}],"about":[{"href":"https:\/\/blankpage.ee\/_ruumist-ruumi\/wp-json\/wp\/v2\/types\/product"}],"replies":[{"embeddable":true,"href":"https:\/\/blankpage.ee\/_ruumist-ruumi\/wp-json\/wp\/v2\/comments?post=79622"}],"wp:featuredmedia":[{"embeddable":true,"href":"https:\/\/blankpage.ee\/_ruumist-ruumi\/wp-json\/wp\/v2\/media\/79629"}],"wp:attachment":[{"href":"https:\/\/blankpage.ee\/_ruumist-ruumi\/wp-json\/wp\/v2\/media?parent=79622"}],"wp:term":[{"taxonomy":"product_brand","embeddable":true,"href":"https:\/\/blankpage.ee\/_ruumist-ruumi\/wp-json\/wp\/v2\/product_brand?post=79622"},{"taxonomy":"product_cat","embeddable":true,"href":"https:\/\/blankpage.ee\/_ruumist-ruumi\/wp-json\/wp\/v2\/product_cat?post=79622"},{"taxonomy":"product_tag","embeddable":true,"href":"https:\/\/blankpage.ee\/_ruumist-ruumi\/wp-json\/wp\/v2\/product_tag?post=79622"}],"curies":[{"name":"wp","href":"https:\/\/api.w.org\/{rel}","templated":true}]}}