{"id":79634,"date":"2025-01-08T10:19:58","date_gmt":"2025-01-08T10:19:58","guid":{"rendered":"https:\/\/ruumistruumi.ee\/?post_type=product&#038;p=79634"},"modified":"2025-08-21T08:21:44","modified_gmt":"2025-08-21T08:21:44","slug":"topieemaldaja-deerma-mq600","status":"publish","type":"product","link":"https:\/\/blankpage.ee\/_ruumist-ruumi\/pood\/topieemaldaja-deerma-mq600\/","title":{"rendered":"Topieemaldaja Deerma MQ600"},"content":{"rendered":"<h3>Topieemaldaja Deerma MQ600<\/h3>\n<p>Sinu kortsus riided v\u00f5ivad peagi v\u00e4lja n\u00e4ha nagu uued. Deerma MQ600 topieemaldaja on varustatud suure j\u00f5udlusega mootoriga, mis t\u00f6\u00f6tab kuni 7000 p\u00f6\u00f6ret minutis ja tagab \u00fcletamatu j\u00f5udluse. See kaalub vaid 160g ja on t\u00f5eliselt kompaktne &#8211; see v\u00f5ib sind peaaegu k\u00f5ikjal saata. Samuti pakub see 2 pead. Seade t\u00f6\u00f6tab USB kaudu &#8211; lihtsalt \u00fchenda see adapteri v\u00f5i akupangaga. Sisseehitatud laetava akuga saab see t\u00f6\u00f6tada ka juhtmevabalt.<\/p>\n<p><img decoding=\"async\" src=\"https:\/\/blankpage.ee\/_ruumist-ruumi\/wp-content\/uploads\/2025\/01\/1-12.jpg\" \/><\/p>\n<h3>2 pead erilisteks \u00fclesanneteks<\/h3>\n<p>Sinu lemmik kampsunile on tekkinud topid? Kas su elegantsel pluusil on ilmunud topid ja v\u00e4ljaulatuvad niidid? Pole enam probleemi! Deerma puhastajaga kulub vaid 3 minutit, et riided n\u00e4eksid v\u00e4lja nagu uued. Seade on varustatud 2 peaga, mida saad kasutada vaheldumisi, olenevalt vajadustest. \u00dcks on kiireks toppide eemaldamiseks. Teine on m\u00f5eldud toppide ja niitide kleepimiseks.<\/p>\n<p><img decoding=\"async\" src=\"https:\/\/blankpage.ee\/_ruumist-ruumi\/wp-content\/uploads\/2025\/01\/8-13.jpg\" \/><\/p>\n<h3>Mugav kasutada<\/h3>\n<p>Deerma MQ600 riidepuhastaja paistab silma oma viimistletud, l\u00e4bim\u00f5eldud disainiga. See sobib ideaalselt sinu k\u00e4tte ja on uskumatult mugav kasutada. Nii saad korrastada palju riideid \u00fche korraga! See on kerge ja kompaktne, nii et saad seda alati k\u00e4ep\u00e4rast hoida. Puhastajat on lihtne kaasas kanda spetsiaalse rihmaga, mis v\u00f5imaldab selle randmele riputada v\u00f5i kotile kinnitada.<\/p>\n<p><img decoding=\"async\" src=\"https:\/\/blankpage.ee\/_ruumist-ruumi\/wp-content\/uploads\/2025\/01\/9-9.jpg\" \/><\/p>\n<h3>T\u00f5hus ja vaikne<\/h3>\n<p>N\u00fc\u00fcd saad vaadata telesarja v\u00f5i kuulata muusikat, eemaldades samal ajal kortse ilma katkestusteta. Deerma puhastaja t\u00f6\u00f6tab \u00e4\u00e4rmiselt vaikselt &#8211; sind ei h\u00e4iri t\u00fc\u00fctu m\u00fcra. See on v\u00f5imalik t\u00e4nu suurep\u00e4rase kvaliteediga mootorile, mis t\u00f6\u00f6tab kiirustel kuni 7000 p\u00f6\u00f6ret minutis, tekitamata palju m\u00fcra.<\/p>\n<p><img decoding=\"async\" src=\"https:\/\/blankpage.ee\/_ruumist-ruumi\/wp-content\/uploads\/2025\/01\/5-11.jpg\" \/><\/p>\n<h3>V\u00f5ib t\u00f6\u00f6tada juhtmevabalt<\/h3>\n<p>Kas hindad vabadust, mida juhtmevabad lahendused pakuvad? Deerma MQ600 riidepuhastaja ei vea sind alt! See on varustatud pika kestvusega akuga, mis tagab kuni 45 minutit kasutusaega \u00fche laadimisega. Kui soovid, saad seadme \u00fchendada ka vooluallikaga ja seda nii kasutada. Sisseehitatud USB-port v\u00f5imaldab puhastajat mugavalt laadida mitte ainult adapteriga, vaid ka n\u00e4iteks akupanga v\u00f5i s\u00fclearvutiga.<\/p>\n<p><img decoding=\"async\" src=\"https:\/\/blankpage.ee\/_ruumist-ruumi\/wp-content\/uploads\/2025\/01\/12-5.jpg\" \/><\/p>\n<h3>Kindel ja vastupidav<\/h3>\n<p>See praktiline seade teenib sind h\u00e4sti pikka aega. See on valmistatud suurep\u00e4rase kvaliteediga materjalidest, mis on \u00e4\u00e4rmiselt vastupidavad ja v\u00f5imaldavad samal ajal kortse t\u00f5husalt ja ohutult eemaldada. Eriline v\u00f5rk ja l\u00f5ikepea on valmistatud k\u00f5rgekvaliteedilisest 304 roostevabast terasest, samas kui seadme korpus on valmistatud kahjustuskindlast ABS-plastikust. MQ600 on ka ohutu kasutada. Kui terasv\u00f5rk on isegi veidi lahti, lakkab puhastaja kohe t\u00f6\u00f6tamast. T\u00e4iendav kate kaitseb seadet tolmu eest.<\/p>\n<p><img decoding=\"async\" src=\"https:\/\/blankpage.ee\/_ruumist-ruumi\/wp-content\/uploads\/2025\/01\/7-11.jpg\" \/><\/p>\n<div class=\"table-wrapper\">\n<table>\n<tbody>\n<tr>\n<th>Br\u00e4nd<\/th>\n<td>Deerma<\/td>\n<\/tr>\n<tr>\n<th>Nimi<\/th>\n<td>Deerma toppide eemaldaja<\/td>\n<\/tr>\n<tr>\n<th>Mudel<\/th>\n<td>DEM-MQ600<\/td>\n<\/tr>\n<tr>\n<th>Nimiv\u00f5imsus<\/th>\n<td>3W<\/td>\n<\/tr>\n<tr>\n<th>Nimipinge<\/th>\n<td>3.7V<\/td>\n<\/tr>\n<tr>\n<th>Laadimispinge<\/th>\n<td>5V<\/td>\n<\/tr>\n<tr>\n<th>Laadimisaeg<\/th>\n<td>Umbes 2h<\/td>\n<\/tr>\n<tr>\n<th>T\u00f6\u00f6aeg<\/th>\n<td>Kuni 45 minutit<\/td>\n<\/tr>\n<tr>\n<th>Kaal<\/th>\n<td>Umbes 160g<\/td>\n<\/tr>\n<tr>\n<th>M\u00f5\u00f5tmed<\/th>\n<td>110x80x80mm<\/td>\n<\/tr>\n<tr>\n<th>Materjal<\/th>\n<td>ABS, PC, roostevaba teras<\/td>\n<\/tr>\n<\/tbody>\n<\/table>\n<\/div>\n","protected":false},"excerpt":{"rendered":"<p>Topieemaldaja Deerma MQ600 Sinu kortsus riided v\u00f5ivad peagi v\u00e4lja n\u00e4ha nagu uued. Deerma MQ600 topieemaldaja on varustatud suure j\u00f5udlusega mootoriga, mis t\u00f6\u00f6tab kuni 7000 p\u00f6\u00f6ret minutis ja tagab \u00fcletamatu j\u00f5udluse. See kaalub vaid 160g ja on t\u00f5eliselt kompaktne &#8211; see v\u00f5ib sind peaaegu k\u00f5ikjal saata. Samuti pakub see 2 pead. Seade t\u00f6\u00f6tab USB kaudu &#8211; [&hellip;]<\/p>\n","protected":false},"featured_media":79641,"comment_status":"open","ping_status":"closed","template":"","meta":[],"product_brand":[],"product_cat":[1212],"product_tag":[],"class_list":{"0":"post-79634","1":"product","2":"type-product","3":"status-publish","4":"has-post-thumbnail","6":"product_cat-muu-koduelektroonika","7":"product_shipping_class-innpro","9":"first","10":"instock","11":"sale","12":"taxable","13":"shipping-taxable","14":"purchasable","15":"product-type-simple"},"_links":{"self":[{"href":"https:\/\/blankpage.ee\/_ruumist-ruumi\/wp-json\/wp\/v2\/product\/79634","targetHints":{"allow":["GET"]}}],"collection":[{"href":"https:\/\/blankpage.ee\/_ruumist-ruumi\/wp-json\/wp\/v2\/product"}],"about":[{"href":"https:\/\/blankpage.ee\/_ruumist-ruumi\/wp-json\/wp\/v2\/types\/product"}],"replies":[{"embeddable":true,"href":"https:\/\/blankpage.ee\/_ruumist-ruumi\/wp-json\/wp\/v2\/comments?post=79634"}],"wp:featuredmedia":[{"embeddable":true,"href":"https:\/\/blankpage.ee\/_ruumist-ruumi\/wp-json\/wp\/v2\/media\/79641"}],"wp:attachment":[{"href":"https:\/\/blankpage.ee\/_ruumist-ruumi\/wp-json\/wp\/v2\/media?parent=79634"}],"wp:term":[{"taxonomy":"product_brand","embeddable":true,"href":"https:\/\/blankpage.ee\/_ruumist-ruumi\/wp-json\/wp\/v2\/product_brand?post=79634"},{"taxonomy":"product_cat","embeddable":true,"href":"https:\/\/blankpage.ee\/_ruumist-ruumi\/wp-json\/wp\/v2\/product_cat?post=79634"},{"taxonomy":"product_tag","embeddable":true,"href":"https:\/\/blankpage.ee\/_ruumist-ruumi\/wp-json\/wp\/v2\/product_tag?post=79634"}],"curies":[{"name":"wp","href":"https:\/\/api.w.org\/{rel}","templated":true}]}}