{"id":79653,"date":"2025-01-08T10:19:58","date_gmt":"2025-01-08T10:19:58","guid":{"rendered":"https:\/\/ruumistruumi.ee\/?post_type=product&#038;p=79653"},"modified":"2025-08-21T08:21:44","modified_gmt":"2025-08-21T08:21:44","slug":"mahlapress-amzchef-1501-bk-sm-must","status":"publish","type":"product","link":"https:\/\/blankpage.ee\/_ruumist-ruumi\/pood\/mahlapress-amzchef-1501-bk-sm-must\/","title":{"rendered":"Mahlapress AMZCHEF 1501-BK-SM (must)"},"content":{"rendered":"<h3>Mahlapress AMZCHEF 1501-BK-SM (must)<\/h3>\n<p>Nautige iga p\u00e4ev v\u00e4rsket ja tervislikku mahla AMZCHEF 1501-BK-SM aeglase kiirusega mahlapressiga. Varustatud 7-etapilise uuendatud spiraali ja t\u00e4iustatud k\u00fclmpressimise tehnoloogiaga, saavutab see kuni 90% saagikuse puu- ja k\u00f6\u00f6giviljadest. Iga lonks on maksimaalne annus vitamiine ja mineraale, ilma tarbetu raiskamiseta. Valmistatud PMMA materjalist, tagab see mitte ainult suurep\u00e4rase mahla kvaliteedi, vaid ka seadme pikaealisuse. Hoolitsege oma tervise eest ja muutke oma toitumisharjumusi AMZCHEF mahlapressiga.<\/p>\n<p><img loading=\"lazy\" decoding=\"async\" class=\"alignnone size-medium_large wp-image-79720\" src=\"https:\/\/blankpage.ee\/_ruumist-ruumi\/wp-content\/uploads\/2025\/01\/Mahlapress-AMZCHEF-1501-BK-SM-must-10-768x489.webp\" alt=\"Mahlapress AMZCHEF 1501-BK-SM (must)\" width=\"768\" height=\"489\" srcset=\"https:\/\/blankpage.ee\/_ruumist-ruumi\/wp-content\/uploads\/2025\/01\/Mahlapress-AMZCHEF-1501-BK-SM-must-10-768x489.webp 768w, https:\/\/blankpage.ee\/_ruumist-ruumi\/wp-content\/uploads\/2025\/01\/Mahlapress-AMZCHEF-1501-BK-SM-must-10-300x191.webp 300w, https:\/\/blankpage.ee\/_ruumist-ruumi\/wp-content\/uploads\/2025\/01\/Mahlapress-AMZCHEF-1501-BK-SM-must-10-400x255.webp 400w, https:\/\/blankpage.ee\/_ruumist-ruumi\/wp-content\/uploads\/2025\/01\/Mahlapress-AMZCHEF-1501-BK-SM-must-10-922x587.webp 922w, https:\/\/blankpage.ee\/_ruumist-ruumi\/wp-content\/uploads\/2025\/01\/Mahlapress-AMZCHEF-1501-BK-SM-must-10.webp 1000w\" sizes=\"auto, (max-width: 768px) 100vw, 768px\" \/><\/p>\n<h3>Innovatiivne aeglase kiiruse tehnoloogia<\/h3>\n<p>AMZCHEF mahlapress pressib mahla 80 p\u00f6\u00f6rde minutis, mis minimeerib oks\u00fcdeerumist ja tagab v\u00e4rskuse. Protsess toimub ilma teradeta, k\u00f5rvaldades oks\u00fcdeerumise probleemid ja v\u00f5imaldades nautida puhast ja toitaineterikast mahla. Madala kiiruse tehnoloogia toodab ka kuiva viljaliha, mis n\u00e4itab masina k\u00f5rget efektiivsust.<\/p>\n<p><img loading=\"lazy\" decoding=\"async\" class=\"alignnone size-medium_large wp-image-79718\" src=\"https:\/\/blankpage.ee\/_ruumist-ruumi\/wp-content\/uploads\/2025\/01\/Mahlapress-AMZCHEF-1501-BK-SM-must-7-768x489.webp\" alt=\"Mahlapress AMZCHEF 1501-BK-SM (must)\" width=\"768\" height=\"489\" srcset=\"https:\/\/blankpage.ee\/_ruumist-ruumi\/wp-content\/uploads\/2025\/01\/Mahlapress-AMZCHEF-1501-BK-SM-must-7-768x489.webp 768w, https:\/\/blankpage.ee\/_ruumist-ruumi\/wp-content\/uploads\/2025\/01\/Mahlapress-AMZCHEF-1501-BK-SM-must-7-300x191.webp 300w, https:\/\/blankpage.ee\/_ruumist-ruumi\/wp-content\/uploads\/2025\/01\/Mahlapress-AMZCHEF-1501-BK-SM-must-7-400x255.webp 400w, https:\/\/blankpage.ee\/_ruumist-ruumi\/wp-content\/uploads\/2025\/01\/Mahlapress-AMZCHEF-1501-BK-SM-must-7-922x587.webp 922w, https:\/\/blankpage.ee\/_ruumist-ruumi\/wp-content\/uploads\/2025\/01\/Mahlapress-AMZCHEF-1501-BK-SM-must-7.webp 1000w\" sizes=\"auto, (max-width: 768px) 100vw, 768px\" \/><\/p>\n<h3>Turvaline ja lihtne kasutada<\/h3>\n<p>Mahlapress on loodud kogu perele m\u00f5eldes. Sellel on turvaline, kitsas 4,5 cm l\u00e4bim\u00f5\u00f5duga s\u00f6\u00f6tmisava, mis hoiab \u00e4ra laste juhusliku vigastuse kasutamise ajal. Lisaks muudab intuitiivne paigalduss\u00fcsteem ja tagasik\u00e4igu funktsioon selle lihtsaks kasutada ja ummistuste v\u00e4ltimiseks, muutes iga mahla pressimise mitte ainult l\u00f5busaks ja lihtsaks, vaid ka turvaliseks.<\/p>\n<p><img loading=\"lazy\" decoding=\"async\" class=\"alignnone size-medium_large wp-image-79716\" src=\"https:\/\/blankpage.ee\/_ruumist-ruumi\/wp-content\/uploads\/2025\/01\/Mahlapress-AMZCHEF-1501-BK-SM-must-2-768x489.webp\" alt=\"Mahlapress AMZCHEF 1501-BK-SM (must)\" width=\"768\" height=\"489\" srcset=\"https:\/\/blankpage.ee\/_ruumist-ruumi\/wp-content\/uploads\/2025\/01\/Mahlapress-AMZCHEF-1501-BK-SM-must-2-768x489.webp 768w, https:\/\/blankpage.ee\/_ruumist-ruumi\/wp-content\/uploads\/2025\/01\/Mahlapress-AMZCHEF-1501-BK-SM-must-2-300x191.webp 300w, https:\/\/blankpage.ee\/_ruumist-ruumi\/wp-content\/uploads\/2025\/01\/Mahlapress-AMZCHEF-1501-BK-SM-must-2-400x255.webp 400w, https:\/\/blankpage.ee\/_ruumist-ruumi\/wp-content\/uploads\/2025\/01\/Mahlapress-AMZCHEF-1501-BK-SM-must-2-922x587.webp 922w, https:\/\/blankpage.ee\/_ruumist-ruumi\/wp-content\/uploads\/2025\/01\/Mahlapress-AMZCHEF-1501-BK-SM-must-2.webp 1000w\" sizes=\"auto, (max-width: 768px) 100vw, 768px\" \/><\/p>\n<h3>Lihtne puhastada<\/h3>\n<p>AMZCHEF mahlapress on mugavuse s\u00fcnon\u00fc\u00fcm &#8211; masin lahti v\u00f5tmiseks ja puhastamiseks valmistamiseks piisab \u00fchest nupuvajutusest. Komplektis on spetsiaalne harja v\u00e4ikeste osade lihtsaks puhastamiseks. Praktiline s\u00f5el eraldab t\u00f5husalt viljaliha mahlast, muutes puhta joogi saamise palju lihtsamaks ilma tarbetu j\u00e4\u00e4gita.<\/p>\n<p><img loading=\"lazy\" decoding=\"async\" class=\"alignnone size-medium_large wp-image-79719\" src=\"https:\/\/blankpage.ee\/_ruumist-ruumi\/wp-content\/uploads\/2025\/01\/Mahlapress-AMZCHEF-1501-BK-SM-must-8-768x489.webp\" alt=\"Mahlapress AMZCHEF 1501-BK-SM (must)\" width=\"768\" height=\"489\" srcset=\"https:\/\/blankpage.ee\/_ruumist-ruumi\/wp-content\/uploads\/2025\/01\/Mahlapress-AMZCHEF-1501-BK-SM-must-8-768x489.webp 768w, https:\/\/blankpage.ee\/_ruumist-ruumi\/wp-content\/uploads\/2025\/01\/Mahlapress-AMZCHEF-1501-BK-SM-must-8-300x191.webp 300w, https:\/\/blankpage.ee\/_ruumist-ruumi\/wp-content\/uploads\/2025\/01\/Mahlapress-AMZCHEF-1501-BK-SM-must-8-400x255.webp 400w, https:\/\/blankpage.ee\/_ruumist-ruumi\/wp-content\/uploads\/2025\/01\/Mahlapress-AMZCHEF-1501-BK-SM-must-8-922x587.webp 922w, https:\/\/blankpage.ee\/_ruumist-ruumi\/wp-content\/uploads\/2025\/01\/Mahlapress-AMZCHEF-1501-BK-SM-must-8.webp 1000w\" sizes=\"auto, (max-width: 768px) 100vw, 768px\" \/><\/p>\n<h3>Vaikne t\u00f6\u00f6 ja nutikad turvafunktsioonid<\/h3>\n<p>Mootor, mis t\u00f6\u00f6tab alla 60 dB, v\u00f5imaldab mahla pressida isegi varahommikul, h\u00e4irimata pereliikmeid. Sisseehitatud nutikad kiibid kaitsevad seadet \u00fclekuumenemise eest, tagades pika eluea ja ohutu kasutamise aastateks. 304 roostevaba terase, PMMA materjali ja l\u00e4bipaistva korpuse kasutamine tagab seadme suurep\u00e4rase vastupidavuse, muudab pressimisprotsessi lihtsaks j\u00e4lgida ja annab t\u00e4ieliku kontrolli tunde seadme \u00fcle.<\/p>\n<p><img loading=\"lazy\" decoding=\"async\" class=\"alignnone size-medium_large wp-image-79717\" src=\"https:\/\/blankpage.ee\/_ruumist-ruumi\/wp-content\/uploads\/2025\/01\/Mahlapress-AMZCHEF-1501-BK-SM-must-5-768x489.webp\" alt=\"Mahlapress AMZCHEF 1501-BK-SM (must)\" width=\"768\" height=\"489\" srcset=\"https:\/\/blankpage.ee\/_ruumist-ruumi\/wp-content\/uploads\/2025\/01\/Mahlapress-AMZCHEF-1501-BK-SM-must-5-768x489.webp 768w, https:\/\/blankpage.ee\/_ruumist-ruumi\/wp-content\/uploads\/2025\/01\/Mahlapress-AMZCHEF-1501-BK-SM-must-5-300x191.webp 300w, https:\/\/blankpage.ee\/_ruumist-ruumi\/wp-content\/uploads\/2025\/01\/Mahlapress-AMZCHEF-1501-BK-SM-must-5-400x255.webp 400w, https:\/\/blankpage.ee\/_ruumist-ruumi\/wp-content\/uploads\/2025\/01\/Mahlapress-AMZCHEF-1501-BK-SM-must-5-922x587.webp 922w, https:\/\/blankpage.ee\/_ruumist-ruumi\/wp-content\/uploads\/2025\/01\/Mahlapress-AMZCHEF-1501-BK-SM-must-5.webp 1000w\" sizes=\"auto, (max-width: 768px) 100vw, 768px\" \/><\/p>\n<h3>Maitsete rikkus iga p\u00e4ev<\/h3>\n<p>AMZCHEF mahlapressiga saate alustada iga p\u00e4eva v\u00e4rske mahlaga, mis on t\u00e4is vitamiine ja mineraale. Mahlapress pakub funktsioone nagu l\u00f5ikamine, murdmine, pressimine, jahvatamine, eraldamine, purustamine, ekstraheerimine, nii et saate seda kohandada vastavalt oma vajadustele. T\u00e4iustatud aeglase kiiruse tehnoloogia tagab minimaalse oks\u00fcdeerumise ja s\u00fcgavama maitse, samal ajal kui naudite rikkalikumat toitev\u00e4\u00e4rtust. Tooge oma ellu tervislikud harjumused ja avastage r\u00f5\u00f5m oma mahlade valmistamisest iga p\u00e4ev!<\/p>\n<p><img loading=\"lazy\" decoding=\"async\" class=\"alignnone size-medium_large wp-image-79721\" src=\"https:\/\/blankpage.ee\/_ruumist-ruumi\/wp-content\/uploads\/2025\/01\/Mahlapress-AMZCHEF-1501-BK-SM-must-6-768x489.jpg\" alt=\"Mahlapress AMZCHEF 1501-BK-SM (must)\" width=\"768\" height=\"489\" srcset=\"https:\/\/blankpage.ee\/_ruumist-ruumi\/wp-content\/uploads\/2025\/01\/Mahlapress-AMZCHEF-1501-BK-SM-must-6-768x489.jpg 768w, https:\/\/blankpage.ee\/_ruumist-ruumi\/wp-content\/uploads\/2025\/01\/Mahlapress-AMZCHEF-1501-BK-SM-must-6-300x191.jpg 300w, https:\/\/blankpage.ee\/_ruumist-ruumi\/wp-content\/uploads\/2025\/01\/Mahlapress-AMZCHEF-1501-BK-SM-must-6-400x255.jpg 400w, https:\/\/blankpage.ee\/_ruumist-ruumi\/wp-content\/uploads\/2025\/01\/Mahlapress-AMZCHEF-1501-BK-SM-must-6-922x587.jpg 922w, https:\/\/blankpage.ee\/_ruumist-ruumi\/wp-content\/uploads\/2025\/01\/Mahlapress-AMZCHEF-1501-BK-SM-must-6.jpg 1000w\" sizes=\"auto, (max-width: 768px) 100vw, 768px\" \/><\/p>\n<h3>Komplektis<\/h3>\n<ul class=\"list-disc\">\n<li>Press<\/li>\n<li>Mahlakann<\/li>\n<li>J\u00e4\u00e4tmekann<\/li>\n<li>Puhastusharja<\/li>\n<li>Kasutusjuhend<\/li>\n<\/ul>\n<div class=\"table-wrapper\">\n<h3><\/h3>\n<table>\n<tbody>\n<tr>\n<th>Tootja<\/th>\n<td>AMZCHEF<\/td>\n<\/tr>\n<tr>\n<th>Mudel<\/th>\n<td>1501-BK-SM<\/td>\n<\/tr>\n<tr>\n<th>V\u00e4rv<\/th>\n<td>must<\/td>\n<\/tr>\n<tr>\n<th>Mootor<\/th>\n<td>Aeglase kiirusega, 80 p\/min<\/td>\n<\/tr>\n<tr>\n<th>M\u00fcratase<\/th>\n<td>Alla 60 dB<\/td>\n<\/tr>\n<tr>\n<th>Konstruktsioonimaterjal<\/th>\n<td>PMMA, 304 roostevaba teras<\/td>\n<\/tr>\n<tr>\n<th>Spiraal<\/th>\n<td>7-etapiline, uuendatud, k\u00f5rge mahla saagikusega<\/td>\n<\/tr>\n<tr>\n<th>Mahla saagikus<\/th>\n<td>Kuni 90% puu- ja k\u00f6\u00f6giviljadest<\/td>\n<\/tr>\n<tr>\n<th>Turvaline s\u00f6\u00f6tmisava<\/th>\n<td>4,5 cm (1,8 tolli) l\u00e4bim\u00f5\u00f5t<\/td>\n<\/tr>\n<tr>\n<th>Pressimiss\u00fcsteem<\/th>\n<td>K\u00fclmpressimise tehnoloogia, minimaalne oks\u00fcdeerumine<\/td>\n<\/tr>\n<tr>\n<th>Funktsioonid<\/th>\n<td>L\u00f5ikamine, murdmine, pressimine, jahvatamine, eraldamine, purustamine, ekstraheerimine<\/td>\n<\/tr>\n<tr>\n<th>Filter<\/th>\n<td>Peen s\u00f5el, eraldab viljaliha mahlast<\/td>\n<\/tr>\n<tr>\n<th>Lisafunktsioonid<\/th>\n<td>ON\/OFF nupp, tagasik\u00e4igu funktsioon, intelligentsed kaitsekiibid.<\/td>\n<\/tr>\n<tr>\n<th>Korpus<\/th>\n<td>L\u00e4bipaistev, v\u00f5imaldab pressimisprotsessi lihtsat j\u00e4lgimist<\/td>\n<\/tr>\n<tr>\n<th>Mahutid<\/th>\n<td>Uuendatud mahla- ja viljalihamassikonteiner<\/td>\n<\/tr>\n<\/tbody>\n<\/table>\n<\/div>\n","protected":false},"excerpt":{"rendered":"<p>Mahlapress AMZCHEF 1501-BK-SM (must) Nautige iga p\u00e4ev v\u00e4rsket ja tervislikku mahla AMZCHEF 1501-BK-SM aeglase kiirusega mahlapressiga. Varustatud 7-etapilise uuendatud spiraali ja t\u00e4iustatud k\u00fclmpressimise tehnoloogiaga, saavutab see kuni 90% saagikuse puu- ja k\u00f6\u00f6giviljadest. Iga lonks on maksimaalne annus vitamiine ja mineraale, ilma tarbetu raiskamiseta. Valmistatud PMMA materjalist, tagab see mitte ainult suurep\u00e4rase mahla kvaliteedi, vaid ka [&hellip;]<\/p>\n","protected":false},"featured_media":79654,"comment_status":"open","ping_status":"closed","template":"","meta":[],"product_brand":[],"product_cat":[1212],"product_tag":[],"class_list":{"0":"post-79653","1":"product","2":"type-product","3":"status-publish","4":"has-post-thumbnail","6":"product_cat-muu-koduelektroonika","7":"product_shipping_class-innpro","9":"first","10":"instock","11":"sale","12":"taxable","13":"shipping-taxable","14":"purchasable","15":"product-type-simple"},"_links":{"self":[{"href":"https:\/\/blankpage.ee\/_ruumist-ruumi\/wp-json\/wp\/v2\/product\/79653","targetHints":{"allow":["GET"]}}],"collection":[{"href":"https:\/\/blankpage.ee\/_ruumist-ruumi\/wp-json\/wp\/v2\/product"}],"about":[{"href":"https:\/\/blankpage.ee\/_ruumist-ruumi\/wp-json\/wp\/v2\/types\/product"}],"replies":[{"embeddable":true,"href":"https:\/\/blankpage.ee\/_ruumist-ruumi\/wp-json\/wp\/v2\/comments?post=79653"}],"wp:featuredmedia":[{"embeddable":true,"href":"https:\/\/blankpage.ee\/_ruumist-ruumi\/wp-json\/wp\/v2\/media\/79654"}],"wp:attachment":[{"href":"https:\/\/blankpage.ee\/_ruumist-ruumi\/wp-json\/wp\/v2\/media?parent=79653"}],"wp:term":[{"taxonomy":"product_brand","embeddable":true,"href":"https:\/\/blankpage.ee\/_ruumist-ruumi\/wp-json\/wp\/v2\/product_brand?post=79653"},{"taxonomy":"product_cat","embeddable":true,"href":"https:\/\/blankpage.ee\/_ruumist-ruumi\/wp-json\/wp\/v2\/product_cat?post=79653"},{"taxonomy":"product_tag","embeddable":true,"href":"https:\/\/blankpage.ee\/_ruumist-ruumi\/wp-json\/wp\/v2\/product_tag?post=79653"}],"curies":[{"name":"wp","href":"https:\/\/api.w.org\/{rel}","templated":true}]}}