{"id":79655,"date":"2025-01-08T10:19:58","date_gmt":"2025-01-08T10:19:58","guid":{"rendered":"https:\/\/ruumistruumi.ee\/?post_type=product&#038;p=79655"},"modified":"2025-08-21T08:21:44","modified_gmt":"2025-08-21T08:21:44","slug":"jalanoude-kuivati-sothing-dshj-s-2110-valge","status":"publish","type":"product","link":"https:\/\/blankpage.ee\/_ruumist-ruumi\/pood\/jalanoude-kuivati-sothing-dshj-s-2110-valge\/","title":{"rendered":"Jalan\u00f5ude kuivati Sothing DSHJ-S-2110 (valge)"},"content":{"rendered":"<h3>Jalan\u00f5ude kuivati Sothing DSHJ-S-2110 (valge)<\/h3>\n<p>Vabanege niiskusest oma jalan\u00f5udes l\u00f5plikult! Sothing DSHJ-S-2110 jalan\u00f5ukuivati tuleb appi alati, kui teie jalan\u00f5ud on vihmast m\u00e4rjad v\u00f5i p\u00e4rast intensiivset treeningut niisked. Soe \u00f5hk koos nutika disainiga v\u00f5imaldab teil oma jalan\u00f5ud kiiresti uuesti kasutamiseks valmis seada. Kuivati on ka kompaktne, nii et see v\u00f5ib teid k\u00f5ikjal saata. Tasub seda k\u00e4ep\u00e4rast hoida! Toode on varustatud pistikuga Euroopa pistikupesale.<\/p>\n<p><img loading=\"lazy\" decoding=\"async\" class=\"alignnone size-medium_large wp-image-79722\" src=\"https:\/\/blankpage.ee\/_ruumist-ruumi\/wp-content\/uploads\/2025\/01\/Jalanoude-kuivati-Sothing-DSHJ-S-2110-valge-2-768x489.webp\" alt=\"Jalan\u00f5ude kuivati Sothing DSHJ-S-2110 (valge)\" width=\"768\" height=\"489\" srcset=\"https:\/\/blankpage.ee\/_ruumist-ruumi\/wp-content\/uploads\/2025\/01\/Jalanoude-kuivati-Sothing-DSHJ-S-2110-valge-2-768x489.webp 768w, https:\/\/blankpage.ee\/_ruumist-ruumi\/wp-content\/uploads\/2025\/01\/Jalanoude-kuivati-Sothing-DSHJ-S-2110-valge-2-300x191.webp 300w, https:\/\/blankpage.ee\/_ruumist-ruumi\/wp-content\/uploads\/2025\/01\/Jalanoude-kuivati-Sothing-DSHJ-S-2110-valge-2-400x255.webp 400w, https:\/\/blankpage.ee\/_ruumist-ruumi\/wp-content\/uploads\/2025\/01\/Jalanoude-kuivati-Sothing-DSHJ-S-2110-valge-2-922x587.webp 922w, https:\/\/blankpage.ee\/_ruumist-ruumi\/wp-content\/uploads\/2025\/01\/Jalanoude-kuivati-Sothing-DSHJ-S-2110-valge-2.webp 1000w\" sizes=\"auto, (max-width: 768px) 100vw, 768px\" \/><\/p>\n<h3>Kuivatamine kuuma \u00f5huga<\/h3>\n<p>Seade kasutab kuuma \u00f5hu tsirkulatsioonis\u00fcsteemi, mis jaotab t\u00f5husalt soojust jalan\u00f5u sees, j\u00f5udes ka raskesti ligip\u00e4\u00e4setavatesse kohtadesse. See eraldab kuuma \u00f5hu voogu temperatuuril umbes 60\u00b0C, mis tagab jalan\u00f5ude kiire ja \u00fchtlase kuivamise.<\/p>\n<p><img loading=\"lazy\" decoding=\"async\" class=\"alignnone size-medium_large wp-image-79724\" src=\"https:\/\/blankpage.ee\/_ruumist-ruumi\/wp-content\/uploads\/2025\/01\/Jalanoude-kuivati-Sothing-DSHJ-S-2110-valge-7-768x489.webp\" alt=\"Jalan\u00f5ude kuivati Sothing DSHJ-S-2110 (valge)\" width=\"768\" height=\"489\" srcset=\"https:\/\/blankpage.ee\/_ruumist-ruumi\/wp-content\/uploads\/2025\/01\/Jalanoude-kuivati-Sothing-DSHJ-S-2110-valge-7-768x489.webp 768w, https:\/\/blankpage.ee\/_ruumist-ruumi\/wp-content\/uploads\/2025\/01\/Jalanoude-kuivati-Sothing-DSHJ-S-2110-valge-7-300x191.webp 300w, https:\/\/blankpage.ee\/_ruumist-ruumi\/wp-content\/uploads\/2025\/01\/Jalanoude-kuivati-Sothing-DSHJ-S-2110-valge-7-400x255.webp 400w, https:\/\/blankpage.ee\/_ruumist-ruumi\/wp-content\/uploads\/2025\/01\/Jalanoude-kuivati-Sothing-DSHJ-S-2110-valge-7-922x587.webp 922w, https:\/\/blankpage.ee\/_ruumist-ruumi\/wp-content\/uploads\/2025\/01\/Jalanoude-kuivati-Sothing-DSHJ-S-2110-valge-7.webp 1000w\" sizes=\"auto, (max-width: 768px) 100vw, 768px\" \/><\/p>\n<h3>Ohutu ja mugav kasutamine<\/h3>\n<p>Sothing DSHJ-S-2110 kuivati on loodud ohutust silmas pidades. Korpus on valmistatud kuumakindlast materjalist, mis ei deformeeru k\u00f5rge temperatuuriga. Sisseehitatud temperatuuriandur l\u00fclitab seadme automaatselt v\u00e4lja, kui tuvastatakse liigne kuumus, v\u00e4ltides \u00fclekuumenemise ohtu. Taimeri funktsioon v\u00f5imaldab seadistada kuivatusaega (3, 6 v\u00f5i 9 tundi), kohandades seda vastavalt jalan\u00f5ude t\u00fc\u00fcbile ja niiskustasemele.<\/p>\n<p><img loading=\"lazy\" decoding=\"async\" class=\"alignnone size-medium_large wp-image-79723\" src=\"https:\/\/blankpage.ee\/_ruumist-ruumi\/wp-content\/uploads\/2025\/01\/Jalanoude-kuivati-Sothing-DSHJ-S-2110-valge-5-768x489.webp\" alt=\"Jalan\u00f5ude kuivati Sothing DSHJ-S-2110 (valge)\" width=\"768\" height=\"489\" srcset=\"https:\/\/blankpage.ee\/_ruumist-ruumi\/wp-content\/uploads\/2025\/01\/Jalanoude-kuivati-Sothing-DSHJ-S-2110-valge-5-768x489.webp 768w, https:\/\/blankpage.ee\/_ruumist-ruumi\/wp-content\/uploads\/2025\/01\/Jalanoude-kuivati-Sothing-DSHJ-S-2110-valge-5-300x191.webp 300w, https:\/\/blankpage.ee\/_ruumist-ruumi\/wp-content\/uploads\/2025\/01\/Jalanoude-kuivati-Sothing-DSHJ-S-2110-valge-5-400x255.webp 400w, https:\/\/blankpage.ee\/_ruumist-ruumi\/wp-content\/uploads\/2025\/01\/Jalanoude-kuivati-Sothing-DSHJ-S-2110-valge-5-922x587.webp 922w, https:\/\/blankpage.ee\/_ruumist-ruumi\/wp-content\/uploads\/2025\/01\/Jalanoude-kuivati-Sothing-DSHJ-S-2110-valge-5.webp 1000w\" sizes=\"auto, (max-width: 768px) 100vw, 768px\" \/><\/p>\n<h3>Kaasaskantav disain<\/h3>\n<p>Talvine n\u00e4dalavahetus m\u00e4gedes? \u00c4ra lase m\u00e4rgadel jalan\u00f5udel ja riietel oma l\u00f5bu rikkuda! T\u00e4nu oma kergele ja kokkupandavale disainile on Sothing kuivati ideaalne kasutamiseks nii kodus kui ka liikvel olles. Seadme v\u00e4ikesed m\u00f5\u00f5tmed (16 x 11 x 6 cm) ja kaal (0,32 kg) muudavad selle h\u00f5lpsasti kotti v\u00f5i seljakotti pakitavaks. See on kaasaskantav lahendus, mis t\u00f6\u00f6tab mitte ainult jalan\u00f5ude, vaid ka kinnaste, sokkide v\u00f5i muude erinevatest materjalidest, nagu nahk, kumm, puuvill v\u00f5i seemisnahk, valmistatud aksessuaaride puhul.<\/p>\n<p><img loading=\"lazy\" decoding=\"async\" class=\"alignnone size-medium_large wp-image-79725\" src=\"https:\/\/blankpage.ee\/_ruumist-ruumi\/wp-content\/uploads\/2025\/01\/Jalanoude-kuivati-Sothing-DSHJ-S-2110-valge-4-768x489.webp\" alt=\"Jalan\u00f5ude kuivati Sothing DSHJ-S-2110 (valge)\" width=\"768\" height=\"489\" srcset=\"https:\/\/blankpage.ee\/_ruumist-ruumi\/wp-content\/uploads\/2025\/01\/Jalanoude-kuivati-Sothing-DSHJ-S-2110-valge-4-768x489.webp 768w, https:\/\/blankpage.ee\/_ruumist-ruumi\/wp-content\/uploads\/2025\/01\/Jalanoude-kuivati-Sothing-DSHJ-S-2110-valge-4-300x191.webp 300w, https:\/\/blankpage.ee\/_ruumist-ruumi\/wp-content\/uploads\/2025\/01\/Jalanoude-kuivati-Sothing-DSHJ-S-2110-valge-4-400x255.webp 400w, https:\/\/blankpage.ee\/_ruumist-ruumi\/wp-content\/uploads\/2025\/01\/Jalanoude-kuivati-Sothing-DSHJ-S-2110-valge-4-922x587.webp 922w, https:\/\/blankpage.ee\/_ruumist-ruumi\/wp-content\/uploads\/2025\/01\/Jalanoude-kuivati-Sothing-DSHJ-S-2110-valge-4.webp 1000w\" sizes=\"auto, (max-width: 768px) 100vw, 768px\" \/><\/p>\n<h3>Komplektis<\/h3>\n<ul class=\"list-disc\">\n<li>Jalan\u00f5ukuivati<\/li>\n<li>Toitekaabel<\/li>\n<\/ul>\n<div class=\"table-wrapper\">\n<h3><\/h3>\n<table>\n<tbody>\n<tr>\n<th>Tootja<\/th>\n<td>Sothing<\/td>\n<\/tr>\n<tr>\n<th>Tootja kood<\/th>\n<td>DSHJ-S-2110<\/td>\n<\/tr>\n<tr>\n<th>Nimi<\/th>\n<td>Kuuma \u00f5hu jalan\u00f5ukuivati<\/td>\n<\/tr>\n<tr>\n<th>Nimipinge<\/th>\n<td>110 V\/50-60 Hz<\/td>\n<\/tr>\n<tr>\n<th>Nimiv\u00f5imsus<\/th>\n<td>100 W<\/td>\n<\/tr>\n<tr>\n<th>Kaabli pikkus<\/th>\n<td>1 m<\/td>\n<\/tr>\n<tr>\n<th>Suurus<\/th>\n<td>16 x 11 x 6 cm<\/td>\n<\/tr>\n<tr>\n<th>Kaal<\/th>\n<td>0,32 kg<\/td>\n<\/tr>\n<tr>\n<th>Jalan\u00f5ude kuivatamise temperatuur<\/th>\n<td>Umbes 60\u00b0C<\/td>\n<\/tr>\n<\/tbody>\n<\/table>\n<\/div>\n","protected":false},"excerpt":{"rendered":"<p>Jalan\u00f5ude kuivati Sothing DSHJ-S-2110 (valge) Vabanege niiskusest oma jalan\u00f5udes l\u00f5plikult! Sothing DSHJ-S-2110 jalan\u00f5ukuivati tuleb appi alati, kui teie jalan\u00f5ud on vihmast m\u00e4rjad v\u00f5i p\u00e4rast intensiivset treeningut niisked. Soe \u00f5hk koos nutika disainiga v\u00f5imaldab teil oma jalan\u00f5ud kiiresti uuesti kasutamiseks valmis seada. Kuivati on ka kompaktne, nii et see v\u00f5ib teid k\u00f5ikjal saata. Tasub seda k\u00e4ep\u00e4rast [&hellip;]<\/p>\n","protected":false},"featured_media":79656,"comment_status":"open","ping_status":"closed","template":"","meta":[],"product_brand":[],"product_cat":[1212],"product_tag":[],"class_list":{"0":"post-79655","1":"product","2":"type-product","3":"status-publish","4":"has-post-thumbnail","6":"product_cat-muu-koduelektroonika","7":"product_shipping_class-innpro","9":"first","10":"instock","11":"sale","12":"taxable","13":"shipping-taxable","14":"purchasable","15":"product-type-simple"},"_links":{"self":[{"href":"https:\/\/blankpage.ee\/_ruumist-ruumi\/wp-json\/wp\/v2\/product\/79655","targetHints":{"allow":["GET"]}}],"collection":[{"href":"https:\/\/blankpage.ee\/_ruumist-ruumi\/wp-json\/wp\/v2\/product"}],"about":[{"href":"https:\/\/blankpage.ee\/_ruumist-ruumi\/wp-json\/wp\/v2\/types\/product"}],"replies":[{"embeddable":true,"href":"https:\/\/blankpage.ee\/_ruumist-ruumi\/wp-json\/wp\/v2\/comments?post=79655"}],"wp:featuredmedia":[{"embeddable":true,"href":"https:\/\/blankpage.ee\/_ruumist-ruumi\/wp-json\/wp\/v2\/media\/79656"}],"wp:attachment":[{"href":"https:\/\/blankpage.ee\/_ruumist-ruumi\/wp-json\/wp\/v2\/media?parent=79655"}],"wp:term":[{"taxonomy":"product_brand","embeddable":true,"href":"https:\/\/blankpage.ee\/_ruumist-ruumi\/wp-json\/wp\/v2\/product_brand?post=79655"},{"taxonomy":"product_cat","embeddable":true,"href":"https:\/\/blankpage.ee\/_ruumist-ruumi\/wp-json\/wp\/v2\/product_cat?post=79655"},{"taxonomy":"product_tag","embeddable":true,"href":"https:\/\/blankpage.ee\/_ruumist-ruumi\/wp-json\/wp\/v2\/product_tag?post=79655"}],"curies":[{"name":"wp","href":"https:\/\/api.w.org\/{rel}","templated":true}]}}