{"id":79657,"date":"2025-01-08T10:19:58","date_gmt":"2025-01-08T10:19:58","guid":{"rendered":"https:\/\/ruumistruumi.ee\/?post_type=product&#038;p=79657"},"modified":"2025-04-17T09:53:37","modified_gmt":"2025-04-17T09:53:37","slug":"sothing-dshj-s-1904b-jalanoude-kuivataja-valge","status":"publish","type":"product","link":"https:\/\/blankpage.ee\/_ruumist-ruumi\/pood\/sothing-dshj-s-1904b-jalanoude-kuivataja-valge\/","title":{"rendered":"Sothing DSHJ-S-1904B jalan\u00f5ude kuivataja (valge)"},"content":{"rendered":"<h3>Sothing DSHJ-S-1904B jalan\u00f5ude kuivataja (valge)<\/h3>\n<p>Kas sul pole aega oodata, kuni niisked treeningjalatsid ise kuivavad? Sothingu kuivatiga on sinu jalan\u00f5ud kohe valmis kandmiseks. See tipptasemel seade tagab kiire ja ohutu kuivatamise ning steriliseerimise, eemaldades niiskuse ja l\u00f5hnad.<\/p>\n<p><img loading=\"lazy\" decoding=\"async\" class=\"alignnone size-medium_large wp-image-79726\" src=\"https:\/\/blankpage.ee\/_ruumist-ruumi\/wp-content\/uploads\/2025\/01\/Sothing-DSHJ-S-1904B-jalanoude-kuivataja-valge-1-768x489.webp\" alt=\"Sothing DSHJ-S-1904B jalan\u00f5ude kuivataja (valge)\" width=\"768\" height=\"489\" srcset=\"https:\/\/blankpage.ee\/_ruumist-ruumi\/wp-content\/uploads\/2025\/01\/Sothing-DSHJ-S-1904B-jalanoude-kuivataja-valge-1-768x489.webp 768w, https:\/\/blankpage.ee\/_ruumist-ruumi\/wp-content\/uploads\/2025\/01\/Sothing-DSHJ-S-1904B-jalanoude-kuivataja-valge-1-300x191.webp 300w, https:\/\/blankpage.ee\/_ruumist-ruumi\/wp-content\/uploads\/2025\/01\/Sothing-DSHJ-S-1904B-jalanoude-kuivataja-valge-1-400x255.webp 400w, https:\/\/blankpage.ee\/_ruumist-ruumi\/wp-content\/uploads\/2025\/01\/Sothing-DSHJ-S-1904B-jalanoude-kuivataja-valge-1-922x587.webp 922w, https:\/\/blankpage.ee\/_ruumist-ruumi\/wp-content\/uploads\/2025\/01\/Sothing-DSHJ-S-1904B-jalanoude-kuivataja-valge-1.webp 1000w\" sizes=\"auto, (max-width: 768px) 100vw, 768px\" \/><\/p>\n<h3>T\u00e4iuslikud kuivatamisfunktsioonid<\/h3>\n<p>Sothing DSHJ-S-1904B kingakuivati pakub kolme kuivatamisaja re\u017eiimi &#8211; 3, 6 ja 9 tundi -, mida saab kohandada vastavalt jalan\u00f5ude t\u00fc\u00fcbile ja nende niiskustasemele. V\u00f5imalusega kuumeneda kuni 150\u00b0C-ni eemaldab kuivati kiiresti niiskuse isegi k\u00f5ige paksematest materjalidest, nagu nahk ja kummikud. Sisseehitatud 1926 k\u00fctteava tagavad \u00fchtlase soojuse jaotumise, mis kiirendab t\u00f5husalt kuivatamisprotsessi ja eemaldab niiskuse igast kinga nurgast ja praost.<\/p>\n<p><img loading=\"lazy\" decoding=\"async\" class=\"alignnone size-medium_large wp-image-79728\" src=\"https:\/\/blankpage.ee\/_ruumist-ruumi\/wp-content\/uploads\/2025\/01\/Sothing-DSHJ-S-1904B-jalanoude-kuivataja-valge-5-768x489.jpg\" alt=\"Sothing DSHJ-S-1904B jalan\u00f5ude kuivataja (valge)\" width=\"768\" height=\"489\" srcset=\"https:\/\/blankpage.ee\/_ruumist-ruumi\/wp-content\/uploads\/2025\/01\/Sothing-DSHJ-S-1904B-jalanoude-kuivataja-valge-5-768x489.jpg 768w, https:\/\/blankpage.ee\/_ruumist-ruumi\/wp-content\/uploads\/2025\/01\/Sothing-DSHJ-S-1904B-jalanoude-kuivataja-valge-5-300x191.jpg 300w, https:\/\/blankpage.ee\/_ruumist-ruumi\/wp-content\/uploads\/2025\/01\/Sothing-DSHJ-S-1904B-jalanoude-kuivataja-valge-5-400x255.jpg 400w, https:\/\/blankpage.ee\/_ruumist-ruumi\/wp-content\/uploads\/2025\/01\/Sothing-DSHJ-S-1904B-jalanoude-kuivataja-valge-5-922x587.jpg 922w, https:\/\/blankpage.ee\/_ruumist-ruumi\/wp-content\/uploads\/2025\/01\/Sothing-DSHJ-S-1904B-jalanoude-kuivataja-valge-5.jpg 1000w\" sizes=\"auto, (max-width: 768px) 100vw, 768px\" \/><\/p>\n<h3>Enam pole halbu l\u00f5hnu<\/h3>\n<p>Niiskete kingade ebameeldiv l\u00f5hn on minevik. SOTHING Zero Shoes Dryer mitte ainult ei kuivata kingi, vaid ka k\u00f5rvaldab halvad l\u00f5hnad ja takistab bakterite paljunemist. Selle tulemusena j\u00e4\u00e4vad sinu kingad v\u00e4rskeks ja sa v\u00e4ldid ebamugavust.<\/p>\n<p><img loading=\"lazy\" decoding=\"async\" class=\"alignnone size-medium_large wp-image-79727\" src=\"https:\/\/blankpage.ee\/_ruumist-ruumi\/wp-content\/uploads\/2025\/01\/Sothing-DSHJ-S-1904B-jalanoude-kuivataja-valge-2-768x489.jpg\" alt=\"Sothing DSHJ-S-1904B jalan\u00f5ude kuivataja (valge)\" width=\"768\" height=\"489\" srcset=\"https:\/\/blankpage.ee\/_ruumist-ruumi\/wp-content\/uploads\/2025\/01\/Sothing-DSHJ-S-1904B-jalanoude-kuivataja-valge-2-768x489.jpg 768w, https:\/\/blankpage.ee\/_ruumist-ruumi\/wp-content\/uploads\/2025\/01\/Sothing-DSHJ-S-1904B-jalanoude-kuivataja-valge-2-300x191.jpg 300w, https:\/\/blankpage.ee\/_ruumist-ruumi\/wp-content\/uploads\/2025\/01\/Sothing-DSHJ-S-1904B-jalanoude-kuivataja-valge-2-400x255.jpg 400w, https:\/\/blankpage.ee\/_ruumist-ruumi\/wp-content\/uploads\/2025\/01\/Sothing-DSHJ-S-1904B-jalanoude-kuivataja-valge-2-922x587.jpg 922w, https:\/\/blankpage.ee\/_ruumist-ruumi\/wp-content\/uploads\/2025\/01\/Sothing-DSHJ-S-1904B-jalanoude-kuivataja-valge-2.jpg 1000w\" sizes=\"auto, (max-width: 768px) 100vw, 768px\" \/><\/p>\n<h3>Ohutus ja kasutusmugavus<\/h3>\n<p>Sothing DSHJ-S-1904B kuivati on valmistatud kuumakindlast materjalist, mis tagab t\u00e4ieliku ohutuse kasutamise ajal. Selle kompaktne suurus ja kerge kaal (320 g) teevad selle ideaalseks kasutamiseks nii kodus kui ka reisil. Sa saad selle lihtsalt kaasa pakkida ja endaga kaasa v\u00f5tta, hoolitsedes oma jalan\u00f5ude h\u00fcgieeni eest, olenemata sellest, kus sa oled.<\/p>\n<p><img loading=\"lazy\" decoding=\"async\" class=\"alignnone size-medium_large wp-image-79729\" src=\"https:\/\/blankpage.ee\/_ruumist-ruumi\/wp-content\/uploads\/2025\/01\/Sothing-DSHJ-S-1904B-jalanoude-kuivataja-valge-7-768x489.jpg\" alt=\"Sothing DSHJ-S-1904B jalan\u00f5ude kuivataja (valge)\" width=\"768\" height=\"489\" srcset=\"https:\/\/blankpage.ee\/_ruumist-ruumi\/wp-content\/uploads\/2025\/01\/Sothing-DSHJ-S-1904B-jalanoude-kuivataja-valge-7-768x489.jpg 768w, https:\/\/blankpage.ee\/_ruumist-ruumi\/wp-content\/uploads\/2025\/01\/Sothing-DSHJ-S-1904B-jalanoude-kuivataja-valge-7-300x191.jpg 300w, https:\/\/blankpage.ee\/_ruumist-ruumi\/wp-content\/uploads\/2025\/01\/Sothing-DSHJ-S-1904B-jalanoude-kuivataja-valge-7-400x255.jpg 400w, https:\/\/blankpage.ee\/_ruumist-ruumi\/wp-content\/uploads\/2025\/01\/Sothing-DSHJ-S-1904B-jalanoude-kuivataja-valge-7-922x587.jpg 922w, https:\/\/blankpage.ee\/_ruumist-ruumi\/wp-content\/uploads\/2025\/01\/Sothing-DSHJ-S-1904B-jalanoude-kuivataja-valge-7.jpg 1000w\" sizes=\"auto, (max-width: 768px) 100vw, 768px\" \/><\/p>\n<h3>Komplekti kuulub<\/h3>\n<ul class=\"list-disc\">\n<li>Kingakuivati<\/li>\n<li>Kasutusjuhend<\/li>\n<\/ul>\n<div class=\"table-wrapper\">\n<h3><\/h3>\n<table>\n<tbody>\n<tr>\n<th>Tootja<\/th>\n<td>Sothing<\/td>\n<\/tr>\n<tr>\n<th>Tootja kood<\/th>\n<td>DSHJ-S-1904B<\/td>\n<\/tr>\n<tr>\n<th>Mootori v\u00f5imsus<\/th>\n<td>20 W<\/td>\n<\/tr>\n<tr>\n<th>Kuivatamise temperatuur<\/th>\n<td>kuni 150\u00b0C<\/td>\n<\/tr>\n<tr>\n<th>Aja re\u017eiimid<\/th>\n<td>3, 6 ja 9 tundi<\/td>\n<\/tr>\n<tr>\n<th>Kaal<\/th>\n<td>320 g<\/td>\n<\/tr>\n<tr>\n<th>\u00dchilduvus<\/th>\n<td>Sobib kingasuurustele 28-45<\/td>\n<\/tr>\n<\/tbody>\n<\/table>\n<\/div>\n","protected":false},"excerpt":{"rendered":"<p>Sothing DSHJ-S-1904B jalan\u00f5ude kuivataja (valge) Kas sul pole aega oodata, kuni niisked treeningjalatsid ise kuivavad? Sothingu kuivatiga on sinu jalan\u00f5ud kohe valmis kandmiseks. See tipptasemel seade tagab kiire ja ohutu kuivatamise ning steriliseerimise, eemaldades niiskuse ja l\u00f5hnad. T\u00e4iuslikud kuivatamisfunktsioonid Sothing DSHJ-S-1904B kingakuivati pakub kolme kuivatamisaja re\u017eiimi &#8211; 3, 6 ja 9 tundi -, mida saab [&hellip;]<\/p>\n","protected":false},"featured_media":79658,"comment_status":"open","ping_status":"closed","template":"","meta":[],"product_brand":[],"product_cat":[1212],"product_tag":[],"class_list":{"0":"post-79657","1":"product","2":"type-product","3":"status-publish","4":"has-post-thumbnail","6":"product_cat-muu-koduelektroonika","7":"product_shipping_class-innpro","9":"first","10":"outofstock","11":"taxable","12":"shipping-taxable","13":"purchasable","14":"product-type-simple"},"_links":{"self":[{"href":"https:\/\/blankpage.ee\/_ruumist-ruumi\/wp-json\/wp\/v2\/product\/79657","targetHints":{"allow":["GET"]}}],"collection":[{"href":"https:\/\/blankpage.ee\/_ruumist-ruumi\/wp-json\/wp\/v2\/product"}],"about":[{"href":"https:\/\/blankpage.ee\/_ruumist-ruumi\/wp-json\/wp\/v2\/types\/product"}],"replies":[{"embeddable":true,"href":"https:\/\/blankpage.ee\/_ruumist-ruumi\/wp-json\/wp\/v2\/comments?post=79657"}],"wp:featuredmedia":[{"embeddable":true,"href":"https:\/\/blankpage.ee\/_ruumist-ruumi\/wp-json\/wp\/v2\/media\/79658"}],"wp:attachment":[{"href":"https:\/\/blankpage.ee\/_ruumist-ruumi\/wp-json\/wp\/v2\/media?parent=79657"}],"wp:term":[{"taxonomy":"product_brand","embeddable":true,"href":"https:\/\/blankpage.ee\/_ruumist-ruumi\/wp-json\/wp\/v2\/product_brand?post=79657"},{"taxonomy":"product_cat","embeddable":true,"href":"https:\/\/blankpage.ee\/_ruumist-ruumi\/wp-json\/wp\/v2\/product_cat?post=79657"},{"taxonomy":"product_tag","embeddable":true,"href":"https:\/\/blankpage.ee\/_ruumist-ruumi\/wp-json\/wp\/v2\/product_tag?post=79657"}],"curies":[{"name":"wp","href":"https:\/\/api.w.org\/{rel}","templated":true}]}}