{"id":79659,"date":"2025-01-08T10:19:58","date_gmt":"2025-01-08T10:19:58","guid":{"rendered":"https:\/\/ruumistruumi.ee\/?post_type=product&#038;p=79659"},"modified":"2025-08-21T08:21:44","modified_gmt":"2025-08-21T08:21:44","slug":"sothing-dshj-s-2111a-jalanoude-kuivataja-valge","status":"publish","type":"product","link":"https:\/\/blankpage.ee\/_ruumist-ruumi\/pood\/sothing-dshj-s-2111a-jalanoude-kuivataja-valge\/","title":{"rendered":"Sothing DSHJ-S-2111A jalan\u00f5ude kuivataja (valge)"},"content":{"rendered":"<h3>Sothing DSHJ-S-2111A jalan\u00f5ude kuivataja (valge)<\/h3>\n<p>Ei mingeid niiskeid kingi enam! Sothing DSHJ-S-2111A kingakuivati on mitmek\u00fclgne lahendus kogu perele. Kujutage ette, et tulete t\u00f6\u00f6lt v\u00f5i treeningult koju, olles vihmast m\u00e4rg ja teie kingad, kindad v\u00f5i m\u00fcts on niisked. Selle kompaktse kuivatiga saate kiiresti taastada nende kuivuse ja meeldiva soojuse. Seadmel on paindlikud k\u00e4epidemed, mida saab kohandada erinevat t\u00fc\u00fcpi jalatsitele, alates spordijalatsitest kuni \u00f5rnade susside v\u00f5i kummikudeni, samuti aksessuaaride kuivatamiseks, v\u00f5imaldades neid kiiresti taas kandmiseks valmis saada. Toode on varustatud Euroopa pistikuga.<\/p>\n<p><img loading=\"lazy\" decoding=\"async\" class=\"alignnone size-medium_large wp-image-79731\" src=\"https:\/\/blankpage.ee\/_ruumist-ruumi\/wp-content\/uploads\/2025\/01\/Sothing-DSHJ-S-2111A-jalanoude-kuivataja-valge-1-768x489.webp\" alt=\"Sothing DSHJ-S-2111A jalan\u00f5ude kuivataja (valge)\" width=\"768\" height=\"489\" srcset=\"https:\/\/blankpage.ee\/_ruumist-ruumi\/wp-content\/uploads\/2025\/01\/Sothing-DSHJ-S-2111A-jalanoude-kuivataja-valge-1-768x489.webp 768w, https:\/\/blankpage.ee\/_ruumist-ruumi\/wp-content\/uploads\/2025\/01\/Sothing-DSHJ-S-2111A-jalanoude-kuivataja-valge-1-300x191.webp 300w, https:\/\/blankpage.ee\/_ruumist-ruumi\/wp-content\/uploads\/2025\/01\/Sothing-DSHJ-S-2111A-jalanoude-kuivataja-valge-1-400x255.webp 400w, https:\/\/blankpage.ee\/_ruumist-ruumi\/wp-content\/uploads\/2025\/01\/Sothing-DSHJ-S-2111A-jalanoude-kuivataja-valge-1-922x587.webp 922w, https:\/\/blankpage.ee\/_ruumist-ruumi\/wp-content\/uploads\/2025\/01\/Sothing-DSHJ-S-2111A-jalanoude-kuivataja-valge-1.webp 1000w\" sizes=\"auto, (max-width: 768px) 100vw, 768px\" \/><\/p>\n<h3>Kuivatamine, deodoriseerimine ja niiskuse eemaldamine<\/h3>\n<p>Sothing DSHJ-S-2111A on rohkem kui tavaline kingakuivati &#8211; see on 3-\u00fches seade, mis mitte ainult ei kuivata, vaid ka eemaldab niiskuse ja neutraliseerib l\u00f5hnu. T\u00e4nu deodoriseerimise funktsioonile eemaldab see t\u00f5husalt halvad l\u00f5hnad, j\u00e4ttes jalatsid v\u00e4rskeks ja l\u00f5hnavaks. Lisaks takistab selle kasutamine seente ja bakterite kasvu.<\/p>\n<p><img loading=\"lazy\" decoding=\"async\" class=\"alignnone size-medium_large wp-image-79734\" src=\"https:\/\/blankpage.ee\/_ruumist-ruumi\/wp-content\/uploads\/2025\/01\/Sothing-DSHJ-S-2111A-jalanoude-kuivataja-valge-6-768x489.webp\" alt=\"Sothing DSHJ-S-2111A jalan\u00f5ude kuivataja (valge)\" width=\"768\" height=\"489\" srcset=\"https:\/\/blankpage.ee\/_ruumist-ruumi\/wp-content\/uploads\/2025\/01\/Sothing-DSHJ-S-2111A-jalanoude-kuivataja-valge-6-768x489.webp 768w, https:\/\/blankpage.ee\/_ruumist-ruumi\/wp-content\/uploads\/2025\/01\/Sothing-DSHJ-S-2111A-jalanoude-kuivataja-valge-6-300x191.webp 300w, https:\/\/blankpage.ee\/_ruumist-ruumi\/wp-content\/uploads\/2025\/01\/Sothing-DSHJ-S-2111A-jalanoude-kuivataja-valge-6-400x255.webp 400w, https:\/\/blankpage.ee\/_ruumist-ruumi\/wp-content\/uploads\/2025\/01\/Sothing-DSHJ-S-2111A-jalanoude-kuivataja-valge-6-922x587.webp 922w, https:\/\/blankpage.ee\/_ruumist-ruumi\/wp-content\/uploads\/2025\/01\/Sothing-DSHJ-S-2111A-jalanoude-kuivataja-valge-6.webp 1000w\" sizes=\"auto, (max-width: 768px) 100vw, 768px\" \/><\/p>\n<h3>Temperatuuri kontroll ja energias\u00e4\u00e4st<\/h3>\n<p>Kuivati on varustatud 3-astmelise taimeriga, mis v\u00f5imaldab seadistada kuivatamise aega 3, 6 v\u00f5i 9 tunniks. Nii saate h\u00f5lpsasti kohandada selle t\u00f6\u00f6 vastavalt niiskuse astmele ja kuivatatava materjali t\u00fc\u00fcbile. Kui m\u00e4\u00e4ratud aeg on m\u00f6\u00f6das, l\u00fclitub seade automaatselt v\u00e4lja, mis v\u00e4listab \u00fclekuumenemise riski ja s\u00e4\u00e4stab energiat.<\/p>\n<p><img loading=\"lazy\" decoding=\"async\" class=\"alignnone size-medium_large wp-image-79733\" src=\"https:\/\/blankpage.ee\/_ruumist-ruumi\/wp-content\/uploads\/2025\/01\/Sothing-DSHJ-S-2111A-jalanoude-kuivataja-valge-5-768x489.webp\" alt=\"Sothing DSHJ-S-2111A jalan\u00f5ude kuivataja (valge)\" width=\"768\" height=\"489\" srcset=\"https:\/\/blankpage.ee\/_ruumist-ruumi\/wp-content\/uploads\/2025\/01\/Sothing-DSHJ-S-2111A-jalanoude-kuivataja-valge-5-768x489.webp 768w, https:\/\/blankpage.ee\/_ruumist-ruumi\/wp-content\/uploads\/2025\/01\/Sothing-DSHJ-S-2111A-jalanoude-kuivataja-valge-5-300x191.webp 300w, https:\/\/blankpage.ee\/_ruumist-ruumi\/wp-content\/uploads\/2025\/01\/Sothing-DSHJ-S-2111A-jalanoude-kuivataja-valge-5-400x255.webp 400w, https:\/\/blankpage.ee\/_ruumist-ruumi\/wp-content\/uploads\/2025\/01\/Sothing-DSHJ-S-2111A-jalanoude-kuivataja-valge-5-922x587.webp 922w, https:\/\/blankpage.ee\/_ruumist-ruumi\/wp-content\/uploads\/2025\/01\/Sothing-DSHJ-S-2111A-jalanoude-kuivataja-valge-5.webp 1000w\" sizes=\"auto, (max-width: 768px) 100vw, 768px\" \/><\/p>\n<h3>K\u00f5rge efektiivsus<\/h3>\n<p>Toode on varustatud 1926 soojuse hajutamise avaga, mis hoiavad stabiilset temperatuuri, kaitstes kingi \u00fclekuumenemise eest. PTC soojusgeneraatorid tagavad kuuma \u00f5hu \u00fchtlase jaotumise, v\u00f5imaldades isegi kingade s\u00fcgavaimad nurgad kiiresti kuivada. Selle tulemusena on teie kingad ideaalselt kuivad ja v\u00e4ldite ebameeldivat m\u00e4rgade jalgade tunnet.<\/p>\n<p><img loading=\"lazy\" decoding=\"async\" class=\"alignnone size-medium_large wp-image-79732\" src=\"https:\/\/blankpage.ee\/_ruumist-ruumi\/wp-content\/uploads\/2025\/01\/Sothing-DSHJ-S-2111A-jalanoude-kuivataja-valge-2-768x489.webp\" alt=\"Sothing DSHJ-S-2111A jalan\u00f5ude kuivataja (valge)\" width=\"768\" height=\"489\" srcset=\"https:\/\/blankpage.ee\/_ruumist-ruumi\/wp-content\/uploads\/2025\/01\/Sothing-DSHJ-S-2111A-jalanoude-kuivataja-valge-2-768x489.webp 768w, https:\/\/blankpage.ee\/_ruumist-ruumi\/wp-content\/uploads\/2025\/01\/Sothing-DSHJ-S-2111A-jalanoude-kuivataja-valge-2-300x191.webp 300w, https:\/\/blankpage.ee\/_ruumist-ruumi\/wp-content\/uploads\/2025\/01\/Sothing-DSHJ-S-2111A-jalanoude-kuivataja-valge-2-400x255.webp 400w, https:\/\/blankpage.ee\/_ruumist-ruumi\/wp-content\/uploads\/2025\/01\/Sothing-DSHJ-S-2111A-jalanoude-kuivataja-valge-2-922x587.webp 922w, https:\/\/blankpage.ee\/_ruumist-ruumi\/wp-content\/uploads\/2025\/01\/Sothing-DSHJ-S-2111A-jalanoude-kuivataja-valge-2.webp 1000w\" sizes=\"auto, (max-width: 768px) 100vw, 768px\" \/><\/p>\n<div class=\"table-wrapper\">\n<h3><\/h3>\n<table>\n<tbody>\n<tr>\n<th>Tootja<\/th>\n<td>Sothing<\/td>\n<\/tr>\n<tr>\n<th>Tootja kood<\/th>\n<td>DSHJ-S-2111A<\/td>\n<\/tr>\n<tr>\n<th>Toote m\u00f5\u00f5tmed<\/th>\n<td>17.4 x 3.6 x 6.8 cm<\/td>\n<\/tr>\n<tr>\n<th>Kaal<\/th>\n<td>360 g<\/td>\n<\/tr>\n<tr>\n<th>V\u00f5imsus<\/th>\n<td>20 W<\/td>\n<\/tr>\n<tr>\n<th>Sisend<\/th>\n<td>220 V<\/td>\n<\/tr>\n<\/tbody>\n<\/table>\n<\/div>\n","protected":false},"excerpt":{"rendered":"<p>Sothing DSHJ-S-2111A jalan\u00f5ude kuivataja (valge) Ei mingeid niiskeid kingi enam! Sothing DSHJ-S-2111A kingakuivati on mitmek\u00fclgne lahendus kogu perele. Kujutage ette, et tulete t\u00f6\u00f6lt v\u00f5i treeningult koju, olles vihmast m\u00e4rg ja teie kingad, kindad v\u00f5i m\u00fcts on niisked. Selle kompaktse kuivatiga saate kiiresti taastada nende kuivuse ja meeldiva soojuse. Seadmel on paindlikud k\u00e4epidemed, mida saab kohandada [&hellip;]<\/p>\n","protected":false},"featured_media":79660,"comment_status":"open","ping_status":"closed","template":"","meta":[],"product_brand":[],"product_cat":[1212],"product_tag":[],"class_list":{"0":"post-79659","1":"product","2":"type-product","3":"status-publish","4":"has-post-thumbnail","6":"product_cat-muu-koduelektroonika","7":"product_shipping_class-innpro","9":"first","10":"instock","11":"sale","12":"taxable","13":"shipping-taxable","14":"purchasable","15":"product-type-simple"},"_links":{"self":[{"href":"https:\/\/blankpage.ee\/_ruumist-ruumi\/wp-json\/wp\/v2\/product\/79659","targetHints":{"allow":["GET"]}}],"collection":[{"href":"https:\/\/blankpage.ee\/_ruumist-ruumi\/wp-json\/wp\/v2\/product"}],"about":[{"href":"https:\/\/blankpage.ee\/_ruumist-ruumi\/wp-json\/wp\/v2\/types\/product"}],"replies":[{"embeddable":true,"href":"https:\/\/blankpage.ee\/_ruumist-ruumi\/wp-json\/wp\/v2\/comments?post=79659"}],"wp:featuredmedia":[{"embeddable":true,"href":"https:\/\/blankpage.ee\/_ruumist-ruumi\/wp-json\/wp\/v2\/media\/79660"}],"wp:attachment":[{"href":"https:\/\/blankpage.ee\/_ruumist-ruumi\/wp-json\/wp\/v2\/media?parent=79659"}],"wp:term":[{"taxonomy":"product_brand","embeddable":true,"href":"https:\/\/blankpage.ee\/_ruumist-ruumi\/wp-json\/wp\/v2\/product_brand?post=79659"},{"taxonomy":"product_cat","embeddable":true,"href":"https:\/\/blankpage.ee\/_ruumist-ruumi\/wp-json\/wp\/v2\/product_cat?post=79659"},{"taxonomy":"product_tag","embeddable":true,"href":"https:\/\/blankpage.ee\/_ruumist-ruumi\/wp-json\/wp\/v2\/product_tag?post=79659"}],"curies":[{"name":"wp","href":"https:\/\/api.w.org\/{rel}","templated":true}]}}