{"id":79661,"date":"2025-01-08T10:19:58","date_gmt":"2025-01-08T10:19:58","guid":{"rendered":"https:\/\/ruumistruumi.ee\/?post_type=product&#038;p=79661"},"modified":"2025-04-17T09:53:37","modified_gmt":"2025-04-17T09:53:37","slug":"jalanoude-kuivataja-sothing-dshj-s-2214-a-valge","status":"publish","type":"product","link":"https:\/\/blankpage.ee\/_ruumist-ruumi\/pood\/jalanoude-kuivataja-sothing-dshj-s-2214-a-valge\/","title":{"rendered":"Jalan\u00f5ude kuivataja Sothing DSHJ-S-2214 A (valge)"},"content":{"rendered":"<h3>Jalan\u00f5ude kuivataja Sothing DSHJ-S-2214 A (valge)<\/h3>\n<p>Jalan\u00f5ude kuivataja SOTHING Zero on seade, mis tagab teile kuivad kingad olenemata tingimustest. Kas v\u00f5itlete vihmase ja l\u00f6rtsise ilma, intensiivse treeningu v\u00f5i ebameeldivate l\u00f5hnadega? See kuivati suudab toime tulla igasuguste v\u00e4ljakutsetega. See hoiab teie kingad kuivad, v\u00e4rsked ja kandmiseks valmis l\u00fchikese ajaga.<\/p>\n<p><img loading=\"lazy\" decoding=\"async\" class=\"alignnone wp-image-79707 size-medium_large\" src=\"https:\/\/blankpage.ee\/_ruumist-ruumi\/wp-content\/uploads\/2025\/01\/Jalanoude-kuivataja-Sothing-DSHJ-S-2214-A-768x489.webp\" alt=\"Jalan\u00f5ude kuivataja Sothing DSHJ-S-2214 A\" width=\"768\" height=\"489\" srcset=\"https:\/\/blankpage.ee\/_ruumist-ruumi\/wp-content\/uploads\/2025\/01\/Jalanoude-kuivataja-Sothing-DSHJ-S-2214-A-768x489.webp 768w, https:\/\/blankpage.ee\/_ruumist-ruumi\/wp-content\/uploads\/2025\/01\/Jalanoude-kuivataja-Sothing-DSHJ-S-2214-A-300x191.webp 300w, https:\/\/blankpage.ee\/_ruumist-ruumi\/wp-content\/uploads\/2025\/01\/Jalanoude-kuivataja-Sothing-DSHJ-S-2214-A-400x255.webp 400w, https:\/\/blankpage.ee\/_ruumist-ruumi\/wp-content\/uploads\/2025\/01\/Jalanoude-kuivataja-Sothing-DSHJ-S-2214-A-922x587.webp 922w, https:\/\/blankpage.ee\/_ruumist-ruumi\/wp-content\/uploads\/2025\/01\/Jalanoude-kuivataja-Sothing-DSHJ-S-2214-A.webp 1000w\" sizes=\"auto, (max-width: 768px) 100vw, 768px\" \/><\/p>\n<h3>Jalan\u00f5ude kuivataja aitab nii niiskuse kui ka ebameeldivate l\u00f5hnade vastu<\/h3>\n<p>Jalan\u00f5ude kuivataja on suurep\u00e4rane igap\u00e4evaseks kasutamiseks, eriti vihmase ja l\u00f6rtsise ilma ajal v\u00f5i p\u00e4rast intensiivset treeningut, kui kingad v\u00f5ivad niiskeks muutuda ja ebameeldivalt l\u00f5hnata. Kuivataja mitte ainult ei kuivata kingi, vaid k\u00f5rvaldab t\u00f5husalt ka baktereid ja mikroorganisme, mis arenevad niiskes keskkonnas. T\u00e4nu deodoriseerimise funktsioonile unustate ebameeldivad l\u00f5hnad. Toode on varustatud Euroopa pistikuga.<\/p>\n<p><img loading=\"lazy\" decoding=\"async\" class=\"alignnone size-medium_large wp-image-79706\" src=\"https:\/\/blankpage.ee\/_ruumist-ruumi\/wp-content\/uploads\/2025\/01\/Jalanoude-kuivataja-Sothing-DSHJ-S-2214-A-2-768x489.webp\" alt=\"Jalan\u00f5ude kuivataja Sothing DSHJ-S-2214 A\" width=\"768\" height=\"489\" srcset=\"https:\/\/blankpage.ee\/_ruumist-ruumi\/wp-content\/uploads\/2025\/01\/Jalanoude-kuivataja-Sothing-DSHJ-S-2214-A-2-768x489.webp 768w, https:\/\/blankpage.ee\/_ruumist-ruumi\/wp-content\/uploads\/2025\/01\/Jalanoude-kuivataja-Sothing-DSHJ-S-2214-A-2-300x191.webp 300w, https:\/\/blankpage.ee\/_ruumist-ruumi\/wp-content\/uploads\/2025\/01\/Jalanoude-kuivataja-Sothing-DSHJ-S-2214-A-2-400x255.webp 400w, https:\/\/blankpage.ee\/_ruumist-ruumi\/wp-content\/uploads\/2025\/01\/Jalanoude-kuivataja-Sothing-DSHJ-S-2214-A-2-922x587.webp 922w, https:\/\/blankpage.ee\/_ruumist-ruumi\/wp-content\/uploads\/2025\/01\/Jalanoude-kuivataja-Sothing-DSHJ-S-2214-A-2.webp 1000w\" sizes=\"auto, (max-width: 768px) 100vw, 768px\" \/><\/p>\n<h3>Ohutus ja kasutusmugavus<\/h3>\n<p>SOTHING Zero jalan\u00f5ude kuivatajal on sisseehitatud taimer, mis v\u00f5imaldab teil kohandada kuivatusaega vastavalt oma individuaalsetele vajadustele. Seade on valmistatud tulekindlatest materjalidest, mis tagavad t\u00e4ieliku ohutuse kasutamise ajal. Kompaktne suurus ja kerge kaal muudavad kuivati h\u00f5lpsasti kaasaskantavaks ja ideaalseks reisimiseks.<\/p>\n<p><img loading=\"lazy\" decoding=\"async\" class=\"alignnone size-medium_large wp-image-79705\" src=\"https:\/\/blankpage.ee\/_ruumist-ruumi\/wp-content\/uploads\/2025\/01\/Jalanoude-kuivataja-Sothing-DSHJ-S-2214-A-3-768x489.webp\" alt=\"Jalan\u00f5ude kuivataja Sothing DSHJ-S-2214 A\" width=\"768\" height=\"489\" srcset=\"https:\/\/blankpage.ee\/_ruumist-ruumi\/wp-content\/uploads\/2025\/01\/Jalanoude-kuivataja-Sothing-DSHJ-S-2214-A-3-768x489.webp 768w, https:\/\/blankpage.ee\/_ruumist-ruumi\/wp-content\/uploads\/2025\/01\/Jalanoude-kuivataja-Sothing-DSHJ-S-2214-A-3-300x191.webp 300w, https:\/\/blankpage.ee\/_ruumist-ruumi\/wp-content\/uploads\/2025\/01\/Jalanoude-kuivataja-Sothing-DSHJ-S-2214-A-3-400x255.webp 400w, https:\/\/blankpage.ee\/_ruumist-ruumi\/wp-content\/uploads\/2025\/01\/Jalanoude-kuivataja-Sothing-DSHJ-S-2214-A-3-922x587.webp 922w, https:\/\/blankpage.ee\/_ruumist-ruumi\/wp-content\/uploads\/2025\/01\/Jalanoude-kuivataja-Sothing-DSHJ-S-2214-A-3.webp 1000w\" sizes=\"auto, (max-width: 768px) 100vw, 768px\" \/><\/p>\n<h3>Tehnoloogia ja t\u00f5husus<\/h3>\n<p>Kuivati kasutab kaasaegset PTC k\u00fcttetehnoloogiat, mis saavutab kiiresti 55\u00b0C temperatuuri, v\u00f5imaldades t\u00f5husat kuivatamist ilma jalan\u00f5ude materjale kahjustamata. Pidev kuivatus temperatuur hoiab \u00e4ra \u00fclekuumenemise ja jaotab soojust \u00fchtlaselt kinga sees. Jalan\u00f5ude kuivataja sisaldab koguni 1926 k\u00fctteava, mis tagab p\u00f5hjaliku ja t\u00f5husa kuivatamise.<\/p>\n<h3>Komplektis<\/h3>\n<ul class=\"list-disc\">\n<li>Kingakuivati<\/li>\n<li>Juhend<\/li>\n<\/ul>\n<div class=\"table-wrapper\">\n<h3><\/h3>\n<table>\n<tbody>\n<tr>\n<th>Tootja<\/th>\n<td>Sothing<\/td>\n<\/tr>\n<tr>\n<th>Tootja kood<\/th>\n<td>DSHJ-S-2214 A<\/td>\n<\/tr>\n<tr>\n<th>V\u00f5imsus<\/th>\n<td>20 W<\/td>\n<\/tr>\n<tr>\n<th>V\u00e4rv<\/th>\n<td>Valge<\/td>\n<\/tr>\n<tr>\n<th>Tootet\u00fc\u00fcp<\/th>\n<td>Kingakuivati<\/td>\n<\/tr>\n<tr>\n<th>Kaal<\/th>\n<td>320 g<\/td>\n<\/tr>\n<tr>\n<th>Omadused<\/th>\n<td>Temperatuur kuni 150\u00b0C; Kolm kuivatusaega (3, 6 ja 9 tundi)<\/td>\n<\/tr>\n<tr>\n<th>Lisainfo<\/th>\n<td>1926 k\u00fctteava; Sobib kingasuurustele 28-45<\/td>\n<\/tr>\n<\/tbody>\n<\/table>\n<\/div>\n","protected":false},"excerpt":{"rendered":"<p>Jalan\u00f5ude kuivataja Sothing DSHJ-S-2214 A (valge) Jalan\u00f5ude kuivataja SOTHING Zero on seade, mis tagab teile kuivad kingad olenemata tingimustest. Kas v\u00f5itlete vihmase ja l\u00f6rtsise ilma, intensiivse treeningu v\u00f5i ebameeldivate l\u00f5hnadega? See kuivati suudab toime tulla igasuguste v\u00e4ljakutsetega. See hoiab teie kingad kuivad, v\u00e4rsked ja kandmiseks valmis l\u00fchikese ajaga. Jalan\u00f5ude kuivataja aitab nii niiskuse kui ka [&hellip;]<\/p>\n","protected":false},"featured_media":79662,"comment_status":"open","ping_status":"closed","template":"","meta":[],"product_brand":[],"product_cat":[1212],"product_tag":[],"class_list":{"0":"post-79661","1":"product","2":"type-product","3":"status-publish","4":"has-post-thumbnail","6":"product_cat-muu-koduelektroonika","7":"product_shipping_class-innpro","9":"first","10":"outofstock","11":"taxable","12":"shipping-taxable","13":"purchasable","14":"product-type-simple"},"_links":{"self":[{"href":"https:\/\/blankpage.ee\/_ruumist-ruumi\/wp-json\/wp\/v2\/product\/79661","targetHints":{"allow":["GET"]}}],"collection":[{"href":"https:\/\/blankpage.ee\/_ruumist-ruumi\/wp-json\/wp\/v2\/product"}],"about":[{"href":"https:\/\/blankpage.ee\/_ruumist-ruumi\/wp-json\/wp\/v2\/types\/product"}],"replies":[{"embeddable":true,"href":"https:\/\/blankpage.ee\/_ruumist-ruumi\/wp-json\/wp\/v2\/comments?post=79661"}],"wp:featuredmedia":[{"embeddable":true,"href":"https:\/\/blankpage.ee\/_ruumist-ruumi\/wp-json\/wp\/v2\/media\/79662"}],"wp:attachment":[{"href":"https:\/\/blankpage.ee\/_ruumist-ruumi\/wp-json\/wp\/v2\/media?parent=79661"}],"wp:term":[{"taxonomy":"product_brand","embeddable":true,"href":"https:\/\/blankpage.ee\/_ruumist-ruumi\/wp-json\/wp\/v2\/product_brand?post=79661"},{"taxonomy":"product_cat","embeddable":true,"href":"https:\/\/blankpage.ee\/_ruumist-ruumi\/wp-json\/wp\/v2\/product_cat?post=79661"},{"taxonomy":"product_tag","embeddable":true,"href":"https:\/\/blankpage.ee\/_ruumist-ruumi\/wp-json\/wp\/v2\/product_tag?post=79661"}],"curies":[{"name":"wp","href":"https:\/\/api.w.org\/{rel}","templated":true}]}}