{"id":7967,"date":"2024-11-01T14:25:00","date_gmt":"2024-11-01T14:25:00","guid":{"rendered":"https:\/\/ruumistruumi.ee\/pood\/tumesinine-tool-avola-av775-370-mannipuidust-ja-poluestrist-kangast\/"},"modified":"2025-04-10T11:58:20","modified_gmt":"2025-04-10T11:58:20","slug":"tumesinine-avola-av775-370-tool-mannipuidust","status":"publish","type":"product","link":"https:\/\/blankpage.ee\/_ruumist-ruumi\/pood\/tumesinine-avola-av775-370-tool-mannipuidust\/","title":{"rendered":"Tumesinine Avola AV775-370 tool, m\u00e4nnipuidust"},"content":{"rendered":"<p>Avola AV775-370 tool s\u00f6\u00f6gituppa. See elegantne tool on kaetud merev\u00e4esinise pol\u00fcesterkangaga, mis lisab ruumi s\u00fcgavust ja stiili. Lihtne vorm on rikastatud vertikaalsete liistudega seljatoel ja kreemika polsterdatud istmega, pakkudes nii mugavust kui ka visuaalset huvi.<\/p>\n<p>Tooli valmistamisel on kasutatud kvaliteetset m\u00e4nnipuitu, mis tagab vastupidavuse ja pikaealisuse. K\u00f5rge tihedusega vahtpolsterdus istmel pakub lisamugavust, muutes selle ideaalseks pikemateks \u00f5htus\u00f6\u00f6kideks ja koosviibimisteks. Avola kollektsiooni tool sobib suurep\u00e4raselt nii klassikalisse kui ka kaasaegsesse interj\u00f6\u00f6ri, olles samas praktiline ja stiilne valik igasse s\u00f6\u00f6gituppa.<\/p>\n<p>Omadused:<br \/>\n<strong>Materjal:<\/strong> M\u00e4nnipuit ja pol\u00fcesterkangas.<br \/>\n<strong>V\u00e4rv:<\/strong> Merev\u00e4esinine, kreemikas istmekate.<br \/>\n<strong>M\u00f5\u00f5tmed:<\/strong> Laius 46 cm, s\u00fcgavus 53,5 cm, k\u00f5rgus 94 cm.<br \/>\n<strong>T\u00e4iendavad detailid:<\/strong> Istme m\u00f5\u00f5dud 44,5 x 40,5 x 48,5 cm, k\u00f5rge tihedusega vahtpolsterdus.<br \/>\n<strong>Kokkupanek:<\/strong> Osaliselt kokku pandud, ei vaja paigaldust. S\u00e4\u00e4stab aega ja vaeva.<\/p>\n<p>&nbsp;<\/p>\n","protected":false},"excerpt":{"rendered":"<p>Avola AV775-370 tool s\u00f6\u00f6gituppa. See elegantne tool on kaetud merev\u00e4esinise pol\u00fcesterkangaga, mis lisab ruumi s\u00fcgavust ja stiili. Lihtne vorm on rikastatud vertikaalsete liistudega seljatoel ja kreemika polsterdatud istmega, pakkudes nii mugavust kui ka visuaalset huvi. Tooli valmistamisel on kasutatud kvaliteetset m\u00e4nnipuitu, mis tagab vastupidavuse ja pikaealisuse. K\u00f5rge tihedusega vahtpolsterdus istmel pakub lisamugavust, muutes selle ideaalseks [&hellip;]<\/p>\n","protected":false},"featured_media":7968,"comment_status":"open","ping_status":"closed","template":"","meta":[],"product_brand":[],"product_cat":[108],"product_tag":[],"class_list":{"0":"post-7967","1":"product","2":"type-product","3":"status-publish","4":"has-post-thumbnail","6":"product_cat-soogitoolid","7":"product_shipping_class-livin-hill","8":"pa_kollektsioon-avola","9":"pa_materjal-mand","10":"pa_varv-tumesinine","12":"first","13":"instock","14":"sale","15":"taxable","16":"shipping-taxable","17":"purchasable","18":"product-type-simple"},"_links":{"self":[{"href":"https:\/\/blankpage.ee\/_ruumist-ruumi\/wp-json\/wp\/v2\/product\/7967","targetHints":{"allow":["GET"]}}],"collection":[{"href":"https:\/\/blankpage.ee\/_ruumist-ruumi\/wp-json\/wp\/v2\/product"}],"about":[{"href":"https:\/\/blankpage.ee\/_ruumist-ruumi\/wp-json\/wp\/v2\/types\/product"}],"replies":[{"embeddable":true,"href":"https:\/\/blankpage.ee\/_ruumist-ruumi\/wp-json\/wp\/v2\/comments?post=7967"}],"wp:featuredmedia":[{"embeddable":true,"href":"https:\/\/blankpage.ee\/_ruumist-ruumi\/wp-json\/wp\/v2\/media\/7968"}],"wp:attachment":[{"href":"https:\/\/blankpage.ee\/_ruumist-ruumi\/wp-json\/wp\/v2\/media?parent=7967"}],"wp:term":[{"taxonomy":"product_brand","embeddable":true,"href":"https:\/\/blankpage.ee\/_ruumist-ruumi\/wp-json\/wp\/v2\/product_brand?post=7967"},{"taxonomy":"product_cat","embeddable":true,"href":"https:\/\/blankpage.ee\/_ruumist-ruumi\/wp-json\/wp\/v2\/product_cat?post=7967"},{"taxonomy":"product_tag","embeddable":true,"href":"https:\/\/blankpage.ee\/_ruumist-ruumi\/wp-json\/wp\/v2\/product_tag?post=7967"}],"curies":[{"name":"wp","href":"https:\/\/api.w.org\/{rel}","templated":true}]}}