{"id":8000,"date":"2024-11-01T14:26:51","date_gmt":"2024-11-01T14:26:51","guid":{"rendered":"https:\/\/ruumistruumi.ee\/pood\/salvei-hall-vitriinkapp-avola-av2294-33-akatsiapuust\/"},"modified":"2025-04-10T11:58:20","modified_gmt":"2025-04-10T11:58:20","slug":"salvei-hall-vitriinkapp-avola-av2294-33-akatsiapuust","status":"publish","type":"product","link":"https:\/\/blankpage.ee\/_ruumist-ruumi\/pood\/salvei-hall-vitriinkapp-avola-av2294-33-akatsiapuust\/","title":{"rendered":"Hall vitriinkapp Avola AV2294-33, akaatsiapuidust"},"content":{"rendered":"<p>Avola AV2294-33 k\u00f5rge kapp elutuppa. See salvehall k\u00f5rge kapp lisab teie elutuppa elegantsi ja praktilisust. Kaks klaasitud ust koos dekoratiivsete kaarte ja elegantsete piklike k\u00e4epidemetega annavad sellele m\u00f6\u00f6bliesemele ainulaadse ilme. Lihtne vorm on rikastatud freesitud servade ja n\u00e4htava spoonistruktuuriga, mis lisavad iseloomu ja s\u00fcgavust.<\/p>\n<p>Omadused:<br \/>\n<strong>Materjal:<\/strong> Akaatsiapuit ja spoon.<br \/>\n<strong>V\u00e4rv:<\/strong> Salvehall v\u00e4lispind, naturaalne puidu sisemus.<br \/>\n<strong>M\u00f5\u00f5tmed:<\/strong> Laius 84 cm, s\u00fcgavus 43 cm, k\u00f5rgus 91,5 cm.<br \/>\n<strong>T\u00e4iendavad detailid:<\/strong> Kaks ust, \u00fcks reguleeritav sisemine riiul, metallist k\u00e4epidemed ja 5mm karastatud klaas.<br \/>\n<strong>Kokkupanek:<\/strong> T\u00e4ielik kokkupanek, ei vaja paigaldust. S\u00e4\u00e4stab aega ja vaeva.<\/p>\n<p>Avola kollektsiooni kuuluv k\u00f5rge kapp on ideaalne valik, kui soovite oma elutoa interj\u00f6\u00f6ri t\u00e4iendada kvaliteetse ja stiilse m\u00f6\u00f6bliesemega.<\/p>\n<p>&nbsp;<\/p>\n","protected":false},"excerpt":{"rendered":"<p>Avola AV2294-33 k\u00f5rge kapp elutuppa. See salvehall k\u00f5rge kapp lisab teie elutuppa elegantsi ja praktilisust. Kaks klaasitud ust koos dekoratiivsete kaarte ja elegantsete piklike k\u00e4epidemetega annavad sellele m\u00f6\u00f6bliesemele ainulaadse ilme. Lihtne vorm on rikastatud freesitud servade ja n\u00e4htava spoonistruktuuriga, mis lisavad iseloomu ja s\u00fcgavust. Omadused: Materjal: Akaatsiapuit ja spoon. V\u00e4rv: Salvehall v\u00e4lispind, naturaalne puidu sisemus. [&hellip;]<\/p>\n","protected":false},"featured_media":8001,"comment_status":"open","ping_status":"closed","template":"","meta":[],"product_brand":[],"product_cat":[81],"product_tag":[],"class_list":{"0":"post-8000","1":"product","2":"type-product","3":"status-publish","4":"has-post-thumbnail","6":"product_cat-kapid-riiulid-ja-kummutid","7":"product_shipping_class-livin-hill","8":"pa_kaepidemed-metall","9":"pa_kollektsioon-avola","10":"pa_materjal-akaatsiapuit","11":"pa_riiulite-arv-99","12":"pa_uste-arv-94","13":"pa_varv-roheline","15":"first","16":"instock","17":"sale","18":"taxable","19":"shipping-taxable","20":"purchasable","21":"product-type-simple"},"_links":{"self":[{"href":"https:\/\/blankpage.ee\/_ruumist-ruumi\/wp-json\/wp\/v2\/product\/8000","targetHints":{"allow":["GET"]}}],"collection":[{"href":"https:\/\/blankpage.ee\/_ruumist-ruumi\/wp-json\/wp\/v2\/product"}],"about":[{"href":"https:\/\/blankpage.ee\/_ruumist-ruumi\/wp-json\/wp\/v2\/types\/product"}],"replies":[{"embeddable":true,"href":"https:\/\/blankpage.ee\/_ruumist-ruumi\/wp-json\/wp\/v2\/comments?post=8000"}],"wp:featuredmedia":[{"embeddable":true,"href":"https:\/\/blankpage.ee\/_ruumist-ruumi\/wp-json\/wp\/v2\/media\/8001"}],"wp:attachment":[{"href":"https:\/\/blankpage.ee\/_ruumist-ruumi\/wp-json\/wp\/v2\/media?parent=8000"}],"wp:term":[{"taxonomy":"product_brand","embeddable":true,"href":"https:\/\/blankpage.ee\/_ruumist-ruumi\/wp-json\/wp\/v2\/product_brand?post=8000"},{"taxonomy":"product_cat","embeddable":true,"href":"https:\/\/blankpage.ee\/_ruumist-ruumi\/wp-json\/wp\/v2\/product_cat?post=8000"},{"taxonomy":"product_tag","embeddable":true,"href":"https:\/\/blankpage.ee\/_ruumist-ruumi\/wp-json\/wp\/v2\/product_tag?post=8000"}],"curies":[{"name":"wp","href":"https:\/\/api.w.org\/{rel}","templated":true}]}}