{"id":8021,"date":"2024-11-01T14:28:05","date_gmt":"2024-11-01T14:28:05","guid":{"rendered":"https:\/\/ruumistruumi.ee\/pood\/sage-hall-kummut-avola-av2294-96-akatsiapuust-ja-vineerist\/"},"modified":"2025-06-17T08:58:03","modified_gmt":"2025-06-17T08:58:03","slug":"rohekashall-avola-av2294-96-kummut-akaatsiapuidust","status":"publish","type":"product","link":"https:\/\/blankpage.ee\/_ruumist-ruumi\/pood\/rohekashall-avola-av2294-96-kummut-akaatsiapuidust\/","title":{"rendered":"Rohekashall Avola AV2294-96 kummut, akaatsiapuidust"},"content":{"rendered":"<p>Avola AV2294-96 kummut elutuppa. See salvehall kummut on ideaalne lisand igasse elutuppa, lisades ruumi nii stiili kui ka praktilisust. Kummutil on kuus klaasitud ust, millel on dekoratiivsed kaared ja elegantsed piklikud k\u00e4epidemed. Lihtsat vormi t\u00e4iustavad freesitud servad ja n\u00e4htav vineerstruktuur, mis lisab iseloomu ja s\u00fcgavust.<\/p>\n<p>Kummuti kuus ust ja kolm reguleeritavat riiulit pakuvad mitmek\u00fclgseid hoiustamisv\u00f5imalusi, muutes selle ideaalseks nii igap\u00e4evaste esemete kui ka eriliste dekoratiivesemete hoidmiseks. Metallist k\u00e4epidemed lisavad modernset puudutust, samas kui karastatud klaas (5mm) tagab vastupidavuse ja turvalisuse. Kummuti sisemus on naturaalse puidutooni, mis loob meeldiva kontrasti salvehalliga.<\/p>\n<p>Omadused:<br \/>\n<strong>Materjal:<\/strong> Akaatsiapuit ja vineer.<br \/>\n<strong>V\u00e4rv:<\/strong> Salvehall v\u00e4lispind ja naturaalne puidusisustus.<br \/>\n<strong>M\u00f5\u00f5tmed:<\/strong> Laius 244 cm, s\u00fcgavus 43 cm, k\u00f5rgus 91,5 cm.<br \/>\n<strong>T\u00e4iendavad detailid:<\/strong> Kuus ust, kolm reguleeritavat riiulit, metallist k\u00e4epidemed, karastatud klaas 5mm.<br \/>\n<strong>Kokkupanek:<\/strong> Kokkupandud, ei vaja paigaldust. S\u00e4\u00e4stab aega ja vaeva.<\/p>\n<p>&nbsp;<\/p>\n","protected":false},"excerpt":{"rendered":"<p>Avola AV2294-96 kummut elutuppa. See salvehall kummut on ideaalne lisand igasse elutuppa, lisades ruumi nii stiili kui ka praktilisust. Kummutil on kuus klaasitud ust, millel on dekoratiivsed kaared ja elegantsed piklikud k\u00e4epidemed. Lihtsat vormi t\u00e4iustavad freesitud servad ja n\u00e4htav vineerstruktuur, mis lisab iseloomu ja s\u00fcgavust. Kummuti kuus ust ja kolm reguleeritavat riiulit pakuvad mitmek\u00fclgseid hoiustamisv\u00f5imalusi, [&hellip;]<\/p>\n","protected":false},"featured_media":8022,"comment_status":"open","ping_status":"closed","template":"","meta":[],"product_brand":[],"product_cat":[81],"product_tag":[],"class_list":{"0":"post-8021","1":"product","2":"type-product","3":"status-publish","4":"has-post-thumbnail","6":"product_cat-kapid-riiulid-ja-kummutid","7":"product_shipping_class-livin-hill","8":"pa_kaepidemed-metall","9":"pa_kollektsioon-avola","10":"pa_materjal-akaatsiapuit","11":"pa_riiulite-arv-89","12":"pa_uste-arv-241","13":"pa_varv-roheline","15":"first","16":"instock","17":"sale","18":"taxable","19":"shipping-taxable","20":"purchasable","21":"product-type-simple"},"_links":{"self":[{"href":"https:\/\/blankpage.ee\/_ruumist-ruumi\/wp-json\/wp\/v2\/product\/8021","targetHints":{"allow":["GET"]}}],"collection":[{"href":"https:\/\/blankpage.ee\/_ruumist-ruumi\/wp-json\/wp\/v2\/product"}],"about":[{"href":"https:\/\/blankpage.ee\/_ruumist-ruumi\/wp-json\/wp\/v2\/types\/product"}],"replies":[{"embeddable":true,"href":"https:\/\/blankpage.ee\/_ruumist-ruumi\/wp-json\/wp\/v2\/comments?post=8021"}],"wp:featuredmedia":[{"embeddable":true,"href":"https:\/\/blankpage.ee\/_ruumist-ruumi\/wp-json\/wp\/v2\/media\/8022"}],"wp:attachment":[{"href":"https:\/\/blankpage.ee\/_ruumist-ruumi\/wp-json\/wp\/v2\/media?parent=8021"}],"wp:term":[{"taxonomy":"product_brand","embeddable":true,"href":"https:\/\/blankpage.ee\/_ruumist-ruumi\/wp-json\/wp\/v2\/product_brand?post=8021"},{"taxonomy":"product_cat","embeddable":true,"href":"https:\/\/blankpage.ee\/_ruumist-ruumi\/wp-json\/wp\/v2\/product_cat?post=8021"},{"taxonomy":"product_tag","embeddable":true,"href":"https:\/\/blankpage.ee\/_ruumist-ruumi\/wp-json\/wp\/v2\/product_tag?post=8021"}],"curies":[{"name":"wp","href":"https:\/\/api.w.org\/{rel}","templated":true}]}}