{"id":8054,"date":"2024-11-01T14:29:58","date_gmt":"2024-11-01T14:29:58","guid":{"rendered":"https:\/\/ruumistruumi.ee\/pood\/must-avola-av2294-33-korge-kummut-akatsiapuust-ja-vaneerist\/"},"modified":"2025-07-15T18:42:22","modified_gmt":"2025-07-15T18:42:22","slug":"must-avola-av2294-33-korge-kummut-akatsiapuust-ja-vaneerist","status":"publish","type":"product","link":"https:\/\/blankpage.ee\/_ruumist-ruumi\/pood\/must-avola-av2294-33-korge-kummut-akatsiapuust-ja-vaneerist\/","title":{"rendered":"Must k\u00f5rge kummut Avola AV2294-33, akaatsiapuidust"},"content":{"rendered":"<p>Avola AV2294-33 k\u00f5rge kapp elutuppa. See elegantne must k\u00f5rge kapp on ideaalne lisa igasse elutuppa, pakkudes nii stiili kui ka funktsionaalsust. Kaks klaasitud ust, millel on dekoratiivsed kaared ja elegantsed piklikud k\u00e4epidemed, loovad muljetavaldava visuaalse efekti. Lihtsat vormi t\u00e4iendavad freesitud servad ja n\u00e4htav vineeri struktuur, lisades sellele ainulaadse iseloomu.<\/p>\n<p>Avola kollektsiooni kuuluv kapp on valmistatud vastupidavast akaatsiapuidust ja vineerist, mis tagab pikaajalise vastupidavuse. Musta v\u00e4rvi v\u00e4limus koos naturaalse puidu sisemusega loob kaasaegse ja ajatu ilme. Kapil on kaks ust ja \u00fcks reguleeritav sisemine riiul, mis v\u00f5imaldab paindlikku hoiustamist. Metallist k\u00e4epidemed lisavad modernset viimistlust, samas kui 5mm karastatud klaasist uksed tagavad turvalisuse ja vastupidavuse.<\/p>\n<p>Omadused:<br \/>\n<strong>Materjal:<\/strong> Akaatsiapuit ja vineer.<br \/>\n<strong>V\u00e4rv:<\/strong> Must v\u00e4ljast, naturaalne puidu sisemus.<br \/>\n<strong>M\u00f5\u00f5tmed:<\/strong> Laius 84 cm, s\u00fcgavus 43 cm, k\u00f5rgus 91,5 cm.<br \/>\n<strong>T\u00e4iendavad detailid:<\/strong> 5mm karastatud klaas, reguleeritav sisemine riiul.<br \/>\n<strong>Kokkupanek:<\/strong> T\u00e4ielik kokkupanek vajalik.<\/p>\n<p>&nbsp;<\/p>\n","protected":false},"excerpt":{"rendered":"<p>Avola AV2294-33 k\u00f5rge kapp elutuppa. See elegantne must k\u00f5rge kapp on ideaalne lisa igasse elutuppa, pakkudes nii stiili kui ka funktsionaalsust. Kaks klaasitud ust, millel on dekoratiivsed kaared ja elegantsed piklikud k\u00e4epidemed, loovad muljetavaldava visuaalse efekti. Lihtsat vormi t\u00e4iendavad freesitud servad ja n\u00e4htav vineeri struktuur, lisades sellele ainulaadse iseloomu. Avola kollektsiooni kuuluv kapp on valmistatud [&hellip;]<\/p>\n","protected":false},"featured_media":8055,"comment_status":"open","ping_status":"closed","template":"","meta":[],"product_brand":[],"product_cat":[81],"product_tag":[],"class_list":{"0":"post-8054","1":"product","2":"type-product","3":"status-publish","4":"has-post-thumbnail","6":"product_cat-kapid-riiulid-ja-kummutid","7":"product_shipping_class-livin-hill","8":"pa_kaepidemed-metall","9":"pa_kollektsioon-avola","10":"pa_materjal-akaatsiapuit","11":"pa_riiulite-arv-99","12":"pa_uste-arv-94","13":"pa_varv-must","15":"first","16":"outofstock","17":"sale","18":"taxable","19":"shipping-taxable","20":"purchasable","21":"product-type-simple"},"_links":{"self":[{"href":"https:\/\/blankpage.ee\/_ruumist-ruumi\/wp-json\/wp\/v2\/product\/8054","targetHints":{"allow":["GET"]}}],"collection":[{"href":"https:\/\/blankpage.ee\/_ruumist-ruumi\/wp-json\/wp\/v2\/product"}],"about":[{"href":"https:\/\/blankpage.ee\/_ruumist-ruumi\/wp-json\/wp\/v2\/types\/product"}],"replies":[{"embeddable":true,"href":"https:\/\/blankpage.ee\/_ruumist-ruumi\/wp-json\/wp\/v2\/comments?post=8054"}],"wp:featuredmedia":[{"embeddable":true,"href":"https:\/\/blankpage.ee\/_ruumist-ruumi\/wp-json\/wp\/v2\/media\/8055"}],"wp:attachment":[{"href":"https:\/\/blankpage.ee\/_ruumist-ruumi\/wp-json\/wp\/v2\/media?parent=8054"}],"wp:term":[{"taxonomy":"product_brand","embeddable":true,"href":"https:\/\/blankpage.ee\/_ruumist-ruumi\/wp-json\/wp\/v2\/product_brand?post=8054"},{"taxonomy":"product_cat","embeddable":true,"href":"https:\/\/blankpage.ee\/_ruumist-ruumi\/wp-json\/wp\/v2\/product_cat?post=8054"},{"taxonomy":"product_tag","embeddable":true,"href":"https:\/\/blankpage.ee\/_ruumist-ruumi\/wp-json\/wp\/v2\/product_tag?post=8054"}],"curies":[{"name":"wp","href":"https:\/\/api.w.org\/{rel}","templated":true}]}}