{"id":8077,"date":"2024-11-01T14:31:14","date_gmt":"2024-11-01T14:31:14","guid":{"rendered":"https:\/\/ruumistruumi.ee\/pood\/cedar-korge-kummut-avola-av2299-33-akatsiapuust\/"},"modified":"2025-04-10T11:58:23","modified_gmt":"2025-04-10T11:58:23","slug":"pruun-korge-kummut-avola-av2299-33-akaatsiapuidust","status":"publish","type":"product","link":"https:\/\/blankpage.ee\/_ruumist-ruumi\/pood\/pruun-korge-kummut-avola-av2299-33-akaatsiapuidust\/","title":{"rendered":"Pruun k\u00f5rge kummut Avola AV2299-33, akaatsiapuidust"},"content":{"rendered":"<p>Avola AV2299-33 k\u00f5rge kapp elutuppa. See keskmise sajandi modernse stiiliga k\u00f5rge kapp on valmistatud akaatsiapuidust ning toetub mustadele jalgadele. Esiuksed on kaunistatud parkettmustrit meenutava intarsia mustriga, mis r\u00f5hutab m\u00f6\u00f6bli lihtsat vormi ja lisab ruumile iseloomu.<\/p>\n<p>Omadused:<br \/>\n<strong>Materjal:<\/strong> Akaatsiapuit ja vineer.<br \/>\n<strong>V\u00e4rv:<\/strong> Seedri toonis korpus ja mustad jalad.<br \/>\n<strong>M\u00f5\u00f5tmed:<\/strong> Laius 84 cm, s\u00fcgavus 43 cm, k\u00f5rgus 86,5 cm.<br \/>\n<strong>T\u00e4iendavad detailid:<\/strong> Kaks ust, \u00fcks reguleeritav riiul, metallist k\u00e4epidemed, keskmise sajandi modernse stiiliga furnituur, parkettstiilis ukse intarsia.<br \/>\n<strong>Kokkupanek:<\/strong> Kokkupandud, ei vaja paigaldust. S\u00e4\u00e4stab aega ja vaeva.<\/p>\n<p>See elegantne k\u00f5rge kapp on ideaalne valik elutuppa, pakkudes nii funktsionaalsust kui ka esteetilist naudingut.<\/p>\n<p>&nbsp;<\/p>\n","protected":false},"excerpt":{"rendered":"<p>Avola AV2299-33 k\u00f5rge kapp elutuppa. See keskmise sajandi modernse stiiliga k\u00f5rge kapp on valmistatud akaatsiapuidust ning toetub mustadele jalgadele. Esiuksed on kaunistatud parkettmustrit meenutava intarsia mustriga, mis r\u00f5hutab m\u00f6\u00f6bli lihtsat vormi ja lisab ruumile iseloomu. Omadused: Materjal: Akaatsiapuit ja vineer. V\u00e4rv: Seedri toonis korpus ja mustad jalad. M\u00f5\u00f5tmed: Laius 84 cm, s\u00fcgavus 43 cm, k\u00f5rgus [&hellip;]<\/p>\n","protected":false},"featured_media":8078,"comment_status":"open","ping_status":"closed","template":"","meta":[],"product_brand":[],"product_cat":[81],"product_tag":[],"class_list":{"0":"post-8077","1":"product","2":"type-product","3":"status-publish","4":"has-post-thumbnail","6":"product_cat-kapid-riiulid-ja-kummutid","7":"product_shipping_class-livin-hill","8":"pa_kaepidemed-metall","9":"pa_kollektsioon-avola","10":"pa_materjal-akaatsiapuit","11":"pa_riiulite-arv-99","12":"pa_uste-arv-94","13":"pa_varv-tumepruun","15":"first","16":"instock","17":"sale","18":"taxable","19":"shipping-taxable","20":"purchasable","21":"product-type-simple"},"_links":{"self":[{"href":"https:\/\/blankpage.ee\/_ruumist-ruumi\/wp-json\/wp\/v2\/product\/8077","targetHints":{"allow":["GET"]}}],"collection":[{"href":"https:\/\/blankpage.ee\/_ruumist-ruumi\/wp-json\/wp\/v2\/product"}],"about":[{"href":"https:\/\/blankpage.ee\/_ruumist-ruumi\/wp-json\/wp\/v2\/types\/product"}],"replies":[{"embeddable":true,"href":"https:\/\/blankpage.ee\/_ruumist-ruumi\/wp-json\/wp\/v2\/comments?post=8077"}],"wp:featuredmedia":[{"embeddable":true,"href":"https:\/\/blankpage.ee\/_ruumist-ruumi\/wp-json\/wp\/v2\/media\/8078"}],"wp:attachment":[{"href":"https:\/\/blankpage.ee\/_ruumist-ruumi\/wp-json\/wp\/v2\/media?parent=8077"}],"wp:term":[{"taxonomy":"product_brand","embeddable":true,"href":"https:\/\/blankpage.ee\/_ruumist-ruumi\/wp-json\/wp\/v2\/product_brand?post=8077"},{"taxonomy":"product_cat","embeddable":true,"href":"https:\/\/blankpage.ee\/_ruumist-ruumi\/wp-json\/wp\/v2\/product_cat?post=8077"},{"taxonomy":"product_tag","embeddable":true,"href":"https:\/\/blankpage.ee\/_ruumist-ruumi\/wp-json\/wp\/v2\/product_tag?post=8077"}],"curies":[{"name":"wp","href":"https:\/\/api.w.org\/{rel}","templated":true}]}}