{"id":8186,"date":"2024-11-01T14:38:01","date_gmt":"2024-11-01T14:38:01","guid":{"rendered":"https:\/\/ruumistruumi.ee\/pood\/heleroosa-polsterdatud-pink-leith-let69p-100-poluestrist-pealispind-alus-popliipuidust\/"},"modified":"2025-04-10T11:58:23","modified_gmt":"2025-04-10T11:58:23","slug":"roosa-polsterdatud-pink-leith-let69p-100-poluestrist","status":"publish","type":"product","link":"https:\/\/blankpage.ee\/_ruumist-ruumi\/pood\/roosa-polsterdatud-pink-leith-let69p-100-poluestrist\/","title":{"rendered":"Roosa polsterdatud pink Leith LET69P, 100% pol\u00fcestrist"},"content":{"rendered":"<p>Leith LET69P polsterdatud pink esikusse. See elegantne, pehme roosa tooniga polsterdatud pink on valmistatud k\u00f5rgeima kvaliteediga \u0161enillkangast, mis lisab igale ruumile \u00f5rna ja rafineeritud ilme. Lihtne ja avatud disain sobib ideaalselt elutuppa, magamistuppa v\u00f5i esikusse, pakkudes mugavat istumiskohta ja stiilset aktsenti.<\/p>\n<p>Leith kollektsiooni kuuluv pink on kaetud 100% pol\u00fcestrist kangaga, mis tagab vastupidavuse ja pikaealisuse. Poplari vineerist valmistatud alus lisab stabiilsust ja tugevust. Pehme roosa v\u00e4rv loob sooja ja kutsuva atmosf\u00e4\u00e4ri, mis t\u00e4iendab erinevaid sisustusstile. Pink on varustatud rihmv\u00f6\u00f6dega istumisosaga, mis tagab lisamugavuse.<\/p>\n<p>Omadused:<br \/>\n<strong>Materjal:<\/strong> 100% pol\u00fcesterpolsterdus; alus: poplari vineer.<br \/>\n<strong>V\u00e4rv:<\/strong> Pehme roosa.<br \/>\n<strong>M\u00f5\u00f5tmed:<\/strong> Laius: 53,5 cm, S\u00fcgavus: 45,5 cm, K\u00f5rgus: 48 cm.<br \/>\n<strong>T\u00e4iendavad detailid:<\/strong> Puhastuskood SW = LAHUSTI V\u00d5I VESI; rihmv\u00f6\u00f6dega istumisosa; lopsakas \u0161enillpolsterdus.<br \/>\n<strong>Kokkupanek:<\/strong> Kokkupandud, ei vaja paigaldust. S\u00e4\u00e4stab aega ja vaeva.<\/p>\n<p>&nbsp;<\/p>\n","protected":false},"excerpt":{"rendered":"<p>Leith LET69P polsterdatud pink esikusse. See elegantne, pehme roosa tooniga polsterdatud pink on valmistatud k\u00f5rgeima kvaliteediga \u0161enillkangast, mis lisab igale ruumile \u00f5rna ja rafineeritud ilme. Lihtne ja avatud disain sobib ideaalselt elutuppa, magamistuppa v\u00f5i esikusse, pakkudes mugavat istumiskohta ja stiilset aktsenti. Leith kollektsiooni kuuluv pink on kaetud 100% pol\u00fcestrist kangaga, mis tagab vastupidavuse ja pikaealisuse. [&hellip;]<\/p>\n","protected":false},"featured_media":8187,"comment_status":"open","ping_status":"closed","template":"","meta":[],"product_brand":[],"product_cat":[136],"product_tag":[],"class_list":{"0":"post-8186","1":"product","2":"type-product","3":"status-publish","4":"has-post-thumbnail","6":"product_cat-esikupingid","7":"product_shipping_class-livin-hill","8":"pa_kollektsioon-leith","9":"pa_materjal-poluester","10":"pa_varv-roosa","12":"first","13":"instock","14":"sale","15":"taxable","16":"shipping-taxable","17":"purchasable","18":"product-type-simple"},"_links":{"self":[{"href":"https:\/\/blankpage.ee\/_ruumist-ruumi\/wp-json\/wp\/v2\/product\/8186","targetHints":{"allow":["GET"]}}],"collection":[{"href":"https:\/\/blankpage.ee\/_ruumist-ruumi\/wp-json\/wp\/v2\/product"}],"about":[{"href":"https:\/\/blankpage.ee\/_ruumist-ruumi\/wp-json\/wp\/v2\/types\/product"}],"replies":[{"embeddable":true,"href":"https:\/\/blankpage.ee\/_ruumist-ruumi\/wp-json\/wp\/v2\/comments?post=8186"}],"wp:featuredmedia":[{"embeddable":true,"href":"https:\/\/blankpage.ee\/_ruumist-ruumi\/wp-json\/wp\/v2\/media\/8187"}],"wp:attachment":[{"href":"https:\/\/blankpage.ee\/_ruumist-ruumi\/wp-json\/wp\/v2\/media?parent=8186"}],"wp:term":[{"taxonomy":"product_brand","embeddable":true,"href":"https:\/\/blankpage.ee\/_ruumist-ruumi\/wp-json\/wp\/v2\/product_brand?post=8186"},{"taxonomy":"product_cat","embeddable":true,"href":"https:\/\/blankpage.ee\/_ruumist-ruumi\/wp-json\/wp\/v2\/product_cat?post=8186"},{"taxonomy":"product_tag","embeddable":true,"href":"https:\/\/blankpage.ee\/_ruumist-ruumi\/wp-json\/wp\/v2\/product_tag?post=8186"}],"curies":[{"name":"wp","href":"https:\/\/api.w.org\/{rel}","templated":true}]}}