{"id":8204,"date":"2024-11-01T14:39:28","date_gmt":"2024-11-01T14:39:28","guid":{"rendered":"https:\/\/ruumistruumi.ee\/pood\/hobedane-hall-polsterdatud-pink-leith-let69g-100-poluesterpolster-ja-poppeliplaadist-alus\/"},"modified":"2025-04-10T11:58:23","modified_gmt":"2025-04-10T11:58:23","slug":"hobehall-polsterdatud-pink-leith-let69g-100-poluestrist","status":"publish","type":"product","link":"https:\/\/blankpage.ee\/_ruumist-ruumi\/pood\/hobehall-polsterdatud-pink-leith-let69g-100-poluestrist\/","title":{"rendered":"H\u00f5behall polsterdatud pink Leith LET69G, 100% pol\u00fcestrist"},"content":{"rendered":"<p>Leith LET69G polsterdatud pink esikusse. See elegantne h\u00f5behall polsterdatud pink on valmistatud k\u00f5rgeima kvaliteediga \u0161enillkangast, pakkudes stiilset ja praktilist lisandit igasse elutuppa, magamistuppa v\u00f5i esikusse. Selle lihtne ja avatud vorm sobib suurep\u00e4raselt erinevatesse interj\u00f6\u00f6ridesse, tuues ruumi kaasaegset ja peent \u00f5hkkonda.<\/p>\n<p>Leith kollektsiooni pink on loodud pakkuma mugavust ja vastupidavust. 100% pol\u00fcesterpolster ja paplipuidust vineerist alus tagavad pikaajalise kasutuse. H\u00f5behall toon lisab ruumile kergust ja elegantsi, samas kui polsterduse luksuslik \u0161enillkangas pakub pehmust ja mugavust. T\u00e4nu istme all olevale elastsele rihmale on istumine veelgi mugavam.<\/p>\n<p>Omadused:<br \/>\n<strong>Materjal:<\/strong> 100% pol\u00fcesterpolster, paplipuidust vineerist alus.<br \/>\n<strong>V\u00e4rv:<\/strong> H\u00f5behall.<br \/>\n<strong>M\u00f5\u00f5tmed:<\/strong> Laius 53,5 cm, s\u00fcgavus 45,5 cm, k\u00f5rgus 48 cm.<br \/>\n<strong>T\u00e4iendavad detailid:<\/strong> Puhastuskood SW = lahusti v\u00f5i vesi; elastne istumisalus; luksuslik \u0161enillpolsterdus.<br \/>\n<strong>Kokkupanek:<\/strong> Kokkupandud, ei vaja paigaldust. S\u00e4\u00e4stab aega ja vaeva.<\/p>\n<p>&nbsp;<\/p>\n","protected":false},"excerpt":{"rendered":"<p>Leith LET69G polsterdatud pink esikusse. See elegantne h\u00f5behall polsterdatud pink on valmistatud k\u00f5rgeima kvaliteediga \u0161enillkangast, pakkudes stiilset ja praktilist lisandit igasse elutuppa, magamistuppa v\u00f5i esikusse. Selle lihtne ja avatud vorm sobib suurep\u00e4raselt erinevatesse interj\u00f6\u00f6ridesse, tuues ruumi kaasaegset ja peent \u00f5hkkonda. Leith kollektsiooni pink on loodud pakkuma mugavust ja vastupidavust. 100% pol\u00fcesterpolster ja paplipuidust vineerist alus [&hellip;]<\/p>\n","protected":false},"featured_media":8205,"comment_status":"open","ping_status":"closed","template":"","meta":[],"product_brand":[],"product_cat":[136],"product_tag":[],"class_list":{"0":"post-8204","1":"product","2":"type-product","3":"status-publish","4":"has-post-thumbnail","6":"product_cat-esikupingid","7":"product_shipping_class-livin-hill","8":"pa_kollektsioon-leith","9":"pa_materjal-poluester","10":"pa_varv-hall","12":"first","13":"instock","14":"sale","15":"taxable","16":"shipping-taxable","17":"purchasable","18":"product-type-simple"},"_links":{"self":[{"href":"https:\/\/blankpage.ee\/_ruumist-ruumi\/wp-json\/wp\/v2\/product\/8204","targetHints":{"allow":["GET"]}}],"collection":[{"href":"https:\/\/blankpage.ee\/_ruumist-ruumi\/wp-json\/wp\/v2\/product"}],"about":[{"href":"https:\/\/blankpage.ee\/_ruumist-ruumi\/wp-json\/wp\/v2\/types\/product"}],"replies":[{"embeddable":true,"href":"https:\/\/blankpage.ee\/_ruumist-ruumi\/wp-json\/wp\/v2\/comments?post=8204"}],"wp:featuredmedia":[{"embeddable":true,"href":"https:\/\/blankpage.ee\/_ruumist-ruumi\/wp-json\/wp\/v2\/media\/8205"}],"wp:attachment":[{"href":"https:\/\/blankpage.ee\/_ruumist-ruumi\/wp-json\/wp\/v2\/media?parent=8204"}],"wp:term":[{"taxonomy":"product_brand","embeddable":true,"href":"https:\/\/blankpage.ee\/_ruumist-ruumi\/wp-json\/wp\/v2\/product_brand?post=8204"},{"taxonomy":"product_cat","embeddable":true,"href":"https:\/\/blankpage.ee\/_ruumist-ruumi\/wp-json\/wp\/v2\/product_cat?post=8204"},{"taxonomy":"product_tag","embeddable":true,"href":"https:\/\/blankpage.ee\/_ruumist-ruumi\/wp-json\/wp\/v2\/product_tag?post=8204"}],"curies":[{"name":"wp","href":"https:\/\/api.w.org\/{rel}","templated":true}]}}