{"id":8213,"date":"2024-11-01T14:40:15","date_gmt":"2024-11-01T14:40:15","guid":{"rendered":"https:\/\/ruumistruumi.ee\/pood\/valge-accent-laud-avola-av2220-7-ehtne-valgest-marmorist\/"},"modified":"2025-01-29T10:02:21","modified_gmt":"2025-01-29T10:02:21","slug":"must-lisalaud-avola-av2220-7-valgest-marmorist-tasapind","status":"publish","type":"product","link":"https:\/\/blankpage.ee\/_ruumist-ruumi\/pood\/must-lisalaud-avola-av2220-7-valgest-marmorist-tasapind\/","title":{"rendered":"Must lisalaud Avola AV2220-7, valgest marmorist tasapind"},"content":{"rendered":"<p>Avola AV2220-7 aktsentlaud elutuppa. See minimalistlik laud \u00fchendab endas elegantse valge marmorpinna ja graatsilise koonusekujulise metallist aluse, mis on grafiidiv\u00e4rvi. Kontrastne disain lisab ruumile modernset ja stiilset ilmet, olles samas praktiline ja vastupidav.<\/p>\n<p>Avola kollektsiooni kuuluv Avola AV2220-7 aktsentlaud on loodud t\u00f5elisest valgest marmorist lauaplaadiga, pakkudes luksuslikku ja ajatut v\u00e4limust. Selle rauast alus on p\u00fcssimetallhall, mis loob kauni visuaalse tasakaalu marmori puhta valge tooniga. Laua kompaktsed m\u00f5\u00f5tmed &#8211; laius 38 cm, s\u00fcgavus 38 cm ja k\u00f5rgus 51 cm &#8211; teevad sellest ideaalse valiku v\u00e4iksematesse elutubadesse v\u00f5i nurgakestesse, kus on vaja lisada veidi stiili ja praktilisust.<\/p>\n<p>Omadused:<br \/>\n<strong>Materjal:<\/strong> T\u00f5eline valge marmor ja metallist alus.<br \/>\n<strong>V\u00e4rv:<\/strong> Valge lauaplaat ja p\u00fcssimetallhall alus.<br \/>\n<strong>M\u00f5\u00f5tmed:<\/strong> Laius 38 cm, s\u00fcgavus 38 cm, k\u00f5rgus 51 cm.<br \/>\n<strong>T\u00e4iendavad detailid:<\/strong> Pjedestaalaluse laius 28 cm, p\u00f5randa libisemisvastased kaitsmed.<br \/>\n<strong>Kokkupanek:<\/strong> Kokkupandud, ei vaja paigaldust. S\u00e4\u00e4stab aega ja vaeva.<\/p>\n<p>&nbsp;<\/p>\n","protected":false},"excerpt":{"rendered":"<p>Avola AV2220-7 aktsentlaud elutuppa. See minimalistlik laud \u00fchendab endas elegantse valge marmorpinna ja graatsilise koonusekujulise metallist aluse, mis on grafiidiv\u00e4rvi. Kontrastne disain lisab ruumile modernset ja stiilset ilmet, olles samas praktiline ja vastupidav. Avola kollektsiooni kuuluv Avola AV2220-7 aktsentlaud on loodud t\u00f5elisest valgest marmorist lauaplaadiga, pakkudes luksuslikku ja ajatut v\u00e4limust. Selle rauast alus on p\u00fcssimetallhall, [&hellip;]<\/p>\n","protected":false},"featured_media":8214,"comment_status":"open","ping_status":"closed","template":"","meta":[],"product_brand":[],"product_cat":[145],"product_tag":[],"class_list":{"0":"post-8213","1":"product","2":"type-product","3":"status-publish","4":"has-post-thumbnail","6":"product_cat-lisalauad","7":"product_shipping_class-livin-hill","8":"pa_kollektsioon-avola","9":"pa_materjal-marmori","10":"pa_materjal-metall","11":"pa_varv-must","13":"first","14":"outofstock","15":"sale","16":"taxable","17":"shipping-taxable","18":"purchasable","19":"product-type-simple"},"_links":{"self":[{"href":"https:\/\/blankpage.ee\/_ruumist-ruumi\/wp-json\/wp\/v2\/product\/8213","targetHints":{"allow":["GET"]}}],"collection":[{"href":"https:\/\/blankpage.ee\/_ruumist-ruumi\/wp-json\/wp\/v2\/product"}],"about":[{"href":"https:\/\/blankpage.ee\/_ruumist-ruumi\/wp-json\/wp\/v2\/types\/product"}],"replies":[{"embeddable":true,"href":"https:\/\/blankpage.ee\/_ruumist-ruumi\/wp-json\/wp\/v2\/comments?post=8213"}],"wp:featuredmedia":[{"embeddable":true,"href":"https:\/\/blankpage.ee\/_ruumist-ruumi\/wp-json\/wp\/v2\/media\/8214"}],"wp:attachment":[{"href":"https:\/\/blankpage.ee\/_ruumist-ruumi\/wp-json\/wp\/v2\/media?parent=8213"}],"wp:term":[{"taxonomy":"product_brand","embeddable":true,"href":"https:\/\/blankpage.ee\/_ruumist-ruumi\/wp-json\/wp\/v2\/product_brand?post=8213"},{"taxonomy":"product_cat","embeddable":true,"href":"https:\/\/blankpage.ee\/_ruumist-ruumi\/wp-json\/wp\/v2\/product_cat?post=8213"},{"taxonomy":"product_tag","embeddable":true,"href":"https:\/\/blankpage.ee\/_ruumist-ruumi\/wp-json\/wp\/v2\/product_tag?post=8213"}],"curies":[{"name":"wp","href":"https:\/\/api.w.org\/{rel}","templated":true}]}}