{"id":8238,"date":"2024-11-01T14:41:54","date_gmt":"2024-11-01T14:41:54","guid":{"rendered":"https:\/\/ruumistruumi.ee\/pood\/elevandiluu-varvi-avola-av1610-370-tool-akatsiapuust-ja-vaneerist\/"},"modified":"2025-04-10T11:58:23","modified_gmt":"2025-04-10T11:58:23","slug":"elevandiluu-varvi-avola-av1610-370-tool-akatsiapuust-ja-vaneerist","status":"publish","type":"product","link":"https:\/\/blankpage.ee\/_ruumist-ruumi\/pood\/elevandiluu-varvi-avola-av1610-370-tool-akatsiapuust-ja-vaneerist\/","title":{"rendered":"Elevandiluu v\u00e4rvi Avola AV1610-370 tool, akaatsiapuidust"},"content":{"rendered":"<p>Avola AV1610-370 tool s\u00f6\u00f6gituppa. See tool \u00fchendab endas maal\u00e4hedase stiili ja mugavuse, olles ideaalne t\u00e4iendus igasse s\u00f6\u00f6gituppa. Kreemikas kangaga polsterdatud toolil on iseloomulik shabby-chic stiilis kulunud viimistlus, mis lisab sellele ainulaadset v\u00f5lu. Lihtne vorm ja vertikaalsete liistudega seljatugi loovad tasakaalu toore viimistlusega, pakkudes ajatut elegantsi.<\/p>\n<p>Tooli valmistamisel on kasutatud kvaliteetset akaatsiapuitu ja vineeri, mis tagab vastupidavuse ja pikaealisuse. Kreemikas kangas koos eba\u00fchtlase v\u00e4rvitooniga ning n\u00e4htava puidustruktuuriga loovad sooja ja kutsuva atmosf\u00e4\u00e4ri. Istmepadi on t\u00e4idetud k\u00f5rge tihedusega vahuga, pakkudes istumisel lisamugavust.<\/p>\n<p>Omadused:<br \/>\n<strong>Materjal:<\/strong> Akaatsiapuit ja vineer.<br \/>\n<strong>V\u00e4rv:<\/strong> Elevandiluu ja kreemikas kangas.<br \/>\n<strong>M\u00f5\u00f5tmed:<\/strong> Laius 46 cm, s\u00fcgavus 53,5 cm, k\u00f5rgus 94 cm. Istme m\u00f5\u00f5tmed: 43 x 42 x 49,5 cm.<br \/>\n<strong>T\u00e4iendavad detailid:<\/strong> Shabby chic stiilis v\u00e4rvikulumine ja k\u00f5rge tihedusega vaht.<br \/>\n<strong>Kokkupanek:<\/strong> Osaliselt kokku pandud, s\u00e4\u00e4stab aega ja vaeva.<\/p>\n<p>&nbsp;<\/p>\n","protected":false},"excerpt":{"rendered":"<p>Avola AV1610-370 tool s\u00f6\u00f6gituppa. See tool \u00fchendab endas maal\u00e4hedase stiili ja mugavuse, olles ideaalne t\u00e4iendus igasse s\u00f6\u00f6gituppa. Kreemikas kangaga polsterdatud toolil on iseloomulik shabby-chic stiilis kulunud viimistlus, mis lisab sellele ainulaadset v\u00f5lu. Lihtne vorm ja vertikaalsete liistudega seljatugi loovad tasakaalu toore viimistlusega, pakkudes ajatut elegantsi. Tooli valmistamisel on kasutatud kvaliteetset akaatsiapuitu ja vineeri, mis tagab [&hellip;]<\/p>\n","protected":false},"featured_media":8239,"comment_status":"open","ping_status":"open","template":"","meta":[],"product_brand":[],"product_cat":[108],"product_tag":[],"class_list":{"0":"post-8238","1":"product","2":"type-product","3":"status-publish","4":"has-post-thumbnail","6":"product_cat-soogitoolid","7":"product_shipping_class-livin-hill","8":"pa_kollektsioon-avola","9":"pa_materjal-akaatsiapuit","10":"pa_varv-elevandiluukarva","12":"first","13":"instock","14":"sale","15":"taxable","16":"shipping-taxable","17":"purchasable","18":"product-type-simple"},"_links":{"self":[{"href":"https:\/\/blankpage.ee\/_ruumist-ruumi\/wp-json\/wp\/v2\/product\/8238","targetHints":{"allow":["GET"]}}],"collection":[{"href":"https:\/\/blankpage.ee\/_ruumist-ruumi\/wp-json\/wp\/v2\/product"}],"about":[{"href":"https:\/\/blankpage.ee\/_ruumist-ruumi\/wp-json\/wp\/v2\/types\/product"}],"replies":[{"embeddable":true,"href":"https:\/\/blankpage.ee\/_ruumist-ruumi\/wp-json\/wp\/v2\/comments?post=8238"}],"wp:featuredmedia":[{"embeddable":true,"href":"https:\/\/blankpage.ee\/_ruumist-ruumi\/wp-json\/wp\/v2\/media\/8239"}],"wp:attachment":[{"href":"https:\/\/blankpage.ee\/_ruumist-ruumi\/wp-json\/wp\/v2\/media?parent=8238"}],"wp:term":[{"taxonomy":"product_brand","embeddable":true,"href":"https:\/\/blankpage.ee\/_ruumist-ruumi\/wp-json\/wp\/v2\/product_brand?post=8238"},{"taxonomy":"product_cat","embeddable":true,"href":"https:\/\/blankpage.ee\/_ruumist-ruumi\/wp-json\/wp\/v2\/product_cat?post=8238"},{"taxonomy":"product_tag","embeddable":true,"href":"https:\/\/blankpage.ee\/_ruumist-ruumi\/wp-json\/wp\/v2\/product_tag?post=8238"}],"curies":[{"name":"wp","href":"https:\/\/api.w.org\/{rel}","templated":true}]}}