{"id":8300,"date":"2024-11-01T14:46:26","date_gmt":"2024-11-01T14:46:26","guid":{"rendered":"https:\/\/ruumistruumi.ee\/pood\/helepruun-kirjutuslaud-avola-av2085-5020-akaatsiapuidust\/"},"modified":"2025-04-10T11:58:24","modified_gmt":"2025-04-10T11:58:24","slug":"helepruun-kirjutuslaud-avola-av2085-5020-akaatsiapuidust","status":"publish","type":"product","link":"https:\/\/blankpage.ee\/_ruumist-ruumi\/pood\/helepruun-kirjutuslaud-avola-av2085-5020-akaatsiapuidust\/","title":{"rendered":"Helepruun Avola AV2085-5020 kirjutuslaud, akaatsiapuidust"},"content":{"rendered":"<p>Avola AV2085-5020 kirjutuslaud kodukontorisse. See loft-stiilis kirjutuslaud on valmistatud naturaalses puidutoonis akaatsiapuust ning sellel on mustad metallist jalad, mis loovad stiilse ja funktsionaalse t\u00f6\u00f6ruumi. Laud on varustatud praktiliste sahtlitega ja sisseehitatud pistikupesa ning USB-portidega, mis muudavad elektroonikaseadmete kasutamise mugavaks.<\/p>\n<p>Omadused:<br \/>\n<strong>Materjal:<\/strong> Akaatsiapuit ja metallist jalad.<br \/>\n<strong>V\u00e4rv:<\/strong> Naturaalne hele puit ja mustad jalad.<br \/>\n<strong>M\u00f5\u00f5tmed:<\/strong> Laius 127 cm, s\u00fcgavus 51 cm, k\u00f5rgus 76 cm.<br \/>\n<strong>T\u00e4iendavad detailid:<\/strong> Sahtli m\u00f5\u00f5tmed 37 x 32,5 x 9 cm; p\u00f5randast kasti k\u00f5rgus 63,5 cm. Toiteplokk kahe pistikupesa ja kahe USB-portiga.<br \/>\n<strong>Kokkupanek:<\/strong> Osaliselt kokku pandud, ei vaja paigaldust. S\u00e4\u00e4stab aega ja vaeva.<\/p>\n<p>&nbsp;<\/p>\n","protected":false},"excerpt":{"rendered":"<p>Avola AV2085-5020 kirjutuslaud kodukontorisse. See loft-stiilis kirjutuslaud on valmistatud naturaalses puidutoonis akaatsiapuust ning sellel on mustad metallist jalad, mis loovad stiilse ja funktsionaalse t\u00f6\u00f6ruumi. Laud on varustatud praktiliste sahtlitega ja sisseehitatud pistikupesa ning USB-portidega, mis muudavad elektroonikaseadmete kasutamise mugavaks. Omadused: Materjal: Akaatsiapuit ja metallist jalad. V\u00e4rv: Naturaalne hele puit ja mustad jalad. M\u00f5\u00f5tmed: Laius 127 [&hellip;]<\/p>\n","protected":false},"featured_media":8301,"comment_status":"open","ping_status":"open","template":"","meta":[],"product_brand":[],"product_cat":[116],"product_tag":[],"class_list":{"0":"post-8300","1":"product","2":"type-product","3":"status-publish","4":"has-post-thumbnail","6":"product_cat-kontorilauad","7":"product_shipping_class-livin-hill","8":"pa_kaepidemed-freesitud-kaepidemed","9":"pa_kollektsioon-avola","10":"pa_materjal-akaatsiapuit","11":"pa_sahtlite-arv-95","12":"pa_varv-pruun","14":"first","15":"instock","16":"sale","17":"taxable","18":"shipping-taxable","19":"purchasable","20":"product-type-simple"},"_links":{"self":[{"href":"https:\/\/blankpage.ee\/_ruumist-ruumi\/wp-json\/wp\/v2\/product\/8300","targetHints":{"allow":["GET"]}}],"collection":[{"href":"https:\/\/blankpage.ee\/_ruumist-ruumi\/wp-json\/wp\/v2\/product"}],"about":[{"href":"https:\/\/blankpage.ee\/_ruumist-ruumi\/wp-json\/wp\/v2\/types\/product"}],"replies":[{"embeddable":true,"href":"https:\/\/blankpage.ee\/_ruumist-ruumi\/wp-json\/wp\/v2\/comments?post=8300"}],"wp:featuredmedia":[{"embeddable":true,"href":"https:\/\/blankpage.ee\/_ruumist-ruumi\/wp-json\/wp\/v2\/media\/8301"}],"wp:attachment":[{"href":"https:\/\/blankpage.ee\/_ruumist-ruumi\/wp-json\/wp\/v2\/media?parent=8300"}],"wp:term":[{"taxonomy":"product_brand","embeddable":true,"href":"https:\/\/blankpage.ee\/_ruumist-ruumi\/wp-json\/wp\/v2\/product_brand?post=8300"},{"taxonomy":"product_cat","embeddable":true,"href":"https:\/\/blankpage.ee\/_ruumist-ruumi\/wp-json\/wp\/v2\/product_cat?post=8300"},{"taxonomy":"product_tag","embeddable":true,"href":"https:\/\/blankpage.ee\/_ruumist-ruumi\/wp-json\/wp\/v2\/product_tag?post=8300"}],"curies":[{"name":"wp","href":"https:\/\/api.w.org\/{rel}","templated":true}]}}