{"id":83128,"date":"2025-01-18T07:56:51","date_gmt":"2025-01-18T07:56:51","guid":{"rendered":"https:\/\/ruumistruumi.ee\/pood\/kattemadrats-200x210x5-cm\/"},"modified":"2025-08-21T02:15:53","modified_gmt":"2025-08-21T02:15:53","slug":"kattemadrats-200x210x5-cm","status":"publish","type":"product","link":"https:\/\/blankpage.ee\/_ruumist-ruumi\/pood\/kattemadrats-200x210x5-cm\/","title":{"rendered":"Kattemadrats 200x210x5 cm"},"content":{"rendered":"<p>Muutke oma madrats pehmemaks ja nautige meie eriti pehmel pealismadratsil kosutavat \u00f6\u00f6und! Lisaks sellele, et see on mugav, pikendab see ka teie madratsi kasutusiga. Nahas\u00f5bralik kangas: kattemadratsil on nii kulumiskindel kui ka nahas\u00f5bralik kangas, mis muudab selle pehmeks ja mugavaks.Optimaalne tugi: pealispind sobib ideaalselt lamamiseks. Samuti jaotab \u00f5hku l\u00e4bilaskev vaht \u00fchtlaselt keharaskust ja v\u00f5ib seega v\u00e4hendada valusid selja- ja puusapiirkonnas. T\u00e4nu kattemadratsile saab madala madratsi muuta k\u00f5rgemaks.Kasutajas\u00f5bralik kattemadrats: pestaval \u00f5hku l\u00e4bilaskval kattemadratsil on v\u00e4ga head omadused nagu suurep\u00e4rane \u00f5huringlus ja temperatuuri reguleerimine, muutes selle nahas\u00f5bralikuks.Mitmek\u00fclgne kasutamine: kattemadrats sobib iga voodiga, olgu see j\u00e4ik madrats, k\u00fclalistevoodi, diivan v\u00f5i haagissuvila. Hea teada:H\u00fcgieenilistel p\u00f5hjustel ei ole v\u00f5imalik toodet p\u00e4rast pakendi eemaldamist v\u00f5i avamist tagastada.<\/p>\n<ul>\n<li>V\u00e4rvus: valge<\/li>\n<li>Materjal: kangas (100% pol\u00fcester)<\/li>\n<li>T\u00e4idise materjal: vaht<\/li>\n<li>M\u00f5\u00f5tmed: 200 x 210 x 5 cm (L x P x K)<\/li>\n<\/ul>\n","protected":false},"excerpt":{"rendered":"<p>Muutke oma madrats pehmemaks ja nautige meie eriti pehmel pealismadratsil kosutavat \u00f6\u00f6und! Lisaks sellele, et see on mugav, pikendab see ka teie madratsi kasutusiga. Nahas\u00f5bralik kangas: kattemadratsil on nii kulumiskindel kui ka nahas\u00f5bralik kangas, mis muudab selle pehmeks ja mugavaks.Optimaalne tugi: pealispind sobib ideaalselt lamamiseks. Samuti jaotab \u00f5hku l\u00e4bilaskev vaht \u00fchtlaselt keharaskust ja v\u00f5ib seega [&hellip;]<\/p>\n","protected":false},"featured_media":83129,"comment_status":"open","ping_status":"open","template":"","meta":[],"product_brand":[],"product_cat":[1223],"product_tag":[],"class_list":{"0":"post-83128","1":"product","2":"type-product","3":"status-publish","4":"has-post-thumbnail","6":"product_cat-kattemadratsid","7":"product_shipping_class-vidaxl","8":"pa_varv-valge","10":"first","11":"outofstock","12":"taxable","13":"shipping-taxable","14":"purchasable","15":"product-type-simple"},"_links":{"self":[{"href":"https:\/\/blankpage.ee\/_ruumist-ruumi\/wp-json\/wp\/v2\/product\/83128","targetHints":{"allow":["GET"]}}],"collection":[{"href":"https:\/\/blankpage.ee\/_ruumist-ruumi\/wp-json\/wp\/v2\/product"}],"about":[{"href":"https:\/\/blankpage.ee\/_ruumist-ruumi\/wp-json\/wp\/v2\/types\/product"}],"replies":[{"embeddable":true,"href":"https:\/\/blankpage.ee\/_ruumist-ruumi\/wp-json\/wp\/v2\/comments?post=83128"}],"wp:featuredmedia":[{"embeddable":true,"href":"https:\/\/blankpage.ee\/_ruumist-ruumi\/wp-json\/wp\/v2\/media\/83129"}],"wp:attachment":[{"href":"https:\/\/blankpage.ee\/_ruumist-ruumi\/wp-json\/wp\/v2\/media?parent=83128"}],"wp:term":[{"taxonomy":"product_brand","embeddable":true,"href":"https:\/\/blankpage.ee\/_ruumist-ruumi\/wp-json\/wp\/v2\/product_brand?post=83128"},{"taxonomy":"product_cat","embeddable":true,"href":"https:\/\/blankpage.ee\/_ruumist-ruumi\/wp-json\/wp\/v2\/product_cat?post=83128"},{"taxonomy":"product_tag","embeddable":true,"href":"https:\/\/blankpage.ee\/_ruumist-ruumi\/wp-json\/wp\/v2\/product_tag?post=83128"}],"curies":[{"name":"wp","href":"https:\/\/api.w.org\/{rel}","templated":true}]}}