{"id":83336,"date":"2025-01-18T07:58:51","date_gmt":"2025-01-18T07:58:51","guid":{"rendered":"https:\/\/ruumistruumi.ee\/pood\/ratikud-10-tk-kuldne-100x200-cm-360-gsm-100-puuvill\/"},"modified":"2025-08-21T02:15:53","modified_gmt":"2025-08-21T02:15:53","slug":"ratikud-10-tk-kuldne-100x200-cm-360-gsm-100-puuvill","status":"publish","type":"product","link":"https:\/\/blankpage.ee\/_ruumist-ruumi\/pood\/ratikud-10-tk-kuldne-100x200-cm-360-gsm-100-puuvill\/","title":{"rendered":"R\u00e4tikud 10 tk, kuldne, 100&#215;200 cm, 360 gsm, 100% puuvill"},"content":{"rendered":"<p>R\u00e4tikukomplekt sobib kasutamiseks nii kodus kui ka hotellis. Pehme ja nahas\u00f5bralik materjal: need r\u00e4tikud on valmistatud 100% r\u00f5ngaskedratud puuvillast, mis on pehme, vastupidav ja pleekimiskindel. Need on OEKO-TEX STANDARD 100 sertifikaadiga ja testitud kahjulike ainete suhtes, mis muudab need usaldusv\u00e4\u00e4rseks ja usaldusv\u00e4\u00e4rseks kasutamiseks.Imav: pehme puuvillane kangas muudab need r\u00e4tikud imavamaks. Lisaks tagab 100&#215;200 cm suurus suurema katvuse ja mugavuse, mist\u00f5ttu on need ideaalsed rannar\u00e4tikute jaoks.Mugav riputusaas: igal r\u00e4tikul on k\u00fclge \u00f5mmeldud riputusaas, mis v\u00f5imaldab neid h\u00f5lpsalt konksudele v\u00f5i r\u00e4tikutorudele riputada.Masipestav: puuvillased r\u00e4tikud on masinapestavad ning neid saab h\u00f5lpsasti pesta sooja vee ja \u00f5rnatoimelise seebilahusega.Mitmeotstarbeline kasutamine: r\u00e4tikud on pehmed ja vastupidavad. Need r\u00e4tikud on mitmek\u00fclgsed ja usaldusv\u00e4\u00e4rsed nii iluprotseduurite kui ka igap\u00e4evaste puhastustoimingute jaoks.<\/p>\n<ul>\n<li>V\u00e4rvus: kuldne<\/li>\n<li>Materjal: 100% puuvill<\/li>\n<li>Suurus: 100 x 200 cm (L x P)<\/li>\n<li>360 gsm<\/li>\n<li>Sertifitseeritud OEKO-TEX\u00ae STANDARD 100 j\u00e4rgi<\/li>\n<li>Masinpestav<\/li>\n<li><strong>Komplekti kuulub:<\/strong><\/li>\n<li>10 x r\u00e4tikut<\/li>\n<\/ul>\n","protected":false},"excerpt":{"rendered":"<p>R\u00e4tikukomplekt sobib kasutamiseks nii kodus kui ka hotellis. Pehme ja nahas\u00f5bralik materjal: need r\u00e4tikud on valmistatud 100% r\u00f5ngaskedratud puuvillast, mis on pehme, vastupidav ja pleekimiskindel. Need on OEKO-TEX STANDARD 100 sertifikaadiga ja testitud kahjulike ainete suhtes, mis muudab need usaldusv\u00e4\u00e4rseks ja usaldusv\u00e4\u00e4rseks kasutamiseks.Imav: pehme puuvillane kangas muudab need r\u00e4tikud imavamaks. Lisaks tagab 100&#215;200 cm suurus [&hellip;]<\/p>\n","protected":false},"featured_media":83337,"comment_status":"open","ping_status":"open","template":"","meta":[],"product_brand":[],"product_cat":[1227],"product_tag":[],"class_list":{"0":"post-83336","1":"product","2":"type-product","3":"status-publish","4":"has-post-thumbnail","6":"product_cat-ratikud","7":"product_shipping_class-vidaxl","8":"pa_varv-kuldne","10":"first","11":"outofstock","12":"taxable","13":"shipping-taxable","14":"purchasable","15":"product-type-simple"},"_links":{"self":[{"href":"https:\/\/blankpage.ee\/_ruumist-ruumi\/wp-json\/wp\/v2\/product\/83336","targetHints":{"allow":["GET"]}}],"collection":[{"href":"https:\/\/blankpage.ee\/_ruumist-ruumi\/wp-json\/wp\/v2\/product"}],"about":[{"href":"https:\/\/blankpage.ee\/_ruumist-ruumi\/wp-json\/wp\/v2\/types\/product"}],"replies":[{"embeddable":true,"href":"https:\/\/blankpage.ee\/_ruumist-ruumi\/wp-json\/wp\/v2\/comments?post=83336"}],"wp:featuredmedia":[{"embeddable":true,"href":"https:\/\/blankpage.ee\/_ruumist-ruumi\/wp-json\/wp\/v2\/media\/83337"}],"wp:attachment":[{"href":"https:\/\/blankpage.ee\/_ruumist-ruumi\/wp-json\/wp\/v2\/media?parent=83336"}],"wp:term":[{"taxonomy":"product_brand","embeddable":true,"href":"https:\/\/blankpage.ee\/_ruumist-ruumi\/wp-json\/wp\/v2\/product_brand?post=83336"},{"taxonomy":"product_cat","embeddable":true,"href":"https:\/\/blankpage.ee\/_ruumist-ruumi\/wp-json\/wp\/v2\/product_cat?post=83336"},{"taxonomy":"product_tag","embeddable":true,"href":"https:\/\/blankpage.ee\/_ruumist-ruumi\/wp-json\/wp\/v2\/product_tag?post=83336"}],"curies":[{"name":"wp","href":"https:\/\/api.w.org\/{rel}","templated":true}]}}