{"id":8341,"date":"2024-11-01T14:49:22","date_gmt":"2024-11-01T14:49:22","guid":{"rendered":"https:\/\/ruumistruumi.ee\/pood\/valge-kirjutuslaud-avola-av2056-48-akatsiapuust-ja-vineerist\/"},"modified":"2025-07-22T17:47:13","modified_gmt":"2025-07-22T17:47:13","slug":"valge-kirjutuslaud-avola-av2056-48-akatsiapuust-ja-vineerist","status":"publish","type":"product","link":"https:\/\/blankpage.ee\/_ruumist-ruumi\/pood\/valge-kirjutuslaud-avola-av2056-48-akatsiapuust-ja-vineerist\/","title":{"rendered":"Valge kirjutuslaud Avola AV2056-48, akaatsiapuidust"},"content":{"rendered":"<p>Avola AV2056-48 kirjutuslaud kodukontorisse. See klassikalise stiiliga valge kirjutuslaud lisab teie t\u00f6\u00f6ruumile elegantsi ja funktsionaalsust. Laual on praktilised sahtlid, millel on kalasabamuster, ning sisseehitatud pistikupesa ja USB-pordid, mis muudavad seadmete laadimise mugavaks ja lihtsaks.<\/p>\n<p>Avola kollektsiooni kuuluv kirjutuslaud on valmistatud kvaliteetsest akaatsiapuidust ja vineerist, pakkudes vastupidavust ja ajatut ilu. Laua metallist k\u00e4epidemed lisavad sellele modernset h\u00f5ngu. Sahtli m\u00f5\u00f5tmed on 26,5 x 28 x 5 cm, pakkudes piisavalt ruumi vajalike esemete hoidmiseks.<\/p>\n<p>Omadused:<br \/>\n<strong>Materjal:<\/strong> Akaatsiapuit ja vineer.<br \/>\n<strong>V\u00e4rv:<\/strong> Valge.<br \/>\n<strong>M\u00f5\u00f5tmed:<\/strong> Laius 122 cm, s\u00fcgavus 46 cm, k\u00f5rgus 76 cm.<br \/>\n<strong>T\u00e4iendavad detailid:<\/strong> Toiteplokk kahe pistikupesa ja kahe USB-pordiga.<br \/>\n<strong>Kokkupanek:<\/strong> Osaliselt kokku pandud, ei vaja paigaldust. S\u00e4\u00e4stab aega ja vaeva.<\/p>\n<p>&nbsp;<\/p>\n","protected":false},"excerpt":{"rendered":"<p>Avola AV2056-48 kirjutuslaud kodukontorisse. See klassikalise stiiliga valge kirjutuslaud lisab teie t\u00f6\u00f6ruumile elegantsi ja funktsionaalsust. Laual on praktilised sahtlid, millel on kalasabamuster, ning sisseehitatud pistikupesa ja USB-pordid, mis muudavad seadmete laadimise mugavaks ja lihtsaks. Avola kollektsiooni kuuluv kirjutuslaud on valmistatud kvaliteetsest akaatsiapuidust ja vineerist, pakkudes vastupidavust ja ajatut ilu. Laua metallist k\u00e4epidemed lisavad sellele modernset [&hellip;]<\/p>\n","protected":false},"featured_media":8350,"comment_status":"open","ping_status":"closed","template":"","meta":[],"product_brand":[],"product_cat":[116],"product_tag":[],"class_list":{"0":"post-8341","1":"product","2":"type-product","3":"status-publish","4":"has-post-thumbnail","6":"product_cat-kontorilauad","7":"product_shipping_class-livin-hill","8":"pa_kaepidemed-metall","9":"pa_kollektsioon-avola","10":"pa_materjal-akaatsiapuit","11":"pa_sahtlite-arv-95","12":"pa_varv-valge","14":"first","15":"outofstock","16":"sale","17":"taxable","18":"shipping-taxable","19":"purchasable","20":"product-type-simple"},"_links":{"self":[{"href":"https:\/\/blankpage.ee\/_ruumist-ruumi\/wp-json\/wp\/v2\/product\/8341","targetHints":{"allow":["GET"]}}],"collection":[{"href":"https:\/\/blankpage.ee\/_ruumist-ruumi\/wp-json\/wp\/v2\/product"}],"about":[{"href":"https:\/\/blankpage.ee\/_ruumist-ruumi\/wp-json\/wp\/v2\/types\/product"}],"replies":[{"embeddable":true,"href":"https:\/\/blankpage.ee\/_ruumist-ruumi\/wp-json\/wp\/v2\/comments?post=8341"}],"wp:featuredmedia":[{"embeddable":true,"href":"https:\/\/blankpage.ee\/_ruumist-ruumi\/wp-json\/wp\/v2\/media\/8350"}],"wp:attachment":[{"href":"https:\/\/blankpage.ee\/_ruumist-ruumi\/wp-json\/wp\/v2\/media?parent=8341"}],"wp:term":[{"taxonomy":"product_brand","embeddable":true,"href":"https:\/\/blankpage.ee\/_ruumist-ruumi\/wp-json\/wp\/v2\/product_brand?post=8341"},{"taxonomy":"product_cat","embeddable":true,"href":"https:\/\/blankpage.ee\/_ruumist-ruumi\/wp-json\/wp\/v2\/product_cat?post=8341"},{"taxonomy":"product_tag","embeddable":true,"href":"https:\/\/blankpage.ee\/_ruumist-ruumi\/wp-json\/wp\/v2\/product_tag?post=8341"}],"curies":[{"name":"wp","href":"https:\/\/api.w.org\/{rel}","templated":true}]}}