{"id":8427,"date":"2024-11-01T14:54:58","date_gmt":"2024-11-01T14:54:58","guid":{"rendered":"https:\/\/ruumistruumi.ee\/pood\/must-ja-kuldne-mustriga-kummut-stilig-st374-roostevabast-terasest-mdf-tamme-vineeriga\/"},"modified":"2025-04-10T11:58:26","modified_gmt":"2025-04-10T11:58:26","slug":"must-kuldse-mustriga-kummut-stilig-st374-roostevabast-terasest-mdf","status":"publish","type":"product","link":"https:\/\/blankpage.ee\/_ruumist-ruumi\/pood\/must-kuldse-mustriga-kummut-stilig-st374-roostevabast-terasest-mdf\/","title":{"rendered":"Must kuldse mustriga kummut Stilig ST374, roostevabast terasest, MDF"},"content":{"rendered":"<p>Stilig ST374 kummut elutuppa. See ainulaadne must kummut kuldsete aktsentidega lisab igasse elutuppa rafineeritud elegantsi. Kapi ustele ja jalgadele on lisatud parameetriline muster, mis loob pilkup\u00fc\u00fcdva visuaalse efekti. Korpuse pind on kaetud tammespooniga, millel on n\u00e4htav puidustruktuur, lisades loomuliku ja sooja ilme.<\/p>\n<p>Stilig ST374 kummut on valmistatud roostevabast terasest ja MDF-ist, mis on kaetud tammespooniga, tagades vastupidavuse ja pikaealisuse. Kummutil on neli ust ja kaks riiulit, pakkudes rohkelt hoiuruumi. Milled k\u00e4epidemed ja push to open mehhanism lisavad kasutusmugavust ja stiili. Pehme sulgumise funktsioon ja reguleeritavad sisemised riiulid teevad kummuti praktiliseks igap\u00e4evaseks kasutamiseks. Dekoratiivselt vasardatud terasdetailid ja reguleeritavad jalgade gliderid tagavad stabiilsuse ja esteetilise v\u00e4limuse.<\/p>\n<p>Omadused:<br \/>\n<strong>Materjal:<\/strong> Roostevaba teras, MDF tammespooniga.<br \/>\n<strong>V\u00e4rv:<\/strong> Must kuldsete aktsentidega.<br \/>\n<strong>M\u00f5\u00f5tmed:<\/strong> Laius 150 cm, s\u00fcgavus 40 cm, k\u00f5rgus 86 cm.<br \/>\n<strong>T\u00e4iendavad detailid:<\/strong> 4 ust, 2 riiulit, kokkupandud, ei vaja paigaldust. S\u00e4\u00e4stab aega ja vaeva.<\/p>\n<p>&nbsp;<\/p>\n","protected":false},"excerpt":{"rendered":"<p>Stilig ST374 kummut elutuppa. See ainulaadne must kummut kuldsete aktsentidega lisab igasse elutuppa rafineeritud elegantsi. Kapi ustele ja jalgadele on lisatud parameetriline muster, mis loob pilkup\u00fc\u00fcdva visuaalse efekti. Korpuse pind on kaetud tammespooniga, millel on n\u00e4htav puidustruktuur, lisades loomuliku ja sooja ilme. Stilig ST374 kummut on valmistatud roostevabast terasest ja MDF-ist, mis on kaetud tammespooniga, [&hellip;]<\/p>\n","protected":false},"featured_media":8428,"comment_status":"open","ping_status":"closed","template":"","meta":[],"product_brand":[],"product_cat":[81],"product_tag":[],"class_list":{"0":"post-8427","1":"product","2":"type-product","3":"status-publish","4":"has-post-thumbnail","6":"product_cat-kapid-riiulid-ja-kummutid","7":"product_shipping_class-livin-hill","8":"pa_kaepidemed-freesitud-kaepidemed","9":"pa_kollektsioon-stilig","10":"pa_materjal-roostevaba-teras","11":"pa_riiulite-arv-76","12":"pa_uste-arv-75","13":"pa_varv-kuldne","14":"pa_varv-must","16":"first","17":"instock","18":"sale","19":"taxable","20":"shipping-taxable","21":"purchasable","22":"product-type-simple"},"_links":{"self":[{"href":"https:\/\/blankpage.ee\/_ruumist-ruumi\/wp-json\/wp\/v2\/product\/8427","targetHints":{"allow":["GET"]}}],"collection":[{"href":"https:\/\/blankpage.ee\/_ruumist-ruumi\/wp-json\/wp\/v2\/product"}],"about":[{"href":"https:\/\/blankpage.ee\/_ruumist-ruumi\/wp-json\/wp\/v2\/types\/product"}],"replies":[{"embeddable":true,"href":"https:\/\/blankpage.ee\/_ruumist-ruumi\/wp-json\/wp\/v2\/comments?post=8427"}],"wp:featuredmedia":[{"embeddable":true,"href":"https:\/\/blankpage.ee\/_ruumist-ruumi\/wp-json\/wp\/v2\/media\/8428"}],"wp:attachment":[{"href":"https:\/\/blankpage.ee\/_ruumist-ruumi\/wp-json\/wp\/v2\/media?parent=8427"}],"wp:term":[{"taxonomy":"product_brand","embeddable":true,"href":"https:\/\/blankpage.ee\/_ruumist-ruumi\/wp-json\/wp\/v2\/product_brand?post=8427"},{"taxonomy":"product_cat","embeddable":true,"href":"https:\/\/blankpage.ee\/_ruumist-ruumi\/wp-json\/wp\/v2\/product_cat?post=8427"},{"taxonomy":"product_tag","embeddable":true,"href":"https:\/\/blankpage.ee\/_ruumist-ruumi\/wp-json\/wp\/v2\/product_tag?post=8427"}],"curies":[{"name":"wp","href":"https:\/\/api.w.org\/{rel}","templated":true}]}}