{"id":8431,"date":"2024-11-01T14:55:33","date_gmt":"2024-11-01T14:55:33","guid":{"rendered":"https:\/\/ruumistruumi.ee\/pood\/must-ja-hobedane-mustriga-kummut-stilig-st832-roostevabast-terasest-ja-mdf-ast-millel-on-tamme-viimistlus\/"},"modified":"2025-06-17T08:58:08","modified_gmt":"2025-06-17T08:58:08","slug":"must-hobedase-mustriga-kummut-stilig-st832-tammevineer-mdf","status":"publish","type":"product","link":"https:\/\/blankpage.ee\/_ruumist-ruumi\/pood\/must-hobedase-mustriga-kummut-stilig-st832-tammevineer-mdf\/","title":{"rendered":"Must h\u00f5bedase mustriga kummut Stilig ST832, tammevineer, MDF"},"content":{"rendered":"<p>Stilig ST832 kummut elutuppa. See ainulaadne must kummut toob teie elutuppa kaasaegse ja stiilse v\u00e4limuse. Kroomitud jalad ja aktsendid, mis moodustavad uksel parameetrilise ringimustri, lisavad elegantsi. Kummuti korpus on kaetud tammespooniga, millelt paistab v\u00e4lja puidu loomulik struktuur.<\/p>\n<p>Kummuti kaks ust ja kaks riiulit pakuvad piisavalt ruumi, et hoida k\u00f5ik vajalik k\u00e4ep\u00e4rast. Milled k\u00e4epidemed ja dekoratiivselt vasardatud terasdetailid annavad kummutile isikup\u00e4ra. Kummuti jalad on valmistatud rauast ja nende k\u00f5rgust saab reguleerida, et tagada stabiilsus ka ebatasasel pinnal. Pehme sulgemise mehhanism ja reguleeritavad sisemised riiulid lisavad praktilisust.<\/p>\n<p>Omadused:<br \/>\n<strong>Materjal:<\/strong> Roostevaba teras, MDF tammespooniga.<br \/>\n<strong>V\u00e4rv:<\/strong> Must h\u00f5bedaste mustrite ja jalgadega.<br \/>\n<strong>M\u00f5\u00f5tmed:<\/strong> Laius 100 cm, s\u00fcgavus 40 cm, k\u00f5rgus 89 cm.<br \/>\n<strong>T\u00e4iendavad detailid:<\/strong> Dekoratiivselt vasardatud teras, reguleeritavad jalad ja sisemine riiul.<br \/>\n<strong>Kokkupanek:<\/strong> Kokkupandud, ei vaja paigaldust. S\u00e4\u00e4stab aega ja vaeva.<\/p>\n<p>&nbsp;<\/p>\n","protected":false},"excerpt":{"rendered":"<p>Stilig ST832 kummut elutuppa. See ainulaadne must kummut toob teie elutuppa kaasaegse ja stiilse v\u00e4limuse. Kroomitud jalad ja aktsendid, mis moodustavad uksel parameetrilise ringimustri, lisavad elegantsi. Kummuti korpus on kaetud tammespooniga, millelt paistab v\u00e4lja puidu loomulik struktuur. Kummuti kaks ust ja kaks riiulit pakuvad piisavalt ruumi, et hoida k\u00f5ik vajalik k\u00e4ep\u00e4rast. Milled k\u00e4epidemed ja dekoratiivselt [&hellip;]<\/p>\n","protected":false},"featured_media":8432,"comment_status":"open","ping_status":"closed","template":"","meta":[],"product_brand":[],"product_cat":[81],"product_tag":[],"class_list":{"0":"post-8431","1":"product","2":"type-product","3":"status-publish","4":"has-post-thumbnail","6":"product_cat-kapid-riiulid-ja-kummutid","7":"product_shipping_class-livin-hill","8":"pa_kaepidemed-freesitud-kaepidemed","9":"pa_kollektsioon-stilig","10":"pa_materjal-roostevaba-teras","11":"pa_riiulite-arv-76","12":"pa_uste-arv-94","13":"pa_varv-must","15":"first","16":"outofstock","17":"sale","18":"taxable","19":"shipping-taxable","20":"purchasable","21":"product-type-simple"},"_links":{"self":[{"href":"https:\/\/blankpage.ee\/_ruumist-ruumi\/wp-json\/wp\/v2\/product\/8431","targetHints":{"allow":["GET"]}}],"collection":[{"href":"https:\/\/blankpage.ee\/_ruumist-ruumi\/wp-json\/wp\/v2\/product"}],"about":[{"href":"https:\/\/blankpage.ee\/_ruumist-ruumi\/wp-json\/wp\/v2\/types\/product"}],"replies":[{"embeddable":true,"href":"https:\/\/blankpage.ee\/_ruumist-ruumi\/wp-json\/wp\/v2\/comments?post=8431"}],"wp:featuredmedia":[{"embeddable":true,"href":"https:\/\/blankpage.ee\/_ruumist-ruumi\/wp-json\/wp\/v2\/media\/8432"}],"wp:attachment":[{"href":"https:\/\/blankpage.ee\/_ruumist-ruumi\/wp-json\/wp\/v2\/media?parent=8431"}],"wp:term":[{"taxonomy":"product_brand","embeddable":true,"href":"https:\/\/blankpage.ee\/_ruumist-ruumi\/wp-json\/wp\/v2\/product_brand?post=8431"},{"taxonomy":"product_cat","embeddable":true,"href":"https:\/\/blankpage.ee\/_ruumist-ruumi\/wp-json\/wp\/v2\/product_cat?post=8431"},{"taxonomy":"product_tag","embeddable":true,"href":"https:\/\/blankpage.ee\/_ruumist-ruumi\/wp-json\/wp\/v2\/product_tag?post=8431"}],"curies":[{"name":"wp","href":"https:\/\/api.w.org\/{rel}","templated":true}]}}