{"id":8435,"date":"2024-11-01T14:56:11","date_gmt":"2024-11-01T14:56:11","guid":{"rendered":"https:\/\/ruumistruumi.ee\/pood\/must-ja-valge-hobedased-jalad-kummut-stilig-st302-roostevabast-terasest\/"},"modified":"2025-01-29T10:02:24","modified_gmt":"2025-01-29T10:02:24","slug":"must-ja-valge-hobedased-jalad-kummut-stilig-st302-roostevabast-terasest","status":"publish","type":"product","link":"https:\/\/blankpage.ee\/_ruumist-ruumi\/pood\/must-ja-valge-hobedased-jalad-kummut-stilig-st302-roostevabast-terasest\/","title":{"rendered":"Must ja valge kummut Stilig ST302, roostevabast terasest"},"content":{"rendered":"<p>Stilig ST302 kummut elutuppa. See stiilne poolringikujuline kummut on elegantne t\u00e4iendus igasse elutuppa. Valge esipaneel on kaetud mustrilise siidkangaga, mis lisab luksuslikku tekstuuri, samas kui must pealispind ja kroomitud jalad loovad kaasaegse ilme.<\/p>\n<p>Kummutil on kaks ust ja kaks riiulit, pakkudes piisavalt hoiuruumi teie elutoa tarvikutele. Metallist k\u00e4epidemed lisavad esik\u00fcljele rafineeritud viimistluse. Sisemine riiul on reguleeritav, v\u00f5imaldades teil kohandada ruumi vastavalt oma vajadustele. Jalad on varustatud reguleeritavate libisemisvastaste alustega, mis tagavad stabiilsuse ka ebatasasel pinnal.<\/p>\n<p>Omadused:<br \/>\n<strong>Materjal:<\/strong> Roostevaba teras, MDF siiditr\u00fckiga.<br \/>\n<strong>V\u00e4rv:<\/strong> Must ja valge, h\u00f5bedased jalad.<br \/>\n<strong>M\u00f5\u00f5tmed:<\/strong> Laius 100 cm, s\u00fcgavus 42 cm, k\u00f5rgus 87 cm.<br \/>\n<strong>T\u00e4iendavad detailid:<\/strong> Esipaneel kaetud mustrilise siiditr\u00fckiga, reguleeritav sisemine riiul.<br \/>\n<strong>Kokkupanek:<\/strong> Kokkupandud, ei vaja paigaldust. S\u00e4\u00e4stab aega ja vaeva.<\/p>\n<p>&nbsp;<\/p>\n","protected":false},"excerpt":{"rendered":"<p>Stilig ST302 kummut elutuppa. See stiilne poolringikujuline kummut on elegantne t\u00e4iendus igasse elutuppa. Valge esipaneel on kaetud mustrilise siidkangaga, mis lisab luksuslikku tekstuuri, samas kui must pealispind ja kroomitud jalad loovad kaasaegse ilme. Kummutil on kaks ust ja kaks riiulit, pakkudes piisavalt hoiuruumi teie elutoa tarvikutele. Metallist k\u00e4epidemed lisavad esik\u00fcljele rafineeritud viimistluse. Sisemine riiul on [&hellip;]<\/p>\n","protected":false},"featured_media":8436,"comment_status":"open","ping_status":"closed","template":"","meta":[],"product_brand":[],"product_cat":[81],"product_tag":[],"class_list":{"0":"post-8435","1":"product","2":"type-product","3":"status-publish","4":"has-post-thumbnail","6":"product_cat-kapid-riiulid-ja-kummutid","7":"product_shipping_class-livin-hill","8":"pa_kaepidemed-metall","9":"pa_kollektsioon-stilig","10":"pa_materjal-roostevaba-teras","11":"pa_riiulite-arv-76","12":"pa_uste-arv-94","13":"pa_varv-valge","15":"first","16":"outofstock","17":"sale","18":"taxable","19":"shipping-taxable","20":"purchasable","21":"product-type-simple"},"_links":{"self":[{"href":"https:\/\/blankpage.ee\/_ruumist-ruumi\/wp-json\/wp\/v2\/product\/8435","targetHints":{"allow":["GET"]}}],"collection":[{"href":"https:\/\/blankpage.ee\/_ruumist-ruumi\/wp-json\/wp\/v2\/product"}],"about":[{"href":"https:\/\/blankpage.ee\/_ruumist-ruumi\/wp-json\/wp\/v2\/types\/product"}],"replies":[{"embeddable":true,"href":"https:\/\/blankpage.ee\/_ruumist-ruumi\/wp-json\/wp\/v2\/comments?post=8435"}],"wp:featuredmedia":[{"embeddable":true,"href":"https:\/\/blankpage.ee\/_ruumist-ruumi\/wp-json\/wp\/v2\/media\/8436"}],"wp:attachment":[{"href":"https:\/\/blankpage.ee\/_ruumist-ruumi\/wp-json\/wp\/v2\/media?parent=8435"}],"wp:term":[{"taxonomy":"product_brand","embeddable":true,"href":"https:\/\/blankpage.ee\/_ruumist-ruumi\/wp-json\/wp\/v2\/product_brand?post=8435"},{"taxonomy":"product_cat","embeddable":true,"href":"https:\/\/blankpage.ee\/_ruumist-ruumi\/wp-json\/wp\/v2\/product_cat?post=8435"},{"taxonomy":"product_tag","embeddable":true,"href":"https:\/\/blankpage.ee\/_ruumist-ruumi\/wp-json\/wp\/v2\/product_tag?post=8435"}],"curies":[{"name":"wp","href":"https:\/\/api.w.org\/{rel}","templated":true}]}}