{"id":8439,"date":"2024-11-01T14:56:47","date_gmt":"2024-11-01T14:56:47","guid":{"rendered":"https:\/\/ruumistruumi.ee\/pood\/hall-kummut-stilig-st012-kunstnahast-metallist-mdf-tamme-vineeriga\/"},"modified":"2025-06-17T08:58:08","modified_gmt":"2025-06-17T08:58:08","slug":"hall-kuldsete-jalgade-kummut-stilig-st012-kunstnahk-metall-mdf-jalaka-vineer","status":"publish","type":"product","link":"https:\/\/blankpage.ee\/_ruumist-ruumi\/pood\/hall-kuldsete-jalgade-kummut-stilig-st012-kunstnahk-metall-mdf-jalaka-vineer\/","title":{"rendered":"Hall, kuldsete jalgade kummut Stilig ST012, kunstnahk, metall, MDF, jalaka vineer"},"content":{"rendered":"<p>Stilig ST012 kummut elutuppa. See elegantne kummut toob teie elutuppa kaasaegse ja rafineeritud stiili. Halli tooni kummut on kaunistatud kuldsete detailidega, sealhulgas k\u00e4epidemed, jalad ja dekoratiivne riba uste \u00fcmber. Korpuse pind on kaetud vineeriga, millel on n\u00e4htav puidustruktuur, ning uksed on kaetud mustrilise kunstnahaga.<\/p>\n<p>Omadused:<br \/>\n<strong>Materjal:<\/strong> Kunstnahk, metallist k\u00e4epidemed ja MDF koos elupuu spooniga.<br \/>\n<strong>V\u00e4rv:<\/strong> Hall korpus ja kuldsed jalad.<br \/>\n<strong>M\u00f5\u00f5tmed:<\/strong> Laius 100 cm, s\u00fcgavus 40 cm, k\u00f5rgus 90 cm.<br \/>\n<strong>T\u00e4iendavad detailid:<\/strong> Kaks ust ja kaks reguleeritavat riiulit, mis pakuvad piisavalt hoiuruumi. Pehme sulgumise mehhanism ja reguleeritavad jalad tagavad stabiilsuse.<br \/>\n<strong>Kokkupanek:<\/strong> Kokkupandud, ei vaja paigaldust. S\u00e4\u00e4stab aega ja vaeva.<\/p>\n<p>Stilig kollektsiooni kuuluv ST012 kummut on ideaalne valik neile, kes hindavad kvaliteeti ja stiili oma elutoas.<\/p>\n<p>&nbsp;<\/p>\n","protected":false},"excerpt":{"rendered":"<p>Stilig ST012 kummut elutuppa. See elegantne kummut toob teie elutuppa kaasaegse ja rafineeritud stiili. Halli tooni kummut on kaunistatud kuldsete detailidega, sealhulgas k\u00e4epidemed, jalad ja dekoratiivne riba uste \u00fcmber. Korpuse pind on kaetud vineeriga, millel on n\u00e4htav puidustruktuur, ning uksed on kaetud mustrilise kunstnahaga. Omadused: Materjal: Kunstnahk, metallist k\u00e4epidemed ja MDF koos elupuu spooniga. V\u00e4rv: [&hellip;]<\/p>\n","protected":false},"featured_media":8440,"comment_status":"open","ping_status":"closed","template":"","meta":[],"product_brand":[],"product_cat":[81],"product_tag":[],"class_list":{"0":"post-8439","1":"product","2":"type-product","3":"status-publish","4":"has-post-thumbnail","6":"product_cat-kapid-riiulid-ja-kummutid","7":"product_shipping_class-livin-hill","8":"pa_kaepidemed-metall","9":"pa_kollektsioon-stilig","10":"pa_materjal-hobe","11":"pa_riiulite-arv-76","12":"pa_uste-arv-94","13":"pa_varv-hall","15":"first","16":"instock","17":"sale","18":"taxable","19":"shipping-taxable","20":"purchasable","21":"product-type-simple"},"_links":{"self":[{"href":"https:\/\/blankpage.ee\/_ruumist-ruumi\/wp-json\/wp\/v2\/product\/8439","targetHints":{"allow":["GET"]}}],"collection":[{"href":"https:\/\/blankpage.ee\/_ruumist-ruumi\/wp-json\/wp\/v2\/product"}],"about":[{"href":"https:\/\/blankpage.ee\/_ruumist-ruumi\/wp-json\/wp\/v2\/types\/product"}],"replies":[{"embeddable":true,"href":"https:\/\/blankpage.ee\/_ruumist-ruumi\/wp-json\/wp\/v2\/comments?post=8439"}],"wp:featuredmedia":[{"embeddable":true,"href":"https:\/\/blankpage.ee\/_ruumist-ruumi\/wp-json\/wp\/v2\/media\/8440"}],"wp:attachment":[{"href":"https:\/\/blankpage.ee\/_ruumist-ruumi\/wp-json\/wp\/v2\/media?parent=8439"}],"wp:term":[{"taxonomy":"product_brand","embeddable":true,"href":"https:\/\/blankpage.ee\/_ruumist-ruumi\/wp-json\/wp\/v2\/product_brand?post=8439"},{"taxonomy":"product_cat","embeddable":true,"href":"https:\/\/blankpage.ee\/_ruumist-ruumi\/wp-json\/wp\/v2\/product_cat?post=8439"},{"taxonomy":"product_tag","embeddable":true,"href":"https:\/\/blankpage.ee\/_ruumist-ruumi\/wp-json\/wp\/v2\/product_tag?post=8439"}],"curies":[{"name":"wp","href":"https:\/\/api.w.org\/{rel}","templated":true}]}}