{"id":8444,"date":"2024-11-01T14:57:30","date_gmt":"2024-11-01T14:57:30","guid":{"rendered":"https:\/\/ruumistruumi.ee\/pood\/pahklipuu-kummut-stilig-st804-mdf-pahkliveneeriga\/"},"modified":"2025-04-10T11:58:27","modified_gmt":"2025-04-10T11:58:27","slug":"roheliste-ustega-tumepruun-kummut-stilig-st804-mdf-pahklivineer","status":"publish","type":"product","link":"https:\/\/blankpage.ee\/_ruumist-ruumi\/pood\/roheliste-ustega-tumepruun-kummut-stilig-st804-mdf-pahklivineer\/","title":{"rendered":"Roheliste ustega tumepruun kummut Stilig ST804, MDF, p\u00e4hklivineer"},"content":{"rendered":"<p>Stilig ST804 kummut elutuppa. See elegantne kummut \u00fchendab endas stiili ja funktsionaalsuse, sobides suurep\u00e4raselt igasse kaasaegsesse elutuppa. Kummuti p\u00e4hklipuu toon koos t\u00fcrkiissiniste esipaneelide ja kuldsete jalgadega loob luksusliku ja pilkup\u00fc\u00fcdva ilme. Esipaneelide reljeefne muster, mis meenutab paabulinnu sulgi, lisab ainulaadset dekoratiivsust, samas kui uste \u00fcmber kulgev dekoratiivne triip t\u00e4iendab disaini.<\/p>\n<p>Kummutil on kaks ust ja kaks riiulit, pakkudes piisavalt ruumi igap\u00e4evaste esemete hoiustamiseks. Kuldse tooniga v\u00e4rvitud esipaneelid ja metallist k\u00e4epidemed lisavad stiili ja elegantsi. Pehme sulgumise mehhanism tagab sujuva ja vaikse kasutamise, samas kui reguleeritavad jalad v\u00f5imaldavad kummuti stabiilset paigutamist ka ebatasasel pinnal.<\/p>\n<p>Omadused:<br \/>\n<strong>Materjal:<\/strong> MDF p\u00e4hklipuu spooniga, metallist jalad.<br \/>\n<strong>V\u00e4rv:<\/strong> P\u00e4hkel, t\u00fcrkiissinised esipaneelid, kuldsed jalad.<br \/>\n<strong>M\u00f5\u00f5tmed:<\/strong> Laius 104 cm, s\u00fcgavus 40 cm, k\u00f5rgus 90 cm.<br \/>\n<strong>T\u00e4iendavad detailid:<\/strong> Kaks ust, kaks reguleeritavat riiulit, pehme sulgumine, reguleeritavad jalad.<br \/>\n<strong>Kokkupanek:<\/strong> Kokkupandud, ei vaja paigaldust. S\u00e4\u00e4stab aega ja vaeva.<\/p>\n<p>&nbsp;<\/p>\n","protected":false},"excerpt":{"rendered":"<p>Stilig ST804 kummut elutuppa. See elegantne kummut \u00fchendab endas stiili ja funktsionaalsuse, sobides suurep\u00e4raselt igasse kaasaegsesse elutuppa. Kummuti p\u00e4hklipuu toon koos t\u00fcrkiissiniste esipaneelide ja kuldsete jalgadega loob luksusliku ja pilkup\u00fc\u00fcdva ilme. Esipaneelide reljeefne muster, mis meenutab paabulinnu sulgi, lisab ainulaadset dekoratiivsust, samas kui uste \u00fcmber kulgev dekoratiivne triip t\u00e4iendab disaini. Kummutil on kaks ust ja [&hellip;]<\/p>\n","protected":false},"featured_media":8445,"comment_status":"open","ping_status":"closed","template":"","meta":[],"product_brand":[],"product_cat":[81],"product_tag":[],"class_list":{"0":"post-8444","1":"product","2":"type-product","3":"status-publish","4":"has-post-thumbnail","6":"product_cat-kapid-riiulid-ja-kummutid","7":"product_shipping_class-livin-hill","8":"pa_kaepidemed-metall","9":"pa_kollektsioon-stilig","10":"pa_materjal-puit","11":"pa_riiulite-arv-76","12":"pa_uste-arv-94","13":"pa_varv-roheline","14":"pa_varv-tumepruun","16":"first","17":"instock","18":"sale","19":"taxable","20":"shipping-taxable","21":"purchasable","22":"product-type-simple"},"_links":{"self":[{"href":"https:\/\/blankpage.ee\/_ruumist-ruumi\/wp-json\/wp\/v2\/product\/8444","targetHints":{"allow":["GET"]}}],"collection":[{"href":"https:\/\/blankpage.ee\/_ruumist-ruumi\/wp-json\/wp\/v2\/product"}],"about":[{"href":"https:\/\/blankpage.ee\/_ruumist-ruumi\/wp-json\/wp\/v2\/types\/product"}],"replies":[{"embeddable":true,"href":"https:\/\/blankpage.ee\/_ruumist-ruumi\/wp-json\/wp\/v2\/comments?post=8444"}],"wp:featuredmedia":[{"embeddable":true,"href":"https:\/\/blankpage.ee\/_ruumist-ruumi\/wp-json\/wp\/v2\/media\/8445"}],"wp:attachment":[{"href":"https:\/\/blankpage.ee\/_ruumist-ruumi\/wp-json\/wp\/v2\/media?parent=8444"}],"wp:term":[{"taxonomy":"product_brand","embeddable":true,"href":"https:\/\/blankpage.ee\/_ruumist-ruumi\/wp-json\/wp\/v2\/product_brand?post=8444"},{"taxonomy":"product_cat","embeddable":true,"href":"https:\/\/blankpage.ee\/_ruumist-ruumi\/wp-json\/wp\/v2\/product_cat?post=8444"},{"taxonomy":"product_tag","embeddable":true,"href":"https:\/\/blankpage.ee\/_ruumist-ruumi\/wp-json\/wp\/v2\/product_tag?post=8444"}],"curies":[{"name":"wp","href":"https:\/\/api.w.org\/{rel}","templated":true}]}}