{"id":8448,"date":"2024-11-01T14:58:07","date_gmt":"2024-11-01T14:58:07","guid":{"rendered":"https:\/\/ruumistruumi.ee\/pood\/hall-konsoollaud-stilig-st962-roostevabast-terasest-ja-mdf-st-halli-vineeriga\/"},"modified":"2025-04-10T11:58:27","modified_gmt":"2025-04-10T11:58:27","slug":"hall-ja-kuldsete-jalgadega-konsoollaud-stilig-st962-roostevaba-teras","status":"publish","type":"product","link":"https:\/\/blankpage.ee\/_ruumist-ruumi\/pood\/hall-ja-kuldsete-jalgadega-konsoollaud-stilig-st962-roostevaba-teras\/","title":{"rendered":"Hall ja kuldsete jalgadega konsoollaud Stilig ST962, roostevaba teras"},"content":{"rendered":"<p>Stilig ST962 konsoollaud esikusse. See elegantne konsoollaud on osa Stilig kollektsioonist, tuues teie esikusse kaasaegse ja stiilse ilme. Laua halli tooni t\u00f6\u00f6pind on kaetud MDF-plaadiga, millel on n\u00e4htav puidustruktuur, pakkudes loomulikku ja sooja tunnetust. Kuldsete jalgadega konsoollaud lisab ruumile luksuslikku aktsenti, olles samas praktiline ja funktsionaalne.<\/p>\n<p>Konsoollaud on varustatud nelja unikaalse sinusoidaalse kujuga riiuliga, mis pakuvad piisavalt hoiuruumi erinevate esemete jaoks. Reguleeritavad jalakorgid tagavad stabiilsuse ka eba\u00fchtlasel pinnal. Stilig ST962 on kokkupandud, ei vaja paigaldust, s\u00e4\u00e4stes teie aega ja vaeva.<\/p>\n<p>Omadused:<br \/>\n<strong>Materjal:<\/strong> Roostevaba teras ja MDF halli vineeriga.<br \/>\n<strong>V\u00e4rv:<\/strong> Hall ja kuldsed jalad.<br \/>\n<strong>M\u00f5\u00f5tmed:<\/strong> Laius 122 cm, s\u00fcgavus 36 cm, k\u00f5rgus 81 cm.<br \/>\n<strong>T\u00e4iendavad detailid:<\/strong> Sinusoidaalse kujuga riiulid ja reguleeritavad jalakorgid.<br \/>\n<strong>Kokkupanek:<\/strong> Kokkupandud, ei vaja paigaldust. S\u00e4\u00e4stab aega ja vaeva.<\/p>\n<p>&nbsp;<\/p>\n","protected":false},"excerpt":{"rendered":"<p>Stilig ST962 konsoollaud esikusse. See elegantne konsoollaud on osa Stilig kollektsioonist, tuues teie esikusse kaasaegse ja stiilse ilme. Laua halli tooni t\u00f6\u00f6pind on kaetud MDF-plaadiga, millel on n\u00e4htav puidustruktuur, pakkudes loomulikku ja sooja tunnetust. Kuldsete jalgadega konsoollaud lisab ruumile luksuslikku aktsenti, olles samas praktiline ja funktsionaalne. Konsoollaud on varustatud nelja unikaalse sinusoidaalse kujuga riiuliga, mis [&hellip;]<\/p>\n","protected":false},"featured_media":8449,"comment_status":"open","ping_status":"closed","template":"","meta":[],"product_brand":[],"product_cat":[83],"product_tag":[],"class_list":{"0":"post-8448","1":"product","2":"type-product","3":"status-publish","4":"has-post-thumbnail","6":"product_cat-konsoollauad","7":"product_shipping_class-livin-hill","8":"pa_kollektsioon-stilig","9":"pa_materjal-mdf","10":"pa_riiulite-arv-110","11":"pa_varv-kuldne","13":"first","14":"instock","15":"sale","16":"taxable","17":"shipping-taxable","18":"purchasable","19":"product-type-simple"},"_links":{"self":[{"href":"https:\/\/blankpage.ee\/_ruumist-ruumi\/wp-json\/wp\/v2\/product\/8448","targetHints":{"allow":["GET"]}}],"collection":[{"href":"https:\/\/blankpage.ee\/_ruumist-ruumi\/wp-json\/wp\/v2\/product"}],"about":[{"href":"https:\/\/blankpage.ee\/_ruumist-ruumi\/wp-json\/wp\/v2\/types\/product"}],"replies":[{"embeddable":true,"href":"https:\/\/blankpage.ee\/_ruumist-ruumi\/wp-json\/wp\/v2\/comments?post=8448"}],"wp:featuredmedia":[{"embeddable":true,"href":"https:\/\/blankpage.ee\/_ruumist-ruumi\/wp-json\/wp\/v2\/media\/8449"}],"wp:attachment":[{"href":"https:\/\/blankpage.ee\/_ruumist-ruumi\/wp-json\/wp\/v2\/media?parent=8448"}],"wp:term":[{"taxonomy":"product_brand","embeddable":true,"href":"https:\/\/blankpage.ee\/_ruumist-ruumi\/wp-json\/wp\/v2\/product_brand?post=8448"},{"taxonomy":"product_cat","embeddable":true,"href":"https:\/\/blankpage.ee\/_ruumist-ruumi\/wp-json\/wp\/v2\/product_cat?post=8448"},{"taxonomy":"product_tag","embeddable":true,"href":"https:\/\/blankpage.ee\/_ruumist-ruumi\/wp-json\/wp\/v2\/product_tag?post=8448"}],"curies":[{"name":"wp","href":"https:\/\/api.w.org\/{rel}","templated":true}]}}