{"id":8465,"date":"2024-11-01T14:59:11","date_gmt":"2024-11-01T14:59:11","guid":{"rendered":"https:\/\/ruumistruumi.ee\/pood\/must-kummut-stilig-st011-mdfist-ja-metallist\/"},"modified":"2025-04-10T11:58:29","modified_gmt":"2025-04-10T11:58:29","slug":"must-kummut-stilig-st011-mdfist-ja-metallist","status":"publish","type":"product","link":"https:\/\/blankpage.ee\/_ruumist-ruumi\/pood\/must-kummut-stilig-st011-mdfist-ja-metallist\/","title":{"rendered":"Must kummut Stilig ST011, MDFist ja metallist"},"content":{"rendered":"<p>Stilig ST011 kummut elutuppa. See ainulaadne must kummut on kaunistatud k\u00e4sitsi v\u00e4rvitud sebramustriga, mis lisab teie elutoale isikup\u00e4ra ja stiili. Originaalse kujuga jalad, millel on sf\u00e4\u00e4rilised otsad, annavad kummutile erilise v\u00f5lu ja elegantsi.<\/p>\n<p>Kummutil on neli ust ja kaks reguleeritavat riiulit, mis pakuvad rohkelt hoiuruumi. Milled k\u00e4epidemed ja pehme sulgumise mehhanism tagavad sujuva ja vaikse kasutamise. Kummuti jalad on l\u00e4ikivmustad ja varustatud reguleeritavate libistitega, mis hoiavad kummuti stabiilsena ka eba\u00fchtlasel pinnal. Push-to-open funktsioon v\u00f5imaldab ustel kergesti avaneda, lisades kasutusmugavust.<\/p>\n<p>Omadused:<br \/>\n<strong>Materjal:<\/strong> MDF ja metall.<br \/>\n<strong>V\u00e4rv:<\/strong> Must, must-valge muster.<br \/>\n<strong>M\u00f5\u00f5tmed:<\/strong> Laius 183 cm, s\u00fcgavus 40 cm, k\u00f5rgus 90 cm.<br \/>\n<strong>T\u00e4iendavad detailid:<\/strong> K\u00e4sitsi v\u00e4rvitud sebramuster; originaalne jalgade kuju sf\u00e4\u00e4riliste otstega; reguleeritav sisemine riiul; pehme sulgumine; reguleeritavad libistid jalgadel; push-to-open mehhanism.<br \/>\n<strong>Kokkupanek:<\/strong> Kokkupandud, ei vaja paigaldust. S\u00e4\u00e4stab aega ja vaeva.<\/p>\n<p>&nbsp;<\/p>\n","protected":false},"excerpt":{"rendered":"<p>Stilig ST011 kummut elutuppa. See ainulaadne must kummut on kaunistatud k\u00e4sitsi v\u00e4rvitud sebramustriga, mis lisab teie elutoale isikup\u00e4ra ja stiili. Originaalse kujuga jalad, millel on sf\u00e4\u00e4rilised otsad, annavad kummutile erilise v\u00f5lu ja elegantsi. Kummutil on neli ust ja kaks reguleeritavat riiulit, mis pakuvad rohkelt hoiuruumi. Milled k\u00e4epidemed ja pehme sulgumise mehhanism tagavad sujuva ja vaikse [&hellip;]<\/p>\n","protected":false},"featured_media":8466,"comment_status":"open","ping_status":"closed","template":"","meta":[],"product_brand":[],"product_cat":[81],"product_tag":[],"class_list":{"0":"post-8465","1":"product","2":"type-product","3":"status-publish","4":"has-post-thumbnail","6":"product_cat-kapid-riiulid-ja-kummutid","7":"product_shipping_class-livin-hill","8":"pa_kaepidemed-freesitud-kaepidemed","9":"pa_kollektsioon-stilig","10":"pa_materjal-mdf-metall","11":"pa_riiulite-arv-76","12":"pa_uste-arv-75","13":"pa_varv-must","15":"first","16":"instock","17":"sale","18":"taxable","19":"shipping-taxable","20":"purchasable","21":"product-type-simple"},"_links":{"self":[{"href":"https:\/\/blankpage.ee\/_ruumist-ruumi\/wp-json\/wp\/v2\/product\/8465","targetHints":{"allow":["GET"]}}],"collection":[{"href":"https:\/\/blankpage.ee\/_ruumist-ruumi\/wp-json\/wp\/v2\/product"}],"about":[{"href":"https:\/\/blankpage.ee\/_ruumist-ruumi\/wp-json\/wp\/v2\/types\/product"}],"replies":[{"embeddable":true,"href":"https:\/\/blankpage.ee\/_ruumist-ruumi\/wp-json\/wp\/v2\/comments?post=8465"}],"wp:featuredmedia":[{"embeddable":true,"href":"https:\/\/blankpage.ee\/_ruumist-ruumi\/wp-json\/wp\/v2\/media\/8466"}],"wp:attachment":[{"href":"https:\/\/blankpage.ee\/_ruumist-ruumi\/wp-json\/wp\/v2\/media?parent=8465"}],"wp:term":[{"taxonomy":"product_brand","embeddable":true,"href":"https:\/\/blankpage.ee\/_ruumist-ruumi\/wp-json\/wp\/v2\/product_brand?post=8465"},{"taxonomy":"product_cat","embeddable":true,"href":"https:\/\/blankpage.ee\/_ruumist-ruumi\/wp-json\/wp\/v2\/product_cat?post=8465"},{"taxonomy":"product_tag","embeddable":true,"href":"https:\/\/blankpage.ee\/_ruumist-ruumi\/wp-json\/wp\/v2\/product_tag?post=8465"}],"curies":[{"name":"wp","href":"https:\/\/api.w.org\/{rel}","templated":true}]}}