{"id":8489,"date":"2024-11-01T15:01:15","date_gmt":"2024-11-01T15:01:15","guid":{"rendered":"https:\/\/ruumistruumi.ee\/pood\/hall-kummut-stilig-st504-tamme-vineerist\/"},"modified":"2025-04-10T11:58:30","modified_gmt":"2025-04-10T11:58:30","slug":"hall-kummut-stilig-st504-mdf-tamm","status":"publish","type":"product","link":"https:\/\/blankpage.ee\/_ruumist-ruumi\/pood\/hall-kummut-stilig-st504-mdf-tamm\/","title":{"rendered":"Hall kummut Stilig ST504, MDF, tamm"},"content":{"rendered":"<p>Stilig ST504 kummut elutuppa. See originaalne hall kummut lisab teie elutuppa stiili ja praktilisust. Kummuti esik\u00fcljel olev inkrusteering loob 3D-efekti, mida r\u00f5hutavad h\u00f5bedased jooned. Korpuse pind on kaetud tammespooniga, millel on n\u00e4htav puidustruktuur, lisades loomulikkust ja soojust. Akr\u00fc\u00fclist sirged k\u00e4epidemed kuldsete metallist aktsentidega annavad elegantse viimistluse.<\/p>\n<p>Kummutil on neli ust ja kolm riiulit, pakkudes rohkelt hoiuruumi igap\u00e4evastele esemetele. Sisemised riiulid on reguleeritavad, v\u00f5imaldades teil kohandada ruumi vastavalt vajadustele. Pehme sulgumise mehhanism tagab vaikse ja sujuva kasutamise. Jalad on varustatud reguleeritavate liuguritega, mis v\u00f5imaldavad kummutit h\u00f5lpsasti tasakaalustada ka ebatasasel pinnal.<\/p>\n<p>Omadused:<br \/>\n<strong>Materjal:<\/strong> Tammespoon, kummipuu, akr\u00fc\u00fclist k\u00e4epidemed, Paulownia puit.<br \/>\n<strong>V\u00e4rv:<\/strong> Hall, esik\u00fclg hallide varjunditega, h\u00f5bedased aktsendid.<br \/>\n<strong>M\u00f5\u00f5tmed:<\/strong> Laius 152 cm, s\u00fcgavus 42 cm, k\u00f5rgus 92 cm.<br \/>\n<strong>T\u00e4iendavad detailid:<\/strong> Akr\u00fc\u00fclist k\u00e4epidemed, esik\u00fclg 3D-efektiga, h\u00f5bedaste joontega v\u00e4rvitud spoon, reguleeritav sisemine riiul, pehme sulgumine, reguleeritavad liugurid jalgadele.<br \/>\n<strong>Kokkupanek:<\/strong> Kokkupandud, ei vaja paigaldust. S\u00e4\u00e4stab aega ja vaeva.<\/p>\n<p>&nbsp;<\/p>\n","protected":false},"excerpt":{"rendered":"<p>Stilig ST504 kummut elutuppa. See originaalne hall kummut lisab teie elutuppa stiili ja praktilisust. Kummuti esik\u00fcljel olev inkrusteering loob 3D-efekti, mida r\u00f5hutavad h\u00f5bedased jooned. Korpuse pind on kaetud tammespooniga, millel on n\u00e4htav puidustruktuur, lisades loomulikkust ja soojust. Akr\u00fc\u00fclist sirged k\u00e4epidemed kuldsete metallist aktsentidega annavad elegantse viimistluse. Kummutil on neli ust ja kolm riiulit, pakkudes rohkelt [&hellip;]<\/p>\n","protected":false},"featured_media":8490,"comment_status":"open","ping_status":"closed","template":"","meta":[],"product_brand":[],"product_cat":[81],"product_tag":[],"class_list":{"0":"post-8489","1":"product","2":"type-product","3":"status-publish","4":"has-post-thumbnail","6":"product_cat-kapid-riiulid-ja-kummutid","7":"product_shipping_class-livin-hill","8":"pa_kaepidemed-akruul","9":"pa_kollektsioon-stilig","10":"pa_materjal-kaskpuit","11":"pa_riiulite-arv-89","12":"pa_uste-arv-75","13":"pa_varv-hall","15":"first","16":"instock","17":"sale","18":"taxable","19":"shipping-taxable","20":"purchasable","21":"product-type-simple"},"_links":{"self":[{"href":"https:\/\/blankpage.ee\/_ruumist-ruumi\/wp-json\/wp\/v2\/product\/8489","targetHints":{"allow":["GET"]}}],"collection":[{"href":"https:\/\/blankpage.ee\/_ruumist-ruumi\/wp-json\/wp\/v2\/product"}],"about":[{"href":"https:\/\/blankpage.ee\/_ruumist-ruumi\/wp-json\/wp\/v2\/types\/product"}],"replies":[{"embeddable":true,"href":"https:\/\/blankpage.ee\/_ruumist-ruumi\/wp-json\/wp\/v2\/comments?post=8489"}],"wp:featuredmedia":[{"embeddable":true,"href":"https:\/\/blankpage.ee\/_ruumist-ruumi\/wp-json\/wp\/v2\/media\/8490"}],"wp:attachment":[{"href":"https:\/\/blankpage.ee\/_ruumist-ruumi\/wp-json\/wp\/v2\/media?parent=8489"}],"wp:term":[{"taxonomy":"product_brand","embeddable":true,"href":"https:\/\/blankpage.ee\/_ruumist-ruumi\/wp-json\/wp\/v2\/product_brand?post=8489"},{"taxonomy":"product_cat","embeddable":true,"href":"https:\/\/blankpage.ee\/_ruumist-ruumi\/wp-json\/wp\/v2\/product_cat?post=8489"},{"taxonomy":"product_tag","embeddable":true,"href":"https:\/\/blankpage.ee\/_ruumist-ruumi\/wp-json\/wp\/v2\/product_tag?post=8489"}],"curies":[{"name":"wp","href":"https:\/\/api.w.org\/{rel}","templated":true}]}}