{"id":8506,"date":"2024-11-01T15:02:28","date_gmt":"2024-11-01T15:02:28","guid":{"rendered":"https:\/\/ruumistruumi.ee\/pood\/tume-grafiit-stilig-st317-kummut-liivakivi-peal-mdf-pookpuust-jalad\/"},"modified":"2025-06-17T08:58:09","modified_gmt":"2025-06-17T08:58:09","slug":"tume-grafiit-kummut-stilig-st317-valge-marmorist-pealispind","status":"publish","type":"product","link":"https:\/\/blankpage.ee\/_ruumist-ruumi\/pood\/tume-grafiit-kummut-stilig-st317-valge-marmorist-pealispind\/","title":{"rendered":"Tume grafiit kummut Stilig ST317, valge marmorist pealispind"},"content":{"rendered":"<p>Stilig ST317 kummut elutuppa. See stiilne grafiitv\u00e4rvi kummut kuldsete aktsentidega on ideaalne t\u00e4iendus igasse elutuppa, lisades elegantsi ja praktilisust. Korpuse sooneline puit ja marmorviimistlusega t\u00f6\u00f6tasapind loovad luksusliku ja kaasaegse v\u00e4limuse.<\/p>\n<p>Kummutil on kaks ust ja kaks riiulit, mis pakuvad piisavalt hoiuruumi teie elutoa tarvikutele. Reguleeritav sisemine riiul v\u00f5imaldab kohandada ruumi vastavalt vajadusele. Kapi metallist k\u00e4epidemed ja pehme sulgemise funktsioon lisavad kasutusmugavust. Kuldsete jalgade reguleeritavad liugurid tagavad stabiilsuse ka eba\u00fchtlasel pinnal.<\/p>\n<p>Omadused:<br \/>\n<strong>Materjal:<\/strong> Marmorviimistlusega t\u00f6\u00f6tasapind, MDF, p\u00f6\u00f6gipuidust jalad.<br \/>\n<strong>V\u00e4rv:<\/strong> Antratsiit, kuldsed aktsendid ja jalad, valge t\u00f6\u00f6tasapind.<br \/>\n<strong>M\u00f5\u00f5tmed:<\/strong> Laius 150 cm, s\u00fcgavus 40 cm, k\u00f5rgus 92 cm.<br \/>\n<strong>T\u00e4iendavad detailid:<\/strong> Marmorviimistlusega t\u00f6\u00f6tasapind; sooneline puit; reguleeritav sisemine riiul; roostevabast terasest ukselingid; pehme sulgemine; jalgade reguleeritavad liugurid.<br \/>\n<strong>Kokkupanek:<\/strong> Kokkupandud, ei vaja paigaldust. S\u00e4\u00e4stab aega ja vaeva.<\/p>\n<p>&nbsp;<\/p>\n","protected":false},"excerpt":{"rendered":"<p>Stilig ST317 kummut elutuppa. See stiilne grafiitv\u00e4rvi kummut kuldsete aktsentidega on ideaalne t\u00e4iendus igasse elutuppa, lisades elegantsi ja praktilisust. Korpuse sooneline puit ja marmorviimistlusega t\u00f6\u00f6tasapind loovad luksusliku ja kaasaegse v\u00e4limuse. Kummutil on kaks ust ja kaks riiulit, mis pakuvad piisavalt hoiuruumi teie elutoa tarvikutele. Reguleeritav sisemine riiul v\u00f5imaldab kohandada ruumi vastavalt vajadusele. Kapi metallist k\u00e4epidemed [&hellip;]<\/p>\n","protected":false},"featured_media":8507,"comment_status":"open","ping_status":"closed","template":"","meta":[],"product_brand":[],"product_cat":[81],"product_tag":[],"class_list":{"0":"post-8506","1":"product","2":"type-product","3":"status-publish","4":"has-post-thumbnail","6":"product_cat-kapid-riiulid-ja-kummutid","7":"product_shipping_class-livin-hill","8":"pa_kaepidemed-metall","9":"pa_kollektsioon-stilig","10":"pa_materjal-kivi","11":"pa_riiulite-arv-76","12":"pa_uste-arv-94","13":"pa_varv-antratsiit","15":"first","16":"instock","17":"sale","18":"taxable","19":"shipping-taxable","20":"purchasable","21":"product-type-simple"},"_links":{"self":[{"href":"https:\/\/blankpage.ee\/_ruumist-ruumi\/wp-json\/wp\/v2\/product\/8506","targetHints":{"allow":["GET"]}}],"collection":[{"href":"https:\/\/blankpage.ee\/_ruumist-ruumi\/wp-json\/wp\/v2\/product"}],"about":[{"href":"https:\/\/blankpage.ee\/_ruumist-ruumi\/wp-json\/wp\/v2\/types\/product"}],"replies":[{"embeddable":true,"href":"https:\/\/blankpage.ee\/_ruumist-ruumi\/wp-json\/wp\/v2\/comments?post=8506"}],"wp:featuredmedia":[{"embeddable":true,"href":"https:\/\/blankpage.ee\/_ruumist-ruumi\/wp-json\/wp\/v2\/media\/8507"}],"wp:attachment":[{"href":"https:\/\/blankpage.ee\/_ruumist-ruumi\/wp-json\/wp\/v2\/media?parent=8506"}],"wp:term":[{"taxonomy":"product_brand","embeddable":true,"href":"https:\/\/blankpage.ee\/_ruumist-ruumi\/wp-json\/wp\/v2\/product_brand?post=8506"},{"taxonomy":"product_cat","embeddable":true,"href":"https:\/\/blankpage.ee\/_ruumist-ruumi\/wp-json\/wp\/v2\/product_cat?post=8506"},{"taxonomy":"product_tag","embeddable":true,"href":"https:\/\/blankpage.ee\/_ruumist-ruumi\/wp-json\/wp\/v2\/product_tag?post=8506"}],"curies":[{"name":"wp","href":"https:\/\/api.w.org\/{rel}","templated":true}]}}